{"id":224,"date":"2026-01-29T17:41:38","date_gmt":"2026-01-29T17:41:38","guid":{"rendered":"https:\/\/dogeexclusivecollection.ms3.decms.eu\/?page_id=224"},"modified":"2026-03-13T14:56:17","modified_gmt":"2026-03-13T14:56:17","slug":"the-doge-signature-collection","status":"publish","type":"page","link":"https:\/\/www.dogevenice.com\/it\/","title":{"rendered":"The Doge Signature Collection"},"content":{"rendered":"<p style=\"text-align: center\" data-start=\"193\" data-end=\"280\">Ci sono luoghi che tutti attraversano.<br data-start=\"231\" data-end=\"234\" \/>E poi ci sono luoghi che pochi possono vivere.<\/p>\n<p style=\"text-align: center\" data-start=\"282\" data-end=\"394\">Affacci diretti su Piazza San Marco o sul Ponte di Rialto, nel punto esatto in cui la citt\u00e0 rivela la sua anima.<\/p>\n<p style=\"text-align: center\" data-start=\"396\" data-end=\"485\">Non \u00e8 solo una vista.<br data-start=\"417\" data-end=\"420\" \/>\u00c8 la sensazione di essere dentro la Venezia che tutti immaginano.<\/p>\n<p style=\"text-align: center\" data-start=\"487\" data-end=\"559\">Alcune prospettive non si costruiscono.<br data-start=\"526\" data-end=\"529\" \/><strong data-start=\"529\" data-end=\"559\">Si ereditano dalla storia.<\/strong><\/p>\n","protected":false},"excerpt":{"rendered":"<p>Ci sono luoghi che tutti attraversano.E poi ci sono luoghi che pochi possono vivere. Affacci diretti su Piazza San Marco o sul Ponte di Rialto, nel punto esatto in cui la citt\u00e0 rivela la sua anima. Non \u00e8 solo una vista.\u00c8 la sensazione di essere dentro la Venezia che tutti immaginano. Alcune prospettive non si [&hellip;]<\/p>\n","protected":false},"author":6,"featured_media":0,"parent":0,"menu_order":10,"comment_status":"closed","ping_status":"closed","template":"","meta":{"footnotes":""},"class_list":["post-224","page","type-page","status-publish","hentry"],"yoast_head":"<!-- This site is optimized with the Yoast SEO plugin v26.9 - https:\/\/yoast.com\/product\/yoast-seo-wordpress\/ -->\n<title>The Doge Signature Collection - Doge Exclusive Collection -<\/title>\n<meta name=\"description\" content=\"Ci sono luoghi che tutti attraversano.E poi ci sono luoghi che pochi possono vivere. Affacci diretti su Piazza San Marco o sul Ponte di Rialto, nel punto esatto in cui la citt\u00e0 rivela la sua anima. Non \u00e8 solo una vista.\u00c8 la sensazione di essere dentro la Venezia che tutti immaginano. Alcune prospettive non si costruiscono.Si ereditano dalla storia..\" \/>\n<meta name=\"robots\" content=\"index, follow, max-snippet:-1, max-image-preview:large, max-video-preview:-1\" \/>\n<link rel=\"canonical\" href=\"https:\/\/www.dogevenice.com\/it\/\" \/>\n<meta property=\"og:locale\" content=\"it_IT\" \/>\n<meta property=\"og:type\" content=\"article\" \/>\n<meta property=\"og:title\" content=\"The Doge Signature Collection - Doge Exclusive Collection -\" \/>\n<meta property=\"og:description\" content=\"Ci sono luoghi che tutti attraversano.E poi ci sono luoghi che pochi possono vivere. Affacci diretti su Piazza San Marco o sul Ponte di Rialto, nel punto esatto in cui la citt\u00e0 rivela la sua anima. Non \u00e8 solo una vista.\u00c8 la sensazione di essere dentro la Venezia che tutti immaginano. Alcune prospettive non si costruiscono.Si ereditano dalla storia..\" \/>\n<meta property=\"og:url\" content=\"https:\/\/www.dogevenice.com\/it\/\" \/>\n<meta property=\"og:site_name\" content=\"Doge Exclusive Collection\" \/>\n<meta property=\"article:modified_time\" content=\"2026-03-13T14:56:17+00:00\" \/>\n<meta name=\"twitter:card\" content=\"summary_large_image\" \/>\n<meta name=\"twitter:label1\" content=\"Est. reading time\" \/>\n\t<meta name=\"twitter:data1\" content=\"1 minuto\" \/>\n<script type=\"application\/ld+json\" class=\"yoast-schema-graph\">{\"@context\":\"https:\/\/schema.org\",\"@graph\":[{\"@type\":\"WebPage\",\"@id\":\"https:\/\/www.dogevenice.com\/it\/\",\"url\":\"https:\/\/www.dogevenice.com\/it\/\",\"name\":\"The Doge Signature Collection - Doge Exclusive Collection -\",\"isPartOf\":{\"@id\":\"https:\/\/www.dogevenice.com\/it\/#website\"},\"datePublished\":\"2026-01-29T17:41:38+00:00\",\"dateModified\":\"2026-03-13T14:56:17+00:00\",\"description\":\"Ci sono luoghi che tutti attraversano.E poi ci sono luoghi che pochi possono vivere. Affacci diretti su Piazza San Marco o sul Ponte di Rialto, nel punto esatto in cui la citt\u00e0 rivela la sua anima. Non \u00e8 solo una vista.\u00c8 la sensazione di essere dentro la Venezia che tutti immaginano. Alcune prospettive non si costruiscono.Si ereditano dalla storia. .\",\"breadcrumb\":{\"@id\":\"https:\/\/www.dogevenice.com\/it\/#breadcrumb\"},\"inLanguage\":\"it-IT\",\"potentialAction\":[{\"@type\":\"ReadAction\",\"target\":[\"https:\/\/www.dogevenice.com\/it\/\"]}]},{\"@type\":\"BreadcrumbList\",\"@id\":\"https:\/\/www.dogevenice.com\/it\/#breadcrumb\",\"itemListElement\":[{\"@type\":\"ListItem\",\"position\":1,\"name\":\"Home\",\"item\":\"https:\/\/www.dogevenice.com\/it\/\"},{\"@type\":\"ListItem\",\"position\":2,\"name\":\"The Doge Signature Collection\"}]},{\"@type\":\"WebSite\",\"@id\":\"https:\/\/www.dogevenice.com\/it\/#website\",\"url\":\"https:\/\/www.dogevenice.com\/it\/\",\"name\":\"The Doge Signature Collection\",\"description\":\"\",\"publisher\":{\"@id\":\"https:\/\/www.dogevenice.com\/it\/#organization\"},\"potentialAction\":[{\"@type\":\"SearchAction\",\"target\":{\"@type\":\"EntryPoint\",\"urlTemplate\":\"https:\/\/www.dogevenice.com\/it\/?s={search_term_string}\"},\"query-input\":{\"@type\":\"PropertyValueSpecification\",\"valueRequired\":true,\"valueName\":\"search_term_string\"}}],\"inLanguage\":\"it-IT\"},{\"@type\":\"Organization\",\"@id\":\"https:\/\/www.dogevenice.com\/it\/#organization\",\"name\":\"The Doge Signature Collection\",\"url\":\"https:\/\/www.dogevenice.com\/it\/\",\"logo\":{\"@type\":\"ImageObject\",\"inLanguage\":\"it-IT\",\"@id\":\"https:\/\/www.dogevenice.com\/it\/#\/schema\/logo\/image\/\",\"url\":\"https:\/\/www.dogevenice.com\/wp-content\/uploads\/sites\/51\/2026\/02\/logo_the_doge_signature_collection_c.svg\",\"contentUrl\":\"https:\/\/www.dogevenice.com\/wp-content\/uploads\/sites\/51\/2026\/02\/logo_the_doge_signature_collection_c.svg\",\"width\":416,\"height\":64,\"caption\":\"The Doge Signature Collection\"},\"image\":{\"@id\":\"https:\/\/www.dogevenice.com\/it\/#\/schema\/logo\/image\/\"}}]}<\/script>\n<!-- \/ Yoast SEO plugin. -->","yoast_head_json":{"title":"The Doge Signature Collection - Doge Exclusive Collection -","description":"Ci sono luoghi che tutti attraversano.E poi ci sono luoghi che pochi possono vivere. Affacci diretti su Piazza San Marco o sul Ponte di Rialto, nel punto esatto in cui la citt\u00e0 rivela la sua anima. Non \u00e8 solo una vista.\u00c8 la sensazione di essere dentro la Venezia che tutti immaginano. Alcune prospettive non si costruiscono.Si ereditano dalla storia..","robots":{"index":"index","follow":"follow","max-snippet":"max-snippet:-1","max-image-preview":"max-image-preview:large","max-video-preview":"max-video-preview:-1"},"canonical":"https:\/\/www.dogevenice.com\/it\/","og_locale":"it_IT","og_type":"article","og_title":"The Doge Signature Collection - Doge Exclusive Collection -","og_description":"Ci sono luoghi che tutti attraversano.E poi ci sono luoghi che pochi possono vivere. Affacci diretti su Piazza San Marco o sul Ponte di Rialto, nel punto esatto in cui la citt\u00e0 rivela la sua anima. Non \u00e8 solo una vista.\u00c8 la sensazione di essere dentro la Venezia che tutti immaginano. Alcune prospettive non si costruiscono.Si ereditano dalla storia..","og_url":"https:\/\/www.dogevenice.com\/it\/","og_site_name":"Doge Exclusive Collection","article_modified_time":"2026-03-13T14:56:17+00:00","twitter_card":"summary_large_image","twitter_misc":{"Est. reading time":"1 minuto"},"schema":{"@context":"https:\/\/schema.org","@graph":[{"@type":"WebPage","@id":"https:\/\/www.dogevenice.com\/it\/","url":"https:\/\/www.dogevenice.com\/it\/","name":"The Doge Signature Collection - Doge Exclusive Collection -","isPartOf":{"@id":"https:\/\/www.dogevenice.com\/it\/#website"},"datePublished":"2026-01-29T17:41:38+00:00","dateModified":"2026-03-13T14:56:17+00:00","description":"Ci sono luoghi che tutti attraversano.E poi ci sono luoghi che pochi possono vivere. Affacci diretti su Piazza San Marco o sul Ponte di Rialto, nel punto esatto in cui la citt\u00e0 rivela la sua anima. Non \u00e8 solo una vista.\u00c8 la sensazione di essere dentro la Venezia che tutti immaginano. Alcune prospettive non si costruiscono.Si ereditano dalla storia. .","breadcrumb":{"@id":"https:\/\/www.dogevenice.com\/it\/#breadcrumb"},"inLanguage":"it-IT","potentialAction":[{"@type":"ReadAction","target":["https:\/\/www.dogevenice.com\/it\/"]}]},{"@type":"BreadcrumbList","@id":"https:\/\/www.dogevenice.com\/it\/#breadcrumb","itemListElement":[{"@type":"ListItem","position":1,"name":"Home","item":"https:\/\/www.dogevenice.com\/it\/"},{"@type":"ListItem","position":2,"name":"The Doge Signature Collection"}]},{"@type":"WebSite","@id":"https:\/\/www.dogevenice.com\/it\/#website","url":"https:\/\/www.dogevenice.com\/it\/","name":"The Doge Signature Collection","description":"","publisher":{"@id":"https:\/\/www.dogevenice.com\/it\/#organization"},"potentialAction":[{"@type":"SearchAction","target":{"@type":"EntryPoint","urlTemplate":"https:\/\/www.dogevenice.com\/it\/?s={search_term_string}"},"query-input":{"@type":"PropertyValueSpecification","valueRequired":true,"valueName":"search_term_string"}}],"inLanguage":"it-IT"},{"@type":"Organization","@id":"https:\/\/www.dogevenice.com\/it\/#organization","name":"The Doge Signature Collection","url":"https:\/\/www.dogevenice.com\/it\/","logo":{"@type":"ImageObject","inLanguage":"it-IT","@id":"https:\/\/www.dogevenice.com\/it\/#\/schema\/logo\/image\/","url":"https:\/\/www.dogevenice.com\/wp-content\/uploads\/sites\/51\/2026\/02\/logo_the_doge_signature_collection_c.svg","contentUrl":"https:\/\/www.dogevenice.com\/wp-content\/uploads\/sites\/51\/2026\/02\/logo_the_doge_signature_collection_c.svg","width":416,"height":64,"caption":"The Doge Signature Collection"},"image":{"@id":"https:\/\/www.dogevenice.com\/it\/#\/schema\/logo\/image\/"}}]}},"acf":[],"_links":{"self":[{"href":"https:\/\/www.dogevenice.com\/it\/wp-json\/wp\/v2\/pages\/224","targetHints":{"allow":["GET"]}}],"collection":[{"href":"https:\/\/www.dogevenice.com\/it\/wp-json\/wp\/v2\/pages"}],"about":[{"href":"https:\/\/www.dogevenice.com\/it\/wp-json\/wp\/v2\/types\/page"}],"author":[{"embeddable":true,"href":"https:\/\/www.dogevenice.com\/it\/wp-json\/wp\/v2\/users\/6"}],"replies":[{"embeddable":true,"href":"https:\/\/www.dogevenice.com\/it\/wp-json\/wp\/v2\/comments?post=224"}],"version-history":[{"count":0,"href":"https:\/\/www.dogevenice.com\/it\/wp-json\/wp\/v2\/pages\/224\/revisions"}],"wp:attachment":[{"href":"https:\/\/www.dogevenice.com\/it\/wp-json\/wp\/v2\/media?parent=224"}],"curies":[{"name":"wp","href":"https:\/\/api.w.org\/{rel}","templated":true}]}}