{"id":350,"date":"2026-02-04T10:01:59","date_gmt":"2026-02-04T10:01:59","guid":{"rendered":"https:\/\/dogeexclusivecollection.ms3.decms.eu\/?page_id=350"},"modified":"2026-03-09T15:42:44","modified_gmt":"2026-03-09T15:42:44","slug":"appartement-family","status":"publish","type":"page","link":"https:\/\/www.dogevenice.com\/fr\/torre-dellorologio-signature-residence\/appartement-family\/","title":{"rendered":"Appartement Family"},"content":{"rendered":"<p>Cet appartement spacieux est la solution id\u00e9ale pour les familles ou les petits groupes d\u2019amis \u00e0 la recherche d\u2019un cadre d\u00e9tendu et confortable. Spacieux et soigneusement meubl\u00e9, il dispose de deux chambres et de deux salles de bain pour un confort optimal. Le s\u00e9jour, \u00e9quip\u00e9 d\u2019un canap\u00e9-lit, offre un espace accueillant pour des moments de convivialit\u00e9, tandis que la cuisine enti\u00e8rement \u00e9quip\u00e9e permet de pr\u00e9parer les repas en toute autonomie.<\/p>\n<p>Les espaces sont \u00e9l\u00e9gants et chaleureux, parfaits pour profiter d\u2019agr\u00e9ables moments de d\u00e9tente. Dot\u00e9 d\u2019\u00e9quipements modernes et de tout le confort n\u00e9cessaire, cet appartement repr\u00e9sente le choix id\u00e9al pour des vacances ou des s\u00e9jours prolong\u00e9s, garantissant espace, tranquillit\u00e9 et bien-\u00eatre tout au long de votre s\u00e9jour.<\/p>\n<p>Peut accueillir jusqu\u2019\u00e0 5 personnes.<br \/>\nDe 60 \u00e0 85 m\u00b2.<\/p>\n","protected":false},"excerpt":{"rendered":"<p>Cet appartement spacieux est la solution id\u00e9ale pour les familles ou les petits groupes d\u2019amis \u00e0 la recherche d\u2019un cadre d\u00e9tendu et confortable. Spacieux et soigneusement meubl\u00e9, il dispose de deux chambres et de deux salles de bain pour un confort optimal. Le s\u00e9jour, \u00e9quip\u00e9 d\u2019un canap\u00e9-lit, offre un espace accueillant pour des moments de [&hellip;]<\/p>\n","protected":false},"author":6,"featured_media":0,"parent":321,"menu_order":30,"comment_status":"closed","ping_status":"closed","template":"template-single-room.php","meta":{"footnotes":""},"class_list":["post-350","page","type-page","status-publish","hentry"],"yoast_head":"<!-- This site is optimized with the Yoast SEO plugin v26.9 - https:\/\/yoast.com\/product\/yoast-seo-wordpress\/ -->\n<title>Appartement Family - Doge Exclusive Collection -<\/title>\n<meta name=\"description\" content=\"Cet appartement spacieux est la solution id\u00e9ale pour les familles ou les petits groupes d\u2019amis \u00e0 la recherche d\u2019un cadre d\u00e9tendu et confortable. Spacieux et soigneusement meubl\u00e9, il dispose de deux chambres et de deux salles de bain pour un confort optimal\" \/>\n<meta name=\"robots\" content=\"index, follow, max-snippet:-1, max-image-preview:large, max-video-preview:-1\" \/>\n<link rel=\"canonical\" href=\"https:\/\/www.dogevenice.com\/fr\/torre-dellorologio-signature-residence\/appartement-family\/\" \/>\n<meta property=\"og:locale\" content=\"fr_FR\" \/>\n<meta property=\"og:type\" content=\"article\" \/>\n<meta property=\"og:title\" content=\"Appartement Family - Doge Exclusive Collection -\" \/>\n<meta property=\"og:description\" content=\"Cet appartement spacieux est la solution id\u00e9ale pour les familles ou les petits groupes d\u2019amis \u00e0 la recherche d\u2019un cadre d\u00e9tendu et confortable. Spacieux et soigneusement meubl\u00e9, il dispose de deux chambres et de deux salles de bain pour un confort optimal\" \/>\n<meta property=\"og:url\" content=\"https:\/\/www.dogevenice.com\/fr\/torre-dellorologio-signature-residence\/appartement-family\/\" \/>\n<meta property=\"og:site_name\" content=\"Doge Exclusive Collection\" \/>\n<meta property=\"article:modified_time\" content=\"2026-03-09T15:42:44+00:00\" \/>\n<meta name=\"twitter:card\" content=\"summary_large_image\" \/>\n<meta name=\"twitter:label1\" content=\"Est. reading time\" \/>\n\t<meta name=\"twitter:data1\" content=\"1 minute\" \/>\n<script type=\"application\/ld+json\" class=\"yoast-schema-graph\">{\"@context\":\"https:\/\/schema.org\",\"@graph\":[{\"@type\":\"WebPage\",\"@id\":\"https:\/\/www.dogevenice.com\/fr\/torre-dellorologio-signature-residence\/appartement-family\/\",\"url\":\"https:\/\/www.dogevenice.com\/fr\/torre-dellorologio-signature-residence\/appartement-family\/\",\"name\":\"Appartement Family - Doge Exclusive Collection -\",\"isPartOf\":{\"@id\":\"https:\/\/www.dogevenice.com\/fr\/#website\"},\"datePublished\":\"2026-02-04T10:01:59+00:00\",\"dateModified\":\"2026-03-09T15:42:44+00:00\",\"description\":\"Cet appartement spacieux est la solution id\u00e9ale pour les familles ou les petits groupes d\u2019amis \u00e0 la recherche d\u2019un cadre d\u00e9tendu et confortable. Spacieux et soigneusement meubl\u00e9, il dispose de deux chambres et de deux salles de bain pour un confort optimal\",\"breadcrumb\":{\"@id\":\"https:\/\/www.dogevenice.com\/fr\/torre-dellorologio-signature-residence\/appartement-family\/#breadcrumb\"},\"inLanguage\":\"fr-FR\",\"potentialAction\":[{\"@type\":\"ReadAction\",\"target\":[\"https:\/\/www.dogevenice.com\/fr\/torre-dellorologio-signature-residence\/appartement-family\/\"]}]},{\"@type\":\"BreadcrumbList\",\"@id\":\"https:\/\/www.dogevenice.com\/fr\/torre-dellorologio-signature-residence\/appartement-family\/#breadcrumb\",\"itemListElement\":[{\"@type\":\"ListItem\",\"position\":1,\"name\":\"Home\",\"item\":\"https:\/\/www.dogevenice.com\/fr\/\"},{\"@type\":\"ListItem\",\"position\":2,\"name\":\"Torre dell&#8217;Orologio Signature Residence\",\"item\":\"https:\/\/www.dogevenice.com\/fr\/torre-dellorologio-signature-residence\/\"},{\"@type\":\"ListItem\",\"position\":3,\"name\":\"Appartement Family\"}]},{\"@type\":\"WebSite\",\"@id\":\"https:\/\/www.dogevenice.com\/fr\/#website\",\"url\":\"https:\/\/www.dogevenice.com\/fr\/\",\"name\":\"The Doge Signature Collection\",\"description\":\"\",\"publisher\":{\"@id\":\"https:\/\/www.dogevenice.com\/fr\/#organization\"},\"potentialAction\":[{\"@type\":\"SearchAction\",\"target\":{\"@type\":\"EntryPoint\",\"urlTemplate\":\"https:\/\/www.dogevenice.com\/fr\/?s={search_term_string}\"},\"query-input\":{\"@type\":\"PropertyValueSpecification\",\"valueRequired\":true,\"valueName\":\"search_term_string\"}}],\"inLanguage\":\"fr-FR\"},{\"@type\":\"Organization\",\"@id\":\"https:\/\/www.dogevenice.com\/fr\/#organization\",\"name\":\"The Doge Signature Collection\",\"url\":\"https:\/\/www.dogevenice.com\/fr\/\",\"logo\":{\"@type\":\"ImageObject\",\"inLanguage\":\"fr-FR\",\"@id\":\"https:\/\/www.dogevenice.com\/fr\/#\/schema\/logo\/image\/\",\"url\":\"https:\/\/www.dogevenice.com\/wp-content\/uploads\/sites\/51\/2026\/02\/logo_the_doge_signature_collection_c.svg\",\"contentUrl\":\"https:\/\/www.dogevenice.com\/wp-content\/uploads\/sites\/51\/2026\/02\/logo_the_doge_signature_collection_c.svg\",\"width\":416,\"height\":64,\"caption\":\"The Doge Signature Collection\"},\"image\":{\"@id\":\"https:\/\/www.dogevenice.com\/fr\/#\/schema\/logo\/image\/\"}}]}<\/script>\n<!-- \/ Yoast SEO plugin. -->","yoast_head_json":{"title":"Appartement Family - Doge Exclusive Collection -","description":"Cet appartement spacieux est la solution id\u00e9ale pour les familles ou les petits groupes d\u2019amis \u00e0 la recherche d\u2019un cadre d\u00e9tendu et confortable. Spacieux et soigneusement meubl\u00e9, il dispose de deux chambres et de deux salles de bain pour un confort optimal","robots":{"index":"index","follow":"follow","max-snippet":"max-snippet:-1","max-image-preview":"max-image-preview:large","max-video-preview":"max-video-preview:-1"},"canonical":"https:\/\/www.dogevenice.com\/fr\/torre-dellorologio-signature-residence\/appartement-family\/","og_locale":"fr_FR","og_type":"article","og_title":"Appartement Family - Doge Exclusive Collection -","og_description":"Cet appartement spacieux est la solution id\u00e9ale pour les familles ou les petits groupes d\u2019amis \u00e0 la recherche d\u2019un cadre d\u00e9tendu et confortable. Spacieux et soigneusement meubl\u00e9, il dispose de deux chambres et de deux salles de bain pour un confort optimal","og_url":"https:\/\/www.dogevenice.com\/fr\/torre-dellorologio-signature-residence\/appartement-family\/","og_site_name":"Doge Exclusive Collection","article_modified_time":"2026-03-09T15:42:44+00:00","twitter_card":"summary_large_image","twitter_misc":{"Est. reading time":"1 minute"},"schema":{"@context":"https:\/\/schema.org","@graph":[{"@type":"WebPage","@id":"https:\/\/www.dogevenice.com\/fr\/torre-dellorologio-signature-residence\/appartement-family\/","url":"https:\/\/www.dogevenice.com\/fr\/torre-dellorologio-signature-residence\/appartement-family\/","name":"Appartement Family - Doge Exclusive Collection -","isPartOf":{"@id":"https:\/\/www.dogevenice.com\/fr\/#website"},"datePublished":"2026-02-04T10:01:59+00:00","dateModified":"2026-03-09T15:42:44+00:00","description":"Cet appartement spacieux est la solution id\u00e9ale pour les familles ou les petits groupes d\u2019amis \u00e0 la recherche d\u2019un cadre d\u00e9tendu et confortable. Spacieux et soigneusement meubl\u00e9, il dispose de deux chambres et de deux salles de bain pour un confort optimal","breadcrumb":{"@id":"https:\/\/www.dogevenice.com\/fr\/torre-dellorologio-signature-residence\/appartement-family\/#breadcrumb"},"inLanguage":"fr-FR","potentialAction":[{"@type":"ReadAction","target":["https:\/\/www.dogevenice.com\/fr\/torre-dellorologio-signature-residence\/appartement-family\/"]}]},{"@type":"BreadcrumbList","@id":"https:\/\/www.dogevenice.com\/fr\/torre-dellorologio-signature-residence\/appartement-family\/#breadcrumb","itemListElement":[{"@type":"ListItem","position":1,"name":"Home","item":"https:\/\/www.dogevenice.com\/fr\/"},{"@type":"ListItem","position":2,"name":"Torre dell&#8217;Orologio Signature Residence","item":"https:\/\/www.dogevenice.com\/fr\/torre-dellorologio-signature-residence\/"},{"@type":"ListItem","position":3,"name":"Appartement Family"}]},{"@type":"WebSite","@id":"https:\/\/www.dogevenice.com\/fr\/#website","url":"https:\/\/www.dogevenice.com\/fr\/","name":"The Doge Signature Collection","description":"","publisher":{"@id":"https:\/\/www.dogevenice.com\/fr\/#organization"},"potentialAction":[{"@type":"SearchAction","target":{"@type":"EntryPoint","urlTemplate":"https:\/\/www.dogevenice.com\/fr\/?s={search_term_string}"},"query-input":{"@type":"PropertyValueSpecification","valueRequired":true,"valueName":"search_term_string"}}],"inLanguage":"fr-FR"},{"@type":"Organization","@id":"https:\/\/www.dogevenice.com\/fr\/#organization","name":"The Doge Signature Collection","url":"https:\/\/www.dogevenice.com\/fr\/","logo":{"@type":"ImageObject","inLanguage":"fr-FR","@id":"https:\/\/www.dogevenice.com\/fr\/#\/schema\/logo\/image\/","url":"https:\/\/www.dogevenice.com\/wp-content\/uploads\/sites\/51\/2026\/02\/logo_the_doge_signature_collection_c.svg","contentUrl":"https:\/\/www.dogevenice.com\/wp-content\/uploads\/sites\/51\/2026\/02\/logo_the_doge_signature_collection_c.svg","width":416,"height":64,"caption":"The Doge Signature Collection"},"image":{"@id":"https:\/\/www.dogevenice.com\/fr\/#\/schema\/logo\/image\/"}}]}},"acf":[],"_links":{"self":[{"href":"https:\/\/www.dogevenice.com\/fr\/wp-json\/wp\/v2\/pages\/350","targetHints":{"allow":["GET"]}}],"collection":[{"href":"https:\/\/www.dogevenice.com\/fr\/wp-json\/wp\/v2\/pages"}],"about":[{"href":"https:\/\/www.dogevenice.com\/fr\/wp-json\/wp\/v2\/types\/page"}],"author":[{"embeddable":true,"href":"https:\/\/www.dogevenice.com\/fr\/wp-json\/wp\/v2\/users\/6"}],"replies":[{"embeddable":true,"href":"https:\/\/www.dogevenice.com\/fr\/wp-json\/wp\/v2\/comments?post=350"}],"version-history":[{"count":0,"href":"https:\/\/www.dogevenice.com\/fr\/wp-json\/wp\/v2\/pages\/350\/revisions"}],"up":[{"embeddable":true,"href":"https:\/\/www.dogevenice.com\/fr\/wp-json\/wp\/v2\/pages\/321"}],"wp:attachment":[{"href":"https:\/\/www.dogevenice.com\/fr\/wp-json\/wp\/v2\/media?parent=350"}],"curies":[{"name":"wp","href":"https:\/\/api.w.org\/{rel}","templated":true}]}}