{"id":344,"date":"2026-02-04T10:01:39","date_gmt":"2026-02-04T10:01:39","guid":{"rendered":"https:\/\/dogeexclusivecollection.ms3.decms.eu\/?page_id=344"},"modified":"2026-03-09T15:40:49","modified_gmt":"2026-03-09T15:40:49","slug":"appartement-deluxe","status":"publish","type":"page","link":"https:\/\/www.dogevenice.com\/fr\/torre-dellorologio-signature-residence\/appartement-deluxe\/","title":{"rendered":"Appartement Deluxe"},"content":{"rendered":"<p>Cet appartement spacieux est con\u00e7u pour accueillir confortablement des familles ou de petits groupes jusqu\u2019\u00e0 4 personnes, offrant des espaces soign\u00e9s et une atmosph\u00e8re relaxante, parfaite pour se sentir imm\u00e9diatement chez soi.<\/p>\n<p>Le logement dispose d\u2019une grande chambre, id\u00e9ale pour un repos r\u00e9parateur, ainsi que d\u2019une salle de bain compl\u00e8te avec baignoire, parfaite pour se d\u00e9tendre apr\u00e8s une journ\u00e9e de visites. Le s\u00e9jour, \u00e0 la fois chaleureux et fonctionnel, comprend un coin cuisine enti\u00e8rement \u00e9quip\u00e9 pour pr\u00e9parer les repas en toute autonomie, ainsi qu\u2019un canap\u00e9-lit confortable, adapt\u00e9 pour une ou deux personnes suppl\u00e9mentaires.<\/p>\n<p>Les espaces lumineux et harmonieux font de cet appartement le choix id\u00e9al pour se d\u00e9tendre, se ressourcer et profiter d\u2019un s\u00e9jour en tout confort et en toute tranquillit\u00e9.<\/p>\n<p>Superficie : de 55 \u00e0 70 m\u00b2, certains appartements avec vue sur le canal, certains avec deux salles de bain.<\/p>\n<p>Capacit\u00e9 maximale : 4 personnes.<\/p>\n","protected":false},"excerpt":{"rendered":"<p>Cet appartement spacieux est con\u00e7u pour accueillir confortablement des familles ou de petits groupes jusqu\u2019\u00e0 4 personnes, offrant des espaces soign\u00e9s et une atmosph\u00e8re relaxante, parfaite pour se sentir imm\u00e9diatement chez soi. Le logement dispose d\u2019une grande chambre, id\u00e9ale pour un repos r\u00e9parateur, ainsi que d\u2019une salle de bain compl\u00e8te avec baignoire, parfaite pour se [&hellip;]<\/p>\n","protected":false},"author":6,"featured_media":0,"parent":321,"menu_order":30,"comment_status":"closed","ping_status":"closed","template":"template-single-room.php","meta":{"footnotes":""},"class_list":["post-344","page","type-page","status-publish","hentry"],"yoast_head":"<!-- This site is optimized with the Yoast SEO plugin v26.9 - https:\/\/yoast.com\/product\/yoast-seo-wordpress\/ -->\n<title>Appartement Deluxe - Doge Exclusive Collection -<\/title>\n<meta name=\"description\" content=\"Cet appartement spacieux est con\u00e7u pour accueillir confortablement des familles ou de petits groupes jusqu\u2019\u00e0 4 personnes, offrant des espaces soign\u00e9s et une atmosph\u00e8re relaxante, parfaite pour se sentir imm\u00e9diatement chez soi.  Le logement dispose d\u2019une grande chambre, id\u00e9ale pour un repos r\u00e9parateur, ainsi que d\u2019une salle de bain compl\u00e8te avec baignoire, parfaite pour se d\u00e9tendre apr\u00e8s une journ\u00e9e de visites. Le s\u00e9jour, \u00e0 la fois chaleureux et fonctionnel, comprend un coin cuisine enti\u00e8rement \u00e9quip\u00e9 pour pr\u00e9parer les repas en toute autonomie, ainsi qu\u2019un canap\u00e9-lit confortable, adapt\u00e9 pour une ou deux personnes suppl\u00e9mentaires.  Les espaces lumineux et harmonieux font de cet appartement le choix id\u00e9al pour se d\u00e9tendre, se ressourcer et profiter d\u2019un s\u00e9jour en tout confort et en toute tranquillit\u00e9.  Superficie : de 55 \u00e0 70 m\u00b2, certains appartements avec vue sur le canal, certains avec deux salles de bain.  Capacit\u00e9 maximale : 4 personnes.\" \/>\n<meta name=\"robots\" content=\"index, follow, max-snippet:-1, max-image-preview:large, max-video-preview:-1\" \/>\n<link rel=\"canonical\" href=\"https:\/\/www.dogevenice.com\/fr\/torre-dellorologio-signature-residence\/appartement-deluxe\/\" \/>\n<meta property=\"og:locale\" content=\"fr_FR\" \/>\n<meta property=\"og:type\" content=\"article\" \/>\n<meta property=\"og:title\" content=\"Appartement Deluxe - Doge Exclusive Collection -\" \/>\n<meta property=\"og:description\" content=\"Cet appartement spacieux est con\u00e7u pour accueillir confortablement des familles ou de petits groupes jusqu\u2019\u00e0 4 personnes, offrant des espaces soign\u00e9s et une atmosph\u00e8re relaxante, parfaite pour se sentir imm\u00e9diatement chez soi.  Le logement dispose d\u2019une grande chambre, id\u00e9ale pour un repos r\u00e9parateur, ainsi que d\u2019une salle de bain compl\u00e8te avec baignoire, parfaite pour se d\u00e9tendre apr\u00e8s une journ\u00e9e de visites. Le s\u00e9jour, \u00e0 la fois chaleureux et fonctionnel, comprend un coin cuisine enti\u00e8rement \u00e9quip\u00e9 pour pr\u00e9parer les repas en toute autonomie, ainsi qu\u2019un canap\u00e9-lit confortable, adapt\u00e9 pour une ou deux personnes suppl\u00e9mentaires.  Les espaces lumineux et harmonieux font de cet appartement le choix id\u00e9al pour se d\u00e9tendre, se ressourcer et profiter d\u2019un s\u00e9jour en tout confort et en toute tranquillit\u00e9.  Superficie : de 55 \u00e0 70 m\u00b2, certains appartements avec vue sur le canal, certains avec deux salles de bain.  Capacit\u00e9 maximale : 4 personnes.\" \/>\n<meta property=\"og:url\" content=\"https:\/\/www.dogevenice.com\/fr\/torre-dellorologio-signature-residence\/appartement-deluxe\/\" \/>\n<meta property=\"og:site_name\" content=\"Doge Exclusive Collection\" \/>\n<meta property=\"article:modified_time\" content=\"2026-03-09T15:40:49+00:00\" \/>\n<meta name=\"twitter:card\" content=\"summary_large_image\" \/>\n<meta name=\"twitter:label1\" content=\"Est. reading time\" \/>\n\t<meta name=\"twitter:data1\" content=\"1 minute\" \/>\n<script type=\"application\/ld+json\" class=\"yoast-schema-graph\">{\"@context\":\"https:\/\/schema.org\",\"@graph\":[{\"@type\":\"WebPage\",\"@id\":\"https:\/\/www.dogevenice.com\/fr\/torre-dellorologio-signature-residence\/appartement-deluxe\/\",\"url\":\"https:\/\/www.dogevenice.com\/fr\/torre-dellorologio-signature-residence\/appartement-deluxe\/\",\"name\":\"Appartement Deluxe - Doge Exclusive Collection -\",\"isPartOf\":{\"@id\":\"https:\/\/www.dogevenice.com\/fr\/#website\"},\"datePublished\":\"2026-02-04T10:01:39+00:00\",\"dateModified\":\"2026-03-09T15:40:49+00:00\",\"description\":\"Cet appartement spacieux est con\u00e7u pour accueillir confortablement des familles ou de petits groupes jusqu\u2019\u00e0 4 personnes, offrant des espaces soign\u00e9s et une atmosph\u00e8re relaxante, parfaite pour se sentir imm\u00e9diatement chez soi. Le logement dispose d\u2019une grande chambre, id\u00e9ale pour un repos r\u00e9parateur, ainsi que d\u2019une salle de bain compl\u00e8te avec baignoire, parfaite pour se d\u00e9tendre apr\u00e8s une journ\u00e9e de visites. Le s\u00e9jour, \u00e0 la fois chaleureux et fonctionnel, comprend un coin cuisine enti\u00e8rement \u00e9quip\u00e9 pour pr\u00e9parer les repas en toute autonomie, ainsi qu\u2019un canap\u00e9-lit confortable, adapt\u00e9 pour une ou deux personnes suppl\u00e9mentaires. Les espaces lumineux et harmonieux font de cet appartement le choix id\u00e9al pour se d\u00e9tendre, se ressourcer et profiter d\u2019un s\u00e9jour en tout confort et en toute tranquillit\u00e9. Superficie : de 55 \u00e0 70 m\u00b2, certains appartements avec vue sur le canal, certains avec deux salles de bain. Capacit\u00e9 maximale : 4 personnes.\",\"breadcrumb\":{\"@id\":\"https:\/\/www.dogevenice.com\/fr\/torre-dellorologio-signature-residence\/appartement-deluxe\/#breadcrumb\"},\"inLanguage\":\"fr-FR\",\"potentialAction\":[{\"@type\":\"ReadAction\",\"target\":[\"https:\/\/www.dogevenice.com\/fr\/torre-dellorologio-signature-residence\/appartement-deluxe\/\"]}]},{\"@type\":\"BreadcrumbList\",\"@id\":\"https:\/\/www.dogevenice.com\/fr\/torre-dellorologio-signature-residence\/appartement-deluxe\/#breadcrumb\",\"itemListElement\":[{\"@type\":\"ListItem\",\"position\":1,\"name\":\"Home\",\"item\":\"https:\/\/www.dogevenice.com\/fr\/\"},{\"@type\":\"ListItem\",\"position\":2,\"name\":\"Torre dell&#8217;Orologio Signature Residence\",\"item\":\"https:\/\/www.dogevenice.com\/fr\/torre-dellorologio-signature-residence\/\"},{\"@type\":\"ListItem\",\"position\":3,\"name\":\"Appartement Deluxe\"}]},{\"@type\":\"WebSite\",\"@id\":\"https:\/\/www.dogevenice.com\/fr\/#website\",\"url\":\"https:\/\/www.dogevenice.com\/fr\/\",\"name\":\"The Doge Signature Collection\",\"description\":\"\",\"publisher\":{\"@id\":\"https:\/\/www.dogevenice.com\/fr\/#organization\"},\"potentialAction\":[{\"@type\":\"SearchAction\",\"target\":{\"@type\":\"EntryPoint\",\"urlTemplate\":\"https:\/\/www.dogevenice.com\/fr\/?s={search_term_string}\"},\"query-input\":{\"@type\":\"PropertyValueSpecification\",\"valueRequired\":true,\"valueName\":\"search_term_string\"}}],\"inLanguage\":\"fr-FR\"},{\"@type\":\"Organization\",\"@id\":\"https:\/\/www.dogevenice.com\/fr\/#organization\",\"name\":\"The Doge Signature Collection\",\"url\":\"https:\/\/www.dogevenice.com\/fr\/\",\"logo\":{\"@type\":\"ImageObject\",\"inLanguage\":\"fr-FR\",\"@id\":\"https:\/\/www.dogevenice.com\/fr\/#\/schema\/logo\/image\/\",\"url\":\"https:\/\/www.dogevenice.com\/wp-content\/uploads\/sites\/51\/2026\/02\/logo_the_doge_signature_collection_c.svg\",\"contentUrl\":\"https:\/\/www.dogevenice.com\/wp-content\/uploads\/sites\/51\/2026\/02\/logo_the_doge_signature_collection_c.svg\",\"width\":416,\"height\":64,\"caption\":\"The Doge Signature Collection\"},\"image\":{\"@id\":\"https:\/\/www.dogevenice.com\/fr\/#\/schema\/logo\/image\/\"}}]}<\/script>\n<!-- \/ Yoast SEO plugin. -->","yoast_head_json":{"title":"Appartement Deluxe - Doge Exclusive Collection -","description":"Cet appartement spacieux est con\u00e7u pour accueillir confortablement des familles ou de petits groupes jusqu\u2019\u00e0 4 personnes, offrant des espaces soign\u00e9s et une atmosph\u00e8re relaxante, parfaite pour se sentir imm\u00e9diatement chez soi.  Le logement dispose d\u2019une grande chambre, id\u00e9ale pour un repos r\u00e9parateur, ainsi que d\u2019une salle de bain compl\u00e8te avec baignoire, parfaite pour se d\u00e9tendre apr\u00e8s une journ\u00e9e de visites. Le s\u00e9jour, \u00e0 la fois chaleureux et fonctionnel, comprend un coin cuisine enti\u00e8rement \u00e9quip\u00e9 pour pr\u00e9parer les repas en toute autonomie, ainsi qu\u2019un canap\u00e9-lit confortable, adapt\u00e9 pour une ou deux personnes suppl\u00e9mentaires.  Les espaces lumineux et harmonieux font de cet appartement le choix id\u00e9al pour se d\u00e9tendre, se ressourcer et profiter d\u2019un s\u00e9jour en tout confort et en toute tranquillit\u00e9.  Superficie : de 55 \u00e0 70 m\u00b2, certains appartements avec vue sur le canal, certains avec deux salles de bain.  Capacit\u00e9 maximale : 4 personnes.","robots":{"index":"index","follow":"follow","max-snippet":"max-snippet:-1","max-image-preview":"max-image-preview:large","max-video-preview":"max-video-preview:-1"},"canonical":"https:\/\/www.dogevenice.com\/fr\/torre-dellorologio-signature-residence\/appartement-deluxe\/","og_locale":"fr_FR","og_type":"article","og_title":"Appartement Deluxe - Doge Exclusive Collection -","og_description":"Cet appartement spacieux est con\u00e7u pour accueillir confortablement des familles ou de petits groupes jusqu\u2019\u00e0 4 personnes, offrant des espaces soign\u00e9s et une atmosph\u00e8re relaxante, parfaite pour se sentir imm\u00e9diatement chez soi.  Le logement dispose d\u2019une grande chambre, id\u00e9ale pour un repos r\u00e9parateur, ainsi que d\u2019une salle de bain compl\u00e8te avec baignoire, parfaite pour se d\u00e9tendre apr\u00e8s une journ\u00e9e de visites. Le s\u00e9jour, \u00e0 la fois chaleureux et fonctionnel, comprend un coin cuisine enti\u00e8rement \u00e9quip\u00e9 pour pr\u00e9parer les repas en toute autonomie, ainsi qu\u2019un canap\u00e9-lit confortable, adapt\u00e9 pour une ou deux personnes suppl\u00e9mentaires.  Les espaces lumineux et harmonieux font de cet appartement le choix id\u00e9al pour se d\u00e9tendre, se ressourcer et profiter d\u2019un s\u00e9jour en tout confort et en toute tranquillit\u00e9.  Superficie : de 55 \u00e0 70 m\u00b2, certains appartements avec vue sur le canal, certains avec deux salles de bain.  Capacit\u00e9 maximale : 4 personnes.","og_url":"https:\/\/www.dogevenice.com\/fr\/torre-dellorologio-signature-residence\/appartement-deluxe\/","og_site_name":"Doge Exclusive Collection","article_modified_time":"2026-03-09T15:40:49+00:00","twitter_card":"summary_large_image","twitter_misc":{"Est. reading time":"1 minute"},"schema":{"@context":"https:\/\/schema.org","@graph":[{"@type":"WebPage","@id":"https:\/\/www.dogevenice.com\/fr\/torre-dellorologio-signature-residence\/appartement-deluxe\/","url":"https:\/\/www.dogevenice.com\/fr\/torre-dellorologio-signature-residence\/appartement-deluxe\/","name":"Appartement Deluxe - Doge Exclusive Collection -","isPartOf":{"@id":"https:\/\/www.dogevenice.com\/fr\/#website"},"datePublished":"2026-02-04T10:01:39+00:00","dateModified":"2026-03-09T15:40:49+00:00","description":"Cet appartement spacieux est con\u00e7u pour accueillir confortablement des familles ou de petits groupes jusqu\u2019\u00e0 4 personnes, offrant des espaces soign\u00e9s et une atmosph\u00e8re relaxante, parfaite pour se sentir imm\u00e9diatement chez soi. Le logement dispose d\u2019une grande chambre, id\u00e9ale pour un repos r\u00e9parateur, ainsi que d\u2019une salle de bain compl\u00e8te avec baignoire, parfaite pour se d\u00e9tendre apr\u00e8s une journ\u00e9e de visites. Le s\u00e9jour, \u00e0 la fois chaleureux et fonctionnel, comprend un coin cuisine enti\u00e8rement \u00e9quip\u00e9 pour pr\u00e9parer les repas en toute autonomie, ainsi qu\u2019un canap\u00e9-lit confortable, adapt\u00e9 pour une ou deux personnes suppl\u00e9mentaires. Les espaces lumineux et harmonieux font de cet appartement le choix id\u00e9al pour se d\u00e9tendre, se ressourcer et profiter d\u2019un s\u00e9jour en tout confort et en toute tranquillit\u00e9. Superficie : de 55 \u00e0 70 m\u00b2, certains appartements avec vue sur le canal, certains avec deux salles de bain. Capacit\u00e9 maximale : 4 personnes.","breadcrumb":{"@id":"https:\/\/www.dogevenice.com\/fr\/torre-dellorologio-signature-residence\/appartement-deluxe\/#breadcrumb"},"inLanguage":"fr-FR","potentialAction":[{"@type":"ReadAction","target":["https:\/\/www.dogevenice.com\/fr\/torre-dellorologio-signature-residence\/appartement-deluxe\/"]}]},{"@type":"BreadcrumbList","@id":"https:\/\/www.dogevenice.com\/fr\/torre-dellorologio-signature-residence\/appartement-deluxe\/#breadcrumb","itemListElement":[{"@type":"ListItem","position":1,"name":"Home","item":"https:\/\/www.dogevenice.com\/fr\/"},{"@type":"ListItem","position":2,"name":"Torre dell&#8217;Orologio Signature Residence","item":"https:\/\/www.dogevenice.com\/fr\/torre-dellorologio-signature-residence\/"},{"@type":"ListItem","position":3,"name":"Appartement Deluxe"}]},{"@type":"WebSite","@id":"https:\/\/www.dogevenice.com\/fr\/#website","url":"https:\/\/www.dogevenice.com\/fr\/","name":"The Doge Signature Collection","description":"","publisher":{"@id":"https:\/\/www.dogevenice.com\/fr\/#organization"},"potentialAction":[{"@type":"SearchAction","target":{"@type":"EntryPoint","urlTemplate":"https:\/\/www.dogevenice.com\/fr\/?s={search_term_string}"},"query-input":{"@type":"PropertyValueSpecification","valueRequired":true,"valueName":"search_term_string"}}],"inLanguage":"fr-FR"},{"@type":"Organization","@id":"https:\/\/www.dogevenice.com\/fr\/#organization","name":"The Doge Signature Collection","url":"https:\/\/www.dogevenice.com\/fr\/","logo":{"@type":"ImageObject","inLanguage":"fr-FR","@id":"https:\/\/www.dogevenice.com\/fr\/#\/schema\/logo\/image\/","url":"https:\/\/www.dogevenice.com\/wp-content\/uploads\/sites\/51\/2026\/02\/logo_the_doge_signature_collection_c.svg","contentUrl":"https:\/\/www.dogevenice.com\/wp-content\/uploads\/sites\/51\/2026\/02\/logo_the_doge_signature_collection_c.svg","width":416,"height":64,"caption":"The Doge Signature Collection"},"image":{"@id":"https:\/\/www.dogevenice.com\/fr\/#\/schema\/logo\/image\/"}}]}},"acf":[],"_links":{"self":[{"href":"https:\/\/www.dogevenice.com\/fr\/wp-json\/wp\/v2\/pages\/344","targetHints":{"allow":["GET"]}}],"collection":[{"href":"https:\/\/www.dogevenice.com\/fr\/wp-json\/wp\/v2\/pages"}],"about":[{"href":"https:\/\/www.dogevenice.com\/fr\/wp-json\/wp\/v2\/types\/page"}],"author":[{"embeddable":true,"href":"https:\/\/www.dogevenice.com\/fr\/wp-json\/wp\/v2\/users\/6"}],"replies":[{"embeddable":true,"href":"https:\/\/www.dogevenice.com\/fr\/wp-json\/wp\/v2\/comments?post=344"}],"version-history":[{"count":0,"href":"https:\/\/www.dogevenice.com\/fr\/wp-json\/wp\/v2\/pages\/344\/revisions"}],"up":[{"embeddable":true,"href":"https:\/\/www.dogevenice.com\/fr\/wp-json\/wp\/v2\/pages\/321"}],"wp:attachment":[{"href":"https:\/\/www.dogevenice.com\/fr\/wp-json\/wp\/v2\/media?parent=344"}],"curies":[{"name":"wp","href":"https:\/\/api.w.org\/{rel}","templated":true}]}}