{"id":339,"date":"2026-02-04T10:01:17","date_gmt":"2026-02-04T10:01:17","guid":{"rendered":"https:\/\/dogeexclusivecollection.ms3.decms.eu\/?page_id=339"},"modified":"2026-03-09T15:39:09","modified_gmt":"2026-03-09T15:39:09","slug":"appartement-superieure","status":"publish","type":"page","link":"https:\/\/www.dogevenice.com\/fr\/torre-dellorologio-signature-residence\/appartement-superieure\/","title":{"rendered":"Appartement Sup\u00e9rieure"},"content":{"rendered":"<p>L\u2019Appartement Sup\u00e9rieur est le choix parfait pour ceux qui recherchent un s\u00e9jour plac\u00e9 sous le signe de la d\u00e9tente et de l\u2019intimit\u00e9. Pouvant accueillir jusqu\u2019\u00e0 3 personnes, il dispose d\u2019une chambre double confortable, d\u2019une salle de bain compl\u00e8te et d\u2019un s\u00e9jour accueillant avec un canap\u00e9-lit. La cuisine enti\u00e8rement \u00e9quip\u00e9e permet de pr\u00e9parer les repas en toute autonomie, rendant chaque moment du s\u00e9jour encore plus agr\u00e9able.<\/p>\n<p>Les espaces sont con\u00e7us pour offrir un confort et une tranquillit\u00e9 maximaux, cr\u00e9ant un environnement id\u00e9al pour ceux qui recherchent un coin de paix et de d\u00e9tente, sans renoncer aux \u00e9quipements modernes et pratiques qui rendent le s\u00e9jour encore plus plaisant.<\/p>\n<p>\u00c0 partir de 45 m\u00b2, certains appartements avec vue sur le canal.<\/p>\n<p>Capacit\u00e9 maximale: 3 personnes.<\/p>\n","protected":false},"excerpt":{"rendered":"<p>L\u2019Appartement Sup\u00e9rieur est le choix parfait pour ceux qui recherchent un s\u00e9jour plac\u00e9 sous le signe de la d\u00e9tente et de l\u2019intimit\u00e9. Pouvant accueillir jusqu\u2019\u00e0 3 personnes, il dispose d\u2019une chambre double confortable, d\u2019une salle de bain compl\u00e8te et d\u2019un s\u00e9jour accueillant avec un canap\u00e9-lit. La cuisine enti\u00e8rement \u00e9quip\u00e9e permet de pr\u00e9parer les repas en [&hellip;]<\/p>\n","protected":false},"author":6,"featured_media":0,"parent":321,"menu_order":20,"comment_status":"closed","ping_status":"closed","template":"template-single-room.php","meta":{"footnotes":""},"class_list":["post-339","page","type-page","status-publish","hentry"],"yoast_head":"<!-- This site is optimized with the Yoast SEO plugin v26.9 - https:\/\/yoast.com\/product\/yoast-seo-wordpress\/ -->\n<title>Appartement Sup\u00e9rieure - Doge Exclusive Collection -<\/title>\n<meta name=\"description\" content=\"L\u2019Appartement Sup\u00e9rieur est le choix parfait pour ceux qui recherchent un s\u00e9jour plac\u00e9 sous le signe de la d\u00e9tente et de l\u2019intimit\u00e9. Pouvant accueillir jusqu\u2019\u00e0 3 personnes, il dispose d\u2019une chambre double confortable, d\u2019une salle de bain compl\u00e8te et d\u2019un s\u00e9jour accueillant avec un canap\u00e9-lit\" \/>\n<meta name=\"robots\" content=\"index, follow, max-snippet:-1, max-image-preview:large, max-video-preview:-1\" \/>\n<link rel=\"canonical\" href=\"https:\/\/www.dogevenice.com\/fr\/torre-dellorologio-signature-residence\/appartement-superieure\/\" \/>\n<meta property=\"og:locale\" content=\"fr_FR\" \/>\n<meta property=\"og:type\" content=\"article\" \/>\n<meta property=\"og:title\" content=\"Appartement Sup\u00e9rieure - Doge Exclusive Collection -\" \/>\n<meta property=\"og:description\" content=\"L\u2019Appartement Sup\u00e9rieur est le choix parfait pour ceux qui recherchent un s\u00e9jour plac\u00e9 sous le signe de la d\u00e9tente et de l\u2019intimit\u00e9. Pouvant accueillir jusqu\u2019\u00e0 3 personnes, il dispose d\u2019une chambre double confortable, d\u2019une salle de bain compl\u00e8te et d\u2019un s\u00e9jour accueillant avec un canap\u00e9-lit\" \/>\n<meta property=\"og:url\" content=\"https:\/\/www.dogevenice.com\/fr\/torre-dellorologio-signature-residence\/appartement-superieure\/\" \/>\n<meta property=\"og:site_name\" content=\"Doge Exclusive Collection\" \/>\n<meta property=\"article:modified_time\" content=\"2026-03-09T15:39:09+00:00\" \/>\n<meta name=\"twitter:card\" content=\"summary_large_image\" \/>\n<meta name=\"twitter:label1\" content=\"Est. reading time\" \/>\n\t<meta name=\"twitter:data1\" content=\"1 minute\" \/>\n<script type=\"application\/ld+json\" class=\"yoast-schema-graph\">{\"@context\":\"https:\/\/schema.org\",\"@graph\":[{\"@type\":\"WebPage\",\"@id\":\"https:\/\/www.dogevenice.com\/fr\/torre-dellorologio-signature-residence\/appartement-superieure\/\",\"url\":\"https:\/\/www.dogevenice.com\/fr\/torre-dellorologio-signature-residence\/appartement-superieure\/\",\"name\":\"Appartement Sup\u00e9rieure - Doge Exclusive Collection -\",\"isPartOf\":{\"@id\":\"https:\/\/www.dogevenice.com\/fr\/#website\"},\"datePublished\":\"2026-02-04T10:01:17+00:00\",\"dateModified\":\"2026-03-09T15:39:09+00:00\",\"description\":\"L\u2019Appartement Sup\u00e9rieur est le choix parfait pour ceux qui recherchent un s\u00e9jour plac\u00e9 sous le signe de la d\u00e9tente et de l\u2019intimit\u00e9. Pouvant accueillir jusqu\u2019\u00e0 3 personnes, il dispose d\u2019une chambre double confortable, d\u2019une salle de bain compl\u00e8te et d\u2019un s\u00e9jour accueillant avec un canap\u00e9-lit\",\"breadcrumb\":{\"@id\":\"https:\/\/www.dogevenice.com\/fr\/torre-dellorologio-signature-residence\/appartement-superieure\/#breadcrumb\"},\"inLanguage\":\"fr-FR\",\"potentialAction\":[{\"@type\":\"ReadAction\",\"target\":[\"https:\/\/www.dogevenice.com\/fr\/torre-dellorologio-signature-residence\/appartement-superieure\/\"]}]},{\"@type\":\"BreadcrumbList\",\"@id\":\"https:\/\/www.dogevenice.com\/fr\/torre-dellorologio-signature-residence\/appartement-superieure\/#breadcrumb\",\"itemListElement\":[{\"@type\":\"ListItem\",\"position\":1,\"name\":\"Home\",\"item\":\"https:\/\/www.dogevenice.com\/fr\/\"},{\"@type\":\"ListItem\",\"position\":2,\"name\":\"Torre dell&#8217;Orologio Signature Residence\",\"item\":\"https:\/\/www.dogevenice.com\/fr\/torre-dellorologio-signature-residence\/\"},{\"@type\":\"ListItem\",\"position\":3,\"name\":\"Appartement Sup\u00e9rieure\"}]},{\"@type\":\"WebSite\",\"@id\":\"https:\/\/www.dogevenice.com\/fr\/#website\",\"url\":\"https:\/\/www.dogevenice.com\/fr\/\",\"name\":\"The Doge Signature Collection\",\"description\":\"\",\"publisher\":{\"@id\":\"https:\/\/www.dogevenice.com\/fr\/#organization\"},\"potentialAction\":[{\"@type\":\"SearchAction\",\"target\":{\"@type\":\"EntryPoint\",\"urlTemplate\":\"https:\/\/www.dogevenice.com\/fr\/?s={search_term_string}\"},\"query-input\":{\"@type\":\"PropertyValueSpecification\",\"valueRequired\":true,\"valueName\":\"search_term_string\"}}],\"inLanguage\":\"fr-FR\"},{\"@type\":\"Organization\",\"@id\":\"https:\/\/www.dogevenice.com\/fr\/#organization\",\"name\":\"The Doge Signature Collection\",\"url\":\"https:\/\/www.dogevenice.com\/fr\/\",\"logo\":{\"@type\":\"ImageObject\",\"inLanguage\":\"fr-FR\",\"@id\":\"https:\/\/www.dogevenice.com\/fr\/#\/schema\/logo\/image\/\",\"url\":\"https:\/\/www.dogevenice.com\/wp-content\/uploads\/sites\/51\/2026\/02\/logo_the_doge_signature_collection_c.svg\",\"contentUrl\":\"https:\/\/www.dogevenice.com\/wp-content\/uploads\/sites\/51\/2026\/02\/logo_the_doge_signature_collection_c.svg\",\"width\":416,\"height\":64,\"caption\":\"The Doge Signature Collection\"},\"image\":{\"@id\":\"https:\/\/www.dogevenice.com\/fr\/#\/schema\/logo\/image\/\"}}]}<\/script>\n<!-- \/ Yoast SEO plugin. -->","yoast_head_json":{"title":"Appartement Sup\u00e9rieure - Doge Exclusive Collection -","description":"L\u2019Appartement Sup\u00e9rieur est le choix parfait pour ceux qui recherchent un s\u00e9jour plac\u00e9 sous le signe de la d\u00e9tente et de l\u2019intimit\u00e9. Pouvant accueillir jusqu\u2019\u00e0 3 personnes, il dispose d\u2019une chambre double confortable, d\u2019une salle de bain compl\u00e8te et d\u2019un s\u00e9jour accueillant avec un canap\u00e9-lit","robots":{"index":"index","follow":"follow","max-snippet":"max-snippet:-1","max-image-preview":"max-image-preview:large","max-video-preview":"max-video-preview:-1"},"canonical":"https:\/\/www.dogevenice.com\/fr\/torre-dellorologio-signature-residence\/appartement-superieure\/","og_locale":"fr_FR","og_type":"article","og_title":"Appartement Sup\u00e9rieure - Doge Exclusive Collection -","og_description":"L\u2019Appartement Sup\u00e9rieur est le choix parfait pour ceux qui recherchent un s\u00e9jour plac\u00e9 sous le signe de la d\u00e9tente et de l\u2019intimit\u00e9. Pouvant accueillir jusqu\u2019\u00e0 3 personnes, il dispose d\u2019une chambre double confortable, d\u2019une salle de bain compl\u00e8te et d\u2019un s\u00e9jour accueillant avec un canap\u00e9-lit","og_url":"https:\/\/www.dogevenice.com\/fr\/torre-dellorologio-signature-residence\/appartement-superieure\/","og_site_name":"Doge Exclusive Collection","article_modified_time":"2026-03-09T15:39:09+00:00","twitter_card":"summary_large_image","twitter_misc":{"Est. reading time":"1 minute"},"schema":{"@context":"https:\/\/schema.org","@graph":[{"@type":"WebPage","@id":"https:\/\/www.dogevenice.com\/fr\/torre-dellorologio-signature-residence\/appartement-superieure\/","url":"https:\/\/www.dogevenice.com\/fr\/torre-dellorologio-signature-residence\/appartement-superieure\/","name":"Appartement Sup\u00e9rieure - Doge Exclusive Collection -","isPartOf":{"@id":"https:\/\/www.dogevenice.com\/fr\/#website"},"datePublished":"2026-02-04T10:01:17+00:00","dateModified":"2026-03-09T15:39:09+00:00","description":"L\u2019Appartement Sup\u00e9rieur est le choix parfait pour ceux qui recherchent un s\u00e9jour plac\u00e9 sous le signe de la d\u00e9tente et de l\u2019intimit\u00e9. Pouvant accueillir jusqu\u2019\u00e0 3 personnes, il dispose d\u2019une chambre double confortable, d\u2019une salle de bain compl\u00e8te et d\u2019un s\u00e9jour accueillant avec un canap\u00e9-lit","breadcrumb":{"@id":"https:\/\/www.dogevenice.com\/fr\/torre-dellorologio-signature-residence\/appartement-superieure\/#breadcrumb"},"inLanguage":"fr-FR","potentialAction":[{"@type":"ReadAction","target":["https:\/\/www.dogevenice.com\/fr\/torre-dellorologio-signature-residence\/appartement-superieure\/"]}]},{"@type":"BreadcrumbList","@id":"https:\/\/www.dogevenice.com\/fr\/torre-dellorologio-signature-residence\/appartement-superieure\/#breadcrumb","itemListElement":[{"@type":"ListItem","position":1,"name":"Home","item":"https:\/\/www.dogevenice.com\/fr\/"},{"@type":"ListItem","position":2,"name":"Torre dell&#8217;Orologio Signature Residence","item":"https:\/\/www.dogevenice.com\/fr\/torre-dellorologio-signature-residence\/"},{"@type":"ListItem","position":3,"name":"Appartement Sup\u00e9rieure"}]},{"@type":"WebSite","@id":"https:\/\/www.dogevenice.com\/fr\/#website","url":"https:\/\/www.dogevenice.com\/fr\/","name":"The Doge Signature Collection","description":"","publisher":{"@id":"https:\/\/www.dogevenice.com\/fr\/#organization"},"potentialAction":[{"@type":"SearchAction","target":{"@type":"EntryPoint","urlTemplate":"https:\/\/www.dogevenice.com\/fr\/?s={search_term_string}"},"query-input":{"@type":"PropertyValueSpecification","valueRequired":true,"valueName":"search_term_string"}}],"inLanguage":"fr-FR"},{"@type":"Organization","@id":"https:\/\/www.dogevenice.com\/fr\/#organization","name":"The Doge Signature Collection","url":"https:\/\/www.dogevenice.com\/fr\/","logo":{"@type":"ImageObject","inLanguage":"fr-FR","@id":"https:\/\/www.dogevenice.com\/fr\/#\/schema\/logo\/image\/","url":"https:\/\/www.dogevenice.com\/wp-content\/uploads\/sites\/51\/2026\/02\/logo_the_doge_signature_collection_c.svg","contentUrl":"https:\/\/www.dogevenice.com\/wp-content\/uploads\/sites\/51\/2026\/02\/logo_the_doge_signature_collection_c.svg","width":416,"height":64,"caption":"The Doge Signature Collection"},"image":{"@id":"https:\/\/www.dogevenice.com\/fr\/#\/schema\/logo\/image\/"}}]}},"acf":[],"_links":{"self":[{"href":"https:\/\/www.dogevenice.com\/fr\/wp-json\/wp\/v2\/pages\/339","targetHints":{"allow":["GET"]}}],"collection":[{"href":"https:\/\/www.dogevenice.com\/fr\/wp-json\/wp\/v2\/pages"}],"about":[{"href":"https:\/\/www.dogevenice.com\/fr\/wp-json\/wp\/v2\/types\/page"}],"author":[{"embeddable":true,"href":"https:\/\/www.dogevenice.com\/fr\/wp-json\/wp\/v2\/users\/6"}],"replies":[{"embeddable":true,"href":"https:\/\/www.dogevenice.com\/fr\/wp-json\/wp\/v2\/comments?post=339"}],"version-history":[{"count":0,"href":"https:\/\/www.dogevenice.com\/fr\/wp-json\/wp\/v2\/pages\/339\/revisions"}],"up":[{"embeddable":true,"href":"https:\/\/www.dogevenice.com\/fr\/wp-json\/wp\/v2\/pages\/321"}],"wp:attachment":[{"href":"https:\/\/www.dogevenice.com\/fr\/wp-json\/wp\/v2\/media?parent=339"}],"curies":[{"name":"wp","href":"https:\/\/api.w.org\/{rel}","templated":true}]}}