{"id":334,"date":"2026-02-04T10:00:34","date_gmt":"2026-02-04T10:00:34","guid":{"rendered":"https:\/\/dogeexclusivecollection.ms3.decms.eu\/?page_id=334"},"modified":"2026-03-09T15:35:35","modified_gmt":"2026-03-09T15:35:35","slug":"appartement-classique","status":"publish","type":"page","link":"https:\/\/www.dogevenice.com\/fr\/torre-dellorologio-signature-residence\/appartement-classique\/","title":{"rendered":"Appartement Classique"},"content":{"rendered":"<p>Notre Appartement Classic est le choix id\u00e9al pour ceux qui recherchent un cadre intime et chaleureux \u00e0 Venise.<\/p>\n<p>Il se compose d\u2019une chambre double spacieuse, d\u2019un s\u00e9jour avec canap\u00e9-lit et d\u2019un coin cuisine enti\u00e8rement \u00e9quip\u00e9 pour pr\u00e9parer les repas en toute autonomie. L\u2019appartement dispose \u00e9galement d\u2019une salle de bain compl\u00e8te avec baignoire ou douche.<\/p>\n<p>Cet appartement est parfait aussi bien pour les couples que pour les familles avec un enfant, offrant confort et fonctionnalit\u00e9 adapt\u00e9s \u00e0 chaque besoin.<\/p>\n<p>Environ 45 m\u00b2, certains appartements avec vue sur le canal.<\/p>\n<p>Capacit\u00e9 : 2 adultes et 1 enfant.<\/p>\n","protected":false},"excerpt":{"rendered":"<p>Notre Appartement Classic est le choix id\u00e9al pour ceux qui recherchent un cadre intime et chaleureux \u00e0 Venise. Il se compose d\u2019une chambre double spacieuse, d\u2019un s\u00e9jour avec canap\u00e9-lit et d\u2019un coin cuisine enti\u00e8rement \u00e9quip\u00e9 pour pr\u00e9parer les repas en toute autonomie. L\u2019appartement dispose \u00e9galement d\u2019une salle de bain compl\u00e8te avec baignoire ou douche. Cet [&hellip;]<\/p>\n","protected":false},"author":6,"featured_media":0,"parent":321,"menu_order":10,"comment_status":"closed","ping_status":"closed","template":"template-single-room.php","meta":{"footnotes":""},"class_list":["post-334","page","type-page","status-publish","hentry"],"yoast_head":"<!-- This site is optimized with the Yoast SEO plugin v26.9 - https:\/\/yoast.com\/product\/yoast-seo-wordpress\/ -->\n<title>Appartement Classique - Doge Exclusive Collection -<\/title>\n<meta name=\"description\" content=\"Notre Appartement Classic est le choix id\u00e9al pour ceux qui recherchent un cadre intime et chaleureux \u00e0 Venise.  Il se compose d\u2019une chambre double spacieuse, d\u2019un s\u00e9jour avec canap\u00e9-lit et d\u2019un coin cuisine enti\u00e8rement \u00e9quip\u00e9 pour pr\u00e9parer les repas en toute autonomie. L\u2019appartement dispose \u00e9galement d\u2019une salle de bain compl\u00e8te avec baignoire ou douche.  Cet appartement est parfait aussi bien pour les couples que pour les familles avec un enfant, offrant confort et fonctionnalit\u00e9 adapt\u00e9s \u00e0 chaque besoin.  Environ 45 m\u00b2, certains appartements avec vue sur le canal.  Capacit\u00e9 : 2 adultes et 1 enfant.\" \/>\n<meta name=\"robots\" content=\"index, follow, max-snippet:-1, max-image-preview:large, max-video-preview:-1\" \/>\n<link rel=\"canonical\" href=\"https:\/\/www.dogevenice.com\/fr\/torre-dellorologio-signature-residence\/appartement-classique\/\" \/>\n<meta property=\"og:locale\" content=\"fr_FR\" \/>\n<meta property=\"og:type\" content=\"article\" \/>\n<meta property=\"og:title\" content=\"Appartement Classique - Doge Exclusive Collection -\" \/>\n<meta property=\"og:description\" content=\"Notre Appartement Classic est le choix id\u00e9al pour ceux qui recherchent un cadre intime et chaleureux \u00e0 Venise.  Il se compose d\u2019une chambre double spacieuse, d\u2019un s\u00e9jour avec canap\u00e9-lit et d\u2019un coin cuisine enti\u00e8rement \u00e9quip\u00e9 pour pr\u00e9parer les repas en toute autonomie. L\u2019appartement dispose \u00e9galement d\u2019une salle de bain compl\u00e8te avec baignoire ou douche.  Cet appartement est parfait aussi bien pour les couples que pour les familles avec un enfant, offrant confort et fonctionnalit\u00e9 adapt\u00e9s \u00e0 chaque besoin.  Environ 45 m\u00b2, certains appartements avec vue sur le canal.  Capacit\u00e9 : 2 adultes et 1 enfant.\" \/>\n<meta property=\"og:url\" content=\"https:\/\/www.dogevenice.com\/fr\/torre-dellorologio-signature-residence\/appartement-classique\/\" \/>\n<meta property=\"og:site_name\" content=\"Doge Exclusive Collection\" \/>\n<meta property=\"article:modified_time\" content=\"2026-03-09T15:35:35+00:00\" \/>\n<meta name=\"twitter:card\" content=\"summary_large_image\" \/>\n<meta name=\"twitter:label1\" content=\"Est. reading time\" \/>\n\t<meta name=\"twitter:data1\" content=\"1 minute\" \/>\n<script type=\"application\/ld+json\" class=\"yoast-schema-graph\">{\"@context\":\"https:\/\/schema.org\",\"@graph\":[{\"@type\":\"WebPage\",\"@id\":\"https:\/\/www.dogevenice.com\/fr\/torre-dellorologio-signature-residence\/appartement-classique\/\",\"url\":\"https:\/\/www.dogevenice.com\/fr\/torre-dellorologio-signature-residence\/appartement-classique\/\",\"name\":\"Appartement Classique - Doge Exclusive Collection -\",\"isPartOf\":{\"@id\":\"https:\/\/www.dogevenice.com\/fr\/#website\"},\"datePublished\":\"2026-02-04T10:00:34+00:00\",\"dateModified\":\"2026-03-09T15:35:35+00:00\",\"description\":\"Notre Appartement Classic est le choix id\u00e9al pour ceux qui recherchent un cadre intime et chaleureux \u00e0 Venise. Il se compose d\u2019une chambre double spacieuse, d\u2019un s\u00e9jour avec canap\u00e9-lit et d\u2019un coin cuisine enti\u00e8rement \u00e9quip\u00e9 pour pr\u00e9parer les repas en toute autonomie. L\u2019appartement dispose \u00e9galement d\u2019une salle de bain compl\u00e8te avec baignoire ou douche. Cet appartement est parfait aussi bien pour les couples que pour les familles avec un enfant, offrant confort et fonctionnalit\u00e9 adapt\u00e9s \u00e0 chaque besoin. Environ 45 m\u00b2, certains appartements avec vue sur le canal. Capacit\u00e9 : 2 adultes et 1 enfant.\",\"breadcrumb\":{\"@id\":\"https:\/\/www.dogevenice.com\/fr\/torre-dellorologio-signature-residence\/appartement-classique\/#breadcrumb\"},\"inLanguage\":\"fr-FR\",\"potentialAction\":[{\"@type\":\"ReadAction\",\"target\":[\"https:\/\/www.dogevenice.com\/fr\/torre-dellorologio-signature-residence\/appartement-classique\/\"]}]},{\"@type\":\"BreadcrumbList\",\"@id\":\"https:\/\/www.dogevenice.com\/fr\/torre-dellorologio-signature-residence\/appartement-classique\/#breadcrumb\",\"itemListElement\":[{\"@type\":\"ListItem\",\"position\":1,\"name\":\"Home\",\"item\":\"https:\/\/www.dogevenice.com\/fr\/\"},{\"@type\":\"ListItem\",\"position\":2,\"name\":\"Torre dell&#8217;Orologio Signature Residence\",\"item\":\"https:\/\/www.dogevenice.com\/fr\/torre-dellorologio-signature-residence\/\"},{\"@type\":\"ListItem\",\"position\":3,\"name\":\"Appartement Classique\"}]},{\"@type\":\"WebSite\",\"@id\":\"https:\/\/www.dogevenice.com\/fr\/#website\",\"url\":\"https:\/\/www.dogevenice.com\/fr\/\",\"name\":\"The Doge Signature Collection\",\"description\":\"\",\"publisher\":{\"@id\":\"https:\/\/www.dogevenice.com\/fr\/#organization\"},\"potentialAction\":[{\"@type\":\"SearchAction\",\"target\":{\"@type\":\"EntryPoint\",\"urlTemplate\":\"https:\/\/www.dogevenice.com\/fr\/?s={search_term_string}\"},\"query-input\":{\"@type\":\"PropertyValueSpecification\",\"valueRequired\":true,\"valueName\":\"search_term_string\"}}],\"inLanguage\":\"fr-FR\"},{\"@type\":\"Organization\",\"@id\":\"https:\/\/www.dogevenice.com\/fr\/#organization\",\"name\":\"The Doge Signature Collection\",\"url\":\"https:\/\/www.dogevenice.com\/fr\/\",\"logo\":{\"@type\":\"ImageObject\",\"inLanguage\":\"fr-FR\",\"@id\":\"https:\/\/www.dogevenice.com\/fr\/#\/schema\/logo\/image\/\",\"url\":\"https:\/\/www.dogevenice.com\/wp-content\/uploads\/sites\/51\/2026\/02\/logo_the_doge_signature_collection_c.svg\",\"contentUrl\":\"https:\/\/www.dogevenice.com\/wp-content\/uploads\/sites\/51\/2026\/02\/logo_the_doge_signature_collection_c.svg\",\"width\":416,\"height\":64,\"caption\":\"The Doge Signature Collection\"},\"image\":{\"@id\":\"https:\/\/www.dogevenice.com\/fr\/#\/schema\/logo\/image\/\"}}]}<\/script>\n<!-- \/ Yoast SEO plugin. -->","yoast_head_json":{"title":"Appartement Classique - Doge Exclusive Collection -","description":"Notre Appartement Classic est le choix id\u00e9al pour ceux qui recherchent un cadre intime et chaleureux \u00e0 Venise.  Il se compose d\u2019une chambre double spacieuse, d\u2019un s\u00e9jour avec canap\u00e9-lit et d\u2019un coin cuisine enti\u00e8rement \u00e9quip\u00e9 pour pr\u00e9parer les repas en toute autonomie. L\u2019appartement dispose \u00e9galement d\u2019une salle de bain compl\u00e8te avec baignoire ou douche.  Cet appartement est parfait aussi bien pour les couples que pour les familles avec un enfant, offrant confort et fonctionnalit\u00e9 adapt\u00e9s \u00e0 chaque besoin.  Environ 45 m\u00b2, certains appartements avec vue sur le canal.  Capacit\u00e9 : 2 adultes et 1 enfant.","robots":{"index":"index","follow":"follow","max-snippet":"max-snippet:-1","max-image-preview":"max-image-preview:large","max-video-preview":"max-video-preview:-1"},"canonical":"https:\/\/www.dogevenice.com\/fr\/torre-dellorologio-signature-residence\/appartement-classique\/","og_locale":"fr_FR","og_type":"article","og_title":"Appartement Classique - Doge Exclusive Collection -","og_description":"Notre Appartement Classic est le choix id\u00e9al pour ceux qui recherchent un cadre intime et chaleureux \u00e0 Venise.  Il se compose d\u2019une chambre double spacieuse, d\u2019un s\u00e9jour avec canap\u00e9-lit et d\u2019un coin cuisine enti\u00e8rement \u00e9quip\u00e9 pour pr\u00e9parer les repas en toute autonomie. L\u2019appartement dispose \u00e9galement d\u2019une salle de bain compl\u00e8te avec baignoire ou douche.  Cet appartement est parfait aussi bien pour les couples que pour les familles avec un enfant, offrant confort et fonctionnalit\u00e9 adapt\u00e9s \u00e0 chaque besoin.  Environ 45 m\u00b2, certains appartements avec vue sur le canal.  Capacit\u00e9 : 2 adultes et 1 enfant.","og_url":"https:\/\/www.dogevenice.com\/fr\/torre-dellorologio-signature-residence\/appartement-classique\/","og_site_name":"Doge Exclusive Collection","article_modified_time":"2026-03-09T15:35:35+00:00","twitter_card":"summary_large_image","twitter_misc":{"Est. reading time":"1 minute"},"schema":{"@context":"https:\/\/schema.org","@graph":[{"@type":"WebPage","@id":"https:\/\/www.dogevenice.com\/fr\/torre-dellorologio-signature-residence\/appartement-classique\/","url":"https:\/\/www.dogevenice.com\/fr\/torre-dellorologio-signature-residence\/appartement-classique\/","name":"Appartement Classique - Doge Exclusive Collection -","isPartOf":{"@id":"https:\/\/www.dogevenice.com\/fr\/#website"},"datePublished":"2026-02-04T10:00:34+00:00","dateModified":"2026-03-09T15:35:35+00:00","description":"Notre Appartement Classic est le choix id\u00e9al pour ceux qui recherchent un cadre intime et chaleureux \u00e0 Venise. Il se compose d\u2019une chambre double spacieuse, d\u2019un s\u00e9jour avec canap\u00e9-lit et d\u2019un coin cuisine enti\u00e8rement \u00e9quip\u00e9 pour pr\u00e9parer les repas en toute autonomie. L\u2019appartement dispose \u00e9galement d\u2019une salle de bain compl\u00e8te avec baignoire ou douche. Cet appartement est parfait aussi bien pour les couples que pour les familles avec un enfant, offrant confort et fonctionnalit\u00e9 adapt\u00e9s \u00e0 chaque besoin. Environ 45 m\u00b2, certains appartements avec vue sur le canal. Capacit\u00e9 : 2 adultes et 1 enfant.","breadcrumb":{"@id":"https:\/\/www.dogevenice.com\/fr\/torre-dellorologio-signature-residence\/appartement-classique\/#breadcrumb"},"inLanguage":"fr-FR","potentialAction":[{"@type":"ReadAction","target":["https:\/\/www.dogevenice.com\/fr\/torre-dellorologio-signature-residence\/appartement-classique\/"]}]},{"@type":"BreadcrumbList","@id":"https:\/\/www.dogevenice.com\/fr\/torre-dellorologio-signature-residence\/appartement-classique\/#breadcrumb","itemListElement":[{"@type":"ListItem","position":1,"name":"Home","item":"https:\/\/www.dogevenice.com\/fr\/"},{"@type":"ListItem","position":2,"name":"Torre dell&#8217;Orologio Signature Residence","item":"https:\/\/www.dogevenice.com\/fr\/torre-dellorologio-signature-residence\/"},{"@type":"ListItem","position":3,"name":"Appartement Classique"}]},{"@type":"WebSite","@id":"https:\/\/www.dogevenice.com\/fr\/#website","url":"https:\/\/www.dogevenice.com\/fr\/","name":"The Doge Signature Collection","description":"","publisher":{"@id":"https:\/\/www.dogevenice.com\/fr\/#organization"},"potentialAction":[{"@type":"SearchAction","target":{"@type":"EntryPoint","urlTemplate":"https:\/\/www.dogevenice.com\/fr\/?s={search_term_string}"},"query-input":{"@type":"PropertyValueSpecification","valueRequired":true,"valueName":"search_term_string"}}],"inLanguage":"fr-FR"},{"@type":"Organization","@id":"https:\/\/www.dogevenice.com\/fr\/#organization","name":"The Doge Signature Collection","url":"https:\/\/www.dogevenice.com\/fr\/","logo":{"@type":"ImageObject","inLanguage":"fr-FR","@id":"https:\/\/www.dogevenice.com\/fr\/#\/schema\/logo\/image\/","url":"https:\/\/www.dogevenice.com\/wp-content\/uploads\/sites\/51\/2026\/02\/logo_the_doge_signature_collection_c.svg","contentUrl":"https:\/\/www.dogevenice.com\/wp-content\/uploads\/sites\/51\/2026\/02\/logo_the_doge_signature_collection_c.svg","width":416,"height":64,"caption":"The Doge Signature Collection"},"image":{"@id":"https:\/\/www.dogevenice.com\/fr\/#\/schema\/logo\/image\/"}}]}},"acf":[],"_links":{"self":[{"href":"https:\/\/www.dogevenice.com\/fr\/wp-json\/wp\/v2\/pages\/334","targetHints":{"allow":["GET"]}}],"collection":[{"href":"https:\/\/www.dogevenice.com\/fr\/wp-json\/wp\/v2\/pages"}],"about":[{"href":"https:\/\/www.dogevenice.com\/fr\/wp-json\/wp\/v2\/types\/page"}],"author":[{"embeddable":true,"href":"https:\/\/www.dogevenice.com\/fr\/wp-json\/wp\/v2\/users\/6"}],"replies":[{"embeddable":true,"href":"https:\/\/www.dogevenice.com\/fr\/wp-json\/wp\/v2\/comments?post=334"}],"version-history":[{"count":0,"href":"https:\/\/www.dogevenice.com\/fr\/wp-json\/wp\/v2\/pages\/334\/revisions"}],"up":[{"embeddable":true,"href":"https:\/\/www.dogevenice.com\/fr\/wp-json\/wp\/v2\/pages\/321"}],"wp:attachment":[{"href":"https:\/\/www.dogevenice.com\/fr\/wp-json\/wp\/v2\/media?parent=334"}],"curies":[{"name":"wp","href":"https:\/\/api.w.org\/{rel}","templated":true}]}}