{"id":321,"date":"2026-01-30T08:42:51","date_gmt":"2026-01-30T08:42:51","guid":{"rendered":"https:\/\/dogeexclusivecollection.ms3.decms.eu\/?page_id=321"},"modified":"2026-03-13T15:13:18","modified_gmt":"2026-03-13T15:13:18","slug":"torre-dellorologio-signature-residence","status":"publish","type":"page","link":"https:\/\/www.dogevenice.com\/fr\/torre-dellorologio-signature-residence\/","title":{"rendered":"Torre dell&rsquo;Orologio Signature Residence"},"content":{"rendered":"<p>Le Torre dell\u2019Orologio Signature Residence propose des appartements enti\u00e8rement ind\u00e9pendants, \u00e0 quelques pas de la Place Saint-Marc, con\u00e7us pour \u00eatre v\u00e9cus comme de v\u00e9ritables maisons v\u00e9nitiennes.<\/p>\n<p>Spacieux et dot\u00e9s d\u2019un coin cuisine, ils combinent autonomie et confort avec un style v\u00e9nitien classique \u2014 parquets en bois et d\u00e9tails en verre de Murano cr\u00e9ent une atmosph\u00e8re \u00e9l\u00e9gante et intemporelle. Chaque appartement permet de vivre Venise depuis son centre le plus authentique, en choisissant son propre rythme et ses moments d\u2019immersion dans la ville.<\/p>\n<p>Pour compl\u00e9ter l\u2019exp\u00e9rience, la r\u00e9sidence propose un service de conciergerie d\u00e9di\u00e9 : un soutien pratique et fiable permettant une totale ind\u00e9pendance sans jamais compromettre la s\u00e9curit\u00e9 ou l\u2019attention aux d\u00e9tails.<\/p>\n<p>Cette collection d\u2019appartements allie charme historique et commodit\u00e9 contemporaine, id\u00e9ale pour les couples, les familles ou les s\u00e9jours prolong\u00e9s, o\u00f9 chaque d\u00e9tail refl\u00e8te l\u2019essence de Venise.<\/p>\n","protected":false},"excerpt":{"rendered":"<p>Le Torre dell\u2019Orologio Signature Residence propose des appartements enti\u00e8rement ind\u00e9pendants, \u00e0 quelques pas de la Place Saint-Marc, con\u00e7us pour \u00eatre v\u00e9cus comme de v\u00e9ritables maisons v\u00e9nitiennes. Spacieux et dot\u00e9s d\u2019un coin cuisine, ils combinent autonomie et confort avec un style v\u00e9nitien classique \u2014 parquets en bois et d\u00e9tails en verre de Murano cr\u00e9ent une atmosph\u00e8re [&hellip;]<\/p>\n","protected":false},"author":6,"featured_media":0,"parent":0,"menu_order":50,"comment_status":"closed","ping_status":"closed","template":"template-torre-orologio.php","meta":{"footnotes":""},"class_list":["post-321","page","type-page","status-publish","hentry"],"yoast_head":"<!-- This site is optimized with the Yoast SEO plugin v26.9 - https:\/\/yoast.com\/product\/yoast-seo-wordpress\/ -->\n<title>Torre dell&#039;Orologio Signature Residence - Doge Exclusive Collection -<\/title>\n<meta name=\"description\" content=\"Le Torre dell\u2019Orologio Signature Residence propose des appartements enti\u00e8rement ind\u00e9pendants, \u00e0 quelques pas de la Place Saint-Marc, con\u00e7us pour \u00eatre v\u00e9cus comme de v\u00e9ritables maisons v\u00e9nitiennes.  Spacieux et dot\u00e9s d\u2019un coin cuisine, ils combinent autonomie et confort avec un style v\u00e9nitien classique \u2014 parquets en bois et d\u00e9tails en verre de Murano cr\u00e9ent une atmosph\u00e8re \u00e9l\u00e9gante et intemporelle. Chaque appartement permet de vivre Venise depuis son centre le plus authentique, en choisissant son propre rythme et ses moments d\u2019immersion dans la ville.  Pour compl\u00e9ter l\u2019exp\u00e9rience, la r\u00e9sidence propose un service de conciergerie d\u00e9di\u00e9 : un soutien pratique et fiable permettant une totale ind\u00e9pendance sans jamais compromettre la s\u00e9curit\u00e9 ou l\u2019attention aux d\u00e9tails.  Cette collection d\u2019appartements allie charme historique et commodit\u00e9 contemporaine, id\u00e9ale pour les couples, les familles ou les s\u00e9jours prolong\u00e9s, o\u00f9 chaque d\u00e9tail refl\u00e8te l\u2019essence de Venise.\" \/>\n<meta name=\"robots\" content=\"index, follow, max-snippet:-1, max-image-preview:large, max-video-preview:-1\" \/>\n<link rel=\"canonical\" href=\"https:\/\/www.dogevenice.com\/fr\/torre-dellorologio-signature-residence\/\" \/>\n<meta property=\"og:locale\" content=\"fr_FR\" \/>\n<meta property=\"og:type\" content=\"article\" \/>\n<meta property=\"og:title\" content=\"Torre dell&#039;Orologio Signature Residence - Doge Exclusive Collection -\" \/>\n<meta property=\"og:description\" content=\"Le Torre dell\u2019Orologio Signature Residence propose des appartements enti\u00e8rement ind\u00e9pendants, \u00e0 quelques pas de la Place Saint-Marc, con\u00e7us pour \u00eatre v\u00e9cus comme de v\u00e9ritables maisons v\u00e9nitiennes.  Spacieux et dot\u00e9s d\u2019un coin cuisine, ils combinent autonomie et confort avec un style v\u00e9nitien classique \u2014 parquets en bois et d\u00e9tails en verre de Murano cr\u00e9ent une atmosph\u00e8re \u00e9l\u00e9gante et intemporelle. Chaque appartement permet de vivre Venise depuis son centre le plus authentique, en choisissant son propre rythme et ses moments d\u2019immersion dans la ville.  Pour compl\u00e9ter l\u2019exp\u00e9rience, la r\u00e9sidence propose un service de conciergerie d\u00e9di\u00e9 : un soutien pratique et fiable permettant une totale ind\u00e9pendance sans jamais compromettre la s\u00e9curit\u00e9 ou l\u2019attention aux d\u00e9tails.  Cette collection d\u2019appartements allie charme historique et commodit\u00e9 contemporaine, id\u00e9ale pour les couples, les familles ou les s\u00e9jours prolong\u00e9s, o\u00f9 chaque d\u00e9tail refl\u00e8te l\u2019essence de Venise.\" \/>\n<meta property=\"og:url\" content=\"https:\/\/www.dogevenice.com\/fr\/torre-dellorologio-signature-residence\/\" \/>\n<meta property=\"og:site_name\" content=\"Doge Exclusive Collection\" \/>\n<meta property=\"article:modified_time\" content=\"2026-03-13T15:13:18+00:00\" \/>\n<meta name=\"twitter:card\" content=\"summary_large_image\" \/>\n<meta name=\"twitter:label1\" content=\"Est. reading time\" \/>\n\t<meta name=\"twitter:data1\" content=\"1 minute\" \/>\n<script type=\"application\/ld+json\" class=\"yoast-schema-graph\">{\"@context\":\"https:\/\/schema.org\",\"@graph\":[{\"@type\":\"WebPage\",\"@id\":\"https:\/\/www.dogevenice.com\/fr\/torre-dellorologio-signature-residence\/\",\"url\":\"https:\/\/www.dogevenice.com\/fr\/torre-dellorologio-signature-residence\/\",\"name\":\"Torre dell'Orologio Signature Residence - Doge Exclusive Collection -\",\"isPartOf\":{\"@id\":\"https:\/\/www.dogevenice.com\/fr\/#website\"},\"datePublished\":\"2026-01-30T08:42:51+00:00\",\"dateModified\":\"2026-03-13T15:13:18+00:00\",\"description\":\"Le Torre dell\u2019Orologio Signature Residence propose des appartements enti\u00e8rement ind\u00e9pendants, \u00e0 quelques pas de la Place Saint-Marc, con\u00e7us pour \u00eatre v\u00e9cus comme de v\u00e9ritables maisons v\u00e9nitiennes. Spacieux et dot\u00e9s d\u2019un coin cuisine, ils combinent autonomie et confort avec un style v\u00e9nitien classique \u2014 parquets en bois et d\u00e9tails en verre de Murano cr\u00e9ent une atmosph\u00e8re \u00e9l\u00e9gante et intemporelle. Chaque appartement permet de vivre Venise depuis son centre le plus authentique, en choisissant son propre rythme et ses moments d\u2019immersion dans la ville. Pour compl\u00e9ter l\u2019exp\u00e9rience, la r\u00e9sidence propose un service de conciergerie d\u00e9di\u00e9 : un soutien pratique et fiable permettant une totale ind\u00e9pendance sans jamais compromettre la s\u00e9curit\u00e9 ou l\u2019attention aux d\u00e9tails. Cette collection d\u2019appartements allie charme historique et commodit\u00e9 contemporaine, id\u00e9ale pour les couples, les familles ou les s\u00e9jours prolong\u00e9s, o\u00f9 chaque d\u00e9tail refl\u00e8te l\u2019essence de Venise.\",\"breadcrumb\":{\"@id\":\"https:\/\/www.dogevenice.com\/fr\/torre-dellorologio-signature-residence\/#breadcrumb\"},\"inLanguage\":\"fr-FR\",\"potentialAction\":[{\"@type\":\"ReadAction\",\"target\":[\"https:\/\/www.dogevenice.com\/fr\/torre-dellorologio-signature-residence\/\"]}]},{\"@type\":\"BreadcrumbList\",\"@id\":\"https:\/\/www.dogevenice.com\/fr\/torre-dellorologio-signature-residence\/#breadcrumb\",\"itemListElement\":[{\"@type\":\"ListItem\",\"position\":1,\"name\":\"Home\",\"item\":\"https:\/\/www.dogevenice.com\/fr\/\"},{\"@type\":\"ListItem\",\"position\":2,\"name\":\"Torre dell&#8217;Orologio Signature Residence\"}]},{\"@type\":\"WebSite\",\"@id\":\"https:\/\/www.dogevenice.com\/fr\/#website\",\"url\":\"https:\/\/www.dogevenice.com\/fr\/\",\"name\":\"The Doge Signature Collection\",\"description\":\"\",\"publisher\":{\"@id\":\"https:\/\/www.dogevenice.com\/fr\/#organization\"},\"potentialAction\":[{\"@type\":\"SearchAction\",\"target\":{\"@type\":\"EntryPoint\",\"urlTemplate\":\"https:\/\/www.dogevenice.com\/fr\/?s={search_term_string}\"},\"query-input\":{\"@type\":\"PropertyValueSpecification\",\"valueRequired\":true,\"valueName\":\"search_term_string\"}}],\"inLanguage\":\"fr-FR\"},{\"@type\":\"Organization\",\"@id\":\"https:\/\/www.dogevenice.com\/fr\/#organization\",\"name\":\"The Doge Signature Collection\",\"url\":\"https:\/\/www.dogevenice.com\/fr\/\",\"logo\":{\"@type\":\"ImageObject\",\"inLanguage\":\"fr-FR\",\"@id\":\"https:\/\/www.dogevenice.com\/fr\/#\/schema\/logo\/image\/\",\"url\":\"https:\/\/www.dogevenice.com\/wp-content\/uploads\/sites\/51\/2026\/02\/logo_the_doge_signature_collection_c.svg\",\"contentUrl\":\"https:\/\/www.dogevenice.com\/wp-content\/uploads\/sites\/51\/2026\/02\/logo_the_doge_signature_collection_c.svg\",\"width\":416,\"height\":64,\"caption\":\"The Doge Signature Collection\"},\"image\":{\"@id\":\"https:\/\/www.dogevenice.com\/fr\/#\/schema\/logo\/image\/\"}}]}<\/script>\n<!-- \/ Yoast SEO plugin. -->","yoast_head_json":{"title":"Torre dell'Orologio Signature Residence - Doge Exclusive Collection -","description":"Le Torre dell\u2019Orologio Signature Residence propose des appartements enti\u00e8rement ind\u00e9pendants, \u00e0 quelques pas de la Place Saint-Marc, con\u00e7us pour \u00eatre v\u00e9cus comme de v\u00e9ritables maisons v\u00e9nitiennes.  Spacieux et dot\u00e9s d\u2019un coin cuisine, ils combinent autonomie et confort avec un style v\u00e9nitien classique \u2014 parquets en bois et d\u00e9tails en verre de Murano cr\u00e9ent une atmosph\u00e8re \u00e9l\u00e9gante et intemporelle. Chaque appartement permet de vivre Venise depuis son centre le plus authentique, en choisissant son propre rythme et ses moments d\u2019immersion dans la ville.  Pour compl\u00e9ter l\u2019exp\u00e9rience, la r\u00e9sidence propose un service de conciergerie d\u00e9di\u00e9 : un soutien pratique et fiable permettant une totale ind\u00e9pendance sans jamais compromettre la s\u00e9curit\u00e9 ou l\u2019attention aux d\u00e9tails.  Cette collection d\u2019appartements allie charme historique et commodit\u00e9 contemporaine, id\u00e9ale pour les couples, les familles ou les s\u00e9jours prolong\u00e9s, o\u00f9 chaque d\u00e9tail refl\u00e8te l\u2019essence de Venise.","robots":{"index":"index","follow":"follow","max-snippet":"max-snippet:-1","max-image-preview":"max-image-preview:large","max-video-preview":"max-video-preview:-1"},"canonical":"https:\/\/www.dogevenice.com\/fr\/torre-dellorologio-signature-residence\/","og_locale":"fr_FR","og_type":"article","og_title":"Torre dell'Orologio Signature Residence - Doge Exclusive Collection -","og_description":"Le Torre dell\u2019Orologio Signature Residence propose des appartements enti\u00e8rement ind\u00e9pendants, \u00e0 quelques pas de la Place Saint-Marc, con\u00e7us pour \u00eatre v\u00e9cus comme de v\u00e9ritables maisons v\u00e9nitiennes.  Spacieux et dot\u00e9s d\u2019un coin cuisine, ils combinent autonomie et confort avec un style v\u00e9nitien classique \u2014 parquets en bois et d\u00e9tails en verre de Murano cr\u00e9ent une atmosph\u00e8re \u00e9l\u00e9gante et intemporelle. Chaque appartement permet de vivre Venise depuis son centre le plus authentique, en choisissant son propre rythme et ses moments d\u2019immersion dans la ville.  Pour compl\u00e9ter l\u2019exp\u00e9rience, la r\u00e9sidence propose un service de conciergerie d\u00e9di\u00e9 : un soutien pratique et fiable permettant une totale ind\u00e9pendance sans jamais compromettre la s\u00e9curit\u00e9 ou l\u2019attention aux d\u00e9tails.  Cette collection d\u2019appartements allie charme historique et commodit\u00e9 contemporaine, id\u00e9ale pour les couples, les familles ou les s\u00e9jours prolong\u00e9s, o\u00f9 chaque d\u00e9tail refl\u00e8te l\u2019essence de Venise.","og_url":"https:\/\/www.dogevenice.com\/fr\/torre-dellorologio-signature-residence\/","og_site_name":"Doge Exclusive Collection","article_modified_time":"2026-03-13T15:13:18+00:00","twitter_card":"summary_large_image","twitter_misc":{"Est. reading time":"1 minute"},"schema":{"@context":"https:\/\/schema.org","@graph":[{"@type":"WebPage","@id":"https:\/\/www.dogevenice.com\/fr\/torre-dellorologio-signature-residence\/","url":"https:\/\/www.dogevenice.com\/fr\/torre-dellorologio-signature-residence\/","name":"Torre dell'Orologio Signature Residence - Doge Exclusive Collection -","isPartOf":{"@id":"https:\/\/www.dogevenice.com\/fr\/#website"},"datePublished":"2026-01-30T08:42:51+00:00","dateModified":"2026-03-13T15:13:18+00:00","description":"Le Torre dell\u2019Orologio Signature Residence propose des appartements enti\u00e8rement ind\u00e9pendants, \u00e0 quelques pas de la Place Saint-Marc, con\u00e7us pour \u00eatre v\u00e9cus comme de v\u00e9ritables maisons v\u00e9nitiennes. Spacieux et dot\u00e9s d\u2019un coin cuisine, ils combinent autonomie et confort avec un style v\u00e9nitien classique \u2014 parquets en bois et d\u00e9tails en verre de Murano cr\u00e9ent une atmosph\u00e8re \u00e9l\u00e9gante et intemporelle. Chaque appartement permet de vivre Venise depuis son centre le plus authentique, en choisissant son propre rythme et ses moments d\u2019immersion dans la ville. Pour compl\u00e9ter l\u2019exp\u00e9rience, la r\u00e9sidence propose un service de conciergerie d\u00e9di\u00e9 : un soutien pratique et fiable permettant une totale ind\u00e9pendance sans jamais compromettre la s\u00e9curit\u00e9 ou l\u2019attention aux d\u00e9tails. Cette collection d\u2019appartements allie charme historique et commodit\u00e9 contemporaine, id\u00e9ale pour les couples, les familles ou les s\u00e9jours prolong\u00e9s, o\u00f9 chaque d\u00e9tail refl\u00e8te l\u2019essence de Venise.","breadcrumb":{"@id":"https:\/\/www.dogevenice.com\/fr\/torre-dellorologio-signature-residence\/#breadcrumb"},"inLanguage":"fr-FR","potentialAction":[{"@type":"ReadAction","target":["https:\/\/www.dogevenice.com\/fr\/torre-dellorologio-signature-residence\/"]}]},{"@type":"BreadcrumbList","@id":"https:\/\/www.dogevenice.com\/fr\/torre-dellorologio-signature-residence\/#breadcrumb","itemListElement":[{"@type":"ListItem","position":1,"name":"Home","item":"https:\/\/www.dogevenice.com\/fr\/"},{"@type":"ListItem","position":2,"name":"Torre dell&#8217;Orologio Signature Residence"}]},{"@type":"WebSite","@id":"https:\/\/www.dogevenice.com\/fr\/#website","url":"https:\/\/www.dogevenice.com\/fr\/","name":"The Doge Signature Collection","description":"","publisher":{"@id":"https:\/\/www.dogevenice.com\/fr\/#organization"},"potentialAction":[{"@type":"SearchAction","target":{"@type":"EntryPoint","urlTemplate":"https:\/\/www.dogevenice.com\/fr\/?s={search_term_string}"},"query-input":{"@type":"PropertyValueSpecification","valueRequired":true,"valueName":"search_term_string"}}],"inLanguage":"fr-FR"},{"@type":"Organization","@id":"https:\/\/www.dogevenice.com\/fr\/#organization","name":"The Doge Signature Collection","url":"https:\/\/www.dogevenice.com\/fr\/","logo":{"@type":"ImageObject","inLanguage":"fr-FR","@id":"https:\/\/www.dogevenice.com\/fr\/#\/schema\/logo\/image\/","url":"https:\/\/www.dogevenice.com\/wp-content\/uploads\/sites\/51\/2026\/02\/logo_the_doge_signature_collection_c.svg","contentUrl":"https:\/\/www.dogevenice.com\/wp-content\/uploads\/sites\/51\/2026\/02\/logo_the_doge_signature_collection_c.svg","width":416,"height":64,"caption":"The Doge Signature Collection"},"image":{"@id":"https:\/\/www.dogevenice.com\/fr\/#\/schema\/logo\/image\/"}}]}},"acf":[],"_links":{"self":[{"href":"https:\/\/www.dogevenice.com\/fr\/wp-json\/wp\/v2\/pages\/321","targetHints":{"allow":["GET"]}}],"collection":[{"href":"https:\/\/www.dogevenice.com\/fr\/wp-json\/wp\/v2\/pages"}],"about":[{"href":"https:\/\/www.dogevenice.com\/fr\/wp-json\/wp\/v2\/types\/page"}],"author":[{"embeddable":true,"href":"https:\/\/www.dogevenice.com\/fr\/wp-json\/wp\/v2\/users\/6"}],"replies":[{"embeddable":true,"href":"https:\/\/www.dogevenice.com\/fr\/wp-json\/wp\/v2\/comments?post=321"}],"version-history":[{"count":0,"href":"https:\/\/www.dogevenice.com\/fr\/wp-json\/wp\/v2\/pages\/321\/revisions"}],"wp:attachment":[{"href":"https:\/\/www.dogevenice.com\/fr\/wp-json\/wp\/v2\/media?parent=321"}],"curies":[{"name":"wp","href":"https:\/\/api.w.org\/{rel}","templated":true}]}}