{"id":311,"date":"2026-02-04T10:05:08","date_gmt":"2026-02-04T10:05:08","guid":{"rendered":"https:\/\/dogeexclusivecollection.ms3.decms.eu\/?page_id=311"},"modified":"2026-03-06T11:43:53","modified_gmt":"2026-03-06T11:43:53","slug":"suite-deluxe-avec-terrasse-vue-sur-la-place-saint-marc","status":"publish","type":"page","link":"https:\/\/www.dogevenice.com\/fr\/canaletto-luxury-suites\/suite-deluxe-avec-terrasse-vue-sur-la-place-saint-marc\/","title":{"rendered":"Suite Deluxe avec Terrasse Vue sur la Place Saint-Marc"},"content":{"rendered":"<p>Demeure exclusive et spacieuse poss\u00e9dant une terrasse \u00e9quip\u00e9e de transats et donnant sur Saint-Marc. La vue superbe s&rsquo;\u00e9tend jusqu&rsquo;\u00e0 la Lagune. Chambre double, salle \u00e0 manger, Jacuzzi, chromoth\u00e9rapie et petite cuisine.<\/p>\n","protected":false},"excerpt":{"rendered":"<p>Demeure exclusive et spacieuse poss\u00e9dant une terrasse \u00e9quip\u00e9e de transats et donnant sur Saint-Marc. La vue superbe s&rsquo;\u00e9tend jusqu&rsquo;\u00e0 la Lagune. Chambre double, salle \u00e0 manger, Jacuzzi, chromoth\u00e9rapie et petite cuisine.<\/p>\n","protected":false},"author":6,"featured_media":0,"parent":300,"menu_order":20,"comment_status":"closed","ping_status":"closed","template":"template-single-room.php","meta":{"footnotes":""},"class_list":["post-311","page","type-page","status-publish","hentry"],"yoast_head":"<!-- This site is optimized with the Yoast SEO plugin v26.9 - https:\/\/yoast.com\/product\/yoast-seo-wordpress\/ -->\n<title>Suite Deluxe avec Terrasse Vue sur la Place Saint-Marc - Doge Exclusive Collection -<\/title>\n<meta name=\"description\" content=\"Demeure exclusive et spacieuse poss\u00e9dant une terrasse \u00e9quip\u00e9e de transats et donnant sur Saint-Marc. La vue superbe s&#039;\u00e9tend jusqu&#039;\u00e0 la Lagune\" \/>\n<meta name=\"robots\" content=\"index, follow, max-snippet:-1, max-image-preview:large, max-video-preview:-1\" \/>\n<link rel=\"canonical\" href=\"https:\/\/www.dogevenice.com\/fr\/canaletto-luxury-suites\/suite-deluxe-avec-terrasse-vue-sur-la-place-saint-marc\/\" \/>\n<meta property=\"og:locale\" content=\"fr_FR\" \/>\n<meta property=\"og:type\" content=\"article\" \/>\n<meta property=\"og:title\" content=\"Suite Deluxe avec Terrasse Vue sur la Place Saint-Marc - Doge Exclusive Collection -\" \/>\n<meta property=\"og:description\" content=\"Demeure exclusive et spacieuse poss\u00e9dant une terrasse \u00e9quip\u00e9e de transats et donnant sur Saint-Marc. La vue superbe s&#039;\u00e9tend jusqu&#039;\u00e0 la Lagune\" \/>\n<meta property=\"og:url\" content=\"https:\/\/www.dogevenice.com\/fr\/canaletto-luxury-suites\/suite-deluxe-avec-terrasse-vue-sur-la-place-saint-marc\/\" \/>\n<meta property=\"og:site_name\" content=\"Doge Exclusive Collection\" \/>\n<meta property=\"article:modified_time\" content=\"2026-03-06T11:43:53+00:00\" \/>\n<meta name=\"twitter:card\" content=\"summary_large_image\" \/>\n<meta name=\"twitter:label1\" content=\"Est. reading time\" \/>\n\t<meta name=\"twitter:data1\" content=\"1 minute\" \/>\n<script type=\"application\/ld+json\" class=\"yoast-schema-graph\">{\"@context\":\"https:\/\/schema.org\",\"@graph\":[{\"@type\":\"WebPage\",\"@id\":\"https:\/\/www.dogevenice.com\/fr\/canaletto-luxury-suites\/suite-deluxe-avec-terrasse-vue-sur-la-place-saint-marc\/\",\"url\":\"https:\/\/www.dogevenice.com\/fr\/canaletto-luxury-suites\/suite-deluxe-avec-terrasse-vue-sur-la-place-saint-marc\/\",\"name\":\"Suite Deluxe avec Terrasse Vue sur la Place Saint-Marc - Doge Exclusive Collection -\",\"isPartOf\":{\"@id\":\"https:\/\/www.dogevenice.com\/fr\/#website\"},\"datePublished\":\"2026-02-04T10:05:08+00:00\",\"dateModified\":\"2026-03-06T11:43:53+00:00\",\"description\":\"Demeure exclusive et spacieuse poss\u00e9dant une terrasse \u00e9quip\u00e9e de transats et donnant sur Saint-Marc. La vue superbe s'\u00e9tend jusqu'\u00e0 la Lagune\",\"breadcrumb\":{\"@id\":\"https:\/\/www.dogevenice.com\/fr\/canaletto-luxury-suites\/suite-deluxe-avec-terrasse-vue-sur-la-place-saint-marc\/#breadcrumb\"},\"inLanguage\":\"fr-FR\",\"potentialAction\":[{\"@type\":\"ReadAction\",\"target\":[\"https:\/\/www.dogevenice.com\/fr\/canaletto-luxury-suites\/suite-deluxe-avec-terrasse-vue-sur-la-place-saint-marc\/\"]}]},{\"@type\":\"BreadcrumbList\",\"@id\":\"https:\/\/www.dogevenice.com\/fr\/canaletto-luxury-suites\/suite-deluxe-avec-terrasse-vue-sur-la-place-saint-marc\/#breadcrumb\",\"itemListElement\":[{\"@type\":\"ListItem\",\"position\":1,\"name\":\"Home\",\"item\":\"https:\/\/www.dogevenice.com\/fr\/\"},{\"@type\":\"ListItem\",\"position\":2,\"name\":\"Canaletto Luxury Suites\",\"item\":\"https:\/\/www.dogevenice.com\/fr\/canaletto-luxury-suites\/\"},{\"@type\":\"ListItem\",\"position\":3,\"name\":\"Suite Deluxe avec Terrasse Vue sur la Place Saint-Marc\"}]},{\"@type\":\"WebSite\",\"@id\":\"https:\/\/www.dogevenice.com\/fr\/#website\",\"url\":\"https:\/\/www.dogevenice.com\/fr\/\",\"name\":\"The Doge Signature Collection\",\"description\":\"\",\"publisher\":{\"@id\":\"https:\/\/www.dogevenice.com\/fr\/#organization\"},\"potentialAction\":[{\"@type\":\"SearchAction\",\"target\":{\"@type\":\"EntryPoint\",\"urlTemplate\":\"https:\/\/www.dogevenice.com\/fr\/?s={search_term_string}\"},\"query-input\":{\"@type\":\"PropertyValueSpecification\",\"valueRequired\":true,\"valueName\":\"search_term_string\"}}],\"inLanguage\":\"fr-FR\"},{\"@type\":\"Organization\",\"@id\":\"https:\/\/www.dogevenice.com\/fr\/#organization\",\"name\":\"The Doge Signature Collection\",\"url\":\"https:\/\/www.dogevenice.com\/fr\/\",\"logo\":{\"@type\":\"ImageObject\",\"inLanguage\":\"fr-FR\",\"@id\":\"https:\/\/www.dogevenice.com\/fr\/#\/schema\/logo\/image\/\",\"url\":\"https:\/\/www.dogevenice.com\/wp-content\/uploads\/sites\/51\/2026\/02\/logo_the_doge_signature_collection_c.svg\",\"contentUrl\":\"https:\/\/www.dogevenice.com\/wp-content\/uploads\/sites\/51\/2026\/02\/logo_the_doge_signature_collection_c.svg\",\"width\":416,\"height\":64,\"caption\":\"The Doge Signature Collection\"},\"image\":{\"@id\":\"https:\/\/www.dogevenice.com\/fr\/#\/schema\/logo\/image\/\"}}]}<\/script>\n<!-- \/ Yoast SEO plugin. -->","yoast_head_json":{"title":"Suite Deluxe avec Terrasse Vue sur la Place Saint-Marc - Doge Exclusive Collection -","description":"Demeure exclusive et spacieuse poss\u00e9dant une terrasse \u00e9quip\u00e9e de transats et donnant sur Saint-Marc. La vue superbe s'\u00e9tend jusqu'\u00e0 la Lagune","robots":{"index":"index","follow":"follow","max-snippet":"max-snippet:-1","max-image-preview":"max-image-preview:large","max-video-preview":"max-video-preview:-1"},"canonical":"https:\/\/www.dogevenice.com\/fr\/canaletto-luxury-suites\/suite-deluxe-avec-terrasse-vue-sur-la-place-saint-marc\/","og_locale":"fr_FR","og_type":"article","og_title":"Suite Deluxe avec Terrasse Vue sur la Place Saint-Marc - Doge Exclusive Collection -","og_description":"Demeure exclusive et spacieuse poss\u00e9dant une terrasse \u00e9quip\u00e9e de transats et donnant sur Saint-Marc. La vue superbe s'\u00e9tend jusqu'\u00e0 la Lagune","og_url":"https:\/\/www.dogevenice.com\/fr\/canaletto-luxury-suites\/suite-deluxe-avec-terrasse-vue-sur-la-place-saint-marc\/","og_site_name":"Doge Exclusive Collection","article_modified_time":"2026-03-06T11:43:53+00:00","twitter_card":"summary_large_image","twitter_misc":{"Est. reading time":"1 minute"},"schema":{"@context":"https:\/\/schema.org","@graph":[{"@type":"WebPage","@id":"https:\/\/www.dogevenice.com\/fr\/canaletto-luxury-suites\/suite-deluxe-avec-terrasse-vue-sur-la-place-saint-marc\/","url":"https:\/\/www.dogevenice.com\/fr\/canaletto-luxury-suites\/suite-deluxe-avec-terrasse-vue-sur-la-place-saint-marc\/","name":"Suite Deluxe avec Terrasse Vue sur la Place Saint-Marc - Doge Exclusive Collection -","isPartOf":{"@id":"https:\/\/www.dogevenice.com\/fr\/#website"},"datePublished":"2026-02-04T10:05:08+00:00","dateModified":"2026-03-06T11:43:53+00:00","description":"Demeure exclusive et spacieuse poss\u00e9dant une terrasse \u00e9quip\u00e9e de transats et donnant sur Saint-Marc. La vue superbe s'\u00e9tend jusqu'\u00e0 la Lagune","breadcrumb":{"@id":"https:\/\/www.dogevenice.com\/fr\/canaletto-luxury-suites\/suite-deluxe-avec-terrasse-vue-sur-la-place-saint-marc\/#breadcrumb"},"inLanguage":"fr-FR","potentialAction":[{"@type":"ReadAction","target":["https:\/\/www.dogevenice.com\/fr\/canaletto-luxury-suites\/suite-deluxe-avec-terrasse-vue-sur-la-place-saint-marc\/"]}]},{"@type":"BreadcrumbList","@id":"https:\/\/www.dogevenice.com\/fr\/canaletto-luxury-suites\/suite-deluxe-avec-terrasse-vue-sur-la-place-saint-marc\/#breadcrumb","itemListElement":[{"@type":"ListItem","position":1,"name":"Home","item":"https:\/\/www.dogevenice.com\/fr\/"},{"@type":"ListItem","position":2,"name":"Canaletto Luxury Suites","item":"https:\/\/www.dogevenice.com\/fr\/canaletto-luxury-suites\/"},{"@type":"ListItem","position":3,"name":"Suite Deluxe avec Terrasse Vue sur la Place Saint-Marc"}]},{"@type":"WebSite","@id":"https:\/\/www.dogevenice.com\/fr\/#website","url":"https:\/\/www.dogevenice.com\/fr\/","name":"The Doge Signature Collection","description":"","publisher":{"@id":"https:\/\/www.dogevenice.com\/fr\/#organization"},"potentialAction":[{"@type":"SearchAction","target":{"@type":"EntryPoint","urlTemplate":"https:\/\/www.dogevenice.com\/fr\/?s={search_term_string}"},"query-input":{"@type":"PropertyValueSpecification","valueRequired":true,"valueName":"search_term_string"}}],"inLanguage":"fr-FR"},{"@type":"Organization","@id":"https:\/\/www.dogevenice.com\/fr\/#organization","name":"The Doge Signature Collection","url":"https:\/\/www.dogevenice.com\/fr\/","logo":{"@type":"ImageObject","inLanguage":"fr-FR","@id":"https:\/\/www.dogevenice.com\/fr\/#\/schema\/logo\/image\/","url":"https:\/\/www.dogevenice.com\/wp-content\/uploads\/sites\/51\/2026\/02\/logo_the_doge_signature_collection_c.svg","contentUrl":"https:\/\/www.dogevenice.com\/wp-content\/uploads\/sites\/51\/2026\/02\/logo_the_doge_signature_collection_c.svg","width":416,"height":64,"caption":"The Doge Signature Collection"},"image":{"@id":"https:\/\/www.dogevenice.com\/fr\/#\/schema\/logo\/image\/"}}]}},"acf":[],"_links":{"self":[{"href":"https:\/\/www.dogevenice.com\/fr\/wp-json\/wp\/v2\/pages\/311","targetHints":{"allow":["GET"]}}],"collection":[{"href":"https:\/\/www.dogevenice.com\/fr\/wp-json\/wp\/v2\/pages"}],"about":[{"href":"https:\/\/www.dogevenice.com\/fr\/wp-json\/wp\/v2\/types\/page"}],"author":[{"embeddable":true,"href":"https:\/\/www.dogevenice.com\/fr\/wp-json\/wp\/v2\/users\/6"}],"replies":[{"embeddable":true,"href":"https:\/\/www.dogevenice.com\/fr\/wp-json\/wp\/v2\/comments?post=311"}],"version-history":[{"count":0,"href":"https:\/\/www.dogevenice.com\/fr\/wp-json\/wp\/v2\/pages\/311\/revisions"}],"up":[{"embeddable":true,"href":"https:\/\/www.dogevenice.com\/fr\/wp-json\/wp\/v2\/pages\/300"}],"wp:attachment":[{"href":"https:\/\/www.dogevenice.com\/fr\/wp-json\/wp\/v2\/media?parent=311"}],"curies":[{"name":"wp","href":"https:\/\/api.w.org\/{rel}","templated":true}]}}