{"id":305,"date":"2026-02-04T10:04:45","date_gmt":"2026-02-04T10:04:45","guid":{"rendered":"https:\/\/dogeexclusivecollection.ms3.decms.eu\/?page_id=305"},"modified":"2026-03-06T08:51:39","modified_gmt":"2026-03-06T08:51:39","slug":"suite-deluxe-vue-sur-la-place-saint-marc","status":"publish","type":"page","link":"https:\/\/www.dogevenice.com\/fr\/canaletto-luxury-suites\/suite-deluxe-vue-sur-la-place-saint-marc\/","title":{"rendered":"Suite Deluxe avec Vue sur la Place Saint-Marc"},"content":{"rendered":"<p>Ce nid d&rsquo;amour intime et romantique poss\u00e8de un style et d\u00e9gage une passion qui cr\u00e9ent une atmosph\u00e8re suggestive pour des vacances inoubliables \u00e0 Venise.<\/p>\n<p>Chambre double, s\u00e9jour avec vue sur la Basilique Saint-Marc et sauna avec chromoth\u00e9rapie.<\/p>\n","protected":false},"excerpt":{"rendered":"<p>Ce nid d&rsquo;amour intime et romantique poss\u00e8de un style et d\u00e9gage une passion qui cr\u00e9ent une atmosph\u00e8re suggestive pour des vacances inoubliables \u00e0 Venise. Chambre double, s\u00e9jour avec vue sur la Basilique Saint-Marc et sauna avec chromoth\u00e9rapie.<\/p>\n","protected":false},"author":6,"featured_media":0,"parent":300,"menu_order":10,"comment_status":"closed","ping_status":"closed","template":"template-single-room.php","meta":{"footnotes":""},"class_list":["post-305","page","type-page","status-publish","hentry"],"yoast_head":"<!-- This site is optimized with the Yoast SEO plugin v26.9 - https:\/\/yoast.com\/product\/yoast-seo-wordpress\/ -->\n<title>Suite Deluxe avec Vue sur la Place Saint-Marc - Doge Exclusive Collection -<\/title>\n<meta name=\"description\" content=\"Ce nid d&#039;amour intime et romantique poss\u00e8de un style et d\u00e9gage une passion qui cr\u00e9ent une atmosph\u00e8re suggestive pour des vacances inoubliables \u00e0 Venise.  Chambre double, s\u00e9jour avec vue sur la Basilique Saint-Marc et sauna avec chromoth\u00e9rapie..\" \/>\n<meta name=\"robots\" content=\"index, follow, max-snippet:-1, max-image-preview:large, max-video-preview:-1\" \/>\n<link rel=\"canonical\" href=\"https:\/\/www.dogevenice.com\/fr\/canaletto-luxury-suites\/suite-deluxe-vue-sur-la-place-saint-marc\/\" \/>\n<meta property=\"og:locale\" content=\"fr_FR\" \/>\n<meta property=\"og:type\" content=\"article\" \/>\n<meta property=\"og:title\" content=\"Suite Deluxe avec Vue sur la Place Saint-Marc - Doge Exclusive Collection -\" \/>\n<meta property=\"og:description\" content=\"Ce nid d&#039;amour intime et romantique poss\u00e8de un style et d\u00e9gage une passion qui cr\u00e9ent une atmosph\u00e8re suggestive pour des vacances inoubliables \u00e0 Venise.  Chambre double, s\u00e9jour avec vue sur la Basilique Saint-Marc et sauna avec chromoth\u00e9rapie..\" \/>\n<meta property=\"og:url\" content=\"https:\/\/www.dogevenice.com\/fr\/canaletto-luxury-suites\/suite-deluxe-vue-sur-la-place-saint-marc\/\" \/>\n<meta property=\"og:site_name\" content=\"Doge Exclusive Collection\" \/>\n<meta property=\"article:modified_time\" content=\"2026-03-06T08:51:39+00:00\" \/>\n<meta name=\"twitter:card\" content=\"summary_large_image\" \/>\n<meta name=\"twitter:label1\" content=\"Est. reading time\" \/>\n\t<meta name=\"twitter:data1\" content=\"1 minute\" \/>\n<script type=\"application\/ld+json\" class=\"yoast-schema-graph\">{\"@context\":\"https:\/\/schema.org\",\"@graph\":[{\"@type\":\"WebPage\",\"@id\":\"https:\/\/www.dogevenice.com\/fr\/canaletto-luxury-suites\/suite-deluxe-vue-sur-la-place-saint-marc\/\",\"url\":\"https:\/\/www.dogevenice.com\/fr\/canaletto-luxury-suites\/suite-deluxe-vue-sur-la-place-saint-marc\/\",\"name\":\"Suite Deluxe avec Vue sur la Place Saint-Marc - Doge Exclusive Collection -\",\"isPartOf\":{\"@id\":\"https:\/\/www.dogevenice.com\/fr\/#website\"},\"datePublished\":\"2026-02-04T10:04:45+00:00\",\"dateModified\":\"2026-03-06T08:51:39+00:00\",\"description\":\"Ce nid d'amour intime et romantique poss\u00e8de un style et d\u00e9gage une passion qui cr\u00e9ent une atmosph\u00e8re suggestive pour des vacances inoubliables \u00e0 Venise. Chambre double, s\u00e9jour avec vue sur la Basilique Saint-Marc et sauna avec chromoth\u00e9rapie..\",\"breadcrumb\":{\"@id\":\"https:\/\/www.dogevenice.com\/fr\/canaletto-luxury-suites\/suite-deluxe-vue-sur-la-place-saint-marc\/#breadcrumb\"},\"inLanguage\":\"fr-FR\",\"potentialAction\":[{\"@type\":\"ReadAction\",\"target\":[\"https:\/\/www.dogevenice.com\/fr\/canaletto-luxury-suites\/suite-deluxe-vue-sur-la-place-saint-marc\/\"]}]},{\"@type\":\"BreadcrumbList\",\"@id\":\"https:\/\/www.dogevenice.com\/fr\/canaletto-luxury-suites\/suite-deluxe-vue-sur-la-place-saint-marc\/#breadcrumb\",\"itemListElement\":[{\"@type\":\"ListItem\",\"position\":1,\"name\":\"Home\",\"item\":\"https:\/\/www.dogevenice.com\/fr\/\"},{\"@type\":\"ListItem\",\"position\":2,\"name\":\"Canaletto Luxury Suites\",\"item\":\"https:\/\/www.dogevenice.com\/fr\/canaletto-luxury-suites\/\"},{\"@type\":\"ListItem\",\"position\":3,\"name\":\"Suite Deluxe avec Vue sur la Place Saint-Marc\"}]},{\"@type\":\"WebSite\",\"@id\":\"https:\/\/www.dogevenice.com\/fr\/#website\",\"url\":\"https:\/\/www.dogevenice.com\/fr\/\",\"name\":\"The Doge Signature Collection\",\"description\":\"\",\"publisher\":{\"@id\":\"https:\/\/www.dogevenice.com\/fr\/#organization\"},\"potentialAction\":[{\"@type\":\"SearchAction\",\"target\":{\"@type\":\"EntryPoint\",\"urlTemplate\":\"https:\/\/www.dogevenice.com\/fr\/?s={search_term_string}\"},\"query-input\":{\"@type\":\"PropertyValueSpecification\",\"valueRequired\":true,\"valueName\":\"search_term_string\"}}],\"inLanguage\":\"fr-FR\"},{\"@type\":\"Organization\",\"@id\":\"https:\/\/www.dogevenice.com\/fr\/#organization\",\"name\":\"The Doge Signature Collection\",\"url\":\"https:\/\/www.dogevenice.com\/fr\/\",\"logo\":{\"@type\":\"ImageObject\",\"inLanguage\":\"fr-FR\",\"@id\":\"https:\/\/www.dogevenice.com\/fr\/#\/schema\/logo\/image\/\",\"url\":\"https:\/\/www.dogevenice.com\/wp-content\/uploads\/sites\/51\/2026\/02\/logo_the_doge_signature_collection_c.svg\",\"contentUrl\":\"https:\/\/www.dogevenice.com\/wp-content\/uploads\/sites\/51\/2026\/02\/logo_the_doge_signature_collection_c.svg\",\"width\":416,\"height\":64,\"caption\":\"The Doge Signature Collection\"},\"image\":{\"@id\":\"https:\/\/www.dogevenice.com\/fr\/#\/schema\/logo\/image\/\"}}]}<\/script>\n<!-- \/ Yoast SEO plugin. -->","yoast_head_json":{"title":"Suite Deluxe avec Vue sur la Place Saint-Marc - Doge Exclusive Collection -","description":"Ce nid d'amour intime et romantique poss\u00e8de un style et d\u00e9gage une passion qui cr\u00e9ent une atmosph\u00e8re suggestive pour des vacances inoubliables \u00e0 Venise.  Chambre double, s\u00e9jour avec vue sur la Basilique Saint-Marc et sauna avec chromoth\u00e9rapie..","robots":{"index":"index","follow":"follow","max-snippet":"max-snippet:-1","max-image-preview":"max-image-preview:large","max-video-preview":"max-video-preview:-1"},"canonical":"https:\/\/www.dogevenice.com\/fr\/canaletto-luxury-suites\/suite-deluxe-vue-sur-la-place-saint-marc\/","og_locale":"fr_FR","og_type":"article","og_title":"Suite Deluxe avec Vue sur la Place Saint-Marc - Doge Exclusive Collection -","og_description":"Ce nid d'amour intime et romantique poss\u00e8de un style et d\u00e9gage une passion qui cr\u00e9ent une atmosph\u00e8re suggestive pour des vacances inoubliables \u00e0 Venise.  Chambre double, s\u00e9jour avec vue sur la Basilique Saint-Marc et sauna avec chromoth\u00e9rapie..","og_url":"https:\/\/www.dogevenice.com\/fr\/canaletto-luxury-suites\/suite-deluxe-vue-sur-la-place-saint-marc\/","og_site_name":"Doge Exclusive Collection","article_modified_time":"2026-03-06T08:51:39+00:00","twitter_card":"summary_large_image","twitter_misc":{"Est. reading time":"1 minute"},"schema":{"@context":"https:\/\/schema.org","@graph":[{"@type":"WebPage","@id":"https:\/\/www.dogevenice.com\/fr\/canaletto-luxury-suites\/suite-deluxe-vue-sur-la-place-saint-marc\/","url":"https:\/\/www.dogevenice.com\/fr\/canaletto-luxury-suites\/suite-deluxe-vue-sur-la-place-saint-marc\/","name":"Suite Deluxe avec Vue sur la Place Saint-Marc - Doge Exclusive Collection -","isPartOf":{"@id":"https:\/\/www.dogevenice.com\/fr\/#website"},"datePublished":"2026-02-04T10:04:45+00:00","dateModified":"2026-03-06T08:51:39+00:00","description":"Ce nid d'amour intime et romantique poss\u00e8de un style et d\u00e9gage une passion qui cr\u00e9ent une atmosph\u00e8re suggestive pour des vacances inoubliables \u00e0 Venise. Chambre double, s\u00e9jour avec vue sur la Basilique Saint-Marc et sauna avec chromoth\u00e9rapie..","breadcrumb":{"@id":"https:\/\/www.dogevenice.com\/fr\/canaletto-luxury-suites\/suite-deluxe-vue-sur-la-place-saint-marc\/#breadcrumb"},"inLanguage":"fr-FR","potentialAction":[{"@type":"ReadAction","target":["https:\/\/www.dogevenice.com\/fr\/canaletto-luxury-suites\/suite-deluxe-vue-sur-la-place-saint-marc\/"]}]},{"@type":"BreadcrumbList","@id":"https:\/\/www.dogevenice.com\/fr\/canaletto-luxury-suites\/suite-deluxe-vue-sur-la-place-saint-marc\/#breadcrumb","itemListElement":[{"@type":"ListItem","position":1,"name":"Home","item":"https:\/\/www.dogevenice.com\/fr\/"},{"@type":"ListItem","position":2,"name":"Canaletto Luxury Suites","item":"https:\/\/www.dogevenice.com\/fr\/canaletto-luxury-suites\/"},{"@type":"ListItem","position":3,"name":"Suite Deluxe avec Vue sur la Place Saint-Marc"}]},{"@type":"WebSite","@id":"https:\/\/www.dogevenice.com\/fr\/#website","url":"https:\/\/www.dogevenice.com\/fr\/","name":"The Doge Signature Collection","description":"","publisher":{"@id":"https:\/\/www.dogevenice.com\/fr\/#organization"},"potentialAction":[{"@type":"SearchAction","target":{"@type":"EntryPoint","urlTemplate":"https:\/\/www.dogevenice.com\/fr\/?s={search_term_string}"},"query-input":{"@type":"PropertyValueSpecification","valueRequired":true,"valueName":"search_term_string"}}],"inLanguage":"fr-FR"},{"@type":"Organization","@id":"https:\/\/www.dogevenice.com\/fr\/#organization","name":"The Doge Signature Collection","url":"https:\/\/www.dogevenice.com\/fr\/","logo":{"@type":"ImageObject","inLanguage":"fr-FR","@id":"https:\/\/www.dogevenice.com\/fr\/#\/schema\/logo\/image\/","url":"https:\/\/www.dogevenice.com\/wp-content\/uploads\/sites\/51\/2026\/02\/logo_the_doge_signature_collection_c.svg","contentUrl":"https:\/\/www.dogevenice.com\/wp-content\/uploads\/sites\/51\/2026\/02\/logo_the_doge_signature_collection_c.svg","width":416,"height":64,"caption":"The Doge Signature Collection"},"image":{"@id":"https:\/\/www.dogevenice.com\/fr\/#\/schema\/logo\/image\/"}}]}},"acf":[],"_links":{"self":[{"href":"https:\/\/www.dogevenice.com\/fr\/wp-json\/wp\/v2\/pages\/305","targetHints":{"allow":["GET"]}}],"collection":[{"href":"https:\/\/www.dogevenice.com\/fr\/wp-json\/wp\/v2\/pages"}],"about":[{"href":"https:\/\/www.dogevenice.com\/fr\/wp-json\/wp\/v2\/types\/page"}],"author":[{"embeddable":true,"href":"https:\/\/www.dogevenice.com\/fr\/wp-json\/wp\/v2\/users\/6"}],"replies":[{"embeddable":true,"href":"https:\/\/www.dogevenice.com\/fr\/wp-json\/wp\/v2\/comments?post=305"}],"version-history":[{"count":0,"href":"https:\/\/www.dogevenice.com\/fr\/wp-json\/wp\/v2\/pages\/305\/revisions"}],"up":[{"embeddable":true,"href":"https:\/\/www.dogevenice.com\/fr\/wp-json\/wp\/v2\/pages\/300"}],"wp:attachment":[{"href":"https:\/\/www.dogevenice.com\/fr\/wp-json\/wp\/v2\/media?parent=305"}],"curies":[{"name":"wp","href":"https:\/\/api.w.org\/{rel}","templated":true}]}}