{"id":300,"date":"2026-01-30T08:42:13","date_gmt":"2026-01-30T08:42:13","guid":{"rendered":"https:\/\/dogeexclusivecollection.ms3.decms.eu\/?page_id=300"},"modified":"2026-03-13T14:47:58","modified_gmt":"2026-03-13T14:47:58","slug":"canaletto-luxury-suites","status":"publish","type":"page","link":"https:\/\/www.dogevenice.com\/fr\/canaletto-luxury-suites\/","title":{"rendered":"Canaletto Luxury Suites"},"content":{"rendered":"<p>Canaletto Suites est le refuge le plus exclusif de la collection : cinq suites uniques donnant sur la Place Saint-Marc, juste \u00e0 c\u00f4t\u00e9 de la Tour de l\u2019Horloge, dans un b\u00e2timent historique li\u00e9 au c\u00e9l\u00e8bre peintre Canaletto. Certaines offrent le plaisir d\u2019un sauna priv\u00e9 ou d\u2019un jacuzzi, tandis qu\u2019une dispose d\u2019une terrasse avec vue directe sur Saint-Marc, transformant chaque s\u00e9jour en une exp\u00e9rience v\u00e9nitienne bien au-del\u00e0 d\u2019une simple chambre. Ici, on respire la ville \u2014 son rythme et son silence suspendu \u2014 et chaque d\u00e9tail est pens\u00e9 pour vous faire sentir au c\u0153ur de Venise, et non simplement \u00e0 proximit\u00e9.<\/p>\n","protected":false},"excerpt":{"rendered":"<p>Canaletto Suites est le refuge le plus exclusif de la collection : cinq suites uniques donnant sur la Place Saint-Marc, juste \u00e0 c\u00f4t\u00e9 de la Tour de l\u2019Horloge, dans un b\u00e2timent historique li\u00e9 au c\u00e9l\u00e8bre peintre Canaletto. Certaines offrent le plaisir d\u2019un sauna priv\u00e9 ou d\u2019un jacuzzi, tandis qu\u2019une dispose d\u2019une terrasse avec vue directe [&hellip;]<\/p>\n","protected":false},"author":6,"featured_media":0,"parent":0,"menu_order":20,"comment_status":"closed","ping_status":"closed","template":"template-canaletto-luxury.php","meta":{"footnotes":""},"class_list":["post-300","page","type-page","status-publish","hentry"],"yoast_head":"<!-- This site is optimized with the Yoast SEO plugin v26.9 - https:\/\/yoast.com\/product\/yoast-seo-wordpress\/ -->\n<title>Canaletto Luxury Suites - Doge Exclusive Collection -<\/title>\n<meta name=\"description\" content=\"Canaletto Suites est le refuge le plus exclusif de la collection : cinq suites uniques donnant sur la Place Saint-Marc, juste \u00e0 c\u00f4t\u00e9 de la Tour de l\u2019Horloge, dans un b\u00e2timent historique li\u00e9 au c\u00e9l\u00e8bre peintre Canaletto. Certaines offrent le plaisir d\u2019un sauna priv\u00e9 ou d\u2019un jacuzzi, tandis qu\u2019une dispose d\u2019une terrasse avec vue directe sur Saint-Marc, transformant chaque s\u00e9jour en une exp\u00e9rience v\u00e9nitienne bien au-del\u00e0 d\u2019une simple chambre\" \/>\n<meta name=\"robots\" content=\"index, follow, max-snippet:-1, max-image-preview:large, max-video-preview:-1\" \/>\n<link rel=\"canonical\" href=\"https:\/\/www.dogevenice.com\/fr\/canaletto-luxury-suites\/\" \/>\n<meta property=\"og:locale\" content=\"fr_FR\" \/>\n<meta property=\"og:type\" content=\"article\" \/>\n<meta property=\"og:title\" content=\"Canaletto Luxury Suites - Doge Exclusive Collection -\" \/>\n<meta property=\"og:description\" content=\"Canaletto Suites est le refuge le plus exclusif de la collection : cinq suites uniques donnant sur la Place Saint-Marc, juste \u00e0 c\u00f4t\u00e9 de la Tour de l\u2019Horloge, dans un b\u00e2timent historique li\u00e9 au c\u00e9l\u00e8bre peintre Canaletto. Certaines offrent le plaisir d\u2019un sauna priv\u00e9 ou d\u2019un jacuzzi, tandis qu\u2019une dispose d\u2019une terrasse avec vue directe sur Saint-Marc, transformant chaque s\u00e9jour en une exp\u00e9rience v\u00e9nitienne bien au-del\u00e0 d\u2019une simple chambre\" \/>\n<meta property=\"og:url\" content=\"https:\/\/www.dogevenice.com\/fr\/canaletto-luxury-suites\/\" \/>\n<meta property=\"og:site_name\" content=\"Doge Exclusive Collection\" \/>\n<meta property=\"article:modified_time\" content=\"2026-03-13T14:47:58+00:00\" \/>\n<meta name=\"twitter:card\" content=\"summary_large_image\" \/>\n<meta name=\"twitter:label1\" content=\"Est. reading time\" \/>\n\t<meta name=\"twitter:data1\" content=\"1 minute\" \/>\n<script type=\"application\/ld+json\" class=\"yoast-schema-graph\">{\"@context\":\"https:\/\/schema.org\",\"@graph\":[{\"@type\":\"WebPage\",\"@id\":\"https:\/\/www.dogevenice.com\/fr\/canaletto-luxury-suites\/\",\"url\":\"https:\/\/www.dogevenice.com\/fr\/canaletto-luxury-suites\/\",\"name\":\"Canaletto Luxury Suites - Doge Exclusive Collection -\",\"isPartOf\":{\"@id\":\"https:\/\/www.dogevenice.com\/fr\/#website\"},\"datePublished\":\"2026-01-30T08:42:13+00:00\",\"dateModified\":\"2026-03-13T14:47:58+00:00\",\"description\":\"Canaletto Suites est le refuge le plus exclusif de la collection : cinq suites uniques donnant sur la Place Saint-Marc, juste \u00e0 c\u00f4t\u00e9 de la Tour de l\u2019Horloge, dans un b\u00e2timent historique li\u00e9 au c\u00e9l\u00e8bre peintre Canaletto. Certaines offrent le plaisir d\u2019un sauna priv\u00e9 ou d\u2019un jacuzzi, tandis qu\u2019une dispose d\u2019une terrasse avec vue directe sur Saint-Marc, transformant chaque s\u00e9jour en une exp\u00e9rience v\u00e9nitienne bien au-del\u00e0 d\u2019une simple chambre\",\"breadcrumb\":{\"@id\":\"https:\/\/www.dogevenice.com\/fr\/canaletto-luxury-suites\/#breadcrumb\"},\"inLanguage\":\"fr-FR\",\"potentialAction\":[{\"@type\":\"ReadAction\",\"target\":[\"https:\/\/www.dogevenice.com\/fr\/canaletto-luxury-suites\/\"]}]},{\"@type\":\"BreadcrumbList\",\"@id\":\"https:\/\/www.dogevenice.com\/fr\/canaletto-luxury-suites\/#breadcrumb\",\"itemListElement\":[{\"@type\":\"ListItem\",\"position\":1,\"name\":\"Home\",\"item\":\"https:\/\/www.dogevenice.com\/fr\/\"},{\"@type\":\"ListItem\",\"position\":2,\"name\":\"Canaletto Luxury Suites\"}]},{\"@type\":\"WebSite\",\"@id\":\"https:\/\/www.dogevenice.com\/fr\/#website\",\"url\":\"https:\/\/www.dogevenice.com\/fr\/\",\"name\":\"The Doge Signature Collection\",\"description\":\"\",\"publisher\":{\"@id\":\"https:\/\/www.dogevenice.com\/fr\/#organization\"},\"potentialAction\":[{\"@type\":\"SearchAction\",\"target\":{\"@type\":\"EntryPoint\",\"urlTemplate\":\"https:\/\/www.dogevenice.com\/fr\/?s={search_term_string}\"},\"query-input\":{\"@type\":\"PropertyValueSpecification\",\"valueRequired\":true,\"valueName\":\"search_term_string\"}}],\"inLanguage\":\"fr-FR\"},{\"@type\":\"Organization\",\"@id\":\"https:\/\/www.dogevenice.com\/fr\/#organization\",\"name\":\"The Doge Signature Collection\",\"url\":\"https:\/\/www.dogevenice.com\/fr\/\",\"logo\":{\"@type\":\"ImageObject\",\"inLanguage\":\"fr-FR\",\"@id\":\"https:\/\/www.dogevenice.com\/fr\/#\/schema\/logo\/image\/\",\"url\":\"https:\/\/www.dogevenice.com\/wp-content\/uploads\/sites\/51\/2026\/02\/logo_the_doge_signature_collection_c.svg\",\"contentUrl\":\"https:\/\/www.dogevenice.com\/wp-content\/uploads\/sites\/51\/2026\/02\/logo_the_doge_signature_collection_c.svg\",\"width\":416,\"height\":64,\"caption\":\"The Doge Signature Collection\"},\"image\":{\"@id\":\"https:\/\/www.dogevenice.com\/fr\/#\/schema\/logo\/image\/\"}}]}<\/script>\n<!-- \/ Yoast SEO plugin. -->","yoast_head_json":{"title":"Canaletto Luxury Suites - Doge Exclusive Collection -","description":"Canaletto Suites est le refuge le plus exclusif de la collection : cinq suites uniques donnant sur la Place Saint-Marc, juste \u00e0 c\u00f4t\u00e9 de la Tour de l\u2019Horloge, dans un b\u00e2timent historique li\u00e9 au c\u00e9l\u00e8bre peintre Canaletto. Certaines offrent le plaisir d\u2019un sauna priv\u00e9 ou d\u2019un jacuzzi, tandis qu\u2019une dispose d\u2019une terrasse avec vue directe sur Saint-Marc, transformant chaque s\u00e9jour en une exp\u00e9rience v\u00e9nitienne bien au-del\u00e0 d\u2019une simple chambre","robots":{"index":"index","follow":"follow","max-snippet":"max-snippet:-1","max-image-preview":"max-image-preview:large","max-video-preview":"max-video-preview:-1"},"canonical":"https:\/\/www.dogevenice.com\/fr\/canaletto-luxury-suites\/","og_locale":"fr_FR","og_type":"article","og_title":"Canaletto Luxury Suites - Doge Exclusive Collection -","og_description":"Canaletto Suites est le refuge le plus exclusif de la collection : cinq suites uniques donnant sur la Place Saint-Marc, juste \u00e0 c\u00f4t\u00e9 de la Tour de l\u2019Horloge, dans un b\u00e2timent historique li\u00e9 au c\u00e9l\u00e8bre peintre Canaletto. Certaines offrent le plaisir d\u2019un sauna priv\u00e9 ou d\u2019un jacuzzi, tandis qu\u2019une dispose d\u2019une terrasse avec vue directe sur Saint-Marc, transformant chaque s\u00e9jour en une exp\u00e9rience v\u00e9nitienne bien au-del\u00e0 d\u2019une simple chambre","og_url":"https:\/\/www.dogevenice.com\/fr\/canaletto-luxury-suites\/","og_site_name":"Doge Exclusive Collection","article_modified_time":"2026-03-13T14:47:58+00:00","twitter_card":"summary_large_image","twitter_misc":{"Est. reading time":"1 minute"},"schema":{"@context":"https:\/\/schema.org","@graph":[{"@type":"WebPage","@id":"https:\/\/www.dogevenice.com\/fr\/canaletto-luxury-suites\/","url":"https:\/\/www.dogevenice.com\/fr\/canaletto-luxury-suites\/","name":"Canaletto Luxury Suites - Doge Exclusive Collection -","isPartOf":{"@id":"https:\/\/www.dogevenice.com\/fr\/#website"},"datePublished":"2026-01-30T08:42:13+00:00","dateModified":"2026-03-13T14:47:58+00:00","description":"Canaletto Suites est le refuge le plus exclusif de la collection : cinq suites uniques donnant sur la Place Saint-Marc, juste \u00e0 c\u00f4t\u00e9 de la Tour de l\u2019Horloge, dans un b\u00e2timent historique li\u00e9 au c\u00e9l\u00e8bre peintre Canaletto. Certaines offrent le plaisir d\u2019un sauna priv\u00e9 ou d\u2019un jacuzzi, tandis qu\u2019une dispose d\u2019une terrasse avec vue directe sur Saint-Marc, transformant chaque s\u00e9jour en une exp\u00e9rience v\u00e9nitienne bien au-del\u00e0 d\u2019une simple chambre","breadcrumb":{"@id":"https:\/\/www.dogevenice.com\/fr\/canaletto-luxury-suites\/#breadcrumb"},"inLanguage":"fr-FR","potentialAction":[{"@type":"ReadAction","target":["https:\/\/www.dogevenice.com\/fr\/canaletto-luxury-suites\/"]}]},{"@type":"BreadcrumbList","@id":"https:\/\/www.dogevenice.com\/fr\/canaletto-luxury-suites\/#breadcrumb","itemListElement":[{"@type":"ListItem","position":1,"name":"Home","item":"https:\/\/www.dogevenice.com\/fr\/"},{"@type":"ListItem","position":2,"name":"Canaletto Luxury Suites"}]},{"@type":"WebSite","@id":"https:\/\/www.dogevenice.com\/fr\/#website","url":"https:\/\/www.dogevenice.com\/fr\/","name":"The Doge Signature Collection","description":"","publisher":{"@id":"https:\/\/www.dogevenice.com\/fr\/#organization"},"potentialAction":[{"@type":"SearchAction","target":{"@type":"EntryPoint","urlTemplate":"https:\/\/www.dogevenice.com\/fr\/?s={search_term_string}"},"query-input":{"@type":"PropertyValueSpecification","valueRequired":true,"valueName":"search_term_string"}}],"inLanguage":"fr-FR"},{"@type":"Organization","@id":"https:\/\/www.dogevenice.com\/fr\/#organization","name":"The Doge Signature Collection","url":"https:\/\/www.dogevenice.com\/fr\/","logo":{"@type":"ImageObject","inLanguage":"fr-FR","@id":"https:\/\/www.dogevenice.com\/fr\/#\/schema\/logo\/image\/","url":"https:\/\/www.dogevenice.com\/wp-content\/uploads\/sites\/51\/2026\/02\/logo_the_doge_signature_collection_c.svg","contentUrl":"https:\/\/www.dogevenice.com\/wp-content\/uploads\/sites\/51\/2026\/02\/logo_the_doge_signature_collection_c.svg","width":416,"height":64,"caption":"The Doge Signature Collection"},"image":{"@id":"https:\/\/www.dogevenice.com\/fr\/#\/schema\/logo\/image\/"}}]}},"acf":[],"_links":{"self":[{"href":"https:\/\/www.dogevenice.com\/fr\/wp-json\/wp\/v2\/pages\/300","targetHints":{"allow":["GET"]}}],"collection":[{"href":"https:\/\/www.dogevenice.com\/fr\/wp-json\/wp\/v2\/pages"}],"about":[{"href":"https:\/\/www.dogevenice.com\/fr\/wp-json\/wp\/v2\/types\/page"}],"author":[{"embeddable":true,"href":"https:\/\/www.dogevenice.com\/fr\/wp-json\/wp\/v2\/users\/6"}],"replies":[{"embeddable":true,"href":"https:\/\/www.dogevenice.com\/fr\/wp-json\/wp\/v2\/comments?post=300"}],"version-history":[{"count":0,"href":"https:\/\/www.dogevenice.com\/fr\/wp-json\/wp\/v2\/pages\/300\/revisions"}],"wp:attachment":[{"href":"https:\/\/www.dogevenice.com\/fr\/wp-json\/wp\/v2\/media?parent=300"}],"curies":[{"name":"wp","href":"https:\/\/api.w.org\/{rel}","templated":true}]}}