{"id":295,"date":"2026-01-30T09:00:35","date_gmt":"2026-01-30T09:00:35","guid":{"rendered":"https:\/\/dogeexclusivecollection.ms3.decms.eu\/?page_id=295"},"modified":"2026-03-06T09:11:23","modified_gmt":"2026-03-06T09:11:23","slug":"emplacement","status":"publish","type":"page","link":"https:\/\/www.dogevenice.com\/fr\/emplacement\/","title":{"rendered":"Emplacement"},"content":{"rendered":"<p>Au c\u0153ur le plus embl\u00e9matique de Venise, entre <strong data-start=\"514\" data-end=\"555\"><span class=\"hover:entity-accent entity-underline inline cursor-pointer align-baseline\"><span class=\"whitespace-normal\">Piazza San Marco<\/span><\/span><\/strong> et le <strong data-start=\"562\" data-end=\"603\"><span class=\"hover:entity-accent entity-underline inline cursor-pointer align-baseline\"><span class=\"whitespace-normal\">Ponte di Rialto<\/span><\/span><\/strong>, la ville r\u00e9v\u00e8le toute son \u00e9l\u00e9gance intemporelle. Calli silencieuses, palais historiques et aper\u00e7us sur l\u2019eau accompagnent chaque pas, tandis que les lieux symboliques de Venise se trouvent \u00e0 quelques minutes seulement. Une situation privil\u00e9gi\u00e9e qui permet de vivre la ville depuis une perspective authentique et profond\u00e9ment v\u00e9nitienne.<\/p>\n","protected":false},"excerpt":{"rendered":"<p>Au c\u0153ur le plus embl\u00e9matique de Venise, entre Piazza San Marco et le Ponte di Rialto, la ville r\u00e9v\u00e8le toute son \u00e9l\u00e9gance intemporelle. Calli silencieuses, palais historiques et aper\u00e7us sur l\u2019eau accompagnent chaque pas, tandis que les lieux symboliques de Venise se trouvent \u00e0 quelques minutes seulement. Une situation privil\u00e9gi\u00e9e qui permet de vivre la [&hellip;]<\/p>\n","protected":false},"author":6,"featured_media":0,"parent":0,"menu_order":90,"comment_status":"closed","ping_status":"closed","template":"template-location.php","meta":{"footnotes":""},"class_list":["post-295","page","type-page","status-publish","hentry"],"yoast_head":"<!-- This site is optimized with the Yoast SEO plugin v26.9 - https:\/\/yoast.com\/product\/yoast-seo-wordpress\/ -->\n<title>Emplacement - Doge Exclusive Collection -<\/title>\n<meta name=\"description\" content=\"Au c\u0153ur le plus embl\u00e9matique de Venise, entre Piazza San Marco et le Ponte di Rialto, la ville r\u00e9v\u00e8le toute son \u00e9l\u00e9gance intemporelle. Calli silencieuses, palais historiques et aper\u00e7us sur l\u2019eau accompagnent chaque pas, tandis que les lieux symboliques de Venise se trouvent \u00e0 quelques minutes seulement\" \/>\n<meta name=\"robots\" content=\"index, follow, max-snippet:-1, max-image-preview:large, max-video-preview:-1\" \/>\n<link rel=\"canonical\" href=\"https:\/\/www.dogevenice.com\/fr\/emplacement\/\" \/>\n<meta property=\"og:locale\" content=\"fr_FR\" \/>\n<meta property=\"og:type\" content=\"article\" \/>\n<meta property=\"og:title\" content=\"Emplacement - Doge Exclusive Collection -\" \/>\n<meta property=\"og:description\" content=\"Au c\u0153ur le plus embl\u00e9matique de Venise, entre Piazza San Marco et le Ponte di Rialto, la ville r\u00e9v\u00e8le toute son \u00e9l\u00e9gance intemporelle. Calli silencieuses, palais historiques et aper\u00e7us sur l\u2019eau accompagnent chaque pas, tandis que les lieux symboliques de Venise se trouvent \u00e0 quelques minutes seulement\" \/>\n<meta property=\"og:url\" content=\"https:\/\/www.dogevenice.com\/fr\/emplacement\/\" \/>\n<meta property=\"og:site_name\" content=\"Doge Exclusive Collection\" \/>\n<meta property=\"article:modified_time\" content=\"2026-03-06T09:11:23+00:00\" \/>\n<meta name=\"twitter:card\" content=\"summary_large_image\" \/>\n<meta name=\"twitter:label1\" content=\"Est. reading time\" \/>\n\t<meta name=\"twitter:data1\" content=\"1 minute\" \/>\n<script type=\"application\/ld+json\" class=\"yoast-schema-graph\">{\"@context\":\"https:\/\/schema.org\",\"@graph\":[{\"@type\":\"WebPage\",\"@id\":\"https:\/\/www.dogevenice.com\/fr\/emplacement\/\",\"url\":\"https:\/\/www.dogevenice.com\/fr\/emplacement\/\",\"name\":\"Emplacement - Doge Exclusive Collection -\",\"isPartOf\":{\"@id\":\"https:\/\/www.dogevenice.com\/fr\/#website\"},\"datePublished\":\"2026-01-30T09:00:35+00:00\",\"dateModified\":\"2026-03-06T09:11:23+00:00\",\"description\":\"Au c\u0153ur le plus embl\u00e9matique de Venise, entre Piazza San Marco et le Ponte di Rialto, la ville r\u00e9v\u00e8le toute son \u00e9l\u00e9gance intemporelle. Calli silencieuses, palais historiques et aper\u00e7us sur l\u2019eau accompagnent chaque pas, tandis que les lieux symboliques de Venise se trouvent \u00e0 quelques minutes seulement\",\"breadcrumb\":{\"@id\":\"https:\/\/www.dogevenice.com\/fr\/emplacement\/#breadcrumb\"},\"inLanguage\":\"fr-FR\",\"potentialAction\":[{\"@type\":\"ReadAction\",\"target\":[\"https:\/\/www.dogevenice.com\/fr\/emplacement\/\"]}]},{\"@type\":\"BreadcrumbList\",\"@id\":\"https:\/\/www.dogevenice.com\/fr\/emplacement\/#breadcrumb\",\"itemListElement\":[{\"@type\":\"ListItem\",\"position\":1,\"name\":\"Home\",\"item\":\"https:\/\/www.dogevenice.com\/fr\/\"},{\"@type\":\"ListItem\",\"position\":2,\"name\":\"Emplacement\"}]},{\"@type\":\"WebSite\",\"@id\":\"https:\/\/www.dogevenice.com\/fr\/#website\",\"url\":\"https:\/\/www.dogevenice.com\/fr\/\",\"name\":\"The Doge Signature Collection\",\"description\":\"\",\"publisher\":{\"@id\":\"https:\/\/www.dogevenice.com\/fr\/#organization\"},\"potentialAction\":[{\"@type\":\"SearchAction\",\"target\":{\"@type\":\"EntryPoint\",\"urlTemplate\":\"https:\/\/www.dogevenice.com\/fr\/?s={search_term_string}\"},\"query-input\":{\"@type\":\"PropertyValueSpecification\",\"valueRequired\":true,\"valueName\":\"search_term_string\"}}],\"inLanguage\":\"fr-FR\"},{\"@type\":\"Organization\",\"@id\":\"https:\/\/www.dogevenice.com\/fr\/#organization\",\"name\":\"The Doge Signature Collection\",\"url\":\"https:\/\/www.dogevenice.com\/fr\/\",\"logo\":{\"@type\":\"ImageObject\",\"inLanguage\":\"fr-FR\",\"@id\":\"https:\/\/www.dogevenice.com\/fr\/#\/schema\/logo\/image\/\",\"url\":\"https:\/\/www.dogevenice.com\/wp-content\/uploads\/sites\/51\/2026\/02\/logo_the_doge_signature_collection_c.svg\",\"contentUrl\":\"https:\/\/www.dogevenice.com\/wp-content\/uploads\/sites\/51\/2026\/02\/logo_the_doge_signature_collection_c.svg\",\"width\":416,\"height\":64,\"caption\":\"The Doge Signature Collection\"},\"image\":{\"@id\":\"https:\/\/www.dogevenice.com\/fr\/#\/schema\/logo\/image\/\"}}]}<\/script>\n<!-- \/ Yoast SEO plugin. -->","yoast_head_json":{"title":"Emplacement - Doge Exclusive Collection -","description":"Au c\u0153ur le plus embl\u00e9matique de Venise, entre Piazza San Marco et le Ponte di Rialto, la ville r\u00e9v\u00e8le toute son \u00e9l\u00e9gance intemporelle. Calli silencieuses, palais historiques et aper\u00e7us sur l\u2019eau accompagnent chaque pas, tandis que les lieux symboliques de Venise se trouvent \u00e0 quelques minutes seulement","robots":{"index":"index","follow":"follow","max-snippet":"max-snippet:-1","max-image-preview":"max-image-preview:large","max-video-preview":"max-video-preview:-1"},"canonical":"https:\/\/www.dogevenice.com\/fr\/emplacement\/","og_locale":"fr_FR","og_type":"article","og_title":"Emplacement - Doge Exclusive Collection -","og_description":"Au c\u0153ur le plus embl\u00e9matique de Venise, entre Piazza San Marco et le Ponte di Rialto, la ville r\u00e9v\u00e8le toute son \u00e9l\u00e9gance intemporelle. Calli silencieuses, palais historiques et aper\u00e7us sur l\u2019eau accompagnent chaque pas, tandis que les lieux symboliques de Venise se trouvent \u00e0 quelques minutes seulement","og_url":"https:\/\/www.dogevenice.com\/fr\/emplacement\/","og_site_name":"Doge Exclusive Collection","article_modified_time":"2026-03-06T09:11:23+00:00","twitter_card":"summary_large_image","twitter_misc":{"Est. reading time":"1 minute"},"schema":{"@context":"https:\/\/schema.org","@graph":[{"@type":"WebPage","@id":"https:\/\/www.dogevenice.com\/fr\/emplacement\/","url":"https:\/\/www.dogevenice.com\/fr\/emplacement\/","name":"Emplacement - Doge Exclusive Collection -","isPartOf":{"@id":"https:\/\/www.dogevenice.com\/fr\/#website"},"datePublished":"2026-01-30T09:00:35+00:00","dateModified":"2026-03-06T09:11:23+00:00","description":"Au c\u0153ur le plus embl\u00e9matique de Venise, entre Piazza San Marco et le Ponte di Rialto, la ville r\u00e9v\u00e8le toute son \u00e9l\u00e9gance intemporelle. Calli silencieuses, palais historiques et aper\u00e7us sur l\u2019eau accompagnent chaque pas, tandis que les lieux symboliques de Venise se trouvent \u00e0 quelques minutes seulement","breadcrumb":{"@id":"https:\/\/www.dogevenice.com\/fr\/emplacement\/#breadcrumb"},"inLanguage":"fr-FR","potentialAction":[{"@type":"ReadAction","target":["https:\/\/www.dogevenice.com\/fr\/emplacement\/"]}]},{"@type":"BreadcrumbList","@id":"https:\/\/www.dogevenice.com\/fr\/emplacement\/#breadcrumb","itemListElement":[{"@type":"ListItem","position":1,"name":"Home","item":"https:\/\/www.dogevenice.com\/fr\/"},{"@type":"ListItem","position":2,"name":"Emplacement"}]},{"@type":"WebSite","@id":"https:\/\/www.dogevenice.com\/fr\/#website","url":"https:\/\/www.dogevenice.com\/fr\/","name":"The Doge Signature Collection","description":"","publisher":{"@id":"https:\/\/www.dogevenice.com\/fr\/#organization"},"potentialAction":[{"@type":"SearchAction","target":{"@type":"EntryPoint","urlTemplate":"https:\/\/www.dogevenice.com\/fr\/?s={search_term_string}"},"query-input":{"@type":"PropertyValueSpecification","valueRequired":true,"valueName":"search_term_string"}}],"inLanguage":"fr-FR"},{"@type":"Organization","@id":"https:\/\/www.dogevenice.com\/fr\/#organization","name":"The Doge Signature Collection","url":"https:\/\/www.dogevenice.com\/fr\/","logo":{"@type":"ImageObject","inLanguage":"fr-FR","@id":"https:\/\/www.dogevenice.com\/fr\/#\/schema\/logo\/image\/","url":"https:\/\/www.dogevenice.com\/wp-content\/uploads\/sites\/51\/2026\/02\/logo_the_doge_signature_collection_c.svg","contentUrl":"https:\/\/www.dogevenice.com\/wp-content\/uploads\/sites\/51\/2026\/02\/logo_the_doge_signature_collection_c.svg","width":416,"height":64,"caption":"The Doge Signature Collection"},"image":{"@id":"https:\/\/www.dogevenice.com\/fr\/#\/schema\/logo\/image\/"}}]}},"acf":[],"_links":{"self":[{"href":"https:\/\/www.dogevenice.com\/fr\/wp-json\/wp\/v2\/pages\/295","targetHints":{"allow":["GET"]}}],"collection":[{"href":"https:\/\/www.dogevenice.com\/fr\/wp-json\/wp\/v2\/pages"}],"about":[{"href":"https:\/\/www.dogevenice.com\/fr\/wp-json\/wp\/v2\/types\/page"}],"author":[{"embeddable":true,"href":"https:\/\/www.dogevenice.com\/fr\/wp-json\/wp\/v2\/users\/6"}],"replies":[{"embeddable":true,"href":"https:\/\/www.dogevenice.com\/fr\/wp-json\/wp\/v2\/comments?post=295"}],"version-history":[{"count":0,"href":"https:\/\/www.dogevenice.com\/fr\/wp-json\/wp\/v2\/pages\/295\/revisions"}],"wp:attachment":[{"href":"https:\/\/www.dogevenice.com\/fr\/wp-json\/wp\/v2\/media?parent=295"}],"curies":[{"name":"wp","href":"https:\/\/api.w.org\/{rel}","templated":true}]}}