{"id":292,"date":"2026-01-30T09:01:06","date_gmt":"2026-01-30T09:01:06","guid":{"rendered":"https:\/\/dogeexclusivecollection.ms3.decms.eu\/?page_id=292"},"modified":"2026-03-02T15:49:52","modified_gmt":"2026-03-02T15:49:52","slug":"environs","status":"publish","type":"page","link":"https:\/\/www.dogevenice.com\/fr\/environs\/","title":{"rendered":"Environs"},"content":{"rendered":"<p>Situ\u00e9e au c\u0153ur de rues, places et canaux historiques, la Doge Signature Collection permet de vivre Venise depuis ses points les plus authentiques et centraux, \u00e0 quelques pas des monuments de la ville.<\/p>\n<p>Bellevue B&amp;B, Canaletto Suites et Torre dell\u2019Orologio Signature Residence sont tous situ\u00e9s sur la Place Saint-Marc, au c\u0153ur vibrant de la ville, chacun avec son accueil d\u00e9di\u00e9 refl\u00e9tant le caract\u00e8re unique de l\u2019\u00e9tablissement. Les h\u00f4tes peuvent s\u2019immerger dans la beaut\u00e9 historique de Saint-Marc, fl\u00e2ner entre la Basilique, le Campanile et les c\u00e9l\u00e8bres Mercerie, d\u00e9couvrant Venise \u00e0 travers l\u2019art, l\u2019histoire et la tradition.<\/p>\n","protected":false},"excerpt":{"rendered":"<p>Situ\u00e9e au c\u0153ur de rues, places et canaux historiques, la Doge Signature Collection permet de vivre Venise depuis ses points les plus authentiques et centraux, \u00e0 quelques pas des monuments de la ville. Bellevue B&amp;B, Canaletto Suites et Torre dell\u2019Orologio Signature Residence sont tous situ\u00e9s sur la Place Saint-Marc, au c\u0153ur vibrant de la ville, [&hellip;]<\/p>\n","protected":false},"author":6,"featured_media":0,"parent":0,"menu_order":100,"comment_status":"closed","ping_status":"closed","template":"template-surroundings.php","meta":{"footnotes":""},"class_list":["post-292","page","type-page","status-publish","hentry"],"yoast_head":"<!-- This site is optimized with the Yoast SEO plugin v26.9 - https:\/\/yoast.com\/product\/yoast-seo-wordpress\/ -->\n<title>Environs - Doge Exclusive Collection -<\/title>\n<meta name=\"description\" content=\"Situ\u00e9e au c\u0153ur de rues, places et canaux historiques, la Doge Signature Collection permet de vivre Venise depuis ses points les plus authentiques et centraux, \u00e0 quelques pas des monuments de la ville.  Bellevue B&amp;B, Canaletto Suites et Torre dell\u2019Orologio Signature Residence sont tous situ\u00e9s sur la Place Saint-Marc, au c\u0153ur vibrant de la ville, chacun avec son accueil d\u00e9di\u00e9 refl\u00e9tant le caract\u00e8re unique de l\u2019\u00e9tablissement. Les h\u00f4tes peuvent s\u2019immerger dans la beaut\u00e9 historique de Saint-Marc, fl\u00e2ner entre la Basilique, le Campanile et les c\u00e9l\u00e8bres Mercerie, d\u00e9couvrant Venise \u00e0 travers l\u2019art, l\u2019histoire et la tradition.\" \/>\n<meta name=\"robots\" content=\"index, follow, max-snippet:-1, max-image-preview:large, max-video-preview:-1\" \/>\n<link rel=\"canonical\" href=\"https:\/\/www.dogevenice.com\/fr\/environs\/\" \/>\n<meta property=\"og:locale\" content=\"fr_FR\" \/>\n<meta property=\"og:type\" content=\"article\" \/>\n<meta property=\"og:title\" content=\"Environs - Doge Exclusive Collection -\" \/>\n<meta property=\"og:description\" content=\"Situ\u00e9e au c\u0153ur de rues, places et canaux historiques, la Doge Signature Collection permet de vivre Venise depuis ses points les plus authentiques et centraux, \u00e0 quelques pas des monuments de la ville.  Bellevue B&amp;B, Canaletto Suites et Torre dell\u2019Orologio Signature Residence sont tous situ\u00e9s sur la Place Saint-Marc, au c\u0153ur vibrant de la ville, chacun avec son accueil d\u00e9di\u00e9 refl\u00e9tant le caract\u00e8re unique de l\u2019\u00e9tablissement. Les h\u00f4tes peuvent s\u2019immerger dans la beaut\u00e9 historique de Saint-Marc, fl\u00e2ner entre la Basilique, le Campanile et les c\u00e9l\u00e8bres Mercerie, d\u00e9couvrant Venise \u00e0 travers l\u2019art, l\u2019histoire et la tradition.\" \/>\n<meta property=\"og:url\" content=\"https:\/\/www.dogevenice.com\/fr\/environs\/\" \/>\n<meta property=\"og:site_name\" content=\"Doge Exclusive Collection\" \/>\n<meta property=\"article:modified_time\" content=\"2026-03-02T15:49:52+00:00\" \/>\n<meta name=\"twitter:card\" content=\"summary_large_image\" \/>\n<meta name=\"twitter:label1\" content=\"Est. reading time\" \/>\n\t<meta name=\"twitter:data1\" content=\"1 minute\" \/>\n<script type=\"application\/ld+json\" class=\"yoast-schema-graph\">{\"@context\":\"https:\/\/schema.org\",\"@graph\":[{\"@type\":\"WebPage\",\"@id\":\"https:\/\/www.dogevenice.com\/fr\/environs\/\",\"url\":\"https:\/\/www.dogevenice.com\/fr\/environs\/\",\"name\":\"Environs - Doge Exclusive Collection -\",\"isPartOf\":{\"@id\":\"https:\/\/www.dogevenice.com\/fr\/#website\"},\"datePublished\":\"2026-01-30T09:01:06+00:00\",\"dateModified\":\"2026-03-02T15:49:52+00:00\",\"description\":\"Situ\u00e9e au c\u0153ur de rues, places et canaux historiques, la Doge Signature Collection permet de vivre Venise depuis ses points les plus authentiques et centraux, \u00e0 quelques pas des monuments de la ville. Bellevue B&amp;B, Canaletto Suites et Torre dell\u2019Orologio Signature Residence sont tous situ\u00e9s sur la Place Saint-Marc, au c\u0153ur vibrant de la ville, chacun avec son accueil d\u00e9di\u00e9 refl\u00e9tant le caract\u00e8re unique de l\u2019\u00e9tablissement. Les h\u00f4tes peuvent s\u2019immerger dans la beaut\u00e9 historique de Saint-Marc, fl\u00e2ner entre la Basilique, le Campanile et les c\u00e9l\u00e8bres Mercerie, d\u00e9couvrant Venise \u00e0 travers l\u2019art, l\u2019histoire et la tradition.\",\"breadcrumb\":{\"@id\":\"https:\/\/www.dogevenice.com\/fr\/environs\/#breadcrumb\"},\"inLanguage\":\"fr-FR\",\"potentialAction\":[{\"@type\":\"ReadAction\",\"target\":[\"https:\/\/www.dogevenice.com\/fr\/environs\/\"]}]},{\"@type\":\"BreadcrumbList\",\"@id\":\"https:\/\/www.dogevenice.com\/fr\/environs\/#breadcrumb\",\"itemListElement\":[{\"@type\":\"ListItem\",\"position\":1,\"name\":\"Home\",\"item\":\"https:\/\/www.dogevenice.com\/fr\/\"},{\"@type\":\"ListItem\",\"position\":2,\"name\":\"Environs\"}]},{\"@type\":\"WebSite\",\"@id\":\"https:\/\/www.dogevenice.com\/fr\/#website\",\"url\":\"https:\/\/www.dogevenice.com\/fr\/\",\"name\":\"The Doge Signature Collection\",\"description\":\"\",\"publisher\":{\"@id\":\"https:\/\/www.dogevenice.com\/fr\/#organization\"},\"potentialAction\":[{\"@type\":\"SearchAction\",\"target\":{\"@type\":\"EntryPoint\",\"urlTemplate\":\"https:\/\/www.dogevenice.com\/fr\/?s={search_term_string}\"},\"query-input\":{\"@type\":\"PropertyValueSpecification\",\"valueRequired\":true,\"valueName\":\"search_term_string\"}}],\"inLanguage\":\"fr-FR\"},{\"@type\":\"Organization\",\"@id\":\"https:\/\/www.dogevenice.com\/fr\/#organization\",\"name\":\"The Doge Signature Collection\",\"url\":\"https:\/\/www.dogevenice.com\/fr\/\",\"logo\":{\"@type\":\"ImageObject\",\"inLanguage\":\"fr-FR\",\"@id\":\"https:\/\/www.dogevenice.com\/fr\/#\/schema\/logo\/image\/\",\"url\":\"https:\/\/www.dogevenice.com\/wp-content\/uploads\/sites\/51\/2026\/02\/logo_the_doge_signature_collection_c.svg\",\"contentUrl\":\"https:\/\/www.dogevenice.com\/wp-content\/uploads\/sites\/51\/2026\/02\/logo_the_doge_signature_collection_c.svg\",\"width\":416,\"height\":64,\"caption\":\"The Doge Signature Collection\"},\"image\":{\"@id\":\"https:\/\/www.dogevenice.com\/fr\/#\/schema\/logo\/image\/\"}}]}<\/script>\n<!-- \/ Yoast SEO plugin. -->","yoast_head_json":{"title":"Environs - Doge Exclusive Collection -","description":"Situ\u00e9e au c\u0153ur de rues, places et canaux historiques, la Doge Signature Collection permet de vivre Venise depuis ses points les plus authentiques et centraux, \u00e0 quelques pas des monuments de la ville.  Bellevue B&amp;B, Canaletto Suites et Torre dell\u2019Orologio Signature Residence sont tous situ\u00e9s sur la Place Saint-Marc, au c\u0153ur vibrant de la ville, chacun avec son accueil d\u00e9di\u00e9 refl\u00e9tant le caract\u00e8re unique de l\u2019\u00e9tablissement. Les h\u00f4tes peuvent s\u2019immerger dans la beaut\u00e9 historique de Saint-Marc, fl\u00e2ner entre la Basilique, le Campanile et les c\u00e9l\u00e8bres Mercerie, d\u00e9couvrant Venise \u00e0 travers l\u2019art, l\u2019histoire et la tradition.","robots":{"index":"index","follow":"follow","max-snippet":"max-snippet:-1","max-image-preview":"max-image-preview:large","max-video-preview":"max-video-preview:-1"},"canonical":"https:\/\/www.dogevenice.com\/fr\/environs\/","og_locale":"fr_FR","og_type":"article","og_title":"Environs - Doge Exclusive Collection -","og_description":"Situ\u00e9e au c\u0153ur de rues, places et canaux historiques, la Doge Signature Collection permet de vivre Venise depuis ses points les plus authentiques et centraux, \u00e0 quelques pas des monuments de la ville.  Bellevue B&amp;B, Canaletto Suites et Torre dell\u2019Orologio Signature Residence sont tous situ\u00e9s sur la Place Saint-Marc, au c\u0153ur vibrant de la ville, chacun avec son accueil d\u00e9di\u00e9 refl\u00e9tant le caract\u00e8re unique de l\u2019\u00e9tablissement. Les h\u00f4tes peuvent s\u2019immerger dans la beaut\u00e9 historique de Saint-Marc, fl\u00e2ner entre la Basilique, le Campanile et les c\u00e9l\u00e8bres Mercerie, d\u00e9couvrant Venise \u00e0 travers l\u2019art, l\u2019histoire et la tradition.","og_url":"https:\/\/www.dogevenice.com\/fr\/environs\/","og_site_name":"Doge Exclusive Collection","article_modified_time":"2026-03-02T15:49:52+00:00","twitter_card":"summary_large_image","twitter_misc":{"Est. reading time":"1 minute"},"schema":{"@context":"https:\/\/schema.org","@graph":[{"@type":"WebPage","@id":"https:\/\/www.dogevenice.com\/fr\/environs\/","url":"https:\/\/www.dogevenice.com\/fr\/environs\/","name":"Environs - Doge Exclusive Collection -","isPartOf":{"@id":"https:\/\/www.dogevenice.com\/fr\/#website"},"datePublished":"2026-01-30T09:01:06+00:00","dateModified":"2026-03-02T15:49:52+00:00","description":"Situ\u00e9e au c\u0153ur de rues, places et canaux historiques, la Doge Signature Collection permet de vivre Venise depuis ses points les plus authentiques et centraux, \u00e0 quelques pas des monuments de la ville. Bellevue B&amp;B, Canaletto Suites et Torre dell\u2019Orologio Signature Residence sont tous situ\u00e9s sur la Place Saint-Marc, au c\u0153ur vibrant de la ville, chacun avec son accueil d\u00e9di\u00e9 refl\u00e9tant le caract\u00e8re unique de l\u2019\u00e9tablissement. Les h\u00f4tes peuvent s\u2019immerger dans la beaut\u00e9 historique de Saint-Marc, fl\u00e2ner entre la Basilique, le Campanile et les c\u00e9l\u00e8bres Mercerie, d\u00e9couvrant Venise \u00e0 travers l\u2019art, l\u2019histoire et la tradition.","breadcrumb":{"@id":"https:\/\/www.dogevenice.com\/fr\/environs\/#breadcrumb"},"inLanguage":"fr-FR","potentialAction":[{"@type":"ReadAction","target":["https:\/\/www.dogevenice.com\/fr\/environs\/"]}]},{"@type":"BreadcrumbList","@id":"https:\/\/www.dogevenice.com\/fr\/environs\/#breadcrumb","itemListElement":[{"@type":"ListItem","position":1,"name":"Home","item":"https:\/\/www.dogevenice.com\/fr\/"},{"@type":"ListItem","position":2,"name":"Environs"}]},{"@type":"WebSite","@id":"https:\/\/www.dogevenice.com\/fr\/#website","url":"https:\/\/www.dogevenice.com\/fr\/","name":"The Doge Signature Collection","description":"","publisher":{"@id":"https:\/\/www.dogevenice.com\/fr\/#organization"},"potentialAction":[{"@type":"SearchAction","target":{"@type":"EntryPoint","urlTemplate":"https:\/\/www.dogevenice.com\/fr\/?s={search_term_string}"},"query-input":{"@type":"PropertyValueSpecification","valueRequired":true,"valueName":"search_term_string"}}],"inLanguage":"fr-FR"},{"@type":"Organization","@id":"https:\/\/www.dogevenice.com\/fr\/#organization","name":"The Doge Signature Collection","url":"https:\/\/www.dogevenice.com\/fr\/","logo":{"@type":"ImageObject","inLanguage":"fr-FR","@id":"https:\/\/www.dogevenice.com\/fr\/#\/schema\/logo\/image\/","url":"https:\/\/www.dogevenice.com\/wp-content\/uploads\/sites\/51\/2026\/02\/logo_the_doge_signature_collection_c.svg","contentUrl":"https:\/\/www.dogevenice.com\/wp-content\/uploads\/sites\/51\/2026\/02\/logo_the_doge_signature_collection_c.svg","width":416,"height":64,"caption":"The Doge Signature Collection"},"image":{"@id":"https:\/\/www.dogevenice.com\/fr\/#\/schema\/logo\/image\/"}}]}},"acf":[],"_links":{"self":[{"href":"https:\/\/www.dogevenice.com\/fr\/wp-json\/wp\/v2\/pages\/292","targetHints":{"allow":["GET"]}}],"collection":[{"href":"https:\/\/www.dogevenice.com\/fr\/wp-json\/wp\/v2\/pages"}],"about":[{"href":"https:\/\/www.dogevenice.com\/fr\/wp-json\/wp\/v2\/types\/page"}],"author":[{"embeddable":true,"href":"https:\/\/www.dogevenice.com\/fr\/wp-json\/wp\/v2\/users\/6"}],"replies":[{"embeddable":true,"href":"https:\/\/www.dogevenice.com\/fr\/wp-json\/wp\/v2\/comments?post=292"}],"version-history":[{"count":0,"href":"https:\/\/www.dogevenice.com\/fr\/wp-json\/wp\/v2\/pages\/292\/revisions"}],"wp:attachment":[{"href":"https:\/\/www.dogevenice.com\/fr\/wp-json\/wp\/v2\/media?parent=292"}],"curies":[{"name":"wp","href":"https:\/\/api.w.org\/{rel}","templated":true}]}}