{"id":270,"date":"2026-02-05T13:40:54","date_gmt":"2026-02-05T13:40:54","guid":{"rendered":"https:\/\/dogeexclusivecollection.ms3.decms.eu\/?page_id=270"},"modified":"2026-03-05T16:07:58","modified_gmt":"2026-03-05T16:07:58","slug":"services","status":"publish","type":"page","link":"https:\/\/www.dogevenice.com\/fr\/services\/","title":{"rendered":"Services"},"content":{"rendered":"<p data-path-to-node=\"16\"><b data-path-to-node=\"16\" data-index-in-node=\"0\">The Doge Signature Collection<\/b> r\u00e9unit le <b data-path-to-node=\"16\" data-index-in-node=\"40\">Bellevue B&amp;B<\/b>, les <b data-path-to-node=\"16\" data-index-in-node=\"58\">Canaletto Suites<\/b>, les <b data-path-to-node=\"16\" data-index-in-node=\"80\">Rialto Studios<\/b> et la <b data-path-to-node=\"16\" data-index-in-node=\"101\">Torre dell\u2019Orologio Signature Residence<\/b> sous une approche de l&rsquo;hospitalit\u00e9 unique, coh\u00e9rente et distinctive.<\/p>\n<p data-path-to-node=\"17\">Les services varient selon l&rsquo;\u00e9tablissement, dans le respect de son identit\u00e9 et de son caract\u00e8re unique. Notre personnel multilingue est \u00e0 votre disposition avant et pendant votre s\u00e9jour pour garantir un accueil impeccable, un soutien local et des conseils personnalis\u00e9s, rendant chaque moment de votre s\u00e9jour simple et agr\u00e9able.<\/p>\n<p data-path-to-node=\"18\">Nous n&rsquo;offrons pas de simples services, mais une exp\u00e9rience \u00e9tudi\u00e9e dans les moindres d\u00e9tails, discr\u00e8te, efficace et centr\u00e9e sur ce qui rend votre s\u00e9jour \u00e0 Venise vraiment inoubliable.<\/p>\n<p data-path-to-node=\"19\">Pour un moment de d\u00e9tente ou un ap\u00e9ritif, le lounge bar <b data-path-to-node=\"19\" data-index-in-node=\"56\">Bar del Doge<\/b> situ\u00e9 au sein du <b data-path-to-node=\"19\" data-index-in-node=\"86\">Cavalletto &amp; Doge Orseolo<\/b> est con\u00e7u pour un verre \u00e9l\u00e9gant dans une atmosph\u00e8re raffin\u00e9e, parfait pour un after-hours v\u00e9nitien avec vue sur le <b data-path-to-node=\"19\" data-index-in-node=\"227\">Bacino Orseolo<\/b>.<\/p>\n<p data-path-to-node=\"20\">Le s\u00e9jour peut \u00eatre enrichi par un d\u00e9jeuner ou un d\u00eener au <b data-path-to-node=\"20\" data-index-in-node=\"59\">Ristorante San Marco<\/b>, \u00e0 l&rsquo;int\u00e9rieur de l&rsquo;<b data-path-to-node=\"20\" data-index-in-node=\"100\">Albergo San Marco<\/b>, o\u00f9 la cuisine authentique et les cadres raffin\u00e9s transforment chaque repas en une exp\u00e9rience m\u00e9morable.<\/p>\n","protected":false},"excerpt":{"rendered":"<p>The Doge Signature Collection r\u00e9unit le Bellevue B&amp;B, les Canaletto Suites, les Rialto Studios et la Torre dell\u2019Orologio Signature Residence sous une approche de l&rsquo;hospitalit\u00e9 unique, coh\u00e9rente et distinctive. Les services varient selon l&rsquo;\u00e9tablissement, dans le respect de son identit\u00e9 et de son caract\u00e8re unique. Notre personnel multilingue est \u00e0 votre disposition avant et pendant [&hellip;]<\/p>\n","protected":false},"author":6,"featured_media":0,"parent":0,"menu_order":60,"comment_status":"closed","ping_status":"closed","template":"template-services.php","meta":{"footnotes":""},"class_list":["post-270","page","type-page","status-publish","hentry"],"yoast_head":"<!-- This site is optimized with the Yoast SEO plugin v26.9 - https:\/\/yoast.com\/product\/yoast-seo-wordpress\/ -->\n<title>Services - Doge Exclusive Collection -<\/title>\n<meta name=\"description\" content=\"The Doge Signature Collection r\u00e9unit le Bellevue B&amp;B, les Canaletto Suites, les Rialto Studios et la Torre dell\u2019Orologio Signature Residence sous une approche de l&#039;hospitalit\u00e9 unique, coh\u00e9rente et distinctive. Les services varient selon l&#039;\u00e9tablissement, dans le respect de son identit\u00e9 et de son caract\u00e8re unique. Notre personnel multilingue est \u00e0 votre disposition avant et pendant votre s\u00e9jour pour garantir un accueil impeccable, un soutien local et des conseils personnalis\u00e9s, rendant chaque moment de votre s\u00e9jour simple et agr\u00e9able. Nous n&#039;offrons pas de simples services, mais une exp\u00e9rience \u00e9tudi\u00e9e dans les moindres d\u00e9tails, discr\u00e8te, efficace et centr\u00e9e sur ce qui rend votre s\u00e9jour \u00e0 Venise vraiment inoubliable. Pour un moment de d\u00e9tente ou un ap\u00e9ritif, le lounge bar Bar del Doge situ\u00e9 au sein du Cavalletto &amp; Doge Orseolo est con\u00e7u pour un verre \u00e9l\u00e9gant dans une atmosph\u00e8re raffin\u00e9e, parfait pour un after-hours v\u00e9nitien avec vue sur le Bacino Orseolo. Le s\u00e9jour peut \u00eatre enrichi par un d\u00e9jeuner ou un d\u00eener au Ristorante San Marco, \u00e0 l&#039;int\u00e9rieur de l&#039;Albergo San Marco, o\u00f9 la cuisine authentique et les cadres raffin\u00e9s transforment chaque repas en une exp\u00e9rience m\u00e9morable.\" \/>\n<meta name=\"robots\" content=\"index, follow, max-snippet:-1, max-image-preview:large, max-video-preview:-1\" \/>\n<link rel=\"canonical\" href=\"https:\/\/www.dogevenice.com\/fr\/services\/\" \/>\n<meta property=\"og:locale\" content=\"fr_FR\" \/>\n<meta property=\"og:type\" content=\"article\" \/>\n<meta property=\"og:title\" content=\"Services - Doge Exclusive Collection -\" \/>\n<meta property=\"og:description\" content=\"The Doge Signature Collection r\u00e9unit le Bellevue B&amp;B, les Canaletto Suites, les Rialto Studios et la Torre dell\u2019Orologio Signature Residence sous une approche de l&#039;hospitalit\u00e9 unique, coh\u00e9rente et distinctive. Les services varient selon l&#039;\u00e9tablissement, dans le respect de son identit\u00e9 et de son caract\u00e8re unique. Notre personnel multilingue est \u00e0 votre disposition avant et pendant votre s\u00e9jour pour garantir un accueil impeccable, un soutien local et des conseils personnalis\u00e9s, rendant chaque moment de votre s\u00e9jour simple et agr\u00e9able. Nous n&#039;offrons pas de simples services, mais une exp\u00e9rience \u00e9tudi\u00e9e dans les moindres d\u00e9tails, discr\u00e8te, efficace et centr\u00e9e sur ce qui rend votre s\u00e9jour \u00e0 Venise vraiment inoubliable. Pour un moment de d\u00e9tente ou un ap\u00e9ritif, le lounge bar Bar del Doge situ\u00e9 au sein du Cavalletto &amp; Doge Orseolo est con\u00e7u pour un verre \u00e9l\u00e9gant dans une atmosph\u00e8re raffin\u00e9e, parfait pour un after-hours v\u00e9nitien avec vue sur le Bacino Orseolo. Le s\u00e9jour peut \u00eatre enrichi par un d\u00e9jeuner ou un d\u00eener au Ristorante San Marco, \u00e0 l&#039;int\u00e9rieur de l&#039;Albergo San Marco, o\u00f9 la cuisine authentique et les cadres raffin\u00e9s transforment chaque repas en une exp\u00e9rience m\u00e9morable.\" \/>\n<meta property=\"og:url\" content=\"https:\/\/www.dogevenice.com\/fr\/services\/\" \/>\n<meta property=\"og:site_name\" content=\"Doge Exclusive Collection\" \/>\n<meta property=\"article:modified_time\" content=\"2026-03-05T16:07:58+00:00\" \/>\n<meta name=\"twitter:card\" content=\"summary_large_image\" \/>\n<meta name=\"twitter:label1\" content=\"Est. reading time\" \/>\n\t<meta name=\"twitter:data1\" content=\"1 minute\" \/>\n<script type=\"application\/ld+json\" class=\"yoast-schema-graph\">{\"@context\":\"https:\/\/schema.org\",\"@graph\":[{\"@type\":\"WebPage\",\"@id\":\"https:\/\/www.dogevenice.com\/fr\/services\/\",\"url\":\"https:\/\/www.dogevenice.com\/fr\/services\/\",\"name\":\"Services - Doge Exclusive Collection -\",\"isPartOf\":{\"@id\":\"https:\/\/www.dogevenice.com\/fr\/#website\"},\"datePublished\":\"2026-02-05T13:40:54+00:00\",\"dateModified\":\"2026-03-05T16:07:58+00:00\",\"description\":\"The Doge Signature Collection r\u00e9unit le Bellevue B&amp;B, les Canaletto Suites, les Rialto Studios et la Torre dell\u2019Orologio Signature Residence sous une approche de l'hospitalit\u00e9 unique, coh\u00e9rente et distinctive. Les services varient selon l'\u00e9tablissement, dans le respect de son identit\u00e9 et de son caract\u00e8re unique. Notre personnel multilingue est \u00e0 votre disposition avant et pendant votre s\u00e9jour pour garantir un accueil impeccable, un soutien local et des conseils personnalis\u00e9s, rendant chaque moment de votre s\u00e9jour simple et agr\u00e9able. Nous n'offrons pas de simples services, mais une exp\u00e9rience \u00e9tudi\u00e9e dans les moindres d\u00e9tails, discr\u00e8te, efficace et centr\u00e9e sur ce qui rend votre s\u00e9jour \u00e0 Venise vraiment inoubliable. Pour un moment de d\u00e9tente ou un ap\u00e9ritif, le lounge bar Bar del Doge situ\u00e9 au sein du Cavalletto &amp; Doge Orseolo est con\u00e7u pour un verre \u00e9l\u00e9gant dans une atmosph\u00e8re raffin\u00e9e, parfait pour un after-hours v\u00e9nitien avec vue sur le Bacino Orseolo. Le s\u00e9jour peut \u00eatre enrichi par un d\u00e9jeuner ou un d\u00eener au Ristorante San Marco, \u00e0 l'int\u00e9rieur de l'Albergo San Marco, o\u00f9 la cuisine authentique et les cadres raffin\u00e9s transforment chaque repas en une exp\u00e9rience m\u00e9morable.\",\"breadcrumb\":{\"@id\":\"https:\/\/www.dogevenice.com\/fr\/services\/#breadcrumb\"},\"inLanguage\":\"fr-FR\",\"potentialAction\":[{\"@type\":\"ReadAction\",\"target\":[\"https:\/\/www.dogevenice.com\/fr\/services\/\"]}]},{\"@type\":\"BreadcrumbList\",\"@id\":\"https:\/\/www.dogevenice.com\/fr\/services\/#breadcrumb\",\"itemListElement\":[{\"@type\":\"ListItem\",\"position\":1,\"name\":\"Home\",\"item\":\"https:\/\/www.dogevenice.com\/fr\/\"},{\"@type\":\"ListItem\",\"position\":2,\"name\":\"Services\"}]},{\"@type\":\"WebSite\",\"@id\":\"https:\/\/www.dogevenice.com\/fr\/#website\",\"url\":\"https:\/\/www.dogevenice.com\/fr\/\",\"name\":\"The Doge Signature Collection\",\"description\":\"\",\"publisher\":{\"@id\":\"https:\/\/www.dogevenice.com\/fr\/#organization\"},\"potentialAction\":[{\"@type\":\"SearchAction\",\"target\":{\"@type\":\"EntryPoint\",\"urlTemplate\":\"https:\/\/www.dogevenice.com\/fr\/?s={search_term_string}\"},\"query-input\":{\"@type\":\"PropertyValueSpecification\",\"valueRequired\":true,\"valueName\":\"search_term_string\"}}],\"inLanguage\":\"fr-FR\"},{\"@type\":\"Organization\",\"@id\":\"https:\/\/www.dogevenice.com\/fr\/#organization\",\"name\":\"The Doge Signature Collection\",\"url\":\"https:\/\/www.dogevenice.com\/fr\/\",\"logo\":{\"@type\":\"ImageObject\",\"inLanguage\":\"fr-FR\",\"@id\":\"https:\/\/www.dogevenice.com\/fr\/#\/schema\/logo\/image\/\",\"url\":\"https:\/\/www.dogevenice.com\/wp-content\/uploads\/sites\/51\/2026\/02\/logo_the_doge_signature_collection_c.svg\",\"contentUrl\":\"https:\/\/www.dogevenice.com\/wp-content\/uploads\/sites\/51\/2026\/02\/logo_the_doge_signature_collection_c.svg\",\"width\":416,\"height\":64,\"caption\":\"The Doge Signature Collection\"},\"image\":{\"@id\":\"https:\/\/www.dogevenice.com\/fr\/#\/schema\/logo\/image\/\"}}]}<\/script>\n<!-- \/ Yoast SEO plugin. -->","yoast_head_json":{"title":"Services - Doge Exclusive Collection -","description":"The Doge Signature Collection r\u00e9unit le Bellevue B&amp;B, les Canaletto Suites, les Rialto Studios et la Torre dell\u2019Orologio Signature Residence sous une approche de l'hospitalit\u00e9 unique, coh\u00e9rente et distinctive. Les services varient selon l'\u00e9tablissement, dans le respect de son identit\u00e9 et de son caract\u00e8re unique. Notre personnel multilingue est \u00e0 votre disposition avant et pendant votre s\u00e9jour pour garantir un accueil impeccable, un soutien local et des conseils personnalis\u00e9s, rendant chaque moment de votre s\u00e9jour simple et agr\u00e9able. Nous n'offrons pas de simples services, mais une exp\u00e9rience \u00e9tudi\u00e9e dans les moindres d\u00e9tails, discr\u00e8te, efficace et centr\u00e9e sur ce qui rend votre s\u00e9jour \u00e0 Venise vraiment inoubliable. Pour un moment de d\u00e9tente ou un ap\u00e9ritif, le lounge bar Bar del Doge situ\u00e9 au sein du Cavalletto &amp; Doge Orseolo est con\u00e7u pour un verre \u00e9l\u00e9gant dans une atmosph\u00e8re raffin\u00e9e, parfait pour un after-hours v\u00e9nitien avec vue sur le Bacino Orseolo. Le s\u00e9jour peut \u00eatre enrichi par un d\u00e9jeuner ou un d\u00eener au Ristorante San Marco, \u00e0 l'int\u00e9rieur de l'Albergo San Marco, o\u00f9 la cuisine authentique et les cadres raffin\u00e9s transforment chaque repas en une exp\u00e9rience m\u00e9morable.","robots":{"index":"index","follow":"follow","max-snippet":"max-snippet:-1","max-image-preview":"max-image-preview:large","max-video-preview":"max-video-preview:-1"},"canonical":"https:\/\/www.dogevenice.com\/fr\/services\/","og_locale":"fr_FR","og_type":"article","og_title":"Services - Doge Exclusive Collection -","og_description":"The Doge Signature Collection r\u00e9unit le Bellevue B&amp;B, les Canaletto Suites, les Rialto Studios et la Torre dell\u2019Orologio Signature Residence sous une approche de l'hospitalit\u00e9 unique, coh\u00e9rente et distinctive. Les services varient selon l'\u00e9tablissement, dans le respect de son identit\u00e9 et de son caract\u00e8re unique. Notre personnel multilingue est \u00e0 votre disposition avant et pendant votre s\u00e9jour pour garantir un accueil impeccable, un soutien local et des conseils personnalis\u00e9s, rendant chaque moment de votre s\u00e9jour simple et agr\u00e9able. Nous n'offrons pas de simples services, mais une exp\u00e9rience \u00e9tudi\u00e9e dans les moindres d\u00e9tails, discr\u00e8te, efficace et centr\u00e9e sur ce qui rend votre s\u00e9jour \u00e0 Venise vraiment inoubliable. Pour un moment de d\u00e9tente ou un ap\u00e9ritif, le lounge bar Bar del Doge situ\u00e9 au sein du Cavalletto &amp; Doge Orseolo est con\u00e7u pour un verre \u00e9l\u00e9gant dans une atmosph\u00e8re raffin\u00e9e, parfait pour un after-hours v\u00e9nitien avec vue sur le Bacino Orseolo. Le s\u00e9jour peut \u00eatre enrichi par un d\u00e9jeuner ou un d\u00eener au Ristorante San Marco, \u00e0 l'int\u00e9rieur de l'Albergo San Marco, o\u00f9 la cuisine authentique et les cadres raffin\u00e9s transforment chaque repas en une exp\u00e9rience m\u00e9morable.","og_url":"https:\/\/www.dogevenice.com\/fr\/services\/","og_site_name":"Doge Exclusive Collection","article_modified_time":"2026-03-05T16:07:58+00:00","twitter_card":"summary_large_image","twitter_misc":{"Est. reading time":"1 minute"},"schema":{"@context":"https:\/\/schema.org","@graph":[{"@type":"WebPage","@id":"https:\/\/www.dogevenice.com\/fr\/services\/","url":"https:\/\/www.dogevenice.com\/fr\/services\/","name":"Services - Doge Exclusive Collection -","isPartOf":{"@id":"https:\/\/www.dogevenice.com\/fr\/#website"},"datePublished":"2026-02-05T13:40:54+00:00","dateModified":"2026-03-05T16:07:58+00:00","description":"The Doge Signature Collection r\u00e9unit le Bellevue B&amp;B, les Canaletto Suites, les Rialto Studios et la Torre dell\u2019Orologio Signature Residence sous une approche de l'hospitalit\u00e9 unique, coh\u00e9rente et distinctive. Les services varient selon l'\u00e9tablissement, dans le respect de son identit\u00e9 et de son caract\u00e8re unique. Notre personnel multilingue est \u00e0 votre disposition avant et pendant votre s\u00e9jour pour garantir un accueil impeccable, un soutien local et des conseils personnalis\u00e9s, rendant chaque moment de votre s\u00e9jour simple et agr\u00e9able. Nous n'offrons pas de simples services, mais une exp\u00e9rience \u00e9tudi\u00e9e dans les moindres d\u00e9tails, discr\u00e8te, efficace et centr\u00e9e sur ce qui rend votre s\u00e9jour \u00e0 Venise vraiment inoubliable. Pour un moment de d\u00e9tente ou un ap\u00e9ritif, le lounge bar Bar del Doge situ\u00e9 au sein du Cavalletto &amp; Doge Orseolo est con\u00e7u pour un verre \u00e9l\u00e9gant dans une atmosph\u00e8re raffin\u00e9e, parfait pour un after-hours v\u00e9nitien avec vue sur le Bacino Orseolo. Le s\u00e9jour peut \u00eatre enrichi par un d\u00e9jeuner ou un d\u00eener au Ristorante San Marco, \u00e0 l'int\u00e9rieur de l'Albergo San Marco, o\u00f9 la cuisine authentique et les cadres raffin\u00e9s transforment chaque repas en une exp\u00e9rience m\u00e9morable.","breadcrumb":{"@id":"https:\/\/www.dogevenice.com\/fr\/services\/#breadcrumb"},"inLanguage":"fr-FR","potentialAction":[{"@type":"ReadAction","target":["https:\/\/www.dogevenice.com\/fr\/services\/"]}]},{"@type":"BreadcrumbList","@id":"https:\/\/www.dogevenice.com\/fr\/services\/#breadcrumb","itemListElement":[{"@type":"ListItem","position":1,"name":"Home","item":"https:\/\/www.dogevenice.com\/fr\/"},{"@type":"ListItem","position":2,"name":"Services"}]},{"@type":"WebSite","@id":"https:\/\/www.dogevenice.com\/fr\/#website","url":"https:\/\/www.dogevenice.com\/fr\/","name":"The Doge Signature Collection","description":"","publisher":{"@id":"https:\/\/www.dogevenice.com\/fr\/#organization"},"potentialAction":[{"@type":"SearchAction","target":{"@type":"EntryPoint","urlTemplate":"https:\/\/www.dogevenice.com\/fr\/?s={search_term_string}"},"query-input":{"@type":"PropertyValueSpecification","valueRequired":true,"valueName":"search_term_string"}}],"inLanguage":"fr-FR"},{"@type":"Organization","@id":"https:\/\/www.dogevenice.com\/fr\/#organization","name":"The Doge Signature Collection","url":"https:\/\/www.dogevenice.com\/fr\/","logo":{"@type":"ImageObject","inLanguage":"fr-FR","@id":"https:\/\/www.dogevenice.com\/fr\/#\/schema\/logo\/image\/","url":"https:\/\/www.dogevenice.com\/wp-content\/uploads\/sites\/51\/2026\/02\/logo_the_doge_signature_collection_c.svg","contentUrl":"https:\/\/www.dogevenice.com\/wp-content\/uploads\/sites\/51\/2026\/02\/logo_the_doge_signature_collection_c.svg","width":416,"height":64,"caption":"The Doge Signature Collection"},"image":{"@id":"https:\/\/www.dogevenice.com\/fr\/#\/schema\/logo\/image\/"}}]}},"acf":[],"_links":{"self":[{"href":"https:\/\/www.dogevenice.com\/fr\/wp-json\/wp\/v2\/pages\/270","targetHints":{"allow":["GET"]}}],"collection":[{"href":"https:\/\/www.dogevenice.com\/fr\/wp-json\/wp\/v2\/pages"}],"about":[{"href":"https:\/\/www.dogevenice.com\/fr\/wp-json\/wp\/v2\/types\/page"}],"author":[{"embeddable":true,"href":"https:\/\/www.dogevenice.com\/fr\/wp-json\/wp\/v2\/users\/6"}],"replies":[{"embeddable":true,"href":"https:\/\/www.dogevenice.com\/fr\/wp-json\/wp\/v2\/comments?post=270"}],"version-history":[{"count":0,"href":"https:\/\/www.dogevenice.com\/fr\/wp-json\/wp\/v2\/pages\/270\/revisions"}],"wp:attachment":[{"href":"https:\/\/www.dogevenice.com\/fr\/wp-json\/wp\/v2\/media?parent=270"}],"curies":[{"name":"wp","href":"https:\/\/api.w.org\/{rel}","templated":true}]}}