{"id":250,"date":"2026-02-04T10:08:23","date_gmt":"2026-02-04T10:08:23","guid":{"rendered":"https:\/\/dogeexclusivecollection.ms3.decms.eu\/?page_id=250"},"modified":"2026-03-09T11:14:50","modified_gmt":"2026-03-09T11:14:50","slug":"appartement-studio-de-luxe-avec-terrasse","status":"publish","type":"page","link":"https:\/\/www.dogevenice.com\/fr\/rialto-studios\/appartement-studio-de-luxe-avec-terrasse\/","title":{"rendered":"Appartement Studio de Luxe avec Terrasse"},"content":{"rendered":"<p>Pour un s\u00e9jour inoubliable \u00e0 Venise, choisissez cet appartement en dernier \u00e9tage avec vue sur le <strong>Pont du Rialto<\/strong> et le <strong>Grand Canal<\/strong>. Situ\u00e9 au sommet de l&rsquo;immeuble, cet appartement spacieux offre une perspective unique sur l&rsquo;un des monuments les plus embl\u00e9matiques de la ville. De grandes fen\u00eatres panoramiques s&rsquo;ouvrent sur des vues imprenables sur le <strong>Grand Canal<\/strong> et le P<strong>ont du Rialto,<\/strong> o\u00f9 le passage incessant des gondoles et des bateaux cr\u00e9e un spectacle vivant qui \u00e9volue au fil de la journ\u00e9e. \u00c0 l&rsquo;approche du soir, alors que la lumi\u00e8re s&rsquo;adoucit sur l&rsquo;eau, l&rsquo;atmosph\u00e8re devient encore plus envo\u00fbtante, offrant l&rsquo;un des panoramas les plus m\u00e9morables de Venise. Ses volumes g\u00e9n\u00e9reux et son design soign\u00e9 font de cet appartement un lieu particuli\u00e8rement appr\u00e9ci\u00e9 des h\u00f4tes en qu\u00eate d&rsquo;intimit\u00e9, de confort et d&rsquo;un emplacement exceptionnel \u00e0 proximit\u00e9 du <strong>Rialto<\/strong>.<\/p>\n","protected":false},"excerpt":{"rendered":"<p>Pour un s\u00e9jour inoubliable \u00e0 Venise, choisissez cet appartement en dernier \u00e9tage avec vue sur le Pont du Rialto et le Grand Canal. Situ\u00e9 au sommet de l&rsquo;immeuble, cet appartement spacieux offre une perspective unique sur l&rsquo;un des monuments les plus embl\u00e9matiques de la ville. De grandes fen\u00eatres panoramiques s&rsquo;ouvrent sur des vues imprenables sur [&hellip;]<\/p>\n","protected":false},"author":6,"featured_media":0,"parent":234,"menu_order":30,"comment_status":"closed","ping_status":"closed","template":"template-single-room.php","meta":{"footnotes":""},"class_list":["post-250","page","type-page","status-publish","hentry"],"yoast_head":"<!-- This site is optimized with the Yoast SEO plugin v26.9 - https:\/\/yoast.com\/product\/yoast-seo-wordpress\/ -->\n<title>Appartement Studio de Luxe avec Terrasse - Doge Exclusive Collection -<\/title>\n<meta name=\"description\" content=\"Pour un s\u00e9jour inoubliable \u00e0 Venise, choisissez cet appartement en dernier \u00e9tage avec vue sur le Pont du Rialto et le Grand Canal. Situ\u00e9 au sommet de l&#039;immeuble, cet appartement spacieux offre une perspective unique sur l&#039;un des monuments les plus embl\u00e9matiques de la ville\" \/>\n<meta name=\"robots\" content=\"index, follow, max-snippet:-1, max-image-preview:large, max-video-preview:-1\" \/>\n<link rel=\"canonical\" href=\"https:\/\/www.dogevenice.com\/fr\/rialto-studios\/appartement-studio-de-luxe-avec-terrasse\/\" \/>\n<meta property=\"og:locale\" content=\"fr_FR\" \/>\n<meta property=\"og:type\" content=\"article\" \/>\n<meta property=\"og:title\" content=\"Appartement Studio de Luxe avec Terrasse - Doge Exclusive Collection -\" \/>\n<meta property=\"og:description\" content=\"Pour un s\u00e9jour inoubliable \u00e0 Venise, choisissez cet appartement en dernier \u00e9tage avec vue sur le Pont du Rialto et le Grand Canal. Situ\u00e9 au sommet de l&#039;immeuble, cet appartement spacieux offre une perspective unique sur l&#039;un des monuments les plus embl\u00e9matiques de la ville\" \/>\n<meta property=\"og:url\" content=\"https:\/\/www.dogevenice.com\/fr\/rialto-studios\/appartement-studio-de-luxe-avec-terrasse\/\" \/>\n<meta property=\"og:site_name\" content=\"Doge Exclusive Collection\" \/>\n<meta property=\"article:modified_time\" content=\"2026-03-09T11:14:50+00:00\" \/>\n<meta name=\"twitter:card\" content=\"summary_large_image\" \/>\n<meta name=\"twitter:label1\" content=\"Est. reading time\" \/>\n\t<meta name=\"twitter:data1\" content=\"1 minute\" \/>\n<script type=\"application\/ld+json\" class=\"yoast-schema-graph\">{\"@context\":\"https:\/\/schema.org\",\"@graph\":[{\"@type\":\"WebPage\",\"@id\":\"https:\/\/www.dogevenice.com\/fr\/rialto-studios\/appartement-studio-de-luxe-avec-terrasse\/\",\"url\":\"https:\/\/www.dogevenice.com\/fr\/rialto-studios\/appartement-studio-de-luxe-avec-terrasse\/\",\"name\":\"Appartement Studio de Luxe avec Terrasse - Doge Exclusive Collection -\",\"isPartOf\":{\"@id\":\"https:\/\/www.dogevenice.com\/fr\/#website\"},\"datePublished\":\"2026-02-04T10:08:23+00:00\",\"dateModified\":\"2026-03-09T11:14:50+00:00\",\"description\":\"Pour un s\u00e9jour inoubliable \u00e0 Venise, choisissez cet appartement en dernier \u00e9tage avec vue sur le Pont du Rialto et le Grand Canal. Situ\u00e9 au sommet de l'immeuble, cet appartement spacieux offre une perspective unique sur l'un des monuments les plus embl\u00e9matiques de la ville\",\"breadcrumb\":{\"@id\":\"https:\/\/www.dogevenice.com\/fr\/rialto-studios\/appartement-studio-de-luxe-avec-terrasse\/#breadcrumb\"},\"inLanguage\":\"fr-FR\",\"potentialAction\":[{\"@type\":\"ReadAction\",\"target\":[\"https:\/\/www.dogevenice.com\/fr\/rialto-studios\/appartement-studio-de-luxe-avec-terrasse\/\"]}]},{\"@type\":\"BreadcrumbList\",\"@id\":\"https:\/\/www.dogevenice.com\/fr\/rialto-studios\/appartement-studio-de-luxe-avec-terrasse\/#breadcrumb\",\"itemListElement\":[{\"@type\":\"ListItem\",\"position\":1,\"name\":\"Home\",\"item\":\"https:\/\/www.dogevenice.com\/fr\/\"},{\"@type\":\"ListItem\",\"position\":2,\"name\":\"Rialto Studios\",\"item\":\"https:\/\/www.dogevenice.com\/fr\/rialto-studios\/\"},{\"@type\":\"ListItem\",\"position\":3,\"name\":\"Appartement Studio de Luxe avec Terrasse\"}]},{\"@type\":\"WebSite\",\"@id\":\"https:\/\/www.dogevenice.com\/fr\/#website\",\"url\":\"https:\/\/www.dogevenice.com\/fr\/\",\"name\":\"The Doge Signature Collection\",\"description\":\"\",\"publisher\":{\"@id\":\"https:\/\/www.dogevenice.com\/fr\/#organization\"},\"potentialAction\":[{\"@type\":\"SearchAction\",\"target\":{\"@type\":\"EntryPoint\",\"urlTemplate\":\"https:\/\/www.dogevenice.com\/fr\/?s={search_term_string}\"},\"query-input\":{\"@type\":\"PropertyValueSpecification\",\"valueRequired\":true,\"valueName\":\"search_term_string\"}}],\"inLanguage\":\"fr-FR\"},{\"@type\":\"Organization\",\"@id\":\"https:\/\/www.dogevenice.com\/fr\/#organization\",\"name\":\"The Doge Signature Collection\",\"url\":\"https:\/\/www.dogevenice.com\/fr\/\",\"logo\":{\"@type\":\"ImageObject\",\"inLanguage\":\"fr-FR\",\"@id\":\"https:\/\/www.dogevenice.com\/fr\/#\/schema\/logo\/image\/\",\"url\":\"https:\/\/www.dogevenice.com\/wp-content\/uploads\/sites\/51\/2026\/02\/logo_the_doge_signature_collection_c.svg\",\"contentUrl\":\"https:\/\/www.dogevenice.com\/wp-content\/uploads\/sites\/51\/2026\/02\/logo_the_doge_signature_collection_c.svg\",\"width\":416,\"height\":64,\"caption\":\"The Doge Signature Collection\"},\"image\":{\"@id\":\"https:\/\/www.dogevenice.com\/fr\/#\/schema\/logo\/image\/\"}}]}<\/script>\n<!-- \/ Yoast SEO plugin. -->","yoast_head_json":{"title":"Appartement Studio de Luxe avec Terrasse - Doge Exclusive Collection -","description":"Pour un s\u00e9jour inoubliable \u00e0 Venise, choisissez cet appartement en dernier \u00e9tage avec vue sur le Pont du Rialto et le Grand Canal. Situ\u00e9 au sommet de l'immeuble, cet appartement spacieux offre une perspective unique sur l'un des monuments les plus embl\u00e9matiques de la ville","robots":{"index":"index","follow":"follow","max-snippet":"max-snippet:-1","max-image-preview":"max-image-preview:large","max-video-preview":"max-video-preview:-1"},"canonical":"https:\/\/www.dogevenice.com\/fr\/rialto-studios\/appartement-studio-de-luxe-avec-terrasse\/","og_locale":"fr_FR","og_type":"article","og_title":"Appartement Studio de Luxe avec Terrasse - Doge Exclusive Collection -","og_description":"Pour un s\u00e9jour inoubliable \u00e0 Venise, choisissez cet appartement en dernier \u00e9tage avec vue sur le Pont du Rialto et le Grand Canal. Situ\u00e9 au sommet de l'immeuble, cet appartement spacieux offre une perspective unique sur l'un des monuments les plus embl\u00e9matiques de la ville","og_url":"https:\/\/www.dogevenice.com\/fr\/rialto-studios\/appartement-studio-de-luxe-avec-terrasse\/","og_site_name":"Doge Exclusive Collection","article_modified_time":"2026-03-09T11:14:50+00:00","twitter_card":"summary_large_image","twitter_misc":{"Est. reading time":"1 minute"},"schema":{"@context":"https:\/\/schema.org","@graph":[{"@type":"WebPage","@id":"https:\/\/www.dogevenice.com\/fr\/rialto-studios\/appartement-studio-de-luxe-avec-terrasse\/","url":"https:\/\/www.dogevenice.com\/fr\/rialto-studios\/appartement-studio-de-luxe-avec-terrasse\/","name":"Appartement Studio de Luxe avec Terrasse - Doge Exclusive Collection -","isPartOf":{"@id":"https:\/\/www.dogevenice.com\/fr\/#website"},"datePublished":"2026-02-04T10:08:23+00:00","dateModified":"2026-03-09T11:14:50+00:00","description":"Pour un s\u00e9jour inoubliable \u00e0 Venise, choisissez cet appartement en dernier \u00e9tage avec vue sur le Pont du Rialto et le Grand Canal. Situ\u00e9 au sommet de l'immeuble, cet appartement spacieux offre une perspective unique sur l'un des monuments les plus embl\u00e9matiques de la ville","breadcrumb":{"@id":"https:\/\/www.dogevenice.com\/fr\/rialto-studios\/appartement-studio-de-luxe-avec-terrasse\/#breadcrumb"},"inLanguage":"fr-FR","potentialAction":[{"@type":"ReadAction","target":["https:\/\/www.dogevenice.com\/fr\/rialto-studios\/appartement-studio-de-luxe-avec-terrasse\/"]}]},{"@type":"BreadcrumbList","@id":"https:\/\/www.dogevenice.com\/fr\/rialto-studios\/appartement-studio-de-luxe-avec-terrasse\/#breadcrumb","itemListElement":[{"@type":"ListItem","position":1,"name":"Home","item":"https:\/\/www.dogevenice.com\/fr\/"},{"@type":"ListItem","position":2,"name":"Rialto Studios","item":"https:\/\/www.dogevenice.com\/fr\/rialto-studios\/"},{"@type":"ListItem","position":3,"name":"Appartement Studio de Luxe avec Terrasse"}]},{"@type":"WebSite","@id":"https:\/\/www.dogevenice.com\/fr\/#website","url":"https:\/\/www.dogevenice.com\/fr\/","name":"The Doge Signature Collection","description":"","publisher":{"@id":"https:\/\/www.dogevenice.com\/fr\/#organization"},"potentialAction":[{"@type":"SearchAction","target":{"@type":"EntryPoint","urlTemplate":"https:\/\/www.dogevenice.com\/fr\/?s={search_term_string}"},"query-input":{"@type":"PropertyValueSpecification","valueRequired":true,"valueName":"search_term_string"}}],"inLanguage":"fr-FR"},{"@type":"Organization","@id":"https:\/\/www.dogevenice.com\/fr\/#organization","name":"The Doge Signature Collection","url":"https:\/\/www.dogevenice.com\/fr\/","logo":{"@type":"ImageObject","inLanguage":"fr-FR","@id":"https:\/\/www.dogevenice.com\/fr\/#\/schema\/logo\/image\/","url":"https:\/\/www.dogevenice.com\/wp-content\/uploads\/sites\/51\/2026\/02\/logo_the_doge_signature_collection_c.svg","contentUrl":"https:\/\/www.dogevenice.com\/wp-content\/uploads\/sites\/51\/2026\/02\/logo_the_doge_signature_collection_c.svg","width":416,"height":64,"caption":"The Doge Signature Collection"},"image":{"@id":"https:\/\/www.dogevenice.com\/fr\/#\/schema\/logo\/image\/"}}]}},"acf":[],"_links":{"self":[{"href":"https:\/\/www.dogevenice.com\/fr\/wp-json\/wp\/v2\/pages\/250","targetHints":{"allow":["GET"]}}],"collection":[{"href":"https:\/\/www.dogevenice.com\/fr\/wp-json\/wp\/v2\/pages"}],"about":[{"href":"https:\/\/www.dogevenice.com\/fr\/wp-json\/wp\/v2\/types\/page"}],"author":[{"embeddable":true,"href":"https:\/\/www.dogevenice.com\/fr\/wp-json\/wp\/v2\/users\/6"}],"replies":[{"embeddable":true,"href":"https:\/\/www.dogevenice.com\/fr\/wp-json\/wp\/v2\/comments?post=250"}],"version-history":[{"count":0,"href":"https:\/\/www.dogevenice.com\/fr\/wp-json\/wp\/v2\/pages\/250\/revisions"}],"up":[{"embeddable":true,"href":"https:\/\/www.dogevenice.com\/fr\/wp-json\/wp\/v2\/pages\/234"}],"wp:attachment":[{"href":"https:\/\/www.dogevenice.com\/fr\/wp-json\/wp\/v2\/media?parent=250"}],"curies":[{"name":"wp","href":"https:\/\/api.w.org\/{rel}","templated":true}]}}