{"id":245,"date":"2026-02-04T10:08:06","date_gmt":"2026-02-04T10:08:06","guid":{"rendered":"https:\/\/dogeexclusivecollection.ms3.decms.eu\/?page_id=245"},"modified":"2026-03-09T14:34:01","modified_gmt":"2026-03-09T14:34:01","slug":"studio-deluxe","status":"publish","type":"page","link":"https:\/\/www.dogevenice.com\/fr\/rialto-studios\/studio-deluxe\/","title":{"rendered":"Studio Deluxe avec Grand Canal View"},"content":{"rendered":"<p data-path-to-node=\"7\">R\u00e9veillez-vous face \u00e0 l&rsquo;une des vues les plus embl\u00e9matiques de Venise. Ces studios surplombent le <strong>Pont du Rialto<\/strong> et le <strong>Grand Canal<\/strong>, offrant une perspective privil\u00e9gi\u00e9e sur le rythme de la ville : le glissement des gondoles sur l&rsquo;eau, les reflets des palais historiques et l&rsquo;atmosph\u00e8re anim\u00e9e qui fait de ce quartier l&rsquo;un des lieux les plus c\u00e9l\u00e8bres de Venise.<\/p>\n<p data-path-to-node=\"8\">Situ\u00e9s \u00e0 deux pas du Pont du Rialto, ces appartements allient un cadre exceptionnel au confort et \u00e0 l&rsquo;ind\u00e9pendance. Les int\u00e9rieurs lumineux et les espaces soigneusement am\u00e9nag\u00e9s en font le choix id\u00e9al pour les couples en qu\u00eate d&rsquo;un s\u00e9jour m\u00e9morable avec vue sur le Grand Canal. Des \u00e9quipements modernes garantissent une exp\u00e9rience confortable tout en permettant aux h\u00f4tes de profiter pleinement du charme unique de Venise depuis un point de vue v\u00e9ritablement exclusif.<\/p>\n","protected":false},"excerpt":{"rendered":"<p>R\u00e9veillez-vous face \u00e0 l&rsquo;une des vues les plus embl\u00e9matiques de Venise. Ces studios surplombent le Pont du Rialto et le Grand Canal, offrant une perspective privil\u00e9gi\u00e9e sur le rythme de la ville : le glissement des gondoles sur l&rsquo;eau, les reflets des palais historiques et l&rsquo;atmosph\u00e8re anim\u00e9e qui fait de ce quartier l&rsquo;un des lieux [&hellip;]<\/p>\n","protected":false},"author":6,"featured_media":0,"parent":234,"menu_order":20,"comment_status":"closed","ping_status":"closed","template":"template-single-room.php","meta":{"footnotes":""},"class_list":["post-245","page","type-page","status-publish","hentry"],"yoast_head":"<!-- This site is optimized with the Yoast SEO plugin v26.9 - https:\/\/yoast.com\/product\/yoast-seo-wordpress\/ -->\n<title>Studio Deluxe avec Grand Canal View - Doge Exclusive Collection -<\/title>\n<meta name=\"description\" content=\"R\u00e9veillez-vous face \u00e0 l&#039;une des vues les plus embl\u00e9matiques de Venise. Ces studios surplombent le Pont du Rialto et le Grand Canal, offrant une perspective privil\u00e9gi\u00e9e sur le rythme de la ville : le glissement des gondoles sur l&#039;eau, les reflets des palais historiques et l&#039;atmosph\u00e8re anim\u00e9e qui fait de ce quartier l&#039;un des lieux les plus c\u00e9l\u00e8bres de Venise. Situ\u00e9s \u00e0 deux pas du Pont du Rialto, ces appartements allient un cadre exceptionnel au confort et \u00e0 l&#039;ind\u00e9pendance\" \/>\n<meta name=\"robots\" content=\"index, follow, max-snippet:-1, max-image-preview:large, max-video-preview:-1\" \/>\n<link rel=\"canonical\" href=\"https:\/\/www.dogevenice.com\/fr\/rialto-studios\/studio-deluxe\/\" \/>\n<meta property=\"og:locale\" content=\"fr_FR\" \/>\n<meta property=\"og:type\" content=\"article\" \/>\n<meta property=\"og:title\" content=\"Studio Deluxe avec Grand Canal View - Doge Exclusive Collection -\" \/>\n<meta property=\"og:description\" content=\"R\u00e9veillez-vous face \u00e0 l&#039;une des vues les plus embl\u00e9matiques de Venise. Ces studios surplombent le Pont du Rialto et le Grand Canal, offrant une perspective privil\u00e9gi\u00e9e sur le rythme de la ville : le glissement des gondoles sur l&#039;eau, les reflets des palais historiques et l&#039;atmosph\u00e8re anim\u00e9e qui fait de ce quartier l&#039;un des lieux les plus c\u00e9l\u00e8bres de Venise. Situ\u00e9s \u00e0 deux pas du Pont du Rialto, ces appartements allient un cadre exceptionnel au confort et \u00e0 l&#039;ind\u00e9pendance\" \/>\n<meta property=\"og:url\" content=\"https:\/\/www.dogevenice.com\/fr\/rialto-studios\/studio-deluxe\/\" \/>\n<meta property=\"og:site_name\" content=\"Doge Exclusive Collection\" \/>\n<meta property=\"article:modified_time\" content=\"2026-03-09T14:34:01+00:00\" \/>\n<meta name=\"twitter:card\" content=\"summary_large_image\" \/>\n<meta name=\"twitter:label1\" content=\"Est. reading time\" \/>\n\t<meta name=\"twitter:data1\" content=\"1 minute\" \/>\n<script type=\"application\/ld+json\" class=\"yoast-schema-graph\">{\"@context\":\"https:\/\/schema.org\",\"@graph\":[{\"@type\":\"WebPage\",\"@id\":\"https:\/\/www.dogevenice.com\/fr\/rialto-studios\/studio-deluxe\/\",\"url\":\"https:\/\/www.dogevenice.com\/fr\/rialto-studios\/studio-deluxe\/\",\"name\":\"Studio Deluxe avec Grand Canal View - Doge Exclusive Collection -\",\"isPartOf\":{\"@id\":\"https:\/\/www.dogevenice.com\/fr\/#website\"},\"datePublished\":\"2026-02-04T10:08:06+00:00\",\"dateModified\":\"2026-03-09T14:34:01+00:00\",\"description\":\"R\u00e9veillez-vous face \u00e0 l'une des vues les plus embl\u00e9matiques de Venise. Ces studios surplombent le Pont du Rialto et le Grand Canal, offrant une perspective privil\u00e9gi\u00e9e sur le rythme de la ville : le glissement des gondoles sur l'eau, les reflets des palais historiques et l'atmosph\u00e8re anim\u00e9e qui fait de ce quartier l'un des lieux les plus c\u00e9l\u00e8bres de Venise. Situ\u00e9s \u00e0 deux pas du Pont du Rialto, ces appartements allient un cadre exceptionnel au confort et \u00e0 l'ind\u00e9pendance\",\"breadcrumb\":{\"@id\":\"https:\/\/www.dogevenice.com\/fr\/rialto-studios\/studio-deluxe\/#breadcrumb\"},\"inLanguage\":\"fr-FR\",\"potentialAction\":[{\"@type\":\"ReadAction\",\"target\":[\"https:\/\/www.dogevenice.com\/fr\/rialto-studios\/studio-deluxe\/\"]}]},{\"@type\":\"BreadcrumbList\",\"@id\":\"https:\/\/www.dogevenice.com\/fr\/rialto-studios\/studio-deluxe\/#breadcrumb\",\"itemListElement\":[{\"@type\":\"ListItem\",\"position\":1,\"name\":\"Home\",\"item\":\"https:\/\/www.dogevenice.com\/fr\/\"},{\"@type\":\"ListItem\",\"position\":2,\"name\":\"Rialto Studios\",\"item\":\"https:\/\/www.dogevenice.com\/fr\/rialto-studios\/\"},{\"@type\":\"ListItem\",\"position\":3,\"name\":\"Studio Deluxe avec Grand Canal View\"}]},{\"@type\":\"WebSite\",\"@id\":\"https:\/\/www.dogevenice.com\/fr\/#website\",\"url\":\"https:\/\/www.dogevenice.com\/fr\/\",\"name\":\"The Doge Signature Collection\",\"description\":\"\",\"publisher\":{\"@id\":\"https:\/\/www.dogevenice.com\/fr\/#organization\"},\"potentialAction\":[{\"@type\":\"SearchAction\",\"target\":{\"@type\":\"EntryPoint\",\"urlTemplate\":\"https:\/\/www.dogevenice.com\/fr\/?s={search_term_string}\"},\"query-input\":{\"@type\":\"PropertyValueSpecification\",\"valueRequired\":true,\"valueName\":\"search_term_string\"}}],\"inLanguage\":\"fr-FR\"},{\"@type\":\"Organization\",\"@id\":\"https:\/\/www.dogevenice.com\/fr\/#organization\",\"name\":\"The Doge Signature Collection\",\"url\":\"https:\/\/www.dogevenice.com\/fr\/\",\"logo\":{\"@type\":\"ImageObject\",\"inLanguage\":\"fr-FR\",\"@id\":\"https:\/\/www.dogevenice.com\/fr\/#\/schema\/logo\/image\/\",\"url\":\"https:\/\/www.dogevenice.com\/wp-content\/uploads\/sites\/51\/2026\/02\/logo_the_doge_signature_collection_c.svg\",\"contentUrl\":\"https:\/\/www.dogevenice.com\/wp-content\/uploads\/sites\/51\/2026\/02\/logo_the_doge_signature_collection_c.svg\",\"width\":416,\"height\":64,\"caption\":\"The Doge Signature Collection\"},\"image\":{\"@id\":\"https:\/\/www.dogevenice.com\/fr\/#\/schema\/logo\/image\/\"}}]}<\/script>\n<!-- \/ Yoast SEO plugin. -->","yoast_head_json":{"title":"Studio Deluxe avec Grand Canal View - Doge Exclusive Collection -","description":"R\u00e9veillez-vous face \u00e0 l'une des vues les plus embl\u00e9matiques de Venise. Ces studios surplombent le Pont du Rialto et le Grand Canal, offrant une perspective privil\u00e9gi\u00e9e sur le rythme de la ville : le glissement des gondoles sur l'eau, les reflets des palais historiques et l'atmosph\u00e8re anim\u00e9e qui fait de ce quartier l'un des lieux les plus c\u00e9l\u00e8bres de Venise. Situ\u00e9s \u00e0 deux pas du Pont du Rialto, ces appartements allient un cadre exceptionnel au confort et \u00e0 l'ind\u00e9pendance","robots":{"index":"index","follow":"follow","max-snippet":"max-snippet:-1","max-image-preview":"max-image-preview:large","max-video-preview":"max-video-preview:-1"},"canonical":"https:\/\/www.dogevenice.com\/fr\/rialto-studios\/studio-deluxe\/","og_locale":"fr_FR","og_type":"article","og_title":"Studio Deluxe avec Grand Canal View - Doge Exclusive Collection -","og_description":"R\u00e9veillez-vous face \u00e0 l'une des vues les plus embl\u00e9matiques de Venise. Ces studios surplombent le Pont du Rialto et le Grand Canal, offrant une perspective privil\u00e9gi\u00e9e sur le rythme de la ville : le glissement des gondoles sur l'eau, les reflets des palais historiques et l'atmosph\u00e8re anim\u00e9e qui fait de ce quartier l'un des lieux les plus c\u00e9l\u00e8bres de Venise. Situ\u00e9s \u00e0 deux pas du Pont du Rialto, ces appartements allient un cadre exceptionnel au confort et \u00e0 l'ind\u00e9pendance","og_url":"https:\/\/www.dogevenice.com\/fr\/rialto-studios\/studio-deluxe\/","og_site_name":"Doge Exclusive Collection","article_modified_time":"2026-03-09T14:34:01+00:00","twitter_card":"summary_large_image","twitter_misc":{"Est. reading time":"1 minute"},"schema":{"@context":"https:\/\/schema.org","@graph":[{"@type":"WebPage","@id":"https:\/\/www.dogevenice.com\/fr\/rialto-studios\/studio-deluxe\/","url":"https:\/\/www.dogevenice.com\/fr\/rialto-studios\/studio-deluxe\/","name":"Studio Deluxe avec Grand Canal View - Doge Exclusive Collection -","isPartOf":{"@id":"https:\/\/www.dogevenice.com\/fr\/#website"},"datePublished":"2026-02-04T10:08:06+00:00","dateModified":"2026-03-09T14:34:01+00:00","description":"R\u00e9veillez-vous face \u00e0 l'une des vues les plus embl\u00e9matiques de Venise. Ces studios surplombent le Pont du Rialto et le Grand Canal, offrant une perspective privil\u00e9gi\u00e9e sur le rythme de la ville : le glissement des gondoles sur l'eau, les reflets des palais historiques et l'atmosph\u00e8re anim\u00e9e qui fait de ce quartier l'un des lieux les plus c\u00e9l\u00e8bres de Venise. Situ\u00e9s \u00e0 deux pas du Pont du Rialto, ces appartements allient un cadre exceptionnel au confort et \u00e0 l'ind\u00e9pendance","breadcrumb":{"@id":"https:\/\/www.dogevenice.com\/fr\/rialto-studios\/studio-deluxe\/#breadcrumb"},"inLanguage":"fr-FR","potentialAction":[{"@type":"ReadAction","target":["https:\/\/www.dogevenice.com\/fr\/rialto-studios\/studio-deluxe\/"]}]},{"@type":"BreadcrumbList","@id":"https:\/\/www.dogevenice.com\/fr\/rialto-studios\/studio-deluxe\/#breadcrumb","itemListElement":[{"@type":"ListItem","position":1,"name":"Home","item":"https:\/\/www.dogevenice.com\/fr\/"},{"@type":"ListItem","position":2,"name":"Rialto Studios","item":"https:\/\/www.dogevenice.com\/fr\/rialto-studios\/"},{"@type":"ListItem","position":3,"name":"Studio Deluxe avec Grand Canal View"}]},{"@type":"WebSite","@id":"https:\/\/www.dogevenice.com\/fr\/#website","url":"https:\/\/www.dogevenice.com\/fr\/","name":"The Doge Signature Collection","description":"","publisher":{"@id":"https:\/\/www.dogevenice.com\/fr\/#organization"},"potentialAction":[{"@type":"SearchAction","target":{"@type":"EntryPoint","urlTemplate":"https:\/\/www.dogevenice.com\/fr\/?s={search_term_string}"},"query-input":{"@type":"PropertyValueSpecification","valueRequired":true,"valueName":"search_term_string"}}],"inLanguage":"fr-FR"},{"@type":"Organization","@id":"https:\/\/www.dogevenice.com\/fr\/#organization","name":"The Doge Signature Collection","url":"https:\/\/www.dogevenice.com\/fr\/","logo":{"@type":"ImageObject","inLanguage":"fr-FR","@id":"https:\/\/www.dogevenice.com\/fr\/#\/schema\/logo\/image\/","url":"https:\/\/www.dogevenice.com\/wp-content\/uploads\/sites\/51\/2026\/02\/logo_the_doge_signature_collection_c.svg","contentUrl":"https:\/\/www.dogevenice.com\/wp-content\/uploads\/sites\/51\/2026\/02\/logo_the_doge_signature_collection_c.svg","width":416,"height":64,"caption":"The Doge Signature Collection"},"image":{"@id":"https:\/\/www.dogevenice.com\/fr\/#\/schema\/logo\/image\/"}}]}},"acf":[],"_links":{"self":[{"href":"https:\/\/www.dogevenice.com\/fr\/wp-json\/wp\/v2\/pages\/245","targetHints":{"allow":["GET"]}}],"collection":[{"href":"https:\/\/www.dogevenice.com\/fr\/wp-json\/wp\/v2\/pages"}],"about":[{"href":"https:\/\/www.dogevenice.com\/fr\/wp-json\/wp\/v2\/types\/page"}],"author":[{"embeddable":true,"href":"https:\/\/www.dogevenice.com\/fr\/wp-json\/wp\/v2\/users\/6"}],"replies":[{"embeddable":true,"href":"https:\/\/www.dogevenice.com\/fr\/wp-json\/wp\/v2\/comments?post=245"}],"version-history":[{"count":0,"href":"https:\/\/www.dogevenice.com\/fr\/wp-json\/wp\/v2\/pages\/245\/revisions"}],"up":[{"embeddable":true,"href":"https:\/\/www.dogevenice.com\/fr\/wp-json\/wp\/v2\/pages\/234"}],"wp:attachment":[{"href":"https:\/\/www.dogevenice.com\/fr\/wp-json\/wp\/v2\/media?parent=245"}],"curies":[{"name":"wp","href":"https:\/\/api.w.org\/{rel}","templated":true}]}}