{"id":241,"date":"2026-02-04T10:07:58","date_gmt":"2026-02-04T10:07:58","guid":{"rendered":"https:\/\/dogeexclusivecollection.ms3.decms.eu\/?page_id=241"},"modified":"2026-03-09T11:09:38","modified_gmt":"2026-03-09T11:09:38","slug":"studio-executif","status":"publish","type":"page","link":"https:\/\/www.dogevenice.com\/fr\/rialto-studios\/studio-executif\/","title":{"rendered":"Studio Ex\u00e9cutif"},"content":{"rendered":"<p>Ces appartements de vacances confortables \u00e0 Venise, situ\u00e9s \u00e0 deux pas du <strong>Pont du Rialto<\/strong>, offrent un cadre accueillant pour les couples souhaitant d\u00e9couvrir la ville depuis le c\u0153ur de son centre historique. Donnant sur la ruelle calme en contrebas, ces appartements allient intimit\u00e9 e praticit\u00e9 d&rsquo;un emplacement central, \u00e0 quelques minutes \u00e0 pied du <strong>Grand Canal<\/strong>, du <strong>march\u00e9 du Rialto<\/strong> et de la <strong>place Saint-Marc<\/strong>. Les int\u00e9rieurs sont con\u00e7us per offrir des espaces fonctionnels et confortables, parfaits pour un s\u00e9jour romantique \u00e0 Venise. Des \u00e9quipements modernes et des espaces de vie bien organis\u00e9s garantissent un s\u00e9jour agr\u00e9able et ind\u00e9pendant tout en explorant les quartiers les plus embl\u00e9matiques de la ville.<\/p>\n","protected":false},"excerpt":{"rendered":"<p>Ces appartements de vacances confortables \u00e0 Venise, situ\u00e9s \u00e0 deux pas du Pont du Rialto, offrent un cadre accueillant pour les couples souhaitant d\u00e9couvrir la ville depuis le c\u0153ur de son centre historique. Donnant sur la ruelle calme en contrebas, ces appartements allient intimit\u00e9 e praticit\u00e9 d&rsquo;un emplacement central, \u00e0 quelques minutes \u00e0 pied du [&hellip;]<\/p>\n","protected":false},"author":6,"featured_media":0,"parent":234,"menu_order":10,"comment_status":"closed","ping_status":"closed","template":"template-single-room.php","meta":{"footnotes":""},"class_list":["post-241","page","type-page","status-publish","hentry"],"yoast_head":"<!-- This site is optimized with the Yoast SEO plugin v26.9 - https:\/\/yoast.com\/product\/yoast-seo-wordpress\/ -->\n<title>Studio Ex\u00e9cutif - Doge Exclusive Collection -<\/title>\n<meta name=\"description\" content=\"Ces appartements de vacances confortables \u00e0 Venise, situ\u00e9s \u00e0 deux pas du Pont du Rialto, offrent un cadre accueillant pour les couples souhaitant d\u00e9couvrir la ville depuis le c\u0153ur de son centre historique. Donnant sur la ruelle calme en contrebas, ces appartements allient intimit\u00e9 e praticit\u00e9 d&#039;un emplacement central, \u00e0 quelques minutes \u00e0 pied du Grand Canal, du march\u00e9 du Rialto et de la place Saint-Marc\" \/>\n<meta name=\"robots\" content=\"index, follow, max-snippet:-1, max-image-preview:large, max-video-preview:-1\" \/>\n<link rel=\"canonical\" href=\"https:\/\/www.dogevenice.com\/fr\/rialto-studios\/studio-executif\/\" \/>\n<meta property=\"og:locale\" content=\"fr_FR\" \/>\n<meta property=\"og:type\" content=\"article\" \/>\n<meta property=\"og:title\" content=\"Studio Ex\u00e9cutif - Doge Exclusive Collection -\" \/>\n<meta property=\"og:description\" content=\"Ces appartements de vacances confortables \u00e0 Venise, situ\u00e9s \u00e0 deux pas du Pont du Rialto, offrent un cadre accueillant pour les couples souhaitant d\u00e9couvrir la ville depuis le c\u0153ur de son centre historique. Donnant sur la ruelle calme en contrebas, ces appartements allient intimit\u00e9 e praticit\u00e9 d&#039;un emplacement central, \u00e0 quelques minutes \u00e0 pied du Grand Canal, du march\u00e9 du Rialto et de la place Saint-Marc\" \/>\n<meta property=\"og:url\" content=\"https:\/\/www.dogevenice.com\/fr\/rialto-studios\/studio-executif\/\" \/>\n<meta property=\"og:site_name\" content=\"Doge Exclusive Collection\" \/>\n<meta property=\"article:modified_time\" content=\"2026-03-09T11:09:38+00:00\" \/>\n<meta name=\"twitter:card\" content=\"summary_large_image\" \/>\n<meta name=\"twitter:label1\" content=\"Est. reading time\" \/>\n\t<meta name=\"twitter:data1\" content=\"1 minute\" \/>\n<script type=\"application\/ld+json\" class=\"yoast-schema-graph\">{\"@context\":\"https:\/\/schema.org\",\"@graph\":[{\"@type\":\"WebPage\",\"@id\":\"https:\/\/www.dogevenice.com\/fr\/rialto-studios\/studio-executif\/\",\"url\":\"https:\/\/www.dogevenice.com\/fr\/rialto-studios\/studio-executif\/\",\"name\":\"Studio Ex\u00e9cutif - Doge Exclusive Collection -\",\"isPartOf\":{\"@id\":\"https:\/\/www.dogevenice.com\/fr\/#website\"},\"datePublished\":\"2026-02-04T10:07:58+00:00\",\"dateModified\":\"2026-03-09T11:09:38+00:00\",\"description\":\"Ces appartements de vacances confortables \u00e0 Venise, situ\u00e9s \u00e0 deux pas du Pont du Rialto, offrent un cadre accueillant pour les couples souhaitant d\u00e9couvrir la ville depuis le c\u0153ur de son centre historique. Donnant sur la ruelle calme en contrebas, ces appartements allient intimit\u00e9 e praticit\u00e9 d'un emplacement central, \u00e0 quelques minutes \u00e0 pied du Grand Canal, du march\u00e9 du Rialto et de la place Saint-Marc\",\"breadcrumb\":{\"@id\":\"https:\/\/www.dogevenice.com\/fr\/rialto-studios\/studio-executif\/#breadcrumb\"},\"inLanguage\":\"fr-FR\",\"potentialAction\":[{\"@type\":\"ReadAction\",\"target\":[\"https:\/\/www.dogevenice.com\/fr\/rialto-studios\/studio-executif\/\"]}]},{\"@type\":\"BreadcrumbList\",\"@id\":\"https:\/\/www.dogevenice.com\/fr\/rialto-studios\/studio-executif\/#breadcrumb\",\"itemListElement\":[{\"@type\":\"ListItem\",\"position\":1,\"name\":\"Home\",\"item\":\"https:\/\/www.dogevenice.com\/fr\/\"},{\"@type\":\"ListItem\",\"position\":2,\"name\":\"Rialto Studios\",\"item\":\"https:\/\/www.dogevenice.com\/fr\/rialto-studios\/\"},{\"@type\":\"ListItem\",\"position\":3,\"name\":\"Studio Ex\u00e9cutif\"}]},{\"@type\":\"WebSite\",\"@id\":\"https:\/\/www.dogevenice.com\/fr\/#website\",\"url\":\"https:\/\/www.dogevenice.com\/fr\/\",\"name\":\"The Doge Signature Collection\",\"description\":\"\",\"publisher\":{\"@id\":\"https:\/\/www.dogevenice.com\/fr\/#organization\"},\"potentialAction\":[{\"@type\":\"SearchAction\",\"target\":{\"@type\":\"EntryPoint\",\"urlTemplate\":\"https:\/\/www.dogevenice.com\/fr\/?s={search_term_string}\"},\"query-input\":{\"@type\":\"PropertyValueSpecification\",\"valueRequired\":true,\"valueName\":\"search_term_string\"}}],\"inLanguage\":\"fr-FR\"},{\"@type\":\"Organization\",\"@id\":\"https:\/\/www.dogevenice.com\/fr\/#organization\",\"name\":\"The Doge Signature Collection\",\"url\":\"https:\/\/www.dogevenice.com\/fr\/\",\"logo\":{\"@type\":\"ImageObject\",\"inLanguage\":\"fr-FR\",\"@id\":\"https:\/\/www.dogevenice.com\/fr\/#\/schema\/logo\/image\/\",\"url\":\"https:\/\/www.dogevenice.com\/wp-content\/uploads\/sites\/51\/2026\/02\/logo_the_doge_signature_collection_c.svg\",\"contentUrl\":\"https:\/\/www.dogevenice.com\/wp-content\/uploads\/sites\/51\/2026\/02\/logo_the_doge_signature_collection_c.svg\",\"width\":416,\"height\":64,\"caption\":\"The Doge Signature Collection\"},\"image\":{\"@id\":\"https:\/\/www.dogevenice.com\/fr\/#\/schema\/logo\/image\/\"}}]}<\/script>\n<!-- \/ Yoast SEO plugin. -->","yoast_head_json":{"title":"Studio Ex\u00e9cutif - Doge Exclusive Collection -","description":"Ces appartements de vacances confortables \u00e0 Venise, situ\u00e9s \u00e0 deux pas du Pont du Rialto, offrent un cadre accueillant pour les couples souhaitant d\u00e9couvrir la ville depuis le c\u0153ur de son centre historique. Donnant sur la ruelle calme en contrebas, ces appartements allient intimit\u00e9 e praticit\u00e9 d'un emplacement central, \u00e0 quelques minutes \u00e0 pied du Grand Canal, du march\u00e9 du Rialto et de la place Saint-Marc","robots":{"index":"index","follow":"follow","max-snippet":"max-snippet:-1","max-image-preview":"max-image-preview:large","max-video-preview":"max-video-preview:-1"},"canonical":"https:\/\/www.dogevenice.com\/fr\/rialto-studios\/studio-executif\/","og_locale":"fr_FR","og_type":"article","og_title":"Studio Ex\u00e9cutif - Doge Exclusive Collection -","og_description":"Ces appartements de vacances confortables \u00e0 Venise, situ\u00e9s \u00e0 deux pas du Pont du Rialto, offrent un cadre accueillant pour les couples souhaitant d\u00e9couvrir la ville depuis le c\u0153ur de son centre historique. Donnant sur la ruelle calme en contrebas, ces appartements allient intimit\u00e9 e praticit\u00e9 d'un emplacement central, \u00e0 quelques minutes \u00e0 pied du Grand Canal, du march\u00e9 du Rialto et de la place Saint-Marc","og_url":"https:\/\/www.dogevenice.com\/fr\/rialto-studios\/studio-executif\/","og_site_name":"Doge Exclusive Collection","article_modified_time":"2026-03-09T11:09:38+00:00","twitter_card":"summary_large_image","twitter_misc":{"Est. reading time":"1 minute"},"schema":{"@context":"https:\/\/schema.org","@graph":[{"@type":"WebPage","@id":"https:\/\/www.dogevenice.com\/fr\/rialto-studios\/studio-executif\/","url":"https:\/\/www.dogevenice.com\/fr\/rialto-studios\/studio-executif\/","name":"Studio Ex\u00e9cutif - Doge Exclusive Collection -","isPartOf":{"@id":"https:\/\/www.dogevenice.com\/fr\/#website"},"datePublished":"2026-02-04T10:07:58+00:00","dateModified":"2026-03-09T11:09:38+00:00","description":"Ces appartements de vacances confortables \u00e0 Venise, situ\u00e9s \u00e0 deux pas du Pont du Rialto, offrent un cadre accueillant pour les couples souhaitant d\u00e9couvrir la ville depuis le c\u0153ur de son centre historique. Donnant sur la ruelle calme en contrebas, ces appartements allient intimit\u00e9 e praticit\u00e9 d'un emplacement central, \u00e0 quelques minutes \u00e0 pied du Grand Canal, du march\u00e9 du Rialto et de la place Saint-Marc","breadcrumb":{"@id":"https:\/\/www.dogevenice.com\/fr\/rialto-studios\/studio-executif\/#breadcrumb"},"inLanguage":"fr-FR","potentialAction":[{"@type":"ReadAction","target":["https:\/\/www.dogevenice.com\/fr\/rialto-studios\/studio-executif\/"]}]},{"@type":"BreadcrumbList","@id":"https:\/\/www.dogevenice.com\/fr\/rialto-studios\/studio-executif\/#breadcrumb","itemListElement":[{"@type":"ListItem","position":1,"name":"Home","item":"https:\/\/www.dogevenice.com\/fr\/"},{"@type":"ListItem","position":2,"name":"Rialto Studios","item":"https:\/\/www.dogevenice.com\/fr\/rialto-studios\/"},{"@type":"ListItem","position":3,"name":"Studio Ex\u00e9cutif"}]},{"@type":"WebSite","@id":"https:\/\/www.dogevenice.com\/fr\/#website","url":"https:\/\/www.dogevenice.com\/fr\/","name":"The Doge Signature Collection","description":"","publisher":{"@id":"https:\/\/www.dogevenice.com\/fr\/#organization"},"potentialAction":[{"@type":"SearchAction","target":{"@type":"EntryPoint","urlTemplate":"https:\/\/www.dogevenice.com\/fr\/?s={search_term_string}"},"query-input":{"@type":"PropertyValueSpecification","valueRequired":true,"valueName":"search_term_string"}}],"inLanguage":"fr-FR"},{"@type":"Organization","@id":"https:\/\/www.dogevenice.com\/fr\/#organization","name":"The Doge Signature Collection","url":"https:\/\/www.dogevenice.com\/fr\/","logo":{"@type":"ImageObject","inLanguage":"fr-FR","@id":"https:\/\/www.dogevenice.com\/fr\/#\/schema\/logo\/image\/","url":"https:\/\/www.dogevenice.com\/wp-content\/uploads\/sites\/51\/2026\/02\/logo_the_doge_signature_collection_c.svg","contentUrl":"https:\/\/www.dogevenice.com\/wp-content\/uploads\/sites\/51\/2026\/02\/logo_the_doge_signature_collection_c.svg","width":416,"height":64,"caption":"The Doge Signature Collection"},"image":{"@id":"https:\/\/www.dogevenice.com\/fr\/#\/schema\/logo\/image\/"}}]}},"acf":[],"_links":{"self":[{"href":"https:\/\/www.dogevenice.com\/fr\/wp-json\/wp\/v2\/pages\/241","targetHints":{"allow":["GET"]}}],"collection":[{"href":"https:\/\/www.dogevenice.com\/fr\/wp-json\/wp\/v2\/pages"}],"about":[{"href":"https:\/\/www.dogevenice.com\/fr\/wp-json\/wp\/v2\/types\/page"}],"author":[{"embeddable":true,"href":"https:\/\/www.dogevenice.com\/fr\/wp-json\/wp\/v2\/users\/6"}],"replies":[{"embeddable":true,"href":"https:\/\/www.dogevenice.com\/fr\/wp-json\/wp\/v2\/comments?post=241"}],"version-history":[{"count":0,"href":"https:\/\/www.dogevenice.com\/fr\/wp-json\/wp\/v2\/pages\/241\/revisions"}],"up":[{"embeddable":true,"href":"https:\/\/www.dogevenice.com\/fr\/wp-json\/wp\/v2\/pages\/234"}],"wp:attachment":[{"href":"https:\/\/www.dogevenice.com\/fr\/wp-json\/wp\/v2\/media?parent=241"}],"curies":[{"name":"wp","href":"https:\/\/api.w.org\/{rel}","templated":true}]}}