{"id":234,"date":"2026-01-30T08:42:03","date_gmt":"2026-01-30T08:42:03","guid":{"rendered":"https:\/\/dogeexclusivecollection.ms3.decms.eu\/?page_id=234"},"modified":"2026-03-13T15:15:31","modified_gmt":"2026-03-13T15:15:31","slug":"rialto-studios","status":"publish","type":"page","link":"https:\/\/www.dogevenice.com\/fr\/rialto-studios\/","title":{"rendered":"Rialto Studios"},"content":{"rendered":"<p>Vivez Venise depuis l\u2019un de ses points de vue les plus authentiques, o\u00f9 le rythme de la ville rencontre votre perspective priv\u00e9e. Situ\u00e9s \u00e0 c\u00f4t\u00e9 du c\u00e9l\u00e8bre Pont du Rialto, les Rialto Studios vous placent au c\u0153ur du Grand Canal : march\u00e9s, bateaux et vie v\u00e9nitienne se d\u00e9roulent devant vous sans jamais troubler votre tranquillit\u00e9.<\/p>\n<p>Con\u00e7us pour ceux qui recherchent ind\u00e9pendance et libert\u00e9, les studios allient emplacement privil\u00e9gi\u00e9 et espaces contemporains et fonctionnels, vous permettant d\u2019observer Venise, de vivre son rythme et de d\u00e9cider quand vous immerger ou vous retirer dans votre sanctuaire priv\u00e9.<\/p>\n<p>Ce n\u2019est pas un simple logement : c\u2019est une exp\u00e9rience en premi\u00e8re ligne o\u00f9 Venise r\u00e9v\u00e8le ses d\u00e9tails quotidiens, et vous en \u00eates le spectateur privil\u00e9gi\u00e9.<\/p>\n","protected":false},"excerpt":{"rendered":"<p>Vivez Venise depuis l\u2019un de ses points de vue les plus authentiques, o\u00f9 le rythme de la ville rencontre votre perspective priv\u00e9e. Situ\u00e9s \u00e0 c\u00f4t\u00e9 du c\u00e9l\u00e8bre Pont du Rialto, les Rialto Studios vous placent au c\u0153ur du Grand Canal : march\u00e9s, bateaux et vie v\u00e9nitienne se d\u00e9roulent devant vous sans jamais troubler votre tranquillit\u00e9. [&hellip;]<\/p>\n","protected":false},"author":6,"featured_media":0,"parent":0,"menu_order":30,"comment_status":"closed","ping_status":"closed","template":"template-rialto-studios.php","meta":{"footnotes":""},"class_list":["post-234","page","type-page","status-publish","hentry"],"yoast_head":"<!-- This site is optimized with the Yoast SEO plugin v26.9 - https:\/\/yoast.com\/product\/yoast-seo-wordpress\/ -->\n<title>Rialto Studios - Doge Exclusive Collection -<\/title>\n<meta name=\"description\" content=\"Vivez Venise depuis l\u2019un de ses points de vue les plus authentiques, o\u00f9 le rythme de la ville rencontre votre perspective priv\u00e9e. Situ\u00e9s \u00e0 c\u00f4t\u00e9 du c\u00e9l\u00e8bre Pont du Rialto, les Rialto Studios vous placent au c\u0153ur du Grand Canal : march\u00e9s, bateaux et vie v\u00e9nitienne se d\u00e9roulent devant vous sans jamais troubler votre tranquillit\u00e9.  Con\u00e7us pour ceux qui recherchent ind\u00e9pendance et libert\u00e9, les studios allient emplacement privil\u00e9gi\u00e9 et espaces contemporains et fonctionnels, vous permettant d\u2019observer Venise, de vivre son rythme et de d\u00e9cider quand vous immerger ou vous retirer dans votre sanctuaire priv\u00e9.  Ce n\u2019est pas un simple logement : c\u2019est une exp\u00e9rience en premi\u00e8re ligne o\u00f9 Venise r\u00e9v\u00e8le ses d\u00e9tails quotidiens, et vous en \u00eates le spectateur privil\u00e9gi\u00e9.\" \/>\n<meta name=\"robots\" content=\"index, follow, max-snippet:-1, max-image-preview:large, max-video-preview:-1\" \/>\n<link rel=\"canonical\" href=\"https:\/\/www.dogevenice.com\/fr\/rialto-studios\/\" \/>\n<meta property=\"og:locale\" content=\"fr_FR\" \/>\n<meta property=\"og:type\" content=\"article\" \/>\n<meta property=\"og:title\" content=\"Rialto Studios - Doge Exclusive Collection -\" \/>\n<meta property=\"og:description\" content=\"Vivez Venise depuis l\u2019un de ses points de vue les plus authentiques, o\u00f9 le rythme de la ville rencontre votre perspective priv\u00e9e. Situ\u00e9s \u00e0 c\u00f4t\u00e9 du c\u00e9l\u00e8bre Pont du Rialto, les Rialto Studios vous placent au c\u0153ur du Grand Canal : march\u00e9s, bateaux et vie v\u00e9nitienne se d\u00e9roulent devant vous sans jamais troubler votre tranquillit\u00e9.  Con\u00e7us pour ceux qui recherchent ind\u00e9pendance et libert\u00e9, les studios allient emplacement privil\u00e9gi\u00e9 et espaces contemporains et fonctionnels, vous permettant d\u2019observer Venise, de vivre son rythme et de d\u00e9cider quand vous immerger ou vous retirer dans votre sanctuaire priv\u00e9.  Ce n\u2019est pas un simple logement : c\u2019est une exp\u00e9rience en premi\u00e8re ligne o\u00f9 Venise r\u00e9v\u00e8le ses d\u00e9tails quotidiens, et vous en \u00eates le spectateur privil\u00e9gi\u00e9.\" \/>\n<meta property=\"og:url\" content=\"https:\/\/www.dogevenice.com\/fr\/rialto-studios\/\" \/>\n<meta property=\"og:site_name\" content=\"Doge Exclusive Collection\" \/>\n<meta property=\"article:modified_time\" content=\"2026-03-13T15:15:31+00:00\" \/>\n<meta name=\"twitter:card\" content=\"summary_large_image\" \/>\n<meta name=\"twitter:label1\" content=\"Est. reading time\" \/>\n\t<meta name=\"twitter:data1\" content=\"1 minute\" \/>\n<script type=\"application\/ld+json\" class=\"yoast-schema-graph\">{\"@context\":\"https:\/\/schema.org\",\"@graph\":[{\"@type\":\"WebPage\",\"@id\":\"https:\/\/www.dogevenice.com\/fr\/rialto-studios\/\",\"url\":\"https:\/\/www.dogevenice.com\/fr\/rialto-studios\/\",\"name\":\"Rialto Studios - Doge Exclusive Collection -\",\"isPartOf\":{\"@id\":\"https:\/\/www.dogevenice.com\/fr\/#website\"},\"datePublished\":\"2026-01-30T08:42:03+00:00\",\"dateModified\":\"2026-03-13T15:15:31+00:00\",\"description\":\"Vivez Venise depuis l\u2019un de ses points de vue les plus authentiques, o\u00f9 le rythme de la ville rencontre votre perspective priv\u00e9e. Situ\u00e9s \u00e0 c\u00f4t\u00e9 du c\u00e9l\u00e8bre Pont du Rialto, les Rialto Studios vous placent au c\u0153ur du Grand Canal : march\u00e9s, bateaux et vie v\u00e9nitienne se d\u00e9roulent devant vous sans jamais troubler votre tranquillit\u00e9. Con\u00e7us pour ceux qui recherchent ind\u00e9pendance et libert\u00e9, les studios allient emplacement privil\u00e9gi\u00e9 et espaces contemporains et fonctionnels, vous permettant d\u2019observer Venise, de vivre son rythme et de d\u00e9cider quand vous immerger ou vous retirer dans votre sanctuaire priv\u00e9. Ce n\u2019est pas un simple logement : c\u2019est une exp\u00e9rience en premi\u00e8re ligne o\u00f9 Venise r\u00e9v\u00e8le ses d\u00e9tails quotidiens, et vous en \u00eates le spectateur privil\u00e9gi\u00e9.\",\"breadcrumb\":{\"@id\":\"https:\/\/www.dogevenice.com\/fr\/rialto-studios\/#breadcrumb\"},\"inLanguage\":\"fr-FR\",\"potentialAction\":[{\"@type\":\"ReadAction\",\"target\":[\"https:\/\/www.dogevenice.com\/fr\/rialto-studios\/\"]}]},{\"@type\":\"BreadcrumbList\",\"@id\":\"https:\/\/www.dogevenice.com\/fr\/rialto-studios\/#breadcrumb\",\"itemListElement\":[{\"@type\":\"ListItem\",\"position\":1,\"name\":\"Home\",\"item\":\"https:\/\/www.dogevenice.com\/fr\/\"},{\"@type\":\"ListItem\",\"position\":2,\"name\":\"Rialto Studios\"}]},{\"@type\":\"WebSite\",\"@id\":\"https:\/\/www.dogevenice.com\/fr\/#website\",\"url\":\"https:\/\/www.dogevenice.com\/fr\/\",\"name\":\"The Doge Signature Collection\",\"description\":\"\",\"publisher\":{\"@id\":\"https:\/\/www.dogevenice.com\/fr\/#organization\"},\"potentialAction\":[{\"@type\":\"SearchAction\",\"target\":{\"@type\":\"EntryPoint\",\"urlTemplate\":\"https:\/\/www.dogevenice.com\/fr\/?s={search_term_string}\"},\"query-input\":{\"@type\":\"PropertyValueSpecification\",\"valueRequired\":true,\"valueName\":\"search_term_string\"}}],\"inLanguage\":\"fr-FR\"},{\"@type\":\"Organization\",\"@id\":\"https:\/\/www.dogevenice.com\/fr\/#organization\",\"name\":\"The Doge Signature Collection\",\"url\":\"https:\/\/www.dogevenice.com\/fr\/\",\"logo\":{\"@type\":\"ImageObject\",\"inLanguage\":\"fr-FR\",\"@id\":\"https:\/\/www.dogevenice.com\/fr\/#\/schema\/logo\/image\/\",\"url\":\"https:\/\/www.dogevenice.com\/wp-content\/uploads\/sites\/51\/2026\/02\/logo_the_doge_signature_collection_c.svg\",\"contentUrl\":\"https:\/\/www.dogevenice.com\/wp-content\/uploads\/sites\/51\/2026\/02\/logo_the_doge_signature_collection_c.svg\",\"width\":416,\"height\":64,\"caption\":\"The Doge Signature Collection\"},\"image\":{\"@id\":\"https:\/\/www.dogevenice.com\/fr\/#\/schema\/logo\/image\/\"}}]}<\/script>\n<!-- \/ Yoast SEO plugin. -->","yoast_head_json":{"title":"Rialto Studios - Doge Exclusive Collection -","description":"Vivez Venise depuis l\u2019un de ses points de vue les plus authentiques, o\u00f9 le rythme de la ville rencontre votre perspective priv\u00e9e. Situ\u00e9s \u00e0 c\u00f4t\u00e9 du c\u00e9l\u00e8bre Pont du Rialto, les Rialto Studios vous placent au c\u0153ur du Grand Canal : march\u00e9s, bateaux et vie v\u00e9nitienne se d\u00e9roulent devant vous sans jamais troubler votre tranquillit\u00e9.  Con\u00e7us pour ceux qui recherchent ind\u00e9pendance et libert\u00e9, les studios allient emplacement privil\u00e9gi\u00e9 et espaces contemporains et fonctionnels, vous permettant d\u2019observer Venise, de vivre son rythme et de d\u00e9cider quand vous immerger ou vous retirer dans votre sanctuaire priv\u00e9.  Ce n\u2019est pas un simple logement : c\u2019est une exp\u00e9rience en premi\u00e8re ligne o\u00f9 Venise r\u00e9v\u00e8le ses d\u00e9tails quotidiens, et vous en \u00eates le spectateur privil\u00e9gi\u00e9.","robots":{"index":"index","follow":"follow","max-snippet":"max-snippet:-1","max-image-preview":"max-image-preview:large","max-video-preview":"max-video-preview:-1"},"canonical":"https:\/\/www.dogevenice.com\/fr\/rialto-studios\/","og_locale":"fr_FR","og_type":"article","og_title":"Rialto Studios - Doge Exclusive Collection -","og_description":"Vivez Venise depuis l\u2019un de ses points de vue les plus authentiques, o\u00f9 le rythme de la ville rencontre votre perspective priv\u00e9e. Situ\u00e9s \u00e0 c\u00f4t\u00e9 du c\u00e9l\u00e8bre Pont du Rialto, les Rialto Studios vous placent au c\u0153ur du Grand Canal : march\u00e9s, bateaux et vie v\u00e9nitienne se d\u00e9roulent devant vous sans jamais troubler votre tranquillit\u00e9.  Con\u00e7us pour ceux qui recherchent ind\u00e9pendance et libert\u00e9, les studios allient emplacement privil\u00e9gi\u00e9 et espaces contemporains et fonctionnels, vous permettant d\u2019observer Venise, de vivre son rythme et de d\u00e9cider quand vous immerger ou vous retirer dans votre sanctuaire priv\u00e9.  Ce n\u2019est pas un simple logement : c\u2019est une exp\u00e9rience en premi\u00e8re ligne o\u00f9 Venise r\u00e9v\u00e8le ses d\u00e9tails quotidiens, et vous en \u00eates le spectateur privil\u00e9gi\u00e9.","og_url":"https:\/\/www.dogevenice.com\/fr\/rialto-studios\/","og_site_name":"Doge Exclusive Collection","article_modified_time":"2026-03-13T15:15:31+00:00","twitter_card":"summary_large_image","twitter_misc":{"Est. reading time":"1 minute"},"schema":{"@context":"https:\/\/schema.org","@graph":[{"@type":"WebPage","@id":"https:\/\/www.dogevenice.com\/fr\/rialto-studios\/","url":"https:\/\/www.dogevenice.com\/fr\/rialto-studios\/","name":"Rialto Studios - Doge Exclusive Collection -","isPartOf":{"@id":"https:\/\/www.dogevenice.com\/fr\/#website"},"datePublished":"2026-01-30T08:42:03+00:00","dateModified":"2026-03-13T15:15:31+00:00","description":"Vivez Venise depuis l\u2019un de ses points de vue les plus authentiques, o\u00f9 le rythme de la ville rencontre votre perspective priv\u00e9e. Situ\u00e9s \u00e0 c\u00f4t\u00e9 du c\u00e9l\u00e8bre Pont du Rialto, les Rialto Studios vous placent au c\u0153ur du Grand Canal : march\u00e9s, bateaux et vie v\u00e9nitienne se d\u00e9roulent devant vous sans jamais troubler votre tranquillit\u00e9. Con\u00e7us pour ceux qui recherchent ind\u00e9pendance et libert\u00e9, les studios allient emplacement privil\u00e9gi\u00e9 et espaces contemporains et fonctionnels, vous permettant d\u2019observer Venise, de vivre son rythme et de d\u00e9cider quand vous immerger ou vous retirer dans votre sanctuaire priv\u00e9. Ce n\u2019est pas un simple logement : c\u2019est une exp\u00e9rience en premi\u00e8re ligne o\u00f9 Venise r\u00e9v\u00e8le ses d\u00e9tails quotidiens, et vous en \u00eates le spectateur privil\u00e9gi\u00e9.","breadcrumb":{"@id":"https:\/\/www.dogevenice.com\/fr\/rialto-studios\/#breadcrumb"},"inLanguage":"fr-FR","potentialAction":[{"@type":"ReadAction","target":["https:\/\/www.dogevenice.com\/fr\/rialto-studios\/"]}]},{"@type":"BreadcrumbList","@id":"https:\/\/www.dogevenice.com\/fr\/rialto-studios\/#breadcrumb","itemListElement":[{"@type":"ListItem","position":1,"name":"Home","item":"https:\/\/www.dogevenice.com\/fr\/"},{"@type":"ListItem","position":2,"name":"Rialto Studios"}]},{"@type":"WebSite","@id":"https:\/\/www.dogevenice.com\/fr\/#website","url":"https:\/\/www.dogevenice.com\/fr\/","name":"The Doge Signature Collection","description":"","publisher":{"@id":"https:\/\/www.dogevenice.com\/fr\/#organization"},"potentialAction":[{"@type":"SearchAction","target":{"@type":"EntryPoint","urlTemplate":"https:\/\/www.dogevenice.com\/fr\/?s={search_term_string}"},"query-input":{"@type":"PropertyValueSpecification","valueRequired":true,"valueName":"search_term_string"}}],"inLanguage":"fr-FR"},{"@type":"Organization","@id":"https:\/\/www.dogevenice.com\/fr\/#organization","name":"The Doge Signature Collection","url":"https:\/\/www.dogevenice.com\/fr\/","logo":{"@type":"ImageObject","inLanguage":"fr-FR","@id":"https:\/\/www.dogevenice.com\/fr\/#\/schema\/logo\/image\/","url":"https:\/\/www.dogevenice.com\/wp-content\/uploads\/sites\/51\/2026\/02\/logo_the_doge_signature_collection_c.svg","contentUrl":"https:\/\/www.dogevenice.com\/wp-content\/uploads\/sites\/51\/2026\/02\/logo_the_doge_signature_collection_c.svg","width":416,"height":64,"caption":"The Doge Signature Collection"},"image":{"@id":"https:\/\/www.dogevenice.com\/fr\/#\/schema\/logo\/image\/"}}]}},"acf":[],"_links":{"self":[{"href":"https:\/\/www.dogevenice.com\/fr\/wp-json\/wp\/v2\/pages\/234","targetHints":{"allow":["GET"]}}],"collection":[{"href":"https:\/\/www.dogevenice.com\/fr\/wp-json\/wp\/v2\/pages"}],"about":[{"href":"https:\/\/www.dogevenice.com\/fr\/wp-json\/wp\/v2\/types\/page"}],"author":[{"embeddable":true,"href":"https:\/\/www.dogevenice.com\/fr\/wp-json\/wp\/v2\/users\/6"}],"replies":[{"embeddable":true,"href":"https:\/\/www.dogevenice.com\/fr\/wp-json\/wp\/v2\/comments?post=234"}],"version-history":[{"count":0,"href":"https:\/\/www.dogevenice.com\/fr\/wp-json\/wp\/v2\/pages\/234\/revisions"}],"wp:attachment":[{"href":"https:\/\/www.dogevenice.com\/fr\/wp-json\/wp\/v2\/media?parent=234"}],"curies":[{"name":"wp","href":"https:\/\/api.w.org\/{rel}","templated":true}]}}