{"id":229,"date":"2026-01-30T08:41:53","date_gmt":"2026-01-30T08:41:53","guid":{"rendered":"https:\/\/dogeexclusivecollection.ms3.decms.eu\/?page_id=229"},"modified":"2026-04-30T12:18:01","modified_gmt":"2026-04-30T12:18:01","slug":"bellevue-san-marco-luxury","status":"publish","type":"page","link":"https:\/\/www.dogevenice.com\/fr\/bellevue-san-marco-luxury\/","title":{"rendered":"Bellevue Luxury Rooms"},"content":{"rendered":"<p>Le Bellevue Luxury Rooms accueille les clients dans un cadre intime, \u00e0 quelques pas de la Place Saint-Marc et \u00e0 c\u00f4t\u00e9 de la Tour de l\u2019Horloge, dans un emplacement qui se per\u00e7oit imm\u00e9diatement comme rare.<\/p>\n<p>Ici, l\u2019exp\u00e9rience est priv\u00e9e et mesur\u00e9e. Les espaces refl\u00e8tent la tradition v\u00e9nitienne sans ostentation : tons chauds, mat\u00e9riaux soigneusement s\u00e9lectionn\u00e9s, d\u00e9tails qui dialoguent avec l\u2019histoire du lieu sans l\u2019alourdir.<\/p>\n<p>Les chambres offrent tous les conforts contemporains \u2014 climatisation, Wi-Fi, TV \u2014 mais ce qui d\u00e9finit r\u00e9ellement le s\u00e9jour est l\u2019\u00e9quilibre entre centralit\u00e9 et tranquillit\u00e9. Une dimension intime, au c\u0153ur vibrant de la ville.<\/p>\n","protected":false},"excerpt":{"rendered":"<p>Le Bellevue Luxury Rooms accueille les clients dans un cadre intime, \u00e0 quelques pas de la Place Saint-Marc et \u00e0 c\u00f4t\u00e9 de la Tour de l\u2019Horloge, dans un emplacement qui se per\u00e7oit imm\u00e9diatement comme rare. Ici, l\u2019exp\u00e9rience est priv\u00e9e et mesur\u00e9e. Les espaces refl\u00e8tent la tradition v\u00e9nitienne sans ostentation : tons chauds, mat\u00e9riaux soigneusement s\u00e9lectionn\u00e9s, [&hellip;]<\/p>\n","protected":false},"author":6,"featured_media":0,"parent":0,"menu_order":40,"comment_status":"closed","ping_status":"closed","template":"template-bellevue.php","meta":{"footnotes":""},"class_list":["post-229","page","type-page","status-publish","hentry"],"yoast_head":"<!-- This site is optimized with the Yoast SEO plugin v26.9 - https:\/\/yoast.com\/product\/yoast-seo-wordpress\/ -->\n<title>Bellevue Luxury Rooms - Doge Exclusive Collection -<\/title>\n<meta name=\"description\" content=\"Le Bellevue Luxury Rooms accueille les clients dans un cadre intime, \u00e0 quelques pas de la Place Saint-Marc et \u00e0 c\u00f4t\u00e9 de la Tour de l\u2019Horloge, dans un emplacement qui se per\u00e7oit imm\u00e9diatement comme rare.  Ici, l\u2019exp\u00e9rience est priv\u00e9e et mesur\u00e9e. Les espaces refl\u00e8tent la tradition v\u00e9nitienne sans ostentation : tons chauds, mat\u00e9riaux soigneusement s\u00e9lectionn\u00e9s, d\u00e9tails qui dialoguent avec l\u2019histoire du lieu sans l\u2019alourdir.  Les chambres offrent tous les conforts contemporains \u2014 climatisation, Wi-Fi, TV \u2014 mais ce qui d\u00e9finit r\u00e9ellement le s\u00e9jour est l\u2019\u00e9quilibre entre centralit\u00e9 et tranquillit\u00e9\" \/>\n<meta name=\"robots\" content=\"index, follow, max-snippet:-1, max-image-preview:large, max-video-preview:-1\" \/>\n<link rel=\"canonical\" href=\"https:\/\/www.dogevenice.com\/fr\/bellevue-san-marco-luxury\/\" \/>\n<meta property=\"og:locale\" content=\"fr_FR\" \/>\n<meta property=\"og:type\" content=\"article\" \/>\n<meta property=\"og:title\" content=\"Bellevue Luxury Rooms - Doge Exclusive Collection -\" \/>\n<meta property=\"og:description\" content=\"Le Bellevue Luxury Rooms accueille les clients dans un cadre intime, \u00e0 quelques pas de la Place Saint-Marc et \u00e0 c\u00f4t\u00e9 de la Tour de l\u2019Horloge, dans un emplacement qui se per\u00e7oit imm\u00e9diatement comme rare.  Ici, l\u2019exp\u00e9rience est priv\u00e9e et mesur\u00e9e. Les espaces refl\u00e8tent la tradition v\u00e9nitienne sans ostentation : tons chauds, mat\u00e9riaux soigneusement s\u00e9lectionn\u00e9s, d\u00e9tails qui dialoguent avec l\u2019histoire du lieu sans l\u2019alourdir.  Les chambres offrent tous les conforts contemporains \u2014 climatisation, Wi-Fi, TV \u2014 mais ce qui d\u00e9finit r\u00e9ellement le s\u00e9jour est l\u2019\u00e9quilibre entre centralit\u00e9 et tranquillit\u00e9\" \/>\n<meta property=\"og:url\" content=\"https:\/\/www.dogevenice.com\/fr\/bellevue-san-marco-luxury\/\" \/>\n<meta property=\"og:site_name\" content=\"Doge Exclusive Collection\" \/>\n<meta property=\"article:modified_time\" content=\"2026-04-30T12:18:01+00:00\" \/>\n<meta name=\"twitter:card\" content=\"summary_large_image\" \/>\n<meta name=\"twitter:label1\" content=\"Est. reading time\" \/>\n\t<meta name=\"twitter:data1\" content=\"1 minute\" \/>\n<script type=\"application\/ld+json\" class=\"yoast-schema-graph\">{\"@context\":\"https:\/\/schema.org\",\"@graph\":[{\"@type\":\"WebPage\",\"@id\":\"https:\/\/www.dogevenice.com\/fr\/bellevue-san-marco-luxury\/\",\"url\":\"https:\/\/www.dogevenice.com\/fr\/bellevue-san-marco-luxury\/\",\"name\":\"Bellevue Luxury Rooms - Doge Exclusive Collection -\",\"isPartOf\":{\"@id\":\"https:\/\/www.dogevenice.com\/fr\/#website\"},\"datePublished\":\"2026-01-30T08:41:53+00:00\",\"dateModified\":\"2026-04-30T12:18:01+00:00\",\"description\":\"Le Bellevue Luxury Rooms accueille les clients dans un cadre intime, \u00e0 quelques pas de la Place Saint-Marc et \u00e0 c\u00f4t\u00e9 de la Tour de l\u2019Horloge, dans un emplacement qui se per\u00e7oit imm\u00e9diatement comme rare. Ici, l\u2019exp\u00e9rience est priv\u00e9e et mesur\u00e9e. Les espaces refl\u00e8tent la tradition v\u00e9nitienne sans ostentation : tons chauds, mat\u00e9riaux soigneusement s\u00e9lectionn\u00e9s, d\u00e9tails qui dialoguent avec l\u2019histoire du lieu sans l\u2019alourdir. Les chambres offrent tous les conforts contemporains \u2014 climatisation, Wi-Fi, TV \u2014 mais ce qui d\u00e9finit r\u00e9ellement le s\u00e9jour est l\u2019\u00e9quilibre entre centralit\u00e9 et tranquillit\u00e9\",\"breadcrumb\":{\"@id\":\"https:\/\/www.dogevenice.com\/fr\/bellevue-san-marco-luxury\/#breadcrumb\"},\"inLanguage\":\"fr-FR\",\"potentialAction\":[{\"@type\":\"ReadAction\",\"target\":[\"https:\/\/www.dogevenice.com\/fr\/bellevue-san-marco-luxury\/\"]}]},{\"@type\":\"BreadcrumbList\",\"@id\":\"https:\/\/www.dogevenice.com\/fr\/bellevue-san-marco-luxury\/#breadcrumb\",\"itemListElement\":[{\"@type\":\"ListItem\",\"position\":1,\"name\":\"Home\",\"item\":\"https:\/\/www.dogevenice.com\/fr\/\"},{\"@type\":\"ListItem\",\"position\":2,\"name\":\"Bellevue Luxury Rooms\"}]},{\"@type\":\"WebSite\",\"@id\":\"https:\/\/www.dogevenice.com\/fr\/#website\",\"url\":\"https:\/\/www.dogevenice.com\/fr\/\",\"name\":\"The Doge Signature Collection\",\"description\":\"\",\"publisher\":{\"@id\":\"https:\/\/www.dogevenice.com\/fr\/#organization\"},\"potentialAction\":[{\"@type\":\"SearchAction\",\"target\":{\"@type\":\"EntryPoint\",\"urlTemplate\":\"https:\/\/www.dogevenice.com\/fr\/?s={search_term_string}\"},\"query-input\":{\"@type\":\"PropertyValueSpecification\",\"valueRequired\":true,\"valueName\":\"search_term_string\"}}],\"inLanguage\":\"fr-FR\"},{\"@type\":\"Organization\",\"@id\":\"https:\/\/www.dogevenice.com\/fr\/#organization\",\"name\":\"The Doge Signature Collection\",\"url\":\"https:\/\/www.dogevenice.com\/fr\/\",\"logo\":{\"@type\":\"ImageObject\",\"inLanguage\":\"fr-FR\",\"@id\":\"https:\/\/www.dogevenice.com\/fr\/#\/schema\/logo\/image\/\",\"url\":\"https:\/\/www.dogevenice.com\/wp-content\/uploads\/sites\/51\/2026\/02\/logo_the_doge_signature_collection_c.svg\",\"contentUrl\":\"https:\/\/www.dogevenice.com\/wp-content\/uploads\/sites\/51\/2026\/02\/logo_the_doge_signature_collection_c.svg\",\"width\":416,\"height\":64,\"caption\":\"The Doge Signature Collection\"},\"image\":{\"@id\":\"https:\/\/www.dogevenice.com\/fr\/#\/schema\/logo\/image\/\"}}]}<\/script>\n<!-- \/ Yoast SEO plugin. -->","yoast_head_json":{"title":"Bellevue Luxury Rooms - Doge Exclusive Collection -","description":"Le Bellevue Luxury Rooms accueille les clients dans un cadre intime, \u00e0 quelques pas de la Place Saint-Marc et \u00e0 c\u00f4t\u00e9 de la Tour de l\u2019Horloge, dans un emplacement qui se per\u00e7oit imm\u00e9diatement comme rare.  Ici, l\u2019exp\u00e9rience est priv\u00e9e et mesur\u00e9e. Les espaces refl\u00e8tent la tradition v\u00e9nitienne sans ostentation : tons chauds, mat\u00e9riaux soigneusement s\u00e9lectionn\u00e9s, d\u00e9tails qui dialoguent avec l\u2019histoire du lieu sans l\u2019alourdir.  Les chambres offrent tous les conforts contemporains \u2014 climatisation, Wi-Fi, TV \u2014 mais ce qui d\u00e9finit r\u00e9ellement le s\u00e9jour est l\u2019\u00e9quilibre entre centralit\u00e9 et tranquillit\u00e9","robots":{"index":"index","follow":"follow","max-snippet":"max-snippet:-1","max-image-preview":"max-image-preview:large","max-video-preview":"max-video-preview:-1"},"canonical":"https:\/\/www.dogevenice.com\/fr\/bellevue-san-marco-luxury\/","og_locale":"fr_FR","og_type":"article","og_title":"Bellevue Luxury Rooms - Doge Exclusive Collection -","og_description":"Le Bellevue Luxury Rooms accueille les clients dans un cadre intime, \u00e0 quelques pas de la Place Saint-Marc et \u00e0 c\u00f4t\u00e9 de la Tour de l\u2019Horloge, dans un emplacement qui se per\u00e7oit imm\u00e9diatement comme rare.  Ici, l\u2019exp\u00e9rience est priv\u00e9e et mesur\u00e9e. Les espaces refl\u00e8tent la tradition v\u00e9nitienne sans ostentation : tons chauds, mat\u00e9riaux soigneusement s\u00e9lectionn\u00e9s, d\u00e9tails qui dialoguent avec l\u2019histoire du lieu sans l\u2019alourdir.  Les chambres offrent tous les conforts contemporains \u2014 climatisation, Wi-Fi, TV \u2014 mais ce qui d\u00e9finit r\u00e9ellement le s\u00e9jour est l\u2019\u00e9quilibre entre centralit\u00e9 et tranquillit\u00e9","og_url":"https:\/\/www.dogevenice.com\/fr\/bellevue-san-marco-luxury\/","og_site_name":"Doge Exclusive Collection","article_modified_time":"2026-04-30T12:18:01+00:00","twitter_card":"summary_large_image","twitter_misc":{"Est. reading time":"1 minute"},"schema":{"@context":"https:\/\/schema.org","@graph":[{"@type":"WebPage","@id":"https:\/\/www.dogevenice.com\/fr\/bellevue-san-marco-luxury\/","url":"https:\/\/www.dogevenice.com\/fr\/bellevue-san-marco-luxury\/","name":"Bellevue Luxury Rooms - Doge Exclusive Collection -","isPartOf":{"@id":"https:\/\/www.dogevenice.com\/fr\/#website"},"datePublished":"2026-01-30T08:41:53+00:00","dateModified":"2026-04-30T12:18:01+00:00","description":"Le Bellevue Luxury Rooms accueille les clients dans un cadre intime, \u00e0 quelques pas de la Place Saint-Marc et \u00e0 c\u00f4t\u00e9 de la Tour de l\u2019Horloge, dans un emplacement qui se per\u00e7oit imm\u00e9diatement comme rare. Ici, l\u2019exp\u00e9rience est priv\u00e9e et mesur\u00e9e. Les espaces refl\u00e8tent la tradition v\u00e9nitienne sans ostentation : tons chauds, mat\u00e9riaux soigneusement s\u00e9lectionn\u00e9s, d\u00e9tails qui dialoguent avec l\u2019histoire du lieu sans l\u2019alourdir. Les chambres offrent tous les conforts contemporains \u2014 climatisation, Wi-Fi, TV \u2014 mais ce qui d\u00e9finit r\u00e9ellement le s\u00e9jour est l\u2019\u00e9quilibre entre centralit\u00e9 et tranquillit\u00e9","breadcrumb":{"@id":"https:\/\/www.dogevenice.com\/fr\/bellevue-san-marco-luxury\/#breadcrumb"},"inLanguage":"fr-FR","potentialAction":[{"@type":"ReadAction","target":["https:\/\/www.dogevenice.com\/fr\/bellevue-san-marco-luxury\/"]}]},{"@type":"BreadcrumbList","@id":"https:\/\/www.dogevenice.com\/fr\/bellevue-san-marco-luxury\/#breadcrumb","itemListElement":[{"@type":"ListItem","position":1,"name":"Home","item":"https:\/\/www.dogevenice.com\/fr\/"},{"@type":"ListItem","position":2,"name":"Bellevue Luxury Rooms"}]},{"@type":"WebSite","@id":"https:\/\/www.dogevenice.com\/fr\/#website","url":"https:\/\/www.dogevenice.com\/fr\/","name":"The Doge Signature Collection","description":"","publisher":{"@id":"https:\/\/www.dogevenice.com\/fr\/#organization"},"potentialAction":[{"@type":"SearchAction","target":{"@type":"EntryPoint","urlTemplate":"https:\/\/www.dogevenice.com\/fr\/?s={search_term_string}"},"query-input":{"@type":"PropertyValueSpecification","valueRequired":true,"valueName":"search_term_string"}}],"inLanguage":"fr-FR"},{"@type":"Organization","@id":"https:\/\/www.dogevenice.com\/fr\/#organization","name":"The Doge Signature Collection","url":"https:\/\/www.dogevenice.com\/fr\/","logo":{"@type":"ImageObject","inLanguage":"fr-FR","@id":"https:\/\/www.dogevenice.com\/fr\/#\/schema\/logo\/image\/","url":"https:\/\/www.dogevenice.com\/wp-content\/uploads\/sites\/51\/2026\/02\/logo_the_doge_signature_collection_c.svg","contentUrl":"https:\/\/www.dogevenice.com\/wp-content\/uploads\/sites\/51\/2026\/02\/logo_the_doge_signature_collection_c.svg","width":416,"height":64,"caption":"The Doge Signature Collection"},"image":{"@id":"https:\/\/www.dogevenice.com\/fr\/#\/schema\/logo\/image\/"}}]}},"acf":[],"_links":{"self":[{"href":"https:\/\/www.dogevenice.com\/fr\/wp-json\/wp\/v2\/pages\/229","targetHints":{"allow":["GET"]}}],"collection":[{"href":"https:\/\/www.dogevenice.com\/fr\/wp-json\/wp\/v2\/pages"}],"about":[{"href":"https:\/\/www.dogevenice.com\/fr\/wp-json\/wp\/v2\/types\/page"}],"author":[{"embeddable":true,"href":"https:\/\/www.dogevenice.com\/fr\/wp-json\/wp\/v2\/users\/6"}],"replies":[{"embeddable":true,"href":"https:\/\/www.dogevenice.com\/fr\/wp-json\/wp\/v2\/comments?post=229"}],"version-history":[{"count":0,"href":"https:\/\/www.dogevenice.com\/fr\/wp-json\/wp\/v2\/pages\/229\/revisions"}],"wp:attachment":[{"href":"https:\/\/www.dogevenice.com\/fr\/wp-json\/wp\/v2\/media?parent=229"}],"curies":[{"name":"wp","href":"https:\/\/api.w.org\/{rel}","templated":true}]}}