{"id":353,"date":"2026-02-04T10:01:59","date_gmt":"2026-02-04T10:01:59","guid":{"rendered":"https:\/\/dogeexclusivecollection.ms3.decms.eu\/?page_id=353"},"modified":"2026-03-09T15:42:55","modified_gmt":"2026-03-09T15:42:55","slug":"apartamento-family","status":"publish","type":"page","link":"https:\/\/www.dogevenice.com\/es\/torre-dellorologio-signature-residence\/apartamento-family\/","title":{"rendered":"Apartamento Family"},"content":{"rendered":"<p>Este amplio apartamento es la soluci\u00f3n ideal para familias o peque\u00f1os grupos de amigos que buscan un ambiente relajado y confortable. Espacioso y cuidadosamente amueblado, dispone de dos habitaciones y dos ba\u00f1os para mayor comodidad. El sal\u00f3n, equipado con un sof\u00e1 cama, ofrece un espacio acogedor para momentos de convivencia, mientras que la cocina totalmente equipada permite preparar las comidas de forma independiente.<\/p>\n<p>Los espacios son elegantes y acogedores, ideales para disfrutar de agradables momentos de relax. Equipado con servicios modernos y todas las comodidades necesarias, este apartamento es la opci\u00f3n perfecta tanto para vacaciones como para estancias prolongadas, garantizando espacio, tranquilidad y bienestar durante toda su estancia.<\/p>\n<p>Tiene capacidad para hasta 5 hu\u00e9spedes.<br \/>\nDe 60 a 85 m\u00b2.<\/p>\n","protected":false},"excerpt":{"rendered":"<p>Este amplio apartamento es la soluci\u00f3n ideal para familias o peque\u00f1os grupos de amigos que buscan un ambiente relajado y confortable. Espacioso y cuidadosamente amueblado, dispone de dos habitaciones y dos ba\u00f1os para mayor comodidad. El sal\u00f3n, equipado con un sof\u00e1 cama, ofrece un espacio acogedor para momentos de convivencia, mientras que la cocina totalmente [&hellip;]<\/p>\n","protected":false},"author":6,"featured_media":0,"parent":324,"menu_order":30,"comment_status":"closed","ping_status":"closed","template":"template-single-room.php","meta":{"footnotes":""},"class_list":["post-353","page","type-page","status-publish","hentry"],"yoast_head":"<!-- This site is optimized with the Yoast SEO plugin v26.9 - https:\/\/yoast.com\/product\/yoast-seo-wordpress\/ -->\n<title>Apartamento Family - Doge Exclusive Collection -<\/title>\n<meta name=\"description\" content=\"Este amplio apartamento es la soluci\u00f3n ideal para familias o peque\u00f1os grupos de amigos que buscan un ambiente relajado y confortable. Espacioso y cuidadosamente amueblado, dispone de dos habitaciones y dos ba\u00f1os para mayor comodidad\" \/>\n<meta name=\"robots\" content=\"index, follow, max-snippet:-1, max-image-preview:large, max-video-preview:-1\" \/>\n<link rel=\"canonical\" href=\"https:\/\/www.dogevenice.com\/es\/torre-dellorologio-signature-residence\/apartamento-family\/\" \/>\n<meta property=\"og:locale\" content=\"es_ES\" \/>\n<meta property=\"og:type\" content=\"article\" \/>\n<meta property=\"og:title\" content=\"Apartamento Family - Doge Exclusive Collection -\" \/>\n<meta property=\"og:description\" content=\"Este amplio apartamento es la soluci\u00f3n ideal para familias o peque\u00f1os grupos de amigos que buscan un ambiente relajado y confortable. Espacioso y cuidadosamente amueblado, dispone de dos habitaciones y dos ba\u00f1os para mayor comodidad\" \/>\n<meta property=\"og:url\" content=\"https:\/\/www.dogevenice.com\/es\/torre-dellorologio-signature-residence\/apartamento-family\/\" \/>\n<meta property=\"og:site_name\" content=\"Doge Exclusive Collection\" \/>\n<meta property=\"article:modified_time\" content=\"2026-03-09T15:42:55+00:00\" \/>\n<meta name=\"twitter:card\" content=\"summary_large_image\" \/>\n<meta name=\"twitter:label1\" content=\"Est. reading time\" \/>\n\t<meta name=\"twitter:data1\" content=\"1 minuto\" \/>\n<script type=\"application\/ld+json\" class=\"yoast-schema-graph\">{\"@context\":\"https:\/\/schema.org\",\"@graph\":[{\"@type\":\"WebPage\",\"@id\":\"https:\/\/www.dogevenice.com\/es\/torre-dellorologio-signature-residence\/apartamento-family\/\",\"url\":\"https:\/\/www.dogevenice.com\/es\/torre-dellorologio-signature-residence\/apartamento-family\/\",\"name\":\"Apartamento Family - Doge Exclusive Collection -\",\"isPartOf\":{\"@id\":\"https:\/\/www.dogevenice.com\/es\/#website\"},\"datePublished\":\"2026-02-04T10:01:59+00:00\",\"dateModified\":\"2026-03-09T15:42:55+00:00\",\"description\":\"Este amplio apartamento es la soluci\u00f3n ideal para familias o peque\u00f1os grupos de amigos que buscan un ambiente relajado y confortable. Espacioso y cuidadosamente amueblado, dispone de dos habitaciones y dos ba\u00f1os para mayor comodidad\",\"breadcrumb\":{\"@id\":\"https:\/\/www.dogevenice.com\/es\/torre-dellorologio-signature-residence\/apartamento-family\/#breadcrumb\"},\"inLanguage\":\"es\",\"potentialAction\":[{\"@type\":\"ReadAction\",\"target\":[\"https:\/\/www.dogevenice.com\/es\/torre-dellorologio-signature-residence\/apartamento-family\/\"]}]},{\"@type\":\"BreadcrumbList\",\"@id\":\"https:\/\/www.dogevenice.com\/es\/torre-dellorologio-signature-residence\/apartamento-family\/#breadcrumb\",\"itemListElement\":[{\"@type\":\"ListItem\",\"position\":1,\"name\":\"Home\",\"item\":\"https:\/\/www.dogevenice.com\/es\/\"},{\"@type\":\"ListItem\",\"position\":2,\"name\":\"Torre dell&#8217;Orologio Signature Residence\",\"item\":\"https:\/\/www.dogevenice.com\/es\/torre-dellorologio-signature-residence\/\"},{\"@type\":\"ListItem\",\"position\":3,\"name\":\"Apartamento Family\"}]},{\"@type\":\"WebSite\",\"@id\":\"https:\/\/www.dogevenice.com\/es\/#website\",\"url\":\"https:\/\/www.dogevenice.com\/es\/\",\"name\":\"The Doge Signature Collection\",\"description\":\"\",\"publisher\":{\"@id\":\"https:\/\/www.dogevenice.com\/es\/#organization\"},\"potentialAction\":[{\"@type\":\"SearchAction\",\"target\":{\"@type\":\"EntryPoint\",\"urlTemplate\":\"https:\/\/www.dogevenice.com\/es\/?s={search_term_string}\"},\"query-input\":{\"@type\":\"PropertyValueSpecification\",\"valueRequired\":true,\"valueName\":\"search_term_string\"}}],\"inLanguage\":\"es\"},{\"@type\":\"Organization\",\"@id\":\"https:\/\/www.dogevenice.com\/es\/#organization\",\"name\":\"The Doge Signature Collection\",\"url\":\"https:\/\/www.dogevenice.com\/es\/\",\"logo\":{\"@type\":\"ImageObject\",\"inLanguage\":\"es\",\"@id\":\"https:\/\/www.dogevenice.com\/es\/#\/schema\/logo\/image\/\",\"url\":\"https:\/\/www.dogevenice.com\/wp-content\/uploads\/sites\/51\/2026\/02\/logo_the_doge_signature_collection_c.svg\",\"contentUrl\":\"https:\/\/www.dogevenice.com\/wp-content\/uploads\/sites\/51\/2026\/02\/logo_the_doge_signature_collection_c.svg\",\"width\":416,\"height\":64,\"caption\":\"The Doge Signature Collection\"},\"image\":{\"@id\":\"https:\/\/www.dogevenice.com\/es\/#\/schema\/logo\/image\/\"}}]}<\/script>\n<!-- \/ Yoast SEO plugin. -->","yoast_head_json":{"title":"Apartamento Family - Doge Exclusive Collection -","description":"Este amplio apartamento es la soluci\u00f3n ideal para familias o peque\u00f1os grupos de amigos que buscan un ambiente relajado y confortable. Espacioso y cuidadosamente amueblado, dispone de dos habitaciones y dos ba\u00f1os para mayor comodidad","robots":{"index":"index","follow":"follow","max-snippet":"max-snippet:-1","max-image-preview":"max-image-preview:large","max-video-preview":"max-video-preview:-1"},"canonical":"https:\/\/www.dogevenice.com\/es\/torre-dellorologio-signature-residence\/apartamento-family\/","og_locale":"es_ES","og_type":"article","og_title":"Apartamento Family - Doge Exclusive Collection -","og_description":"Este amplio apartamento es la soluci\u00f3n ideal para familias o peque\u00f1os grupos de amigos que buscan un ambiente relajado y confortable. Espacioso y cuidadosamente amueblado, dispone de dos habitaciones y dos ba\u00f1os para mayor comodidad","og_url":"https:\/\/www.dogevenice.com\/es\/torre-dellorologio-signature-residence\/apartamento-family\/","og_site_name":"Doge Exclusive Collection","article_modified_time":"2026-03-09T15:42:55+00:00","twitter_card":"summary_large_image","twitter_misc":{"Est. reading time":"1 minuto"},"schema":{"@context":"https:\/\/schema.org","@graph":[{"@type":"WebPage","@id":"https:\/\/www.dogevenice.com\/es\/torre-dellorologio-signature-residence\/apartamento-family\/","url":"https:\/\/www.dogevenice.com\/es\/torre-dellorologio-signature-residence\/apartamento-family\/","name":"Apartamento Family - Doge Exclusive Collection -","isPartOf":{"@id":"https:\/\/www.dogevenice.com\/es\/#website"},"datePublished":"2026-02-04T10:01:59+00:00","dateModified":"2026-03-09T15:42:55+00:00","description":"Este amplio apartamento es la soluci\u00f3n ideal para familias o peque\u00f1os grupos de amigos que buscan un ambiente relajado y confortable. Espacioso y cuidadosamente amueblado, dispone de dos habitaciones y dos ba\u00f1os para mayor comodidad","breadcrumb":{"@id":"https:\/\/www.dogevenice.com\/es\/torre-dellorologio-signature-residence\/apartamento-family\/#breadcrumb"},"inLanguage":"es","potentialAction":[{"@type":"ReadAction","target":["https:\/\/www.dogevenice.com\/es\/torre-dellorologio-signature-residence\/apartamento-family\/"]}]},{"@type":"BreadcrumbList","@id":"https:\/\/www.dogevenice.com\/es\/torre-dellorologio-signature-residence\/apartamento-family\/#breadcrumb","itemListElement":[{"@type":"ListItem","position":1,"name":"Home","item":"https:\/\/www.dogevenice.com\/es\/"},{"@type":"ListItem","position":2,"name":"Torre dell&#8217;Orologio Signature Residence","item":"https:\/\/www.dogevenice.com\/es\/torre-dellorologio-signature-residence\/"},{"@type":"ListItem","position":3,"name":"Apartamento Family"}]},{"@type":"WebSite","@id":"https:\/\/www.dogevenice.com\/es\/#website","url":"https:\/\/www.dogevenice.com\/es\/","name":"The Doge Signature Collection","description":"","publisher":{"@id":"https:\/\/www.dogevenice.com\/es\/#organization"},"potentialAction":[{"@type":"SearchAction","target":{"@type":"EntryPoint","urlTemplate":"https:\/\/www.dogevenice.com\/es\/?s={search_term_string}"},"query-input":{"@type":"PropertyValueSpecification","valueRequired":true,"valueName":"search_term_string"}}],"inLanguage":"es"},{"@type":"Organization","@id":"https:\/\/www.dogevenice.com\/es\/#organization","name":"The Doge Signature Collection","url":"https:\/\/www.dogevenice.com\/es\/","logo":{"@type":"ImageObject","inLanguage":"es","@id":"https:\/\/www.dogevenice.com\/es\/#\/schema\/logo\/image\/","url":"https:\/\/www.dogevenice.com\/wp-content\/uploads\/sites\/51\/2026\/02\/logo_the_doge_signature_collection_c.svg","contentUrl":"https:\/\/www.dogevenice.com\/wp-content\/uploads\/sites\/51\/2026\/02\/logo_the_doge_signature_collection_c.svg","width":416,"height":64,"caption":"The Doge Signature Collection"},"image":{"@id":"https:\/\/www.dogevenice.com\/es\/#\/schema\/logo\/image\/"}}]}},"acf":[],"_links":{"self":[{"href":"https:\/\/www.dogevenice.com\/es\/wp-json\/wp\/v2\/pages\/353","targetHints":{"allow":["GET"]}}],"collection":[{"href":"https:\/\/www.dogevenice.com\/es\/wp-json\/wp\/v2\/pages"}],"about":[{"href":"https:\/\/www.dogevenice.com\/es\/wp-json\/wp\/v2\/types\/page"}],"author":[{"embeddable":true,"href":"https:\/\/www.dogevenice.com\/es\/wp-json\/wp\/v2\/users\/6"}],"replies":[{"embeddable":true,"href":"https:\/\/www.dogevenice.com\/es\/wp-json\/wp\/v2\/comments?post=353"}],"version-history":[{"count":0,"href":"https:\/\/www.dogevenice.com\/es\/wp-json\/wp\/v2\/pages\/353\/revisions"}],"up":[{"embeddable":true,"href":"https:\/\/www.dogevenice.com\/es\/wp-json\/wp\/v2\/pages\/324"}],"wp:attachment":[{"href":"https:\/\/www.dogevenice.com\/es\/wp-json\/wp\/v2\/media?parent=353"}],"curies":[{"name":"wp","href":"https:\/\/api.w.org\/{rel}","templated":true}]}}