{"id":347,"date":"2026-02-04T10:01:39","date_gmt":"2026-02-04T10:01:39","guid":{"rendered":"https:\/\/dogeexclusivecollection.ms3.decms.eu\/?page_id=347"},"modified":"2026-03-09T15:41:03","modified_gmt":"2026-03-09T15:41:03","slug":"apartamento-deluxe","status":"publish","type":"page","link":"https:\/\/www.dogevenice.com\/es\/torre-dellorologio-signature-residence\/apartamento-deluxe\/","title":{"rendered":"Apartamento Deluxe"},"content":{"rendered":"<p>Este amplio apartamento est\u00e1 dise\u00f1ado para alojar c\u00f3modamente a familias o peque\u00f1os grupos de hasta 4 personas, ofreciendo espacios cuidados y un ambiente relajante, perfecto para sentirse como en casa desde el primer momento.<\/p>\n<p>El alojamiento dispone de una amplia habitaci\u00f3n, ideal para un descanso reparador, y de un ba\u00f1o completo con ba\u00f1era, perfecto para relajarse despu\u00e9s de un d\u00eda de visitas. El sal\u00f3n, acogedor y funcional, incluye una zona de cocina totalmente equipada para preparar las comidas de forma independiente, as\u00ed como un c\u00f3modo sof\u00e1 cama, adecuado para uno o dos hu\u00e9spedes adicionales.<\/p>\n<p>Los espacios luminosos y armoniosos hacen de este apartamento la elecci\u00f3n ideal para relajarse, recargar energ\u00edas y disfrutar de la estancia con total comodidad y tranquilidad.<\/p>\n<p>Superficie: de 55 a 70 m\u00b2, algunos apartamentos con vista al canal y otros con dos ba\u00f1os.<\/p>\n<p>Capacidad m\u00e1xima: 4 personas.<\/p>\n","protected":false},"excerpt":{"rendered":"<p>Este amplio apartamento est\u00e1 dise\u00f1ado para alojar c\u00f3modamente a familias o peque\u00f1os grupos de hasta 4 personas, ofreciendo espacios cuidados y un ambiente relajante, perfecto para sentirse como en casa desde el primer momento. El alojamiento dispone de una amplia habitaci\u00f3n, ideal para un descanso reparador, y de un ba\u00f1o completo con ba\u00f1era, perfecto para [&hellip;]<\/p>\n","protected":false},"author":6,"featured_media":0,"parent":324,"menu_order":30,"comment_status":"closed","ping_status":"closed","template":"template-single-room.php","meta":{"footnotes":""},"class_list":["post-347","page","type-page","status-publish","hentry"],"yoast_head":"<!-- This site is optimized with the Yoast SEO plugin v26.9 - https:\/\/yoast.com\/product\/yoast-seo-wordpress\/ -->\n<title>Apartamento Deluxe - Doge Exclusive Collection -<\/title>\n<meta name=\"description\" content=\"Este amplio apartamento est\u00e1 dise\u00f1ado para alojar c\u00f3modamente a familias o peque\u00f1os grupos de hasta 4 personas, ofreciendo espacios cuidados y un ambiente relajante, perfecto para sentirse como en casa desde el primer momento.  El alojamiento dispone de una amplia habitaci\u00f3n, ideal para un descanso reparador, y de un ba\u00f1o completo con ba\u00f1era, perfecto para relajarse despu\u00e9s de un d\u00eda de visitas. El sal\u00f3n, acogedor y funcional, incluye una zona de cocina totalmente equipada para preparar las comidas de forma independiente, as\u00ed como un c\u00f3modo sof\u00e1 cama, adecuado para uno o dos hu\u00e9spedes adicionales.  Los espacios luminosos y armoniosos hacen de este apartamento la elecci\u00f3n ideal para relajarse, recargar energ\u00edas y disfrutar de la estancia con total comodidad y tranquilidad.  Superficie: de 55 a 70 m\u00b2, algunos apartamentos con vista al canal y otros con dos ba\u00f1os.  Capacidad m\u00e1xima: 4 personas.\" \/>\n<meta name=\"robots\" content=\"index, follow, max-snippet:-1, max-image-preview:large, max-video-preview:-1\" \/>\n<link rel=\"canonical\" href=\"https:\/\/www.dogevenice.com\/es\/torre-dellorologio-signature-residence\/apartamento-deluxe\/\" \/>\n<meta property=\"og:locale\" content=\"es_ES\" \/>\n<meta property=\"og:type\" content=\"article\" \/>\n<meta property=\"og:title\" content=\"Apartamento Deluxe - Doge Exclusive Collection -\" \/>\n<meta property=\"og:description\" content=\"Este amplio apartamento est\u00e1 dise\u00f1ado para alojar c\u00f3modamente a familias o peque\u00f1os grupos de hasta 4 personas, ofreciendo espacios cuidados y un ambiente relajante, perfecto para sentirse como en casa desde el primer momento.  El alojamiento dispone de una amplia habitaci\u00f3n, ideal para un descanso reparador, y de un ba\u00f1o completo con ba\u00f1era, perfecto para relajarse despu\u00e9s de un d\u00eda de visitas. El sal\u00f3n, acogedor y funcional, incluye una zona de cocina totalmente equipada para preparar las comidas de forma independiente, as\u00ed como un c\u00f3modo sof\u00e1 cama, adecuado para uno o dos hu\u00e9spedes adicionales.  Los espacios luminosos y armoniosos hacen de este apartamento la elecci\u00f3n ideal para relajarse, recargar energ\u00edas y disfrutar de la estancia con total comodidad y tranquilidad.  Superficie: de 55 a 70 m\u00b2, algunos apartamentos con vista al canal y otros con dos ba\u00f1os.  Capacidad m\u00e1xima: 4 personas.\" \/>\n<meta property=\"og:url\" content=\"https:\/\/www.dogevenice.com\/es\/torre-dellorologio-signature-residence\/apartamento-deluxe\/\" \/>\n<meta property=\"og:site_name\" content=\"Doge Exclusive Collection\" \/>\n<meta property=\"article:modified_time\" content=\"2026-03-09T15:41:03+00:00\" \/>\n<meta name=\"twitter:card\" content=\"summary_large_image\" \/>\n<meta name=\"twitter:label1\" content=\"Est. reading time\" \/>\n\t<meta name=\"twitter:data1\" content=\"1 minuto\" \/>\n<script type=\"application\/ld+json\" class=\"yoast-schema-graph\">{\"@context\":\"https:\/\/schema.org\",\"@graph\":[{\"@type\":\"WebPage\",\"@id\":\"https:\/\/www.dogevenice.com\/es\/torre-dellorologio-signature-residence\/apartamento-deluxe\/\",\"url\":\"https:\/\/www.dogevenice.com\/es\/torre-dellorologio-signature-residence\/apartamento-deluxe\/\",\"name\":\"Apartamento Deluxe - Doge Exclusive Collection -\",\"isPartOf\":{\"@id\":\"https:\/\/www.dogevenice.com\/es\/#website\"},\"datePublished\":\"2026-02-04T10:01:39+00:00\",\"dateModified\":\"2026-03-09T15:41:03+00:00\",\"description\":\"Este amplio apartamento est\u00e1 dise\u00f1ado para alojar c\u00f3modamente a familias o peque\u00f1os grupos de hasta 4 personas, ofreciendo espacios cuidados y un ambiente relajante, perfecto para sentirse como en casa desde el primer momento. El alojamiento dispone de una amplia habitaci\u00f3n, ideal para un descanso reparador, y de un ba\u00f1o completo con ba\u00f1era, perfecto para relajarse despu\u00e9s de un d\u00eda de visitas. El sal\u00f3n, acogedor y funcional, incluye una zona de cocina totalmente equipada para preparar las comidas de forma independiente, as\u00ed como un c\u00f3modo sof\u00e1 cama, adecuado para uno o dos hu\u00e9spedes adicionales. Los espacios luminosos y armoniosos hacen de este apartamento la elecci\u00f3n ideal para relajarse, recargar energ\u00edas y disfrutar de la estancia con total comodidad y tranquilidad. Superficie: de 55 a 70 m\u00b2, algunos apartamentos con vista al canal y otros con dos ba\u00f1os. Capacidad m\u00e1xima: 4 personas.\",\"breadcrumb\":{\"@id\":\"https:\/\/www.dogevenice.com\/es\/torre-dellorologio-signature-residence\/apartamento-deluxe\/#breadcrumb\"},\"inLanguage\":\"es\",\"potentialAction\":[{\"@type\":\"ReadAction\",\"target\":[\"https:\/\/www.dogevenice.com\/es\/torre-dellorologio-signature-residence\/apartamento-deluxe\/\"]}]},{\"@type\":\"BreadcrumbList\",\"@id\":\"https:\/\/www.dogevenice.com\/es\/torre-dellorologio-signature-residence\/apartamento-deluxe\/#breadcrumb\",\"itemListElement\":[{\"@type\":\"ListItem\",\"position\":1,\"name\":\"Home\",\"item\":\"https:\/\/www.dogevenice.com\/es\/\"},{\"@type\":\"ListItem\",\"position\":2,\"name\":\"Torre dell&#8217;Orologio Signature Residence\",\"item\":\"https:\/\/www.dogevenice.com\/es\/torre-dellorologio-signature-residence\/\"},{\"@type\":\"ListItem\",\"position\":3,\"name\":\"Apartamento Deluxe\"}]},{\"@type\":\"WebSite\",\"@id\":\"https:\/\/www.dogevenice.com\/es\/#website\",\"url\":\"https:\/\/www.dogevenice.com\/es\/\",\"name\":\"The Doge Signature Collection\",\"description\":\"\",\"publisher\":{\"@id\":\"https:\/\/www.dogevenice.com\/es\/#organization\"},\"potentialAction\":[{\"@type\":\"SearchAction\",\"target\":{\"@type\":\"EntryPoint\",\"urlTemplate\":\"https:\/\/www.dogevenice.com\/es\/?s={search_term_string}\"},\"query-input\":{\"@type\":\"PropertyValueSpecification\",\"valueRequired\":true,\"valueName\":\"search_term_string\"}}],\"inLanguage\":\"es\"},{\"@type\":\"Organization\",\"@id\":\"https:\/\/www.dogevenice.com\/es\/#organization\",\"name\":\"The Doge Signature Collection\",\"url\":\"https:\/\/www.dogevenice.com\/es\/\",\"logo\":{\"@type\":\"ImageObject\",\"inLanguage\":\"es\",\"@id\":\"https:\/\/www.dogevenice.com\/es\/#\/schema\/logo\/image\/\",\"url\":\"https:\/\/www.dogevenice.com\/wp-content\/uploads\/sites\/51\/2026\/02\/logo_the_doge_signature_collection_c.svg\",\"contentUrl\":\"https:\/\/www.dogevenice.com\/wp-content\/uploads\/sites\/51\/2026\/02\/logo_the_doge_signature_collection_c.svg\",\"width\":416,\"height\":64,\"caption\":\"The Doge Signature Collection\"},\"image\":{\"@id\":\"https:\/\/www.dogevenice.com\/es\/#\/schema\/logo\/image\/\"}}]}<\/script>\n<!-- \/ Yoast SEO plugin. -->","yoast_head_json":{"title":"Apartamento Deluxe - Doge Exclusive Collection -","description":"Este amplio apartamento est\u00e1 dise\u00f1ado para alojar c\u00f3modamente a familias o peque\u00f1os grupos de hasta 4 personas, ofreciendo espacios cuidados y un ambiente relajante, perfecto para sentirse como en casa desde el primer momento.  El alojamiento dispone de una amplia habitaci\u00f3n, ideal para un descanso reparador, y de un ba\u00f1o completo con ba\u00f1era, perfecto para relajarse despu\u00e9s de un d\u00eda de visitas. El sal\u00f3n, acogedor y funcional, incluye una zona de cocina totalmente equipada para preparar las comidas de forma independiente, as\u00ed como un c\u00f3modo sof\u00e1 cama, adecuado para uno o dos hu\u00e9spedes adicionales.  Los espacios luminosos y armoniosos hacen de este apartamento la elecci\u00f3n ideal para relajarse, recargar energ\u00edas y disfrutar de la estancia con total comodidad y tranquilidad.  Superficie: de 55 a 70 m\u00b2, algunos apartamentos con vista al canal y otros con dos ba\u00f1os.  Capacidad m\u00e1xima: 4 personas.","robots":{"index":"index","follow":"follow","max-snippet":"max-snippet:-1","max-image-preview":"max-image-preview:large","max-video-preview":"max-video-preview:-1"},"canonical":"https:\/\/www.dogevenice.com\/es\/torre-dellorologio-signature-residence\/apartamento-deluxe\/","og_locale":"es_ES","og_type":"article","og_title":"Apartamento Deluxe - Doge Exclusive Collection -","og_description":"Este amplio apartamento est\u00e1 dise\u00f1ado para alojar c\u00f3modamente a familias o peque\u00f1os grupos de hasta 4 personas, ofreciendo espacios cuidados y un ambiente relajante, perfecto para sentirse como en casa desde el primer momento.  El alojamiento dispone de una amplia habitaci\u00f3n, ideal para un descanso reparador, y de un ba\u00f1o completo con ba\u00f1era, perfecto para relajarse despu\u00e9s de un d\u00eda de visitas. El sal\u00f3n, acogedor y funcional, incluye una zona de cocina totalmente equipada para preparar las comidas de forma independiente, as\u00ed como un c\u00f3modo sof\u00e1 cama, adecuado para uno o dos hu\u00e9spedes adicionales.  Los espacios luminosos y armoniosos hacen de este apartamento la elecci\u00f3n ideal para relajarse, recargar energ\u00edas y disfrutar de la estancia con total comodidad y tranquilidad.  Superficie: de 55 a 70 m\u00b2, algunos apartamentos con vista al canal y otros con dos ba\u00f1os.  Capacidad m\u00e1xima: 4 personas.","og_url":"https:\/\/www.dogevenice.com\/es\/torre-dellorologio-signature-residence\/apartamento-deluxe\/","og_site_name":"Doge Exclusive Collection","article_modified_time":"2026-03-09T15:41:03+00:00","twitter_card":"summary_large_image","twitter_misc":{"Est. reading time":"1 minuto"},"schema":{"@context":"https:\/\/schema.org","@graph":[{"@type":"WebPage","@id":"https:\/\/www.dogevenice.com\/es\/torre-dellorologio-signature-residence\/apartamento-deluxe\/","url":"https:\/\/www.dogevenice.com\/es\/torre-dellorologio-signature-residence\/apartamento-deluxe\/","name":"Apartamento Deluxe - Doge Exclusive Collection -","isPartOf":{"@id":"https:\/\/www.dogevenice.com\/es\/#website"},"datePublished":"2026-02-04T10:01:39+00:00","dateModified":"2026-03-09T15:41:03+00:00","description":"Este amplio apartamento est\u00e1 dise\u00f1ado para alojar c\u00f3modamente a familias o peque\u00f1os grupos de hasta 4 personas, ofreciendo espacios cuidados y un ambiente relajante, perfecto para sentirse como en casa desde el primer momento. El alojamiento dispone de una amplia habitaci\u00f3n, ideal para un descanso reparador, y de un ba\u00f1o completo con ba\u00f1era, perfecto para relajarse despu\u00e9s de un d\u00eda de visitas. El sal\u00f3n, acogedor y funcional, incluye una zona de cocina totalmente equipada para preparar las comidas de forma independiente, as\u00ed como un c\u00f3modo sof\u00e1 cama, adecuado para uno o dos hu\u00e9spedes adicionales. Los espacios luminosos y armoniosos hacen de este apartamento la elecci\u00f3n ideal para relajarse, recargar energ\u00edas y disfrutar de la estancia con total comodidad y tranquilidad. Superficie: de 55 a 70 m\u00b2, algunos apartamentos con vista al canal y otros con dos ba\u00f1os. Capacidad m\u00e1xima: 4 personas.","breadcrumb":{"@id":"https:\/\/www.dogevenice.com\/es\/torre-dellorologio-signature-residence\/apartamento-deluxe\/#breadcrumb"},"inLanguage":"es","potentialAction":[{"@type":"ReadAction","target":["https:\/\/www.dogevenice.com\/es\/torre-dellorologio-signature-residence\/apartamento-deluxe\/"]}]},{"@type":"BreadcrumbList","@id":"https:\/\/www.dogevenice.com\/es\/torre-dellorologio-signature-residence\/apartamento-deluxe\/#breadcrumb","itemListElement":[{"@type":"ListItem","position":1,"name":"Home","item":"https:\/\/www.dogevenice.com\/es\/"},{"@type":"ListItem","position":2,"name":"Torre dell&#8217;Orologio Signature Residence","item":"https:\/\/www.dogevenice.com\/es\/torre-dellorologio-signature-residence\/"},{"@type":"ListItem","position":3,"name":"Apartamento Deluxe"}]},{"@type":"WebSite","@id":"https:\/\/www.dogevenice.com\/es\/#website","url":"https:\/\/www.dogevenice.com\/es\/","name":"The Doge Signature Collection","description":"","publisher":{"@id":"https:\/\/www.dogevenice.com\/es\/#organization"},"potentialAction":[{"@type":"SearchAction","target":{"@type":"EntryPoint","urlTemplate":"https:\/\/www.dogevenice.com\/es\/?s={search_term_string}"},"query-input":{"@type":"PropertyValueSpecification","valueRequired":true,"valueName":"search_term_string"}}],"inLanguage":"es"},{"@type":"Organization","@id":"https:\/\/www.dogevenice.com\/es\/#organization","name":"The Doge Signature Collection","url":"https:\/\/www.dogevenice.com\/es\/","logo":{"@type":"ImageObject","inLanguage":"es","@id":"https:\/\/www.dogevenice.com\/es\/#\/schema\/logo\/image\/","url":"https:\/\/www.dogevenice.com\/wp-content\/uploads\/sites\/51\/2026\/02\/logo_the_doge_signature_collection_c.svg","contentUrl":"https:\/\/www.dogevenice.com\/wp-content\/uploads\/sites\/51\/2026\/02\/logo_the_doge_signature_collection_c.svg","width":416,"height":64,"caption":"The Doge Signature Collection"},"image":{"@id":"https:\/\/www.dogevenice.com\/es\/#\/schema\/logo\/image\/"}}]}},"acf":[],"_links":{"self":[{"href":"https:\/\/www.dogevenice.com\/es\/wp-json\/wp\/v2\/pages\/347","targetHints":{"allow":["GET"]}}],"collection":[{"href":"https:\/\/www.dogevenice.com\/es\/wp-json\/wp\/v2\/pages"}],"about":[{"href":"https:\/\/www.dogevenice.com\/es\/wp-json\/wp\/v2\/types\/page"}],"author":[{"embeddable":true,"href":"https:\/\/www.dogevenice.com\/es\/wp-json\/wp\/v2\/users\/6"}],"replies":[{"embeddable":true,"href":"https:\/\/www.dogevenice.com\/es\/wp-json\/wp\/v2\/comments?post=347"}],"version-history":[{"count":0,"href":"https:\/\/www.dogevenice.com\/es\/wp-json\/wp\/v2\/pages\/347\/revisions"}],"up":[{"embeddable":true,"href":"https:\/\/www.dogevenice.com\/es\/wp-json\/wp\/v2\/pages\/324"}],"wp:attachment":[{"href":"https:\/\/www.dogevenice.com\/es\/wp-json\/wp\/v2\/media?parent=347"}],"curies":[{"name":"wp","href":"https:\/\/api.w.org\/{rel}","templated":true}]}}