{"id":342,"date":"2026-02-04T10:01:17","date_gmt":"2026-02-04T10:01:17","guid":{"rendered":"https:\/\/dogeexclusivecollection.ms3.decms.eu\/?page_id=342"},"modified":"2026-03-09T15:39:39","modified_gmt":"2026-03-09T15:39:39","slug":"apartamento-superior","status":"publish","type":"page","link":"https:\/\/www.dogevenice.com\/es\/torre-dellorologio-signature-residence\/apartamento-superior\/","title":{"rendered":"Apartamento Superior"},"content":{"rendered":"<p>Das Superior-Apartment ist die perfekte Wahl f\u00fcr alle, die einen Aufenthalt voller Entspannung und Privatsph\u00e4re suchen. F\u00fcr bis zu 3 Personen geeignet, verf\u00fcgt es \u00fcber ein komfortables Doppelzimmer, ein voll ausgestattetes Badezimmer und einen gem\u00fctlichen Wohnbereich mit Schlafsofa. Die komplett ausgestattete K\u00fcche erm\u00f6glicht die eigenst\u00e4ndige Zubereitung von Mahlzeiten und macht jeden Moment des Aufenthalts noch bequemer.<\/p>\n<p>Die R\u00e4ume sind darauf ausgelegt, maximalen Komfort und Ruhe zu bieten, und schaffen eine ideale Umgebung f\u00fcr alle, die einen friedlichen R\u00fcckzugsort suchen, ohne auf moderne und praktische Annehmlichkeiten zu verzichten, die den Aufenthalt noch angenehmer machen.<\/p>\n<p>Ab 45 m\u00b2, einige Apartments mit Kanalblick.<\/p>\n<p>Maximale Belegung: 4 Personen.<\/p>\n","protected":false},"excerpt":{"rendered":"<p>Das Superior-Apartment ist die perfekte Wahl f\u00fcr alle, die einen Aufenthalt voller Entspannung und Privatsph\u00e4re suchen. F\u00fcr bis zu 3 Personen geeignet, verf\u00fcgt es \u00fcber ein komfortables Doppelzimmer, ein voll ausgestattetes Badezimmer und einen gem\u00fctlichen Wohnbereich mit Schlafsofa. Die komplett ausgestattete K\u00fcche erm\u00f6glicht die eigenst\u00e4ndige Zubereitung von Mahlzeiten und macht jeden Moment des Aufenthalts noch [&hellip;]<\/p>\n","protected":false},"author":6,"featured_media":0,"parent":324,"menu_order":20,"comment_status":"closed","ping_status":"closed","template":"template-single-room.php","meta":{"footnotes":""},"class_list":["post-342","page","type-page","status-publish","hentry"],"yoast_head":"<!-- This site is optimized with the Yoast SEO plugin v26.9 - https:\/\/yoast.com\/product\/yoast-seo-wordpress\/ -->\n<title>Apartamento Superior - Doge Exclusive Collection -<\/title>\n<meta name=\"description\" content=\"Das Superior-Apartment ist die perfekte Wahl f\u00fcr alle, die einen Aufenthalt voller Entspannung und Privatsph\u00e4re suchen. F\u00fcr bis zu 3 Personen geeignet, verf\u00fcgt es \u00fcber ein komfortables Doppelzimmer, ein voll ausgestattetes Badezimmer und einen gem\u00fctlichen Wohnbereich mit Schlafsofa\" \/>\n<meta name=\"robots\" content=\"index, follow, max-snippet:-1, max-image-preview:large, max-video-preview:-1\" \/>\n<link rel=\"canonical\" href=\"https:\/\/www.dogevenice.com\/es\/torre-dellorologio-signature-residence\/apartamento-superior\/\" \/>\n<meta property=\"og:locale\" content=\"es_ES\" \/>\n<meta property=\"og:type\" content=\"article\" \/>\n<meta property=\"og:title\" content=\"Apartamento Superior - Doge Exclusive Collection -\" \/>\n<meta property=\"og:description\" content=\"Das Superior-Apartment ist die perfekte Wahl f\u00fcr alle, die einen Aufenthalt voller Entspannung und Privatsph\u00e4re suchen. F\u00fcr bis zu 3 Personen geeignet, verf\u00fcgt es \u00fcber ein komfortables Doppelzimmer, ein voll ausgestattetes Badezimmer und einen gem\u00fctlichen Wohnbereich mit Schlafsofa\" \/>\n<meta property=\"og:url\" content=\"https:\/\/www.dogevenice.com\/es\/torre-dellorologio-signature-residence\/apartamento-superior\/\" \/>\n<meta property=\"og:site_name\" content=\"Doge Exclusive Collection\" \/>\n<meta property=\"article:modified_time\" content=\"2026-03-09T15:39:39+00:00\" \/>\n<meta name=\"twitter:card\" content=\"summary_large_image\" \/>\n<meta name=\"twitter:label1\" content=\"Est. reading time\" \/>\n\t<meta name=\"twitter:data1\" content=\"1 minuto\" \/>\n<script type=\"application\/ld+json\" class=\"yoast-schema-graph\">{\"@context\":\"https:\/\/schema.org\",\"@graph\":[{\"@type\":\"WebPage\",\"@id\":\"https:\/\/www.dogevenice.com\/es\/torre-dellorologio-signature-residence\/apartamento-superior\/\",\"url\":\"https:\/\/www.dogevenice.com\/es\/torre-dellorologio-signature-residence\/apartamento-superior\/\",\"name\":\"Apartamento Superior - Doge Exclusive Collection -\",\"isPartOf\":{\"@id\":\"https:\/\/www.dogevenice.com\/es\/#website\"},\"datePublished\":\"2026-02-04T10:01:17+00:00\",\"dateModified\":\"2026-03-09T15:39:39+00:00\",\"description\":\"Das Superior-Apartment ist die perfekte Wahl f\u00fcr alle, die einen Aufenthalt voller Entspannung und Privatsph\u00e4re suchen. F\u00fcr bis zu 3 Personen geeignet, verf\u00fcgt es \u00fcber ein komfortables Doppelzimmer, ein voll ausgestattetes Badezimmer und einen gem\u00fctlichen Wohnbereich mit Schlafsofa\",\"breadcrumb\":{\"@id\":\"https:\/\/www.dogevenice.com\/es\/torre-dellorologio-signature-residence\/apartamento-superior\/#breadcrumb\"},\"inLanguage\":\"es\",\"potentialAction\":[{\"@type\":\"ReadAction\",\"target\":[\"https:\/\/www.dogevenice.com\/es\/torre-dellorologio-signature-residence\/apartamento-superior\/\"]}]},{\"@type\":\"BreadcrumbList\",\"@id\":\"https:\/\/www.dogevenice.com\/es\/torre-dellorologio-signature-residence\/apartamento-superior\/#breadcrumb\",\"itemListElement\":[{\"@type\":\"ListItem\",\"position\":1,\"name\":\"Home\",\"item\":\"https:\/\/www.dogevenice.com\/es\/\"},{\"@type\":\"ListItem\",\"position\":2,\"name\":\"Torre dell&#8217;Orologio Signature Residence\",\"item\":\"https:\/\/www.dogevenice.com\/es\/torre-dellorologio-signature-residence\/\"},{\"@type\":\"ListItem\",\"position\":3,\"name\":\"Apartamento Superior\"}]},{\"@type\":\"WebSite\",\"@id\":\"https:\/\/www.dogevenice.com\/es\/#website\",\"url\":\"https:\/\/www.dogevenice.com\/es\/\",\"name\":\"The Doge Signature Collection\",\"description\":\"\",\"publisher\":{\"@id\":\"https:\/\/www.dogevenice.com\/es\/#organization\"},\"potentialAction\":[{\"@type\":\"SearchAction\",\"target\":{\"@type\":\"EntryPoint\",\"urlTemplate\":\"https:\/\/www.dogevenice.com\/es\/?s={search_term_string}\"},\"query-input\":{\"@type\":\"PropertyValueSpecification\",\"valueRequired\":true,\"valueName\":\"search_term_string\"}}],\"inLanguage\":\"es\"},{\"@type\":\"Organization\",\"@id\":\"https:\/\/www.dogevenice.com\/es\/#organization\",\"name\":\"The Doge Signature Collection\",\"url\":\"https:\/\/www.dogevenice.com\/es\/\",\"logo\":{\"@type\":\"ImageObject\",\"inLanguage\":\"es\",\"@id\":\"https:\/\/www.dogevenice.com\/es\/#\/schema\/logo\/image\/\",\"url\":\"https:\/\/www.dogevenice.com\/wp-content\/uploads\/sites\/51\/2026\/02\/logo_the_doge_signature_collection_c.svg\",\"contentUrl\":\"https:\/\/www.dogevenice.com\/wp-content\/uploads\/sites\/51\/2026\/02\/logo_the_doge_signature_collection_c.svg\",\"width\":416,\"height\":64,\"caption\":\"The Doge Signature Collection\"},\"image\":{\"@id\":\"https:\/\/www.dogevenice.com\/es\/#\/schema\/logo\/image\/\"}}]}<\/script>\n<!-- \/ Yoast SEO plugin. -->","yoast_head_json":{"title":"Apartamento Superior - Doge Exclusive Collection -","description":"Das Superior-Apartment ist die perfekte Wahl f\u00fcr alle, die einen Aufenthalt voller Entspannung und Privatsph\u00e4re suchen. F\u00fcr bis zu 3 Personen geeignet, verf\u00fcgt es \u00fcber ein komfortables Doppelzimmer, ein voll ausgestattetes Badezimmer und einen gem\u00fctlichen Wohnbereich mit Schlafsofa","robots":{"index":"index","follow":"follow","max-snippet":"max-snippet:-1","max-image-preview":"max-image-preview:large","max-video-preview":"max-video-preview:-1"},"canonical":"https:\/\/www.dogevenice.com\/es\/torre-dellorologio-signature-residence\/apartamento-superior\/","og_locale":"es_ES","og_type":"article","og_title":"Apartamento Superior - Doge Exclusive Collection -","og_description":"Das Superior-Apartment ist die perfekte Wahl f\u00fcr alle, die einen Aufenthalt voller Entspannung und Privatsph\u00e4re suchen. F\u00fcr bis zu 3 Personen geeignet, verf\u00fcgt es \u00fcber ein komfortables Doppelzimmer, ein voll ausgestattetes Badezimmer und einen gem\u00fctlichen Wohnbereich mit Schlafsofa","og_url":"https:\/\/www.dogevenice.com\/es\/torre-dellorologio-signature-residence\/apartamento-superior\/","og_site_name":"Doge Exclusive Collection","article_modified_time":"2026-03-09T15:39:39+00:00","twitter_card":"summary_large_image","twitter_misc":{"Est. reading time":"1 minuto"},"schema":{"@context":"https:\/\/schema.org","@graph":[{"@type":"WebPage","@id":"https:\/\/www.dogevenice.com\/es\/torre-dellorologio-signature-residence\/apartamento-superior\/","url":"https:\/\/www.dogevenice.com\/es\/torre-dellorologio-signature-residence\/apartamento-superior\/","name":"Apartamento Superior - Doge Exclusive Collection -","isPartOf":{"@id":"https:\/\/www.dogevenice.com\/es\/#website"},"datePublished":"2026-02-04T10:01:17+00:00","dateModified":"2026-03-09T15:39:39+00:00","description":"Das Superior-Apartment ist die perfekte Wahl f\u00fcr alle, die einen Aufenthalt voller Entspannung und Privatsph\u00e4re suchen. F\u00fcr bis zu 3 Personen geeignet, verf\u00fcgt es \u00fcber ein komfortables Doppelzimmer, ein voll ausgestattetes Badezimmer und einen gem\u00fctlichen Wohnbereich mit Schlafsofa","breadcrumb":{"@id":"https:\/\/www.dogevenice.com\/es\/torre-dellorologio-signature-residence\/apartamento-superior\/#breadcrumb"},"inLanguage":"es","potentialAction":[{"@type":"ReadAction","target":["https:\/\/www.dogevenice.com\/es\/torre-dellorologio-signature-residence\/apartamento-superior\/"]}]},{"@type":"BreadcrumbList","@id":"https:\/\/www.dogevenice.com\/es\/torre-dellorologio-signature-residence\/apartamento-superior\/#breadcrumb","itemListElement":[{"@type":"ListItem","position":1,"name":"Home","item":"https:\/\/www.dogevenice.com\/es\/"},{"@type":"ListItem","position":2,"name":"Torre dell&#8217;Orologio Signature Residence","item":"https:\/\/www.dogevenice.com\/es\/torre-dellorologio-signature-residence\/"},{"@type":"ListItem","position":3,"name":"Apartamento Superior"}]},{"@type":"WebSite","@id":"https:\/\/www.dogevenice.com\/es\/#website","url":"https:\/\/www.dogevenice.com\/es\/","name":"The Doge Signature Collection","description":"","publisher":{"@id":"https:\/\/www.dogevenice.com\/es\/#organization"},"potentialAction":[{"@type":"SearchAction","target":{"@type":"EntryPoint","urlTemplate":"https:\/\/www.dogevenice.com\/es\/?s={search_term_string}"},"query-input":{"@type":"PropertyValueSpecification","valueRequired":true,"valueName":"search_term_string"}}],"inLanguage":"es"},{"@type":"Organization","@id":"https:\/\/www.dogevenice.com\/es\/#organization","name":"The Doge Signature Collection","url":"https:\/\/www.dogevenice.com\/es\/","logo":{"@type":"ImageObject","inLanguage":"es","@id":"https:\/\/www.dogevenice.com\/es\/#\/schema\/logo\/image\/","url":"https:\/\/www.dogevenice.com\/wp-content\/uploads\/sites\/51\/2026\/02\/logo_the_doge_signature_collection_c.svg","contentUrl":"https:\/\/www.dogevenice.com\/wp-content\/uploads\/sites\/51\/2026\/02\/logo_the_doge_signature_collection_c.svg","width":416,"height":64,"caption":"The Doge Signature Collection"},"image":{"@id":"https:\/\/www.dogevenice.com\/es\/#\/schema\/logo\/image\/"}}]}},"acf":[],"_links":{"self":[{"href":"https:\/\/www.dogevenice.com\/es\/wp-json\/wp\/v2\/pages\/342","targetHints":{"allow":["GET"]}}],"collection":[{"href":"https:\/\/www.dogevenice.com\/es\/wp-json\/wp\/v2\/pages"}],"about":[{"href":"https:\/\/www.dogevenice.com\/es\/wp-json\/wp\/v2\/types\/page"}],"author":[{"embeddable":true,"href":"https:\/\/www.dogevenice.com\/es\/wp-json\/wp\/v2\/users\/6"}],"replies":[{"embeddable":true,"href":"https:\/\/www.dogevenice.com\/es\/wp-json\/wp\/v2\/comments?post=342"}],"version-history":[{"count":0,"href":"https:\/\/www.dogevenice.com\/es\/wp-json\/wp\/v2\/pages\/342\/revisions"}],"up":[{"embeddable":true,"href":"https:\/\/www.dogevenice.com\/es\/wp-json\/wp\/v2\/pages\/324"}],"wp:attachment":[{"href":"https:\/\/www.dogevenice.com\/es\/wp-json\/wp\/v2\/media?parent=342"}],"curies":[{"name":"wp","href":"https:\/\/api.w.org\/{rel}","templated":true}]}}