{"id":318,"date":"2026-02-04T10:05:35","date_gmt":"2026-02-04T10:05:35","guid":{"rendered":"https:\/\/dogeexclusivecollection.ms3.decms.eu\/?page_id=318"},"modified":"2026-03-02T16:57:16","modified_gmt":"2026-03-02T16:57:16","slug":"suite-familiar-con-vista-a-la-plaza-de-san-marcos","status":"publish","type":"page","link":"https:\/\/www.dogevenice.com\/es\/canaletto-luxury-suites\/suite-familiar-con-vista-a-la-plaza-de-san-marcos\/","title":{"rendered":"Suite Familiar con Vista a la Plaza de San Marcos"},"content":{"rendered":"<p>Elegante y exclusiva residencia de lujo con sala de estar con vista a Piazza San Marco y a la Bas\u00edlica, dos habitaciones dobles (una con ba\u00f1o y Jacuzzi), kitchenette, sala comedor, dos ba\u00f1os, sauna con cromoterapia. Ideal tambi\u00e9n para familias.<\/p>\n","protected":false},"excerpt":{"rendered":"<p>Elegante y exclusiva residencia de lujo con sala de estar con vista a Piazza San Marco y a la Bas\u00edlica, dos habitaciones dobles (una con ba\u00f1o y Jacuzzi), kitchenette, sala comedor, dos ba\u00f1os, sauna con cromoterapia. Ideal tambi\u00e9n para familias.<\/p>\n","protected":false},"author":6,"featured_media":0,"parent":303,"menu_order":30,"comment_status":"closed","ping_status":"closed","template":"template-single-room.php","meta":{"footnotes":""},"class_list":["post-318","page","type-page","status-publish","hentry"],"yoast_head":"<!-- This site is optimized with the Yoast SEO plugin v26.9 - https:\/\/yoast.com\/product\/yoast-seo-wordpress\/ -->\n<title>Suite Familiar con Vista a la Plaza de San Marcos - Doge Exclusive Collection -<\/title>\n<meta name=\"description\" content=\"Elegante y exclusiva residencia de lujo con sala de estar con vista a Piazza San Marco y a la Bas\u00edlica, dos habitaciones dobles (una con ba\u00f1o y Jacuzzi), kitchenette, sala comedor, dos ba\u00f1os, sauna con cromoterapia. Ideal tambi\u00e9n para familias.\" \/>\n<meta name=\"robots\" content=\"index, follow, max-snippet:-1, max-image-preview:large, max-video-preview:-1\" \/>\n<link rel=\"canonical\" href=\"https:\/\/www.dogevenice.com\/es\/canaletto-luxury-suites\/suite-familiar-con-vista-a-la-plaza-de-san-marcos\/\" \/>\n<meta property=\"og:locale\" content=\"es_ES\" \/>\n<meta property=\"og:type\" content=\"article\" \/>\n<meta property=\"og:title\" content=\"Suite Familiar con Vista a la Plaza de San Marcos - Doge Exclusive Collection -\" \/>\n<meta property=\"og:description\" content=\"Elegante y exclusiva residencia de lujo con sala de estar con vista a Piazza San Marco y a la Bas\u00edlica, dos habitaciones dobles (una con ba\u00f1o y Jacuzzi), kitchenette, sala comedor, dos ba\u00f1os, sauna con cromoterapia. Ideal tambi\u00e9n para familias.\" \/>\n<meta property=\"og:url\" content=\"https:\/\/www.dogevenice.com\/es\/canaletto-luxury-suites\/suite-familiar-con-vista-a-la-plaza-de-san-marcos\/\" \/>\n<meta property=\"og:site_name\" content=\"Doge Exclusive Collection\" \/>\n<meta property=\"article:modified_time\" content=\"2026-03-02T16:57:16+00:00\" \/>\n<meta name=\"twitter:card\" content=\"summary_large_image\" \/>\n<meta name=\"twitter:label1\" content=\"Est. reading time\" \/>\n\t<meta name=\"twitter:data1\" content=\"1 minuto\" \/>\n<script type=\"application\/ld+json\" class=\"yoast-schema-graph\">{\"@context\":\"https:\/\/schema.org\",\"@graph\":[{\"@type\":\"WebPage\",\"@id\":\"https:\/\/www.dogevenice.com\/es\/canaletto-luxury-suites\/suite-familiar-con-vista-a-la-plaza-de-san-marcos\/\",\"url\":\"https:\/\/www.dogevenice.com\/es\/canaletto-luxury-suites\/suite-familiar-con-vista-a-la-plaza-de-san-marcos\/\",\"name\":\"Suite Familiar con Vista a la Plaza de San Marcos - Doge Exclusive Collection -\",\"isPartOf\":{\"@id\":\"https:\/\/www.dogevenice.com\/es\/#website\"},\"datePublished\":\"2026-02-04T10:05:35+00:00\",\"dateModified\":\"2026-03-02T16:57:16+00:00\",\"description\":\"Elegante y exclusiva residencia de lujo con sala de estar con vista a Piazza San Marco y a la Bas\u00edlica, dos habitaciones dobles (una con ba\u00f1o y Jacuzzi), kitchenette, sala comedor, dos ba\u00f1os, sauna con cromoterapia. Ideal tambi\u00e9n para familias.\",\"breadcrumb\":{\"@id\":\"https:\/\/www.dogevenice.com\/es\/canaletto-luxury-suites\/suite-familiar-con-vista-a-la-plaza-de-san-marcos\/#breadcrumb\"},\"inLanguage\":\"es\",\"potentialAction\":[{\"@type\":\"ReadAction\",\"target\":[\"https:\/\/www.dogevenice.com\/es\/canaletto-luxury-suites\/suite-familiar-con-vista-a-la-plaza-de-san-marcos\/\"]}]},{\"@type\":\"BreadcrumbList\",\"@id\":\"https:\/\/www.dogevenice.com\/es\/canaletto-luxury-suites\/suite-familiar-con-vista-a-la-plaza-de-san-marcos\/#breadcrumb\",\"itemListElement\":[{\"@type\":\"ListItem\",\"position\":1,\"name\":\"Home\",\"item\":\"https:\/\/www.dogevenice.com\/es\/\"},{\"@type\":\"ListItem\",\"position\":2,\"name\":\"Canaletto Luxury Suites\",\"item\":\"https:\/\/www.dogevenice.com\/es\/canaletto-luxury-suites\/\"},{\"@type\":\"ListItem\",\"position\":3,\"name\":\"Suite Familiar con Vista a la Plaza de San Marcos\"}]},{\"@type\":\"WebSite\",\"@id\":\"https:\/\/www.dogevenice.com\/es\/#website\",\"url\":\"https:\/\/www.dogevenice.com\/es\/\",\"name\":\"The Doge Signature Collection\",\"description\":\"\",\"publisher\":{\"@id\":\"https:\/\/www.dogevenice.com\/es\/#organization\"},\"potentialAction\":[{\"@type\":\"SearchAction\",\"target\":{\"@type\":\"EntryPoint\",\"urlTemplate\":\"https:\/\/www.dogevenice.com\/es\/?s={search_term_string}\"},\"query-input\":{\"@type\":\"PropertyValueSpecification\",\"valueRequired\":true,\"valueName\":\"search_term_string\"}}],\"inLanguage\":\"es\"},{\"@type\":\"Organization\",\"@id\":\"https:\/\/www.dogevenice.com\/es\/#organization\",\"name\":\"The Doge Signature Collection\",\"url\":\"https:\/\/www.dogevenice.com\/es\/\",\"logo\":{\"@type\":\"ImageObject\",\"inLanguage\":\"es\",\"@id\":\"https:\/\/www.dogevenice.com\/es\/#\/schema\/logo\/image\/\",\"url\":\"https:\/\/www.dogevenice.com\/wp-content\/uploads\/sites\/51\/2026\/02\/logo_the_doge_signature_collection_c.svg\",\"contentUrl\":\"https:\/\/www.dogevenice.com\/wp-content\/uploads\/sites\/51\/2026\/02\/logo_the_doge_signature_collection_c.svg\",\"width\":416,\"height\":64,\"caption\":\"The Doge Signature Collection\"},\"image\":{\"@id\":\"https:\/\/www.dogevenice.com\/es\/#\/schema\/logo\/image\/\"}}]}<\/script>\n<!-- \/ Yoast SEO plugin. -->","yoast_head_json":{"title":"Suite Familiar con Vista a la Plaza de San Marcos - Doge Exclusive Collection -","description":"Elegante y exclusiva residencia de lujo con sala de estar con vista a Piazza San Marco y a la Bas\u00edlica, dos habitaciones dobles (una con ba\u00f1o y Jacuzzi), kitchenette, sala comedor, dos ba\u00f1os, sauna con cromoterapia. Ideal tambi\u00e9n para familias.","robots":{"index":"index","follow":"follow","max-snippet":"max-snippet:-1","max-image-preview":"max-image-preview:large","max-video-preview":"max-video-preview:-1"},"canonical":"https:\/\/www.dogevenice.com\/es\/canaletto-luxury-suites\/suite-familiar-con-vista-a-la-plaza-de-san-marcos\/","og_locale":"es_ES","og_type":"article","og_title":"Suite Familiar con Vista a la Plaza de San Marcos - Doge Exclusive Collection -","og_description":"Elegante y exclusiva residencia de lujo con sala de estar con vista a Piazza San Marco y a la Bas\u00edlica, dos habitaciones dobles (una con ba\u00f1o y Jacuzzi), kitchenette, sala comedor, dos ba\u00f1os, sauna con cromoterapia. Ideal tambi\u00e9n para familias.","og_url":"https:\/\/www.dogevenice.com\/es\/canaletto-luxury-suites\/suite-familiar-con-vista-a-la-plaza-de-san-marcos\/","og_site_name":"Doge Exclusive Collection","article_modified_time":"2026-03-02T16:57:16+00:00","twitter_card":"summary_large_image","twitter_misc":{"Est. reading time":"1 minuto"},"schema":{"@context":"https:\/\/schema.org","@graph":[{"@type":"WebPage","@id":"https:\/\/www.dogevenice.com\/es\/canaletto-luxury-suites\/suite-familiar-con-vista-a-la-plaza-de-san-marcos\/","url":"https:\/\/www.dogevenice.com\/es\/canaletto-luxury-suites\/suite-familiar-con-vista-a-la-plaza-de-san-marcos\/","name":"Suite Familiar con Vista a la Plaza de San Marcos - Doge Exclusive Collection -","isPartOf":{"@id":"https:\/\/www.dogevenice.com\/es\/#website"},"datePublished":"2026-02-04T10:05:35+00:00","dateModified":"2026-03-02T16:57:16+00:00","description":"Elegante y exclusiva residencia de lujo con sala de estar con vista a Piazza San Marco y a la Bas\u00edlica, dos habitaciones dobles (una con ba\u00f1o y Jacuzzi), kitchenette, sala comedor, dos ba\u00f1os, sauna con cromoterapia. Ideal tambi\u00e9n para familias.","breadcrumb":{"@id":"https:\/\/www.dogevenice.com\/es\/canaletto-luxury-suites\/suite-familiar-con-vista-a-la-plaza-de-san-marcos\/#breadcrumb"},"inLanguage":"es","potentialAction":[{"@type":"ReadAction","target":["https:\/\/www.dogevenice.com\/es\/canaletto-luxury-suites\/suite-familiar-con-vista-a-la-plaza-de-san-marcos\/"]}]},{"@type":"BreadcrumbList","@id":"https:\/\/www.dogevenice.com\/es\/canaletto-luxury-suites\/suite-familiar-con-vista-a-la-plaza-de-san-marcos\/#breadcrumb","itemListElement":[{"@type":"ListItem","position":1,"name":"Home","item":"https:\/\/www.dogevenice.com\/es\/"},{"@type":"ListItem","position":2,"name":"Canaletto Luxury Suites","item":"https:\/\/www.dogevenice.com\/es\/canaletto-luxury-suites\/"},{"@type":"ListItem","position":3,"name":"Suite Familiar con Vista a la Plaza de San Marcos"}]},{"@type":"WebSite","@id":"https:\/\/www.dogevenice.com\/es\/#website","url":"https:\/\/www.dogevenice.com\/es\/","name":"The Doge Signature Collection","description":"","publisher":{"@id":"https:\/\/www.dogevenice.com\/es\/#organization"},"potentialAction":[{"@type":"SearchAction","target":{"@type":"EntryPoint","urlTemplate":"https:\/\/www.dogevenice.com\/es\/?s={search_term_string}"},"query-input":{"@type":"PropertyValueSpecification","valueRequired":true,"valueName":"search_term_string"}}],"inLanguage":"es"},{"@type":"Organization","@id":"https:\/\/www.dogevenice.com\/es\/#organization","name":"The Doge Signature Collection","url":"https:\/\/www.dogevenice.com\/es\/","logo":{"@type":"ImageObject","inLanguage":"es","@id":"https:\/\/www.dogevenice.com\/es\/#\/schema\/logo\/image\/","url":"https:\/\/www.dogevenice.com\/wp-content\/uploads\/sites\/51\/2026\/02\/logo_the_doge_signature_collection_c.svg","contentUrl":"https:\/\/www.dogevenice.com\/wp-content\/uploads\/sites\/51\/2026\/02\/logo_the_doge_signature_collection_c.svg","width":416,"height":64,"caption":"The Doge Signature Collection"},"image":{"@id":"https:\/\/www.dogevenice.com\/es\/#\/schema\/logo\/image\/"}}]}},"acf":[],"_links":{"self":[{"href":"https:\/\/www.dogevenice.com\/es\/wp-json\/wp\/v2\/pages\/318","targetHints":{"allow":["GET"]}}],"collection":[{"href":"https:\/\/www.dogevenice.com\/es\/wp-json\/wp\/v2\/pages"}],"about":[{"href":"https:\/\/www.dogevenice.com\/es\/wp-json\/wp\/v2\/types\/page"}],"author":[{"embeddable":true,"href":"https:\/\/www.dogevenice.com\/es\/wp-json\/wp\/v2\/users\/6"}],"replies":[{"embeddable":true,"href":"https:\/\/www.dogevenice.com\/es\/wp-json\/wp\/v2\/comments?post=318"}],"version-history":[{"count":0,"href":"https:\/\/www.dogevenice.com\/es\/wp-json\/wp\/v2\/pages\/318\/revisions"}],"up":[{"embeddable":true,"href":"https:\/\/www.dogevenice.com\/es\/wp-json\/wp\/v2\/pages\/303"}],"wp:attachment":[{"href":"https:\/\/www.dogevenice.com\/es\/wp-json\/wp\/v2\/media?parent=318"}],"curies":[{"name":"wp","href":"https:\/\/api.w.org\/{rel}","templated":true}]}}