{"id":298,"date":"2026-01-30T09:00:35","date_gmt":"2026-01-30T09:00:35","guid":{"rendered":"https:\/\/dogeexclusivecollection.ms3.decms.eu\/?page_id=298"},"modified":"2026-03-06T09:11:50","modified_gmt":"2026-03-06T09:11:50","slug":"ubicacion","status":"publish","type":"page","link":"https:\/\/www.dogevenice.com\/es\/ubicacion\/","title":{"rendered":"Ubicaci\u00f3n"},"content":{"rendered":"<p>En el coraz\u00f3n m\u00e1s ic\u00f3nico de Venecia, entre <strong data-start=\"1001\" data-end=\"1042\"><span class=\"hover:entity-accent entity-underline inline cursor-pointer align-baseline\"><span class=\"whitespace-normal\">Piazza San Marco<\/span><\/span><\/strong> y el <strong data-start=\"1048\" data-end=\"1089\"><span class=\"hover:entity-accent entity-underline inline cursor-pointer align-baseline\"><span class=\"whitespace-normal\">Ponte di Rialto<\/span><\/span><\/strong>, la ciudad revela toda su elegancia atemporal. Calles tranquilas, palacios hist\u00f3ricos y vistas al agua acompa\u00f1an cada paso, mientras que los lugares m\u00e1s emblem\u00e1ticos de Venecia se encuentran a pocos minutos. Una ubicaci\u00f3n privilegiada que permite vivir la ciudad desde una perspectiva aut\u00e9ntica y profundamente veneciana.<\/p>\n","protected":false},"excerpt":{"rendered":"<p>En el coraz\u00f3n m\u00e1s ic\u00f3nico de Venecia, entre Piazza San Marco y el Ponte di Rialto, la ciudad revela toda su elegancia atemporal. Calles tranquilas, palacios hist\u00f3ricos y vistas al agua acompa\u00f1an cada paso, mientras que los lugares m\u00e1s emblem\u00e1ticos de Venecia se encuentran a pocos minutos. Una ubicaci\u00f3n privilegiada que permite vivir la ciudad [&hellip;]<\/p>\n","protected":false},"author":6,"featured_media":0,"parent":0,"menu_order":90,"comment_status":"closed","ping_status":"closed","template":"template-location.php","meta":{"footnotes":""},"class_list":["post-298","page","type-page","status-publish","hentry"],"yoast_head":"<!-- This site is optimized with the Yoast SEO plugin v26.9 - https:\/\/yoast.com\/product\/yoast-seo-wordpress\/ -->\n<title>Ubicaci\u00f3n - Doge Exclusive Collection -<\/title>\n<meta name=\"description\" content=\"En el coraz\u00f3n m\u00e1s ic\u00f3nico de Venecia, entre Piazza San Marco y el Ponte di Rialto, la ciudad revela toda su elegancia atemporal. Calles tranquilas, palacios hist\u00f3ricos y vistas al agua acompa\u00f1an cada paso, mientras que los lugares m\u00e1s emblem\u00e1ticos de Venecia se encuentran a pocos minutos\" \/>\n<meta name=\"robots\" content=\"index, follow, max-snippet:-1, max-image-preview:large, max-video-preview:-1\" \/>\n<link rel=\"canonical\" href=\"https:\/\/www.dogevenice.com\/es\/ubicacion\/\" \/>\n<meta property=\"og:locale\" content=\"es_ES\" \/>\n<meta property=\"og:type\" content=\"article\" \/>\n<meta property=\"og:title\" content=\"Ubicaci\u00f3n - Doge Exclusive Collection -\" \/>\n<meta property=\"og:description\" content=\"En el coraz\u00f3n m\u00e1s ic\u00f3nico de Venecia, entre Piazza San Marco y el Ponte di Rialto, la ciudad revela toda su elegancia atemporal. Calles tranquilas, palacios hist\u00f3ricos y vistas al agua acompa\u00f1an cada paso, mientras que los lugares m\u00e1s emblem\u00e1ticos de Venecia se encuentran a pocos minutos\" \/>\n<meta property=\"og:url\" content=\"https:\/\/www.dogevenice.com\/es\/ubicacion\/\" \/>\n<meta property=\"og:site_name\" content=\"Doge Exclusive Collection\" \/>\n<meta property=\"article:modified_time\" content=\"2026-03-06T09:11:50+00:00\" \/>\n<meta name=\"twitter:card\" content=\"summary_large_image\" \/>\n<meta name=\"twitter:label1\" content=\"Est. reading time\" \/>\n\t<meta name=\"twitter:data1\" content=\"1 minuto\" \/>\n<script type=\"application\/ld+json\" class=\"yoast-schema-graph\">{\"@context\":\"https:\/\/schema.org\",\"@graph\":[{\"@type\":\"WebPage\",\"@id\":\"https:\/\/www.dogevenice.com\/es\/ubicacion\/\",\"url\":\"https:\/\/www.dogevenice.com\/es\/ubicacion\/\",\"name\":\"Ubicaci\u00f3n - Doge Exclusive Collection -\",\"isPartOf\":{\"@id\":\"https:\/\/www.dogevenice.com\/es\/#website\"},\"datePublished\":\"2026-01-30T09:00:35+00:00\",\"dateModified\":\"2026-03-06T09:11:50+00:00\",\"description\":\"En el coraz\u00f3n m\u00e1s ic\u00f3nico de Venecia, entre Piazza San Marco y el Ponte di Rialto, la ciudad revela toda su elegancia atemporal. Calles tranquilas, palacios hist\u00f3ricos y vistas al agua acompa\u00f1an cada paso, mientras que los lugares m\u00e1s emblem\u00e1ticos de Venecia se encuentran a pocos minutos\",\"breadcrumb\":{\"@id\":\"https:\/\/www.dogevenice.com\/es\/ubicacion\/#breadcrumb\"},\"inLanguage\":\"es\",\"potentialAction\":[{\"@type\":\"ReadAction\",\"target\":[\"https:\/\/www.dogevenice.com\/es\/ubicacion\/\"]}]},{\"@type\":\"BreadcrumbList\",\"@id\":\"https:\/\/www.dogevenice.com\/es\/ubicacion\/#breadcrumb\",\"itemListElement\":[{\"@type\":\"ListItem\",\"position\":1,\"name\":\"Home\",\"item\":\"https:\/\/www.dogevenice.com\/es\/\"},{\"@type\":\"ListItem\",\"position\":2,\"name\":\"Ubicaci\u00f3n\"}]},{\"@type\":\"WebSite\",\"@id\":\"https:\/\/www.dogevenice.com\/es\/#website\",\"url\":\"https:\/\/www.dogevenice.com\/es\/\",\"name\":\"The Doge Signature Collection\",\"description\":\"\",\"publisher\":{\"@id\":\"https:\/\/www.dogevenice.com\/es\/#organization\"},\"potentialAction\":[{\"@type\":\"SearchAction\",\"target\":{\"@type\":\"EntryPoint\",\"urlTemplate\":\"https:\/\/www.dogevenice.com\/es\/?s={search_term_string}\"},\"query-input\":{\"@type\":\"PropertyValueSpecification\",\"valueRequired\":true,\"valueName\":\"search_term_string\"}}],\"inLanguage\":\"es\"},{\"@type\":\"Organization\",\"@id\":\"https:\/\/www.dogevenice.com\/es\/#organization\",\"name\":\"The Doge Signature Collection\",\"url\":\"https:\/\/www.dogevenice.com\/es\/\",\"logo\":{\"@type\":\"ImageObject\",\"inLanguage\":\"es\",\"@id\":\"https:\/\/www.dogevenice.com\/es\/#\/schema\/logo\/image\/\",\"url\":\"https:\/\/www.dogevenice.com\/wp-content\/uploads\/sites\/51\/2026\/02\/logo_the_doge_signature_collection_c.svg\",\"contentUrl\":\"https:\/\/www.dogevenice.com\/wp-content\/uploads\/sites\/51\/2026\/02\/logo_the_doge_signature_collection_c.svg\",\"width\":416,\"height\":64,\"caption\":\"The Doge Signature Collection\"},\"image\":{\"@id\":\"https:\/\/www.dogevenice.com\/es\/#\/schema\/logo\/image\/\"}}]}<\/script>\n<!-- \/ Yoast SEO plugin. -->","yoast_head_json":{"title":"Ubicaci\u00f3n - Doge Exclusive Collection -","description":"En el coraz\u00f3n m\u00e1s ic\u00f3nico de Venecia, entre Piazza San Marco y el Ponte di Rialto, la ciudad revela toda su elegancia atemporal. Calles tranquilas, palacios hist\u00f3ricos y vistas al agua acompa\u00f1an cada paso, mientras que los lugares m\u00e1s emblem\u00e1ticos de Venecia se encuentran a pocos minutos","robots":{"index":"index","follow":"follow","max-snippet":"max-snippet:-1","max-image-preview":"max-image-preview:large","max-video-preview":"max-video-preview:-1"},"canonical":"https:\/\/www.dogevenice.com\/es\/ubicacion\/","og_locale":"es_ES","og_type":"article","og_title":"Ubicaci\u00f3n - Doge Exclusive Collection -","og_description":"En el coraz\u00f3n m\u00e1s ic\u00f3nico de Venecia, entre Piazza San Marco y el Ponte di Rialto, la ciudad revela toda su elegancia atemporal. Calles tranquilas, palacios hist\u00f3ricos y vistas al agua acompa\u00f1an cada paso, mientras que los lugares m\u00e1s emblem\u00e1ticos de Venecia se encuentran a pocos minutos","og_url":"https:\/\/www.dogevenice.com\/es\/ubicacion\/","og_site_name":"Doge Exclusive Collection","article_modified_time":"2026-03-06T09:11:50+00:00","twitter_card":"summary_large_image","twitter_misc":{"Est. reading time":"1 minuto"},"schema":{"@context":"https:\/\/schema.org","@graph":[{"@type":"WebPage","@id":"https:\/\/www.dogevenice.com\/es\/ubicacion\/","url":"https:\/\/www.dogevenice.com\/es\/ubicacion\/","name":"Ubicaci\u00f3n - Doge Exclusive Collection -","isPartOf":{"@id":"https:\/\/www.dogevenice.com\/es\/#website"},"datePublished":"2026-01-30T09:00:35+00:00","dateModified":"2026-03-06T09:11:50+00:00","description":"En el coraz\u00f3n m\u00e1s ic\u00f3nico de Venecia, entre Piazza San Marco y el Ponte di Rialto, la ciudad revela toda su elegancia atemporal. Calles tranquilas, palacios hist\u00f3ricos y vistas al agua acompa\u00f1an cada paso, mientras que los lugares m\u00e1s emblem\u00e1ticos de Venecia se encuentran a pocos minutos","breadcrumb":{"@id":"https:\/\/www.dogevenice.com\/es\/ubicacion\/#breadcrumb"},"inLanguage":"es","potentialAction":[{"@type":"ReadAction","target":["https:\/\/www.dogevenice.com\/es\/ubicacion\/"]}]},{"@type":"BreadcrumbList","@id":"https:\/\/www.dogevenice.com\/es\/ubicacion\/#breadcrumb","itemListElement":[{"@type":"ListItem","position":1,"name":"Home","item":"https:\/\/www.dogevenice.com\/es\/"},{"@type":"ListItem","position":2,"name":"Ubicaci\u00f3n"}]},{"@type":"WebSite","@id":"https:\/\/www.dogevenice.com\/es\/#website","url":"https:\/\/www.dogevenice.com\/es\/","name":"The Doge Signature Collection","description":"","publisher":{"@id":"https:\/\/www.dogevenice.com\/es\/#organization"},"potentialAction":[{"@type":"SearchAction","target":{"@type":"EntryPoint","urlTemplate":"https:\/\/www.dogevenice.com\/es\/?s={search_term_string}"},"query-input":{"@type":"PropertyValueSpecification","valueRequired":true,"valueName":"search_term_string"}}],"inLanguage":"es"},{"@type":"Organization","@id":"https:\/\/www.dogevenice.com\/es\/#organization","name":"The Doge Signature Collection","url":"https:\/\/www.dogevenice.com\/es\/","logo":{"@type":"ImageObject","inLanguage":"es","@id":"https:\/\/www.dogevenice.com\/es\/#\/schema\/logo\/image\/","url":"https:\/\/www.dogevenice.com\/wp-content\/uploads\/sites\/51\/2026\/02\/logo_the_doge_signature_collection_c.svg","contentUrl":"https:\/\/www.dogevenice.com\/wp-content\/uploads\/sites\/51\/2026\/02\/logo_the_doge_signature_collection_c.svg","width":416,"height":64,"caption":"The Doge Signature Collection"},"image":{"@id":"https:\/\/www.dogevenice.com\/es\/#\/schema\/logo\/image\/"}}]}},"acf":[],"_links":{"self":[{"href":"https:\/\/www.dogevenice.com\/es\/wp-json\/wp\/v2\/pages\/298","targetHints":{"allow":["GET"]}}],"collection":[{"href":"https:\/\/www.dogevenice.com\/es\/wp-json\/wp\/v2\/pages"}],"about":[{"href":"https:\/\/www.dogevenice.com\/es\/wp-json\/wp\/v2\/types\/page"}],"author":[{"embeddable":true,"href":"https:\/\/www.dogevenice.com\/es\/wp-json\/wp\/v2\/users\/6"}],"replies":[{"embeddable":true,"href":"https:\/\/www.dogevenice.com\/es\/wp-json\/wp\/v2\/comments?post=298"}],"version-history":[{"count":0,"href":"https:\/\/www.dogevenice.com\/es\/wp-json\/wp\/v2\/pages\/298\/revisions"}],"wp:attachment":[{"href":"https:\/\/www.dogevenice.com\/es\/wp-json\/wp\/v2\/media?parent=298"}],"curies":[{"name":"wp","href":"https:\/\/api.w.org\/{rel}","templated":true}]}}