{"id":294,"date":"2026-01-30T09:01:06","date_gmt":"2026-01-30T09:01:06","guid":{"rendered":"https:\/\/dogeexclusivecollection.ms3.decms.eu\/?page_id=294"},"modified":"2026-03-02T15:50:17","modified_gmt":"2026-03-02T15:50:17","slug":"alrededores","status":"publish","type":"page","link":"https:\/\/www.dogevenice.com\/es\/alrededores\/","title":{"rendered":"Alrededores"},"content":{"rendered":"<p>Situada entre calles, plazas y canales hist\u00f3ricos, la Doge Signature Collection permite vivir Venecia desde sus puntos m\u00e1s aut\u00e9nticos y c\u00e9ntricos, a pocos pasos de los principales s\u00edmbolos de la ciudad.<\/p>\n<p>Bellevue B&amp;B, Canaletto Suites y Torre dell\u2019Orologio Signature Residence se encuentran todos en la Plaza de San Marcos, en el coraz\u00f3n vibrante de la ciudad, cada uno con su propia bienvenida dedicada que refleja el car\u00e1cter \u00fanico de la propiedad. Los hu\u00e9spedes pueden sumergirse en la belleza hist\u00f3rica de San Marcos, pasear entre la Bas\u00edlica, el Campanile y las famosas Mercerie, viviendo Venecia entre arte, historia y tradici\u00f3n.<\/p>\n","protected":false},"excerpt":{"rendered":"<p>Situada entre calles, plazas y canales hist\u00f3ricos, la Doge Signature Collection permite vivir Venecia desde sus puntos m\u00e1s aut\u00e9nticos y c\u00e9ntricos, a pocos pasos de los principales s\u00edmbolos de la ciudad. Bellevue B&amp;B, Canaletto Suites y Torre dell\u2019Orologio Signature Residence se encuentran todos en la Plaza de San Marcos, en el coraz\u00f3n vibrante de la [&hellip;]<\/p>\n","protected":false},"author":6,"featured_media":0,"parent":0,"menu_order":100,"comment_status":"closed","ping_status":"closed","template":"template-surroundings.php","meta":{"footnotes":""},"class_list":["post-294","page","type-page","status-publish","hentry"],"yoast_head":"<!-- This site is optimized with the Yoast SEO plugin v26.9 - https:\/\/yoast.com\/product\/yoast-seo-wordpress\/ -->\n<title>Alrededores - Doge Exclusive Collection -<\/title>\n<meta name=\"description\" content=\"Situada entre calles, plazas y canales hist\u00f3ricos, la Doge Signature Collection permite vivir Venecia desde sus puntos m\u00e1s aut\u00e9nticos y c\u00e9ntricos, a pocos pasos de los principales s\u00edmbolos de la ciudad.  Bellevue B&amp;B, Canaletto Suites y Torre dell\u2019Orologio Signature Residence se encuentran todos en la Plaza de San Marcos, en el coraz\u00f3n vibrante de la ciudad, cada uno con su propia bienvenida dedicada que refleja el car\u00e1cter \u00fanico de la propiedad. Los hu\u00e9spedes pueden sumergirse en la belleza hist\u00f3rica de San Marcos, pasear entre la Bas\u00edlica, el Campanile y las famosas Mercerie, viviendo Venecia entre arte, historia y tradici\u00f3n.\" \/>\n<meta name=\"robots\" content=\"index, follow, max-snippet:-1, max-image-preview:large, max-video-preview:-1\" \/>\n<link rel=\"canonical\" href=\"https:\/\/www.dogevenice.com\/es\/alrededores\/\" \/>\n<meta property=\"og:locale\" content=\"es_ES\" \/>\n<meta property=\"og:type\" content=\"article\" \/>\n<meta property=\"og:title\" content=\"Alrededores - Doge Exclusive Collection -\" \/>\n<meta property=\"og:description\" content=\"Situada entre calles, plazas y canales hist\u00f3ricos, la Doge Signature Collection permite vivir Venecia desde sus puntos m\u00e1s aut\u00e9nticos y c\u00e9ntricos, a pocos pasos de los principales s\u00edmbolos de la ciudad.  Bellevue B&amp;B, Canaletto Suites y Torre dell\u2019Orologio Signature Residence se encuentran todos en la Plaza de San Marcos, en el coraz\u00f3n vibrante de la ciudad, cada uno con su propia bienvenida dedicada que refleja el car\u00e1cter \u00fanico de la propiedad. Los hu\u00e9spedes pueden sumergirse en la belleza hist\u00f3rica de San Marcos, pasear entre la Bas\u00edlica, el Campanile y las famosas Mercerie, viviendo Venecia entre arte, historia y tradici\u00f3n.\" \/>\n<meta property=\"og:url\" content=\"https:\/\/www.dogevenice.com\/es\/alrededores\/\" \/>\n<meta property=\"og:site_name\" content=\"Doge Exclusive Collection\" \/>\n<meta property=\"article:modified_time\" content=\"2026-03-02T15:50:17+00:00\" \/>\n<meta name=\"twitter:card\" content=\"summary_large_image\" \/>\n<meta name=\"twitter:label1\" content=\"Est. reading time\" \/>\n\t<meta name=\"twitter:data1\" content=\"1 minuto\" \/>\n<script type=\"application\/ld+json\" class=\"yoast-schema-graph\">{\"@context\":\"https:\/\/schema.org\",\"@graph\":[{\"@type\":\"WebPage\",\"@id\":\"https:\/\/www.dogevenice.com\/es\/alrededores\/\",\"url\":\"https:\/\/www.dogevenice.com\/es\/alrededores\/\",\"name\":\"Alrededores - Doge Exclusive Collection -\",\"isPartOf\":{\"@id\":\"https:\/\/www.dogevenice.com\/es\/#website\"},\"datePublished\":\"2026-01-30T09:01:06+00:00\",\"dateModified\":\"2026-03-02T15:50:17+00:00\",\"description\":\"Situada entre calles, plazas y canales hist\u00f3ricos, la Doge Signature Collection permite vivir Venecia desde sus puntos m\u00e1s aut\u00e9nticos y c\u00e9ntricos, a pocos pasos de los principales s\u00edmbolos de la ciudad. Bellevue B&amp;B, Canaletto Suites y Torre dell\u2019Orologio Signature Residence se encuentran todos en la Plaza de San Marcos, en el coraz\u00f3n vibrante de la ciudad, cada uno con su propia bienvenida dedicada que refleja el car\u00e1cter \u00fanico de la propiedad. Los hu\u00e9spedes pueden sumergirse en la belleza hist\u00f3rica de San Marcos, pasear entre la Bas\u00edlica, el Campanile y las famosas Mercerie, viviendo Venecia entre arte, historia y tradici\u00f3n.\",\"breadcrumb\":{\"@id\":\"https:\/\/www.dogevenice.com\/es\/alrededores\/#breadcrumb\"},\"inLanguage\":\"es\",\"potentialAction\":[{\"@type\":\"ReadAction\",\"target\":[\"https:\/\/www.dogevenice.com\/es\/alrededores\/\"]}]},{\"@type\":\"BreadcrumbList\",\"@id\":\"https:\/\/www.dogevenice.com\/es\/alrededores\/#breadcrumb\",\"itemListElement\":[{\"@type\":\"ListItem\",\"position\":1,\"name\":\"Home\",\"item\":\"https:\/\/www.dogevenice.com\/es\/\"},{\"@type\":\"ListItem\",\"position\":2,\"name\":\"Alrededores\"}]},{\"@type\":\"WebSite\",\"@id\":\"https:\/\/www.dogevenice.com\/es\/#website\",\"url\":\"https:\/\/www.dogevenice.com\/es\/\",\"name\":\"The Doge Signature Collection\",\"description\":\"\",\"publisher\":{\"@id\":\"https:\/\/www.dogevenice.com\/es\/#organization\"},\"potentialAction\":[{\"@type\":\"SearchAction\",\"target\":{\"@type\":\"EntryPoint\",\"urlTemplate\":\"https:\/\/www.dogevenice.com\/es\/?s={search_term_string}\"},\"query-input\":{\"@type\":\"PropertyValueSpecification\",\"valueRequired\":true,\"valueName\":\"search_term_string\"}}],\"inLanguage\":\"es\"},{\"@type\":\"Organization\",\"@id\":\"https:\/\/www.dogevenice.com\/es\/#organization\",\"name\":\"The Doge Signature Collection\",\"url\":\"https:\/\/www.dogevenice.com\/es\/\",\"logo\":{\"@type\":\"ImageObject\",\"inLanguage\":\"es\",\"@id\":\"https:\/\/www.dogevenice.com\/es\/#\/schema\/logo\/image\/\",\"url\":\"https:\/\/www.dogevenice.com\/wp-content\/uploads\/sites\/51\/2026\/02\/logo_the_doge_signature_collection_c.svg\",\"contentUrl\":\"https:\/\/www.dogevenice.com\/wp-content\/uploads\/sites\/51\/2026\/02\/logo_the_doge_signature_collection_c.svg\",\"width\":416,\"height\":64,\"caption\":\"The Doge Signature Collection\"},\"image\":{\"@id\":\"https:\/\/www.dogevenice.com\/es\/#\/schema\/logo\/image\/\"}}]}<\/script>\n<!-- \/ Yoast SEO plugin. -->","yoast_head_json":{"title":"Alrededores - Doge Exclusive Collection -","description":"Situada entre calles, plazas y canales hist\u00f3ricos, la Doge Signature Collection permite vivir Venecia desde sus puntos m\u00e1s aut\u00e9nticos y c\u00e9ntricos, a pocos pasos de los principales s\u00edmbolos de la ciudad.  Bellevue B&amp;B, Canaletto Suites y Torre dell\u2019Orologio Signature Residence se encuentran todos en la Plaza de San Marcos, en el coraz\u00f3n vibrante de la ciudad, cada uno con su propia bienvenida dedicada que refleja el car\u00e1cter \u00fanico de la propiedad. Los hu\u00e9spedes pueden sumergirse en la belleza hist\u00f3rica de San Marcos, pasear entre la Bas\u00edlica, el Campanile y las famosas Mercerie, viviendo Venecia entre arte, historia y tradici\u00f3n.","robots":{"index":"index","follow":"follow","max-snippet":"max-snippet:-1","max-image-preview":"max-image-preview:large","max-video-preview":"max-video-preview:-1"},"canonical":"https:\/\/www.dogevenice.com\/es\/alrededores\/","og_locale":"es_ES","og_type":"article","og_title":"Alrededores - Doge Exclusive Collection -","og_description":"Situada entre calles, plazas y canales hist\u00f3ricos, la Doge Signature Collection permite vivir Venecia desde sus puntos m\u00e1s aut\u00e9nticos y c\u00e9ntricos, a pocos pasos de los principales s\u00edmbolos de la ciudad.  Bellevue B&amp;B, Canaletto Suites y Torre dell\u2019Orologio Signature Residence se encuentran todos en la Plaza de San Marcos, en el coraz\u00f3n vibrante de la ciudad, cada uno con su propia bienvenida dedicada que refleja el car\u00e1cter \u00fanico de la propiedad. Los hu\u00e9spedes pueden sumergirse en la belleza hist\u00f3rica de San Marcos, pasear entre la Bas\u00edlica, el Campanile y las famosas Mercerie, viviendo Venecia entre arte, historia y tradici\u00f3n.","og_url":"https:\/\/www.dogevenice.com\/es\/alrededores\/","og_site_name":"Doge Exclusive Collection","article_modified_time":"2026-03-02T15:50:17+00:00","twitter_card":"summary_large_image","twitter_misc":{"Est. reading time":"1 minuto"},"schema":{"@context":"https:\/\/schema.org","@graph":[{"@type":"WebPage","@id":"https:\/\/www.dogevenice.com\/es\/alrededores\/","url":"https:\/\/www.dogevenice.com\/es\/alrededores\/","name":"Alrededores - Doge Exclusive Collection -","isPartOf":{"@id":"https:\/\/www.dogevenice.com\/es\/#website"},"datePublished":"2026-01-30T09:01:06+00:00","dateModified":"2026-03-02T15:50:17+00:00","description":"Situada entre calles, plazas y canales hist\u00f3ricos, la Doge Signature Collection permite vivir Venecia desde sus puntos m\u00e1s aut\u00e9nticos y c\u00e9ntricos, a pocos pasos de los principales s\u00edmbolos de la ciudad. Bellevue B&amp;B, Canaletto Suites y Torre dell\u2019Orologio Signature Residence se encuentran todos en la Plaza de San Marcos, en el coraz\u00f3n vibrante de la ciudad, cada uno con su propia bienvenida dedicada que refleja el car\u00e1cter \u00fanico de la propiedad. Los hu\u00e9spedes pueden sumergirse en la belleza hist\u00f3rica de San Marcos, pasear entre la Bas\u00edlica, el Campanile y las famosas Mercerie, viviendo Venecia entre arte, historia y tradici\u00f3n.","breadcrumb":{"@id":"https:\/\/www.dogevenice.com\/es\/alrededores\/#breadcrumb"},"inLanguage":"es","potentialAction":[{"@type":"ReadAction","target":["https:\/\/www.dogevenice.com\/es\/alrededores\/"]}]},{"@type":"BreadcrumbList","@id":"https:\/\/www.dogevenice.com\/es\/alrededores\/#breadcrumb","itemListElement":[{"@type":"ListItem","position":1,"name":"Home","item":"https:\/\/www.dogevenice.com\/es\/"},{"@type":"ListItem","position":2,"name":"Alrededores"}]},{"@type":"WebSite","@id":"https:\/\/www.dogevenice.com\/es\/#website","url":"https:\/\/www.dogevenice.com\/es\/","name":"The Doge Signature Collection","description":"","publisher":{"@id":"https:\/\/www.dogevenice.com\/es\/#organization"},"potentialAction":[{"@type":"SearchAction","target":{"@type":"EntryPoint","urlTemplate":"https:\/\/www.dogevenice.com\/es\/?s={search_term_string}"},"query-input":{"@type":"PropertyValueSpecification","valueRequired":true,"valueName":"search_term_string"}}],"inLanguage":"es"},{"@type":"Organization","@id":"https:\/\/www.dogevenice.com\/es\/#organization","name":"The Doge Signature Collection","url":"https:\/\/www.dogevenice.com\/es\/","logo":{"@type":"ImageObject","inLanguage":"es","@id":"https:\/\/www.dogevenice.com\/es\/#\/schema\/logo\/image\/","url":"https:\/\/www.dogevenice.com\/wp-content\/uploads\/sites\/51\/2026\/02\/logo_the_doge_signature_collection_c.svg","contentUrl":"https:\/\/www.dogevenice.com\/wp-content\/uploads\/sites\/51\/2026\/02\/logo_the_doge_signature_collection_c.svg","width":416,"height":64,"caption":"The Doge Signature Collection"},"image":{"@id":"https:\/\/www.dogevenice.com\/es\/#\/schema\/logo\/image\/"}}]}},"acf":[],"_links":{"self":[{"href":"https:\/\/www.dogevenice.com\/es\/wp-json\/wp\/v2\/pages\/294","targetHints":{"allow":["GET"]}}],"collection":[{"href":"https:\/\/www.dogevenice.com\/es\/wp-json\/wp\/v2\/pages"}],"about":[{"href":"https:\/\/www.dogevenice.com\/es\/wp-json\/wp\/v2\/types\/page"}],"author":[{"embeddable":true,"href":"https:\/\/www.dogevenice.com\/es\/wp-json\/wp\/v2\/users\/6"}],"replies":[{"embeddable":true,"href":"https:\/\/www.dogevenice.com\/es\/wp-json\/wp\/v2\/comments?post=294"}],"version-history":[{"count":0,"href":"https:\/\/www.dogevenice.com\/es\/wp-json\/wp\/v2\/pages\/294\/revisions"}],"wp:attachment":[{"href":"https:\/\/www.dogevenice.com\/es\/wp-json\/wp\/v2\/media?parent=294"}],"curies":[{"name":"wp","href":"https:\/\/api.w.org\/{rel}","templated":true}]}}