{"id":274,"date":"2026-02-05T13:40:54","date_gmt":"2026-02-05T13:40:54","guid":{"rendered":"https:\/\/dogeexclusivecollection.ms3.decms.eu\/?page_id=274"},"modified":"2026-03-05T16:08:16","modified_gmt":"2026-03-05T16:08:16","slug":"servicios","status":"publish","type":"page","link":"https:\/\/www.dogevenice.com\/es\/servicios\/","title":{"rendered":"Servicios"},"content":{"rendered":"<p data-path-to-node=\"28\"><b data-path-to-node=\"28\" data-index-in-node=\"0\">The Doge Signature Collection<\/b> une <b data-path-to-node=\"28\" data-index-in-node=\"34\">Bellevue B&amp;B<\/b>, <b data-path-to-node=\"28\" data-index-in-node=\"48\">Canaletto Suites<\/b>, <b data-path-to-node=\"28\" data-index-in-node=\"66\">Rialto Studios<\/b> y <b data-path-to-node=\"28\" data-index-in-node=\"83\">Torre dell\u2019Orologio Signature Residence<\/b> bajo un enfoque de hospitalidad \u00fanico, coherente y distintivo.<\/p>\n<p data-path-to-node=\"29\">Los servicios var\u00edan seg\u00fan la estructura, respetando su identidad y car\u00e1cter \u00fanicos. Nuestro personal multiling\u00fce est\u00e1 a su disposici\u00f3n antes y durante su estancia para garantizar una acogida impecable, apoyo local y consejos personalizados, haciendo que cada momento de su estancia sea sencillo y agradable.<\/p>\n<p data-path-to-node=\"30\">No ofrecemos simples servicios, sino una experiencia estudiada al detalle, discreta, eficiente y centrada en lo que hace que el tiempo pasado en Venecia sea realmente inolvidable.<\/p>\n<p data-path-to-node=\"31\">Para un momento de relax o un aperitivo, el lounge bar <b data-path-to-node=\"31\" data-index-in-node=\"55\">Bar del Doge<\/b>, dentro del <b data-path-to-node=\"31\" data-index-in-node=\"80\">Cavalletto &amp; Doge Orseolo<\/b>, est\u00e1 pensado para disfrutar de una copa elegante en un ambiente refinado, perfecto para un after-hours veneciano con vistas al <b data-path-to-node=\"31\" data-index-in-node=\"234\">Bacino Orseolo<\/b>.<\/p>\n<p data-path-to-node=\"32\">La estancia puede enriquecerse a\u00fan m\u00e1s con un almuerzo o cena en el <b data-path-to-node=\"32\" data-index-in-node=\"68\">Ristorante San Marco<\/b>, dentro del <b data-path-to-node=\"32\" data-index-in-node=\"101\">Albergo San Marco<\/b>, donde la cocina aut\u00e9ntica y los ambientes refinados transforman cada comida en una experiencia memorable.<\/p>\n","protected":false},"excerpt":{"rendered":"<p>The Doge Signature Collection une Bellevue B&amp;B, Canaletto Suites, Rialto Studios y Torre dell\u2019Orologio Signature Residence bajo un enfoque de hospitalidad \u00fanico, coherente y distintivo. Los servicios var\u00edan seg\u00fan la estructura, respetando su identidad y car\u00e1cter \u00fanicos. Nuestro personal multiling\u00fce est\u00e1 a su disposici\u00f3n antes y durante su estancia para garantizar una acogida impecable, apoyo [&hellip;]<\/p>\n","protected":false},"author":6,"featured_media":0,"parent":0,"menu_order":60,"comment_status":"closed","ping_status":"closed","template":"template-services.php","meta":{"footnotes":""},"class_list":["post-274","page","type-page","status-publish","hentry"],"yoast_head":"<!-- This site is optimized with the Yoast SEO plugin v26.9 - https:\/\/yoast.com\/product\/yoast-seo-wordpress\/ -->\n<title>Servicios - Doge Exclusive Collection -<\/title>\n<meta name=\"description\" content=\"The Doge Signature Collection une Bellevue B&amp;B, Canaletto Suites, Rialto Studios y Torre dell\u2019Orologio Signature Residence bajo un enfoque de hospitalidad \u00fanico, coherente y distintivo. Los servicios var\u00edan seg\u00fan la estructura, respetando su identidad y car\u00e1cter \u00fanicos. Nuestro personal multiling\u00fce est\u00e1 a su disposici\u00f3n antes y durante su estancia para garantizar una acogida impecable, apoyo local y consejos personalizados, haciendo que cada momento de su estancia sea sencillo y agradable. No ofrecemos simples servicios, sino una experiencia estudiada al detalle, discreta, eficiente y centrada en lo que hace que el tiempo pasado en Venecia sea realmente inolvidable. Para un momento de relax o un aperitivo, el lounge bar Bar del Doge, dentro del Cavalletto &amp; Doge Orseolo, est\u00e1 pensado para disfrutar de una copa elegante en un ambiente refinado, perfecto para un after-hours veneciano con vistas al Bacino Orseolo. La estancia puede enriquecerse a\u00fan m\u00e1s con un almuerzo o cena en el Ristorante San Marco, dentro del Albergo San Marco, donde la cocina aut\u00e9ntica y los ambientes refinados transforman cada comida en una experiencia memorable.\" \/>\n<meta name=\"robots\" content=\"index, follow, max-snippet:-1, max-image-preview:large, max-video-preview:-1\" \/>\n<link rel=\"canonical\" href=\"https:\/\/www.dogevenice.com\/es\/servicios\/\" \/>\n<meta property=\"og:locale\" content=\"es_ES\" \/>\n<meta property=\"og:type\" content=\"article\" \/>\n<meta property=\"og:title\" content=\"Servicios - Doge Exclusive Collection -\" \/>\n<meta property=\"og:description\" content=\"The Doge Signature Collection une Bellevue B&amp;B, Canaletto Suites, Rialto Studios y Torre dell\u2019Orologio Signature Residence bajo un enfoque de hospitalidad \u00fanico, coherente y distintivo. Los servicios var\u00edan seg\u00fan la estructura, respetando su identidad y car\u00e1cter \u00fanicos. Nuestro personal multiling\u00fce est\u00e1 a su disposici\u00f3n antes y durante su estancia para garantizar una acogida impecable, apoyo local y consejos personalizados, haciendo que cada momento de su estancia sea sencillo y agradable. No ofrecemos simples servicios, sino una experiencia estudiada al detalle, discreta, eficiente y centrada en lo que hace que el tiempo pasado en Venecia sea realmente inolvidable. Para un momento de relax o un aperitivo, el lounge bar Bar del Doge, dentro del Cavalletto &amp; Doge Orseolo, est\u00e1 pensado para disfrutar de una copa elegante en un ambiente refinado, perfecto para un after-hours veneciano con vistas al Bacino Orseolo. La estancia puede enriquecerse a\u00fan m\u00e1s con un almuerzo o cena en el Ristorante San Marco, dentro del Albergo San Marco, donde la cocina aut\u00e9ntica y los ambientes refinados transforman cada comida en una experiencia memorable.\" \/>\n<meta property=\"og:url\" content=\"https:\/\/www.dogevenice.com\/es\/servicios\/\" \/>\n<meta property=\"og:site_name\" content=\"Doge Exclusive Collection\" \/>\n<meta property=\"article:modified_time\" content=\"2026-03-05T16:08:16+00:00\" \/>\n<meta name=\"twitter:card\" content=\"summary_large_image\" \/>\n<meta name=\"twitter:label1\" content=\"Est. reading time\" \/>\n\t<meta name=\"twitter:data1\" content=\"1 minuto\" \/>\n<script type=\"application\/ld+json\" class=\"yoast-schema-graph\">{\"@context\":\"https:\/\/schema.org\",\"@graph\":[{\"@type\":\"WebPage\",\"@id\":\"https:\/\/www.dogevenice.com\/es\/servicios\/\",\"url\":\"https:\/\/www.dogevenice.com\/es\/servicios\/\",\"name\":\"Servicios - Doge Exclusive Collection -\",\"isPartOf\":{\"@id\":\"https:\/\/www.dogevenice.com\/es\/#website\"},\"datePublished\":\"2026-02-05T13:40:54+00:00\",\"dateModified\":\"2026-03-05T16:08:16+00:00\",\"description\":\"The Doge Signature Collection une Bellevue B&amp;B, Canaletto Suites, Rialto Studios y Torre dell\u2019Orologio Signature Residence bajo un enfoque de hospitalidad \u00fanico, coherente y distintivo. Los servicios var\u00edan seg\u00fan la estructura, respetando su identidad y car\u00e1cter \u00fanicos. Nuestro personal multiling\u00fce est\u00e1 a su disposici\u00f3n antes y durante su estancia para garantizar una acogida impecable, apoyo local y consejos personalizados, haciendo que cada momento de su estancia sea sencillo y agradable. No ofrecemos simples servicios, sino una experiencia estudiada al detalle, discreta, eficiente y centrada en lo que hace que el tiempo pasado en Venecia sea realmente inolvidable. Para un momento de relax o un aperitivo, el lounge bar Bar del Doge, dentro del Cavalletto &amp; Doge Orseolo, est\u00e1 pensado para disfrutar de una copa elegante en un ambiente refinado, perfecto para un after-hours veneciano con vistas al Bacino Orseolo. La estancia puede enriquecerse a\u00fan m\u00e1s con un almuerzo o cena en el Ristorante San Marco, dentro del Albergo San Marco, donde la cocina aut\u00e9ntica y los ambientes refinados transforman cada comida en una experiencia memorable.\",\"breadcrumb\":{\"@id\":\"https:\/\/www.dogevenice.com\/es\/servicios\/#breadcrumb\"},\"inLanguage\":\"es\",\"potentialAction\":[{\"@type\":\"ReadAction\",\"target\":[\"https:\/\/www.dogevenice.com\/es\/servicios\/\"]}]},{\"@type\":\"BreadcrumbList\",\"@id\":\"https:\/\/www.dogevenice.com\/es\/servicios\/#breadcrumb\",\"itemListElement\":[{\"@type\":\"ListItem\",\"position\":1,\"name\":\"Home\",\"item\":\"https:\/\/www.dogevenice.com\/es\/\"},{\"@type\":\"ListItem\",\"position\":2,\"name\":\"Servicios\"}]},{\"@type\":\"WebSite\",\"@id\":\"https:\/\/www.dogevenice.com\/es\/#website\",\"url\":\"https:\/\/www.dogevenice.com\/es\/\",\"name\":\"The Doge Signature Collection\",\"description\":\"\",\"publisher\":{\"@id\":\"https:\/\/www.dogevenice.com\/es\/#organization\"},\"potentialAction\":[{\"@type\":\"SearchAction\",\"target\":{\"@type\":\"EntryPoint\",\"urlTemplate\":\"https:\/\/www.dogevenice.com\/es\/?s={search_term_string}\"},\"query-input\":{\"@type\":\"PropertyValueSpecification\",\"valueRequired\":true,\"valueName\":\"search_term_string\"}}],\"inLanguage\":\"es\"},{\"@type\":\"Organization\",\"@id\":\"https:\/\/www.dogevenice.com\/es\/#organization\",\"name\":\"The Doge Signature Collection\",\"url\":\"https:\/\/www.dogevenice.com\/es\/\",\"logo\":{\"@type\":\"ImageObject\",\"inLanguage\":\"es\",\"@id\":\"https:\/\/www.dogevenice.com\/es\/#\/schema\/logo\/image\/\",\"url\":\"https:\/\/www.dogevenice.com\/wp-content\/uploads\/sites\/51\/2026\/02\/logo_the_doge_signature_collection_c.svg\",\"contentUrl\":\"https:\/\/www.dogevenice.com\/wp-content\/uploads\/sites\/51\/2026\/02\/logo_the_doge_signature_collection_c.svg\",\"width\":416,\"height\":64,\"caption\":\"The Doge Signature Collection\"},\"image\":{\"@id\":\"https:\/\/www.dogevenice.com\/es\/#\/schema\/logo\/image\/\"}}]}<\/script>\n<!-- \/ Yoast SEO plugin. -->","yoast_head_json":{"title":"Servicios - Doge Exclusive Collection -","description":"The Doge Signature Collection une Bellevue B&amp;B, Canaletto Suites, Rialto Studios y Torre dell\u2019Orologio Signature Residence bajo un enfoque de hospitalidad \u00fanico, coherente y distintivo. Los servicios var\u00edan seg\u00fan la estructura, respetando su identidad y car\u00e1cter \u00fanicos. Nuestro personal multiling\u00fce est\u00e1 a su disposici\u00f3n antes y durante su estancia para garantizar una acogida impecable, apoyo local y consejos personalizados, haciendo que cada momento de su estancia sea sencillo y agradable. No ofrecemos simples servicios, sino una experiencia estudiada al detalle, discreta, eficiente y centrada en lo que hace que el tiempo pasado en Venecia sea realmente inolvidable. Para un momento de relax o un aperitivo, el lounge bar Bar del Doge, dentro del Cavalletto &amp; Doge Orseolo, est\u00e1 pensado para disfrutar de una copa elegante en un ambiente refinado, perfecto para un after-hours veneciano con vistas al Bacino Orseolo. La estancia puede enriquecerse a\u00fan m\u00e1s con un almuerzo o cena en el Ristorante San Marco, dentro del Albergo San Marco, donde la cocina aut\u00e9ntica y los ambientes refinados transforman cada comida en una experiencia memorable.","robots":{"index":"index","follow":"follow","max-snippet":"max-snippet:-1","max-image-preview":"max-image-preview:large","max-video-preview":"max-video-preview:-1"},"canonical":"https:\/\/www.dogevenice.com\/es\/servicios\/","og_locale":"es_ES","og_type":"article","og_title":"Servicios - Doge Exclusive Collection -","og_description":"The Doge Signature Collection une Bellevue B&amp;B, Canaletto Suites, Rialto Studios y Torre dell\u2019Orologio Signature Residence bajo un enfoque de hospitalidad \u00fanico, coherente y distintivo. Los servicios var\u00edan seg\u00fan la estructura, respetando su identidad y car\u00e1cter \u00fanicos. Nuestro personal multiling\u00fce est\u00e1 a su disposici\u00f3n antes y durante su estancia para garantizar una acogida impecable, apoyo local y consejos personalizados, haciendo que cada momento de su estancia sea sencillo y agradable. No ofrecemos simples servicios, sino una experiencia estudiada al detalle, discreta, eficiente y centrada en lo que hace que el tiempo pasado en Venecia sea realmente inolvidable. Para un momento de relax o un aperitivo, el lounge bar Bar del Doge, dentro del Cavalletto &amp; Doge Orseolo, est\u00e1 pensado para disfrutar de una copa elegante en un ambiente refinado, perfecto para un after-hours veneciano con vistas al Bacino Orseolo. La estancia puede enriquecerse a\u00fan m\u00e1s con un almuerzo o cena en el Ristorante San Marco, dentro del Albergo San Marco, donde la cocina aut\u00e9ntica y los ambientes refinados transforman cada comida en una experiencia memorable.","og_url":"https:\/\/www.dogevenice.com\/es\/servicios\/","og_site_name":"Doge Exclusive Collection","article_modified_time":"2026-03-05T16:08:16+00:00","twitter_card":"summary_large_image","twitter_misc":{"Est. reading time":"1 minuto"},"schema":{"@context":"https:\/\/schema.org","@graph":[{"@type":"WebPage","@id":"https:\/\/www.dogevenice.com\/es\/servicios\/","url":"https:\/\/www.dogevenice.com\/es\/servicios\/","name":"Servicios - Doge Exclusive Collection -","isPartOf":{"@id":"https:\/\/www.dogevenice.com\/es\/#website"},"datePublished":"2026-02-05T13:40:54+00:00","dateModified":"2026-03-05T16:08:16+00:00","description":"The Doge Signature Collection une Bellevue B&amp;B, Canaletto Suites, Rialto Studios y Torre dell\u2019Orologio Signature Residence bajo un enfoque de hospitalidad \u00fanico, coherente y distintivo. Los servicios var\u00edan seg\u00fan la estructura, respetando su identidad y car\u00e1cter \u00fanicos. Nuestro personal multiling\u00fce est\u00e1 a su disposici\u00f3n antes y durante su estancia para garantizar una acogida impecable, apoyo local y consejos personalizados, haciendo que cada momento de su estancia sea sencillo y agradable. No ofrecemos simples servicios, sino una experiencia estudiada al detalle, discreta, eficiente y centrada en lo que hace que el tiempo pasado en Venecia sea realmente inolvidable. Para un momento de relax o un aperitivo, el lounge bar Bar del Doge, dentro del Cavalletto &amp; Doge Orseolo, est\u00e1 pensado para disfrutar de una copa elegante en un ambiente refinado, perfecto para un after-hours veneciano con vistas al Bacino Orseolo. La estancia puede enriquecerse a\u00fan m\u00e1s con un almuerzo o cena en el Ristorante San Marco, dentro del Albergo San Marco, donde la cocina aut\u00e9ntica y los ambientes refinados transforman cada comida en una experiencia memorable.","breadcrumb":{"@id":"https:\/\/www.dogevenice.com\/es\/servicios\/#breadcrumb"},"inLanguage":"es","potentialAction":[{"@type":"ReadAction","target":["https:\/\/www.dogevenice.com\/es\/servicios\/"]}]},{"@type":"BreadcrumbList","@id":"https:\/\/www.dogevenice.com\/es\/servicios\/#breadcrumb","itemListElement":[{"@type":"ListItem","position":1,"name":"Home","item":"https:\/\/www.dogevenice.com\/es\/"},{"@type":"ListItem","position":2,"name":"Servicios"}]},{"@type":"WebSite","@id":"https:\/\/www.dogevenice.com\/es\/#website","url":"https:\/\/www.dogevenice.com\/es\/","name":"The Doge Signature Collection","description":"","publisher":{"@id":"https:\/\/www.dogevenice.com\/es\/#organization"},"potentialAction":[{"@type":"SearchAction","target":{"@type":"EntryPoint","urlTemplate":"https:\/\/www.dogevenice.com\/es\/?s={search_term_string}"},"query-input":{"@type":"PropertyValueSpecification","valueRequired":true,"valueName":"search_term_string"}}],"inLanguage":"es"},{"@type":"Organization","@id":"https:\/\/www.dogevenice.com\/es\/#organization","name":"The Doge Signature Collection","url":"https:\/\/www.dogevenice.com\/es\/","logo":{"@type":"ImageObject","inLanguage":"es","@id":"https:\/\/www.dogevenice.com\/es\/#\/schema\/logo\/image\/","url":"https:\/\/www.dogevenice.com\/wp-content\/uploads\/sites\/51\/2026\/02\/logo_the_doge_signature_collection_c.svg","contentUrl":"https:\/\/www.dogevenice.com\/wp-content\/uploads\/sites\/51\/2026\/02\/logo_the_doge_signature_collection_c.svg","width":416,"height":64,"caption":"The Doge Signature Collection"},"image":{"@id":"https:\/\/www.dogevenice.com\/es\/#\/schema\/logo\/image\/"}}]}},"acf":[],"_links":{"self":[{"href":"https:\/\/www.dogevenice.com\/es\/wp-json\/wp\/v2\/pages\/274","targetHints":{"allow":["GET"]}}],"collection":[{"href":"https:\/\/www.dogevenice.com\/es\/wp-json\/wp\/v2\/pages"}],"about":[{"href":"https:\/\/www.dogevenice.com\/es\/wp-json\/wp\/v2\/types\/page"}],"author":[{"embeddable":true,"href":"https:\/\/www.dogevenice.com\/es\/wp-json\/wp\/v2\/users\/6"}],"replies":[{"embeddable":true,"href":"https:\/\/www.dogevenice.com\/es\/wp-json\/wp\/v2\/comments?post=274"}],"version-history":[{"count":0,"href":"https:\/\/www.dogevenice.com\/es\/wp-json\/wp\/v2\/pages\/274\/revisions"}],"wp:attachment":[{"href":"https:\/\/www.dogevenice.com\/es\/wp-json\/wp\/v2\/media?parent=274"}],"curies":[{"name":"wp","href":"https:\/\/api.w.org\/{rel}","templated":true}]}}