{"id":253,"date":"2026-02-04T10:08:23","date_gmt":"2026-02-04T10:08:23","guid":{"rendered":"https:\/\/dogeexclusivecollection.ms3.decms.eu\/?page_id=253"},"modified":"2026-03-09T11:15:37","modified_gmt":"2026-03-09T11:15:37","slug":"apartamento-atico-estudio-de-lujo","status":"publish","type":"page","link":"https:\/\/www.dogevenice.com\/es\/rialto-studios\/apartamento-atico-estudio-de-lujo\/","title":{"rendered":"Apartamento \u00c1tico Estudio de Lujo"},"content":{"rendered":"<p>Para una estancia inolvidable en Venecia, elija el \u00e1tico con vistas al <strong>Puente de Rialto<\/strong> y al<strong> Gran Canal<\/strong>. Situado en la \u00faltima planta, este espacioso apartamento ofrece una perspectiva \u00fanica de uno de los lugares m\u00e1s emblem\u00e1ticos de la ciudad. Grandes ventanales panor\u00e1micos se abren a vistas impresionantes del <strong>Gran Canal<\/strong> y del <strong>Puente de Rialto<\/strong>, donde el movimiento constante de g\u00f3ndolas y barcos crea una escena viva que cambia a lo largo del d\u00eda. Al caer la tarde, cuando la luz se suaviza sobre el agua, el ambiente se vuelve a\u00fan m\u00e1s evocador, ofreciendo una de las vistas m\u00e1s memorables de Venecia. Sus amplios espacios y su dise\u00f1o cuidado hacen que este apartamento sea especialmente valorato por los hu\u00e9spedes que buscan privacidad, comodidad y una ubicaci\u00f3n excepcional cerca de <strong>Rialto<\/strong>.<\/p>\n","protected":false},"excerpt":{"rendered":"<p>Para una estancia inolvidable en Venecia, elija el \u00e1tico con vistas al Puente de Rialto y al Gran Canal. Situado en la \u00faltima planta, este espacioso apartamento ofrece una perspectiva \u00fanica de uno de los lugares m\u00e1s emblem\u00e1ticos de la ciudad. Grandes ventanales panor\u00e1micos se abren a vistas impresionantes del Gran Canal y del Puente [&hellip;]<\/p>\n","protected":false},"author":6,"featured_media":0,"parent":237,"menu_order":30,"comment_status":"closed","ping_status":"closed","template":"template-single-room.php","meta":{"footnotes":""},"class_list":["post-253","page","type-page","status-publish","hentry"],"yoast_head":"<!-- This site is optimized with the Yoast SEO plugin v26.9 - https:\/\/yoast.com\/product\/yoast-seo-wordpress\/ -->\n<title>Apartamento \u00c1tico Estudio de Lujo - Doge Exclusive Collection -<\/title>\n<meta name=\"description\" content=\"Para una estancia inolvidable en Venecia, elija el \u00e1tico con vistas al Puente de Rialto y al Gran Canal. Situado en la \u00faltima planta, este espacioso apartamento ofrece una perspectiva \u00fanica de uno de los lugares m\u00e1s emblem\u00e1ticos de la ciudad\" \/>\n<meta name=\"robots\" content=\"index, follow, max-snippet:-1, max-image-preview:large, max-video-preview:-1\" \/>\n<link rel=\"canonical\" href=\"https:\/\/www.dogevenice.com\/es\/rialto-studios\/apartamento-atico-estudio-de-lujo\/\" \/>\n<meta property=\"og:locale\" content=\"es_ES\" \/>\n<meta property=\"og:type\" content=\"article\" \/>\n<meta property=\"og:title\" content=\"Apartamento \u00c1tico Estudio de Lujo - Doge Exclusive Collection -\" \/>\n<meta property=\"og:description\" content=\"Para una estancia inolvidable en Venecia, elija el \u00e1tico con vistas al Puente de Rialto y al Gran Canal. Situado en la \u00faltima planta, este espacioso apartamento ofrece una perspectiva \u00fanica de uno de los lugares m\u00e1s emblem\u00e1ticos de la ciudad\" \/>\n<meta property=\"og:url\" content=\"https:\/\/www.dogevenice.com\/es\/rialto-studios\/apartamento-atico-estudio-de-lujo\/\" \/>\n<meta property=\"og:site_name\" content=\"Doge Exclusive Collection\" \/>\n<meta property=\"article:modified_time\" content=\"2026-03-09T11:15:37+00:00\" \/>\n<meta name=\"twitter:card\" content=\"summary_large_image\" \/>\n<meta name=\"twitter:label1\" content=\"Est. reading time\" \/>\n\t<meta name=\"twitter:data1\" content=\"1 minuto\" \/>\n<script type=\"application\/ld+json\" class=\"yoast-schema-graph\">{\"@context\":\"https:\/\/schema.org\",\"@graph\":[{\"@type\":\"WebPage\",\"@id\":\"https:\/\/www.dogevenice.com\/es\/rialto-studios\/apartamento-atico-estudio-de-lujo\/\",\"url\":\"https:\/\/www.dogevenice.com\/es\/rialto-studios\/apartamento-atico-estudio-de-lujo\/\",\"name\":\"Apartamento \u00c1tico Estudio de Lujo - Doge Exclusive Collection -\",\"isPartOf\":{\"@id\":\"https:\/\/www.dogevenice.com\/es\/#website\"},\"datePublished\":\"2026-02-04T10:08:23+00:00\",\"dateModified\":\"2026-03-09T11:15:37+00:00\",\"description\":\"Para una estancia inolvidable en Venecia, elija el \u00e1tico con vistas al Puente de Rialto y al Gran Canal. Situado en la \u00faltima planta, este espacioso apartamento ofrece una perspectiva \u00fanica de uno de los lugares m\u00e1s emblem\u00e1ticos de la ciudad\",\"breadcrumb\":{\"@id\":\"https:\/\/www.dogevenice.com\/es\/rialto-studios\/apartamento-atico-estudio-de-lujo\/#breadcrumb\"},\"inLanguage\":\"es\",\"potentialAction\":[{\"@type\":\"ReadAction\",\"target\":[\"https:\/\/www.dogevenice.com\/es\/rialto-studios\/apartamento-atico-estudio-de-lujo\/\"]}]},{\"@type\":\"BreadcrumbList\",\"@id\":\"https:\/\/www.dogevenice.com\/es\/rialto-studios\/apartamento-atico-estudio-de-lujo\/#breadcrumb\",\"itemListElement\":[{\"@type\":\"ListItem\",\"position\":1,\"name\":\"Home\",\"item\":\"https:\/\/www.dogevenice.com\/es\/\"},{\"@type\":\"ListItem\",\"position\":2,\"name\":\"Rialto Studios\",\"item\":\"https:\/\/www.dogevenice.com\/es\/rialto-studios\/\"},{\"@type\":\"ListItem\",\"position\":3,\"name\":\"Apartamento \u00c1tico Estudio de Lujo\"}]},{\"@type\":\"WebSite\",\"@id\":\"https:\/\/www.dogevenice.com\/es\/#website\",\"url\":\"https:\/\/www.dogevenice.com\/es\/\",\"name\":\"The Doge Signature Collection\",\"description\":\"\",\"publisher\":{\"@id\":\"https:\/\/www.dogevenice.com\/es\/#organization\"},\"potentialAction\":[{\"@type\":\"SearchAction\",\"target\":{\"@type\":\"EntryPoint\",\"urlTemplate\":\"https:\/\/www.dogevenice.com\/es\/?s={search_term_string}\"},\"query-input\":{\"@type\":\"PropertyValueSpecification\",\"valueRequired\":true,\"valueName\":\"search_term_string\"}}],\"inLanguage\":\"es\"},{\"@type\":\"Organization\",\"@id\":\"https:\/\/www.dogevenice.com\/es\/#organization\",\"name\":\"The Doge Signature Collection\",\"url\":\"https:\/\/www.dogevenice.com\/es\/\",\"logo\":{\"@type\":\"ImageObject\",\"inLanguage\":\"es\",\"@id\":\"https:\/\/www.dogevenice.com\/es\/#\/schema\/logo\/image\/\",\"url\":\"https:\/\/www.dogevenice.com\/wp-content\/uploads\/sites\/51\/2026\/02\/logo_the_doge_signature_collection_c.svg\",\"contentUrl\":\"https:\/\/www.dogevenice.com\/wp-content\/uploads\/sites\/51\/2026\/02\/logo_the_doge_signature_collection_c.svg\",\"width\":416,\"height\":64,\"caption\":\"The Doge Signature Collection\"},\"image\":{\"@id\":\"https:\/\/www.dogevenice.com\/es\/#\/schema\/logo\/image\/\"}}]}<\/script>\n<!-- \/ Yoast SEO plugin. -->","yoast_head_json":{"title":"Apartamento \u00c1tico Estudio de Lujo - Doge Exclusive Collection -","description":"Para una estancia inolvidable en Venecia, elija el \u00e1tico con vistas al Puente de Rialto y al Gran Canal. Situado en la \u00faltima planta, este espacioso apartamento ofrece una perspectiva \u00fanica de uno de los lugares m\u00e1s emblem\u00e1ticos de la ciudad","robots":{"index":"index","follow":"follow","max-snippet":"max-snippet:-1","max-image-preview":"max-image-preview:large","max-video-preview":"max-video-preview:-1"},"canonical":"https:\/\/www.dogevenice.com\/es\/rialto-studios\/apartamento-atico-estudio-de-lujo\/","og_locale":"es_ES","og_type":"article","og_title":"Apartamento \u00c1tico Estudio de Lujo - Doge Exclusive Collection -","og_description":"Para una estancia inolvidable en Venecia, elija el \u00e1tico con vistas al Puente de Rialto y al Gran Canal. Situado en la \u00faltima planta, este espacioso apartamento ofrece una perspectiva \u00fanica de uno de los lugares m\u00e1s emblem\u00e1ticos de la ciudad","og_url":"https:\/\/www.dogevenice.com\/es\/rialto-studios\/apartamento-atico-estudio-de-lujo\/","og_site_name":"Doge Exclusive Collection","article_modified_time":"2026-03-09T11:15:37+00:00","twitter_card":"summary_large_image","twitter_misc":{"Est. reading time":"1 minuto"},"schema":{"@context":"https:\/\/schema.org","@graph":[{"@type":"WebPage","@id":"https:\/\/www.dogevenice.com\/es\/rialto-studios\/apartamento-atico-estudio-de-lujo\/","url":"https:\/\/www.dogevenice.com\/es\/rialto-studios\/apartamento-atico-estudio-de-lujo\/","name":"Apartamento \u00c1tico Estudio de Lujo - Doge Exclusive Collection -","isPartOf":{"@id":"https:\/\/www.dogevenice.com\/es\/#website"},"datePublished":"2026-02-04T10:08:23+00:00","dateModified":"2026-03-09T11:15:37+00:00","description":"Para una estancia inolvidable en Venecia, elija el \u00e1tico con vistas al Puente de Rialto y al Gran Canal. Situado en la \u00faltima planta, este espacioso apartamento ofrece una perspectiva \u00fanica de uno de los lugares m\u00e1s emblem\u00e1ticos de la ciudad","breadcrumb":{"@id":"https:\/\/www.dogevenice.com\/es\/rialto-studios\/apartamento-atico-estudio-de-lujo\/#breadcrumb"},"inLanguage":"es","potentialAction":[{"@type":"ReadAction","target":["https:\/\/www.dogevenice.com\/es\/rialto-studios\/apartamento-atico-estudio-de-lujo\/"]}]},{"@type":"BreadcrumbList","@id":"https:\/\/www.dogevenice.com\/es\/rialto-studios\/apartamento-atico-estudio-de-lujo\/#breadcrumb","itemListElement":[{"@type":"ListItem","position":1,"name":"Home","item":"https:\/\/www.dogevenice.com\/es\/"},{"@type":"ListItem","position":2,"name":"Rialto Studios","item":"https:\/\/www.dogevenice.com\/es\/rialto-studios\/"},{"@type":"ListItem","position":3,"name":"Apartamento \u00c1tico Estudio de Lujo"}]},{"@type":"WebSite","@id":"https:\/\/www.dogevenice.com\/es\/#website","url":"https:\/\/www.dogevenice.com\/es\/","name":"The Doge Signature Collection","description":"","publisher":{"@id":"https:\/\/www.dogevenice.com\/es\/#organization"},"potentialAction":[{"@type":"SearchAction","target":{"@type":"EntryPoint","urlTemplate":"https:\/\/www.dogevenice.com\/es\/?s={search_term_string}"},"query-input":{"@type":"PropertyValueSpecification","valueRequired":true,"valueName":"search_term_string"}}],"inLanguage":"es"},{"@type":"Organization","@id":"https:\/\/www.dogevenice.com\/es\/#organization","name":"The Doge Signature Collection","url":"https:\/\/www.dogevenice.com\/es\/","logo":{"@type":"ImageObject","inLanguage":"es","@id":"https:\/\/www.dogevenice.com\/es\/#\/schema\/logo\/image\/","url":"https:\/\/www.dogevenice.com\/wp-content\/uploads\/sites\/51\/2026\/02\/logo_the_doge_signature_collection_c.svg","contentUrl":"https:\/\/www.dogevenice.com\/wp-content\/uploads\/sites\/51\/2026\/02\/logo_the_doge_signature_collection_c.svg","width":416,"height":64,"caption":"The Doge Signature Collection"},"image":{"@id":"https:\/\/www.dogevenice.com\/es\/#\/schema\/logo\/image\/"}}]}},"acf":[],"_links":{"self":[{"href":"https:\/\/www.dogevenice.com\/es\/wp-json\/wp\/v2\/pages\/253","targetHints":{"allow":["GET"]}}],"collection":[{"href":"https:\/\/www.dogevenice.com\/es\/wp-json\/wp\/v2\/pages"}],"about":[{"href":"https:\/\/www.dogevenice.com\/es\/wp-json\/wp\/v2\/types\/page"}],"author":[{"embeddable":true,"href":"https:\/\/www.dogevenice.com\/es\/wp-json\/wp\/v2\/users\/6"}],"replies":[{"embeddable":true,"href":"https:\/\/www.dogevenice.com\/es\/wp-json\/wp\/v2\/comments?post=253"}],"version-history":[{"count":0,"href":"https:\/\/www.dogevenice.com\/es\/wp-json\/wp\/v2\/pages\/253\/revisions"}],"up":[{"embeddable":true,"href":"https:\/\/www.dogevenice.com\/es\/wp-json\/wp\/v2\/pages\/237"}],"wp:attachment":[{"href":"https:\/\/www.dogevenice.com\/es\/wp-json\/wp\/v2\/media?parent=253"}],"curies":[{"name":"wp","href":"https:\/\/api.w.org\/{rel}","templated":true}]}}