{"id":248,"date":"2026-02-04T10:08:06","date_gmt":"2026-02-04T10:08:06","guid":{"rendered":"https:\/\/dogeexclusivecollection.ms3.decms.eu\/?page_id=248"},"modified":"2026-03-09T14:34:58","modified_gmt":"2026-03-09T14:34:58","slug":"estudio-deluxe","status":"publish","type":"page","link":"https:\/\/www.dogevenice.com\/es\/rialto-studios\/estudio-deluxe\/","title":{"rendered":"Estudio Deluxe con Vista"},"content":{"rendered":"<p data-path-to-node=\"11\">Despierte con una de las vistas m\u00e1s ic\u00f3nicas de Venecia. Estos estudios tienen vistas directas al <strong>Puente de Rialto<\/strong> y al <strong>Gran Canal<\/strong>, ofreciendo una perspectiva privilegiada del ritmo de la ciudad: g\u00f3ndolas desliz\u00e1ndose sobre el agua, palacios hist\u00f3ricos reflejados en el canal e l&#8217;ambiente vibrante che rende questa zona una delle pi\u00f9 famose di Venezia.<\/p>\n<p data-path-to-node=\"12\">Situados a pocos pasos del Puente de Rialto, los apartamentos combinan un entorno excepcional con confort e independencia. Sus interiores luminosos y espacios bien dise\u00f1ados los hacen ideales para parejas que buscan una estancia inolvidable con vistas al Gran Canal. Las comodidades modernas garantizan una experiencia placentera, permitiendo a los hu\u00e9spedes disfrutar plenamente del encanto \u00fanico de Venecia desde un punto de vista verdaderamente envidiable.<\/p>\n","protected":false},"excerpt":{"rendered":"<p>Despierte con una de las vistas m\u00e1s ic\u00f3nicas de Venecia. Estos estudios tienen vistas directas al Puente de Rialto y al Gran Canal, ofreciendo una perspectiva privilegiada del ritmo de la ciudad: g\u00f3ndolas desliz\u00e1ndose sobre el agua, palacios hist\u00f3ricos reflejados en el canal e l&#8217;ambiente vibrante che rende questa zona una delle pi\u00f9 famose di [&hellip;]<\/p>\n","protected":false},"author":6,"featured_media":0,"parent":237,"menu_order":20,"comment_status":"closed","ping_status":"closed","template":"template-single-room.php","meta":{"footnotes":""},"class_list":["post-248","page","type-page","status-publish","hentry"],"yoast_head":"<!-- This site is optimized with the Yoast SEO plugin v26.9 - https:\/\/yoast.com\/product\/yoast-seo-wordpress\/ -->\n<title>Estudio Deluxe con Vista - Doge Exclusive Collection -<\/title>\n<meta name=\"description\" content=\"Despierte con una de las vistas m\u00e1s ic\u00f3nicas de Venecia. Estos estudios tienen vistas directas al Puente de Rialto y al Gran Canal, ofreciendo una perspectiva privilegiada del ritmo de la ciudad: g\u00f3ndolas desliz\u00e1ndose sobre el agua, palacios hist\u00f3ricos reflejados en el canal e l&#039;ambiente vibrante che rende questa zona una delle pi\u00f9 famose di Venezia. Situados a pocos pasos del Puente de Rialto, los apartamentos combinan un entorno excepcional con confort e independencia\" \/>\n<meta name=\"robots\" content=\"index, follow, max-snippet:-1, max-image-preview:large, max-video-preview:-1\" \/>\n<link rel=\"canonical\" href=\"https:\/\/www.dogevenice.com\/es\/rialto-studios\/estudio-deluxe\/\" \/>\n<meta property=\"og:locale\" content=\"es_ES\" \/>\n<meta property=\"og:type\" content=\"article\" \/>\n<meta property=\"og:title\" content=\"Estudio Deluxe con Vista - Doge Exclusive Collection -\" \/>\n<meta property=\"og:description\" content=\"Despierte con una de las vistas m\u00e1s ic\u00f3nicas de Venecia. Estos estudios tienen vistas directas al Puente de Rialto y al Gran Canal, ofreciendo una perspectiva privilegiada del ritmo de la ciudad: g\u00f3ndolas desliz\u00e1ndose sobre el agua, palacios hist\u00f3ricos reflejados en el canal e l&#039;ambiente vibrante che rende questa zona una delle pi\u00f9 famose di Venezia. Situados a pocos pasos del Puente de Rialto, los apartamentos combinan un entorno excepcional con confort e independencia\" \/>\n<meta property=\"og:url\" content=\"https:\/\/www.dogevenice.com\/es\/rialto-studios\/estudio-deluxe\/\" \/>\n<meta property=\"og:site_name\" content=\"Doge Exclusive Collection\" \/>\n<meta property=\"article:modified_time\" content=\"2026-03-09T14:34:58+00:00\" \/>\n<meta name=\"twitter:card\" content=\"summary_large_image\" \/>\n<meta name=\"twitter:label1\" content=\"Est. reading time\" \/>\n\t<meta name=\"twitter:data1\" content=\"1 minuto\" \/>\n<script type=\"application\/ld+json\" class=\"yoast-schema-graph\">{\"@context\":\"https:\/\/schema.org\",\"@graph\":[{\"@type\":\"WebPage\",\"@id\":\"https:\/\/www.dogevenice.com\/es\/rialto-studios\/estudio-deluxe\/\",\"url\":\"https:\/\/www.dogevenice.com\/es\/rialto-studios\/estudio-deluxe\/\",\"name\":\"Estudio Deluxe con Vista - Doge Exclusive Collection -\",\"isPartOf\":{\"@id\":\"https:\/\/www.dogevenice.com\/es\/#website\"},\"datePublished\":\"2026-02-04T10:08:06+00:00\",\"dateModified\":\"2026-03-09T14:34:58+00:00\",\"description\":\"Despierte con una de las vistas m\u00e1s ic\u00f3nicas de Venecia. Estos estudios tienen vistas directas al Puente de Rialto y al Gran Canal, ofreciendo una perspectiva privilegiada del ritmo de la ciudad: g\u00f3ndolas desliz\u00e1ndose sobre el agua, palacios hist\u00f3ricos reflejados en el canal e l'ambiente vibrante che rende questa zona una delle pi\u00f9 famose di Venezia. Situados a pocos pasos del Puente de Rialto, los apartamentos combinan un entorno excepcional con confort e independencia\",\"breadcrumb\":{\"@id\":\"https:\/\/www.dogevenice.com\/es\/rialto-studios\/estudio-deluxe\/#breadcrumb\"},\"inLanguage\":\"es\",\"potentialAction\":[{\"@type\":\"ReadAction\",\"target\":[\"https:\/\/www.dogevenice.com\/es\/rialto-studios\/estudio-deluxe\/\"]}]},{\"@type\":\"BreadcrumbList\",\"@id\":\"https:\/\/www.dogevenice.com\/es\/rialto-studios\/estudio-deluxe\/#breadcrumb\",\"itemListElement\":[{\"@type\":\"ListItem\",\"position\":1,\"name\":\"Home\",\"item\":\"https:\/\/www.dogevenice.com\/es\/\"},{\"@type\":\"ListItem\",\"position\":2,\"name\":\"Rialto Studios\",\"item\":\"https:\/\/www.dogevenice.com\/es\/rialto-studios\/\"},{\"@type\":\"ListItem\",\"position\":3,\"name\":\"Estudio Deluxe con Vista\"}]},{\"@type\":\"WebSite\",\"@id\":\"https:\/\/www.dogevenice.com\/es\/#website\",\"url\":\"https:\/\/www.dogevenice.com\/es\/\",\"name\":\"The Doge Signature Collection\",\"description\":\"\",\"publisher\":{\"@id\":\"https:\/\/www.dogevenice.com\/es\/#organization\"},\"potentialAction\":[{\"@type\":\"SearchAction\",\"target\":{\"@type\":\"EntryPoint\",\"urlTemplate\":\"https:\/\/www.dogevenice.com\/es\/?s={search_term_string}\"},\"query-input\":{\"@type\":\"PropertyValueSpecification\",\"valueRequired\":true,\"valueName\":\"search_term_string\"}}],\"inLanguage\":\"es\"},{\"@type\":\"Organization\",\"@id\":\"https:\/\/www.dogevenice.com\/es\/#organization\",\"name\":\"The Doge Signature Collection\",\"url\":\"https:\/\/www.dogevenice.com\/es\/\",\"logo\":{\"@type\":\"ImageObject\",\"inLanguage\":\"es\",\"@id\":\"https:\/\/www.dogevenice.com\/es\/#\/schema\/logo\/image\/\",\"url\":\"https:\/\/www.dogevenice.com\/wp-content\/uploads\/sites\/51\/2026\/02\/logo_the_doge_signature_collection_c.svg\",\"contentUrl\":\"https:\/\/www.dogevenice.com\/wp-content\/uploads\/sites\/51\/2026\/02\/logo_the_doge_signature_collection_c.svg\",\"width\":416,\"height\":64,\"caption\":\"The Doge Signature Collection\"},\"image\":{\"@id\":\"https:\/\/www.dogevenice.com\/es\/#\/schema\/logo\/image\/\"}}]}<\/script>\n<!-- \/ Yoast SEO plugin. -->","yoast_head_json":{"title":"Estudio Deluxe con Vista - Doge Exclusive Collection -","description":"Despierte con una de las vistas m\u00e1s ic\u00f3nicas de Venecia. Estos estudios tienen vistas directas al Puente de Rialto y al Gran Canal, ofreciendo una perspectiva privilegiada del ritmo de la ciudad: g\u00f3ndolas desliz\u00e1ndose sobre el agua, palacios hist\u00f3ricos reflejados en el canal e l'ambiente vibrante che rende questa zona una delle pi\u00f9 famose di Venezia. Situados a pocos pasos del Puente de Rialto, los apartamentos combinan un entorno excepcional con confort e independencia","robots":{"index":"index","follow":"follow","max-snippet":"max-snippet:-1","max-image-preview":"max-image-preview:large","max-video-preview":"max-video-preview:-1"},"canonical":"https:\/\/www.dogevenice.com\/es\/rialto-studios\/estudio-deluxe\/","og_locale":"es_ES","og_type":"article","og_title":"Estudio Deluxe con Vista - Doge Exclusive Collection -","og_description":"Despierte con una de las vistas m\u00e1s ic\u00f3nicas de Venecia. Estos estudios tienen vistas directas al Puente de Rialto y al Gran Canal, ofreciendo una perspectiva privilegiada del ritmo de la ciudad: g\u00f3ndolas desliz\u00e1ndose sobre el agua, palacios hist\u00f3ricos reflejados en el canal e l'ambiente vibrante che rende questa zona una delle pi\u00f9 famose di Venezia. Situados a pocos pasos del Puente de Rialto, los apartamentos combinan un entorno excepcional con confort e independencia","og_url":"https:\/\/www.dogevenice.com\/es\/rialto-studios\/estudio-deluxe\/","og_site_name":"Doge Exclusive Collection","article_modified_time":"2026-03-09T14:34:58+00:00","twitter_card":"summary_large_image","twitter_misc":{"Est. reading time":"1 minuto"},"schema":{"@context":"https:\/\/schema.org","@graph":[{"@type":"WebPage","@id":"https:\/\/www.dogevenice.com\/es\/rialto-studios\/estudio-deluxe\/","url":"https:\/\/www.dogevenice.com\/es\/rialto-studios\/estudio-deluxe\/","name":"Estudio Deluxe con Vista - Doge Exclusive Collection -","isPartOf":{"@id":"https:\/\/www.dogevenice.com\/es\/#website"},"datePublished":"2026-02-04T10:08:06+00:00","dateModified":"2026-03-09T14:34:58+00:00","description":"Despierte con una de las vistas m\u00e1s ic\u00f3nicas de Venecia. Estos estudios tienen vistas directas al Puente de Rialto y al Gran Canal, ofreciendo una perspectiva privilegiada del ritmo de la ciudad: g\u00f3ndolas desliz\u00e1ndose sobre el agua, palacios hist\u00f3ricos reflejados en el canal e l'ambiente vibrante che rende questa zona una delle pi\u00f9 famose di Venezia. Situados a pocos pasos del Puente de Rialto, los apartamentos combinan un entorno excepcional con confort e independencia","breadcrumb":{"@id":"https:\/\/www.dogevenice.com\/es\/rialto-studios\/estudio-deluxe\/#breadcrumb"},"inLanguage":"es","potentialAction":[{"@type":"ReadAction","target":["https:\/\/www.dogevenice.com\/es\/rialto-studios\/estudio-deluxe\/"]}]},{"@type":"BreadcrumbList","@id":"https:\/\/www.dogevenice.com\/es\/rialto-studios\/estudio-deluxe\/#breadcrumb","itemListElement":[{"@type":"ListItem","position":1,"name":"Home","item":"https:\/\/www.dogevenice.com\/es\/"},{"@type":"ListItem","position":2,"name":"Rialto Studios","item":"https:\/\/www.dogevenice.com\/es\/rialto-studios\/"},{"@type":"ListItem","position":3,"name":"Estudio Deluxe con Vista"}]},{"@type":"WebSite","@id":"https:\/\/www.dogevenice.com\/es\/#website","url":"https:\/\/www.dogevenice.com\/es\/","name":"The Doge Signature Collection","description":"","publisher":{"@id":"https:\/\/www.dogevenice.com\/es\/#organization"},"potentialAction":[{"@type":"SearchAction","target":{"@type":"EntryPoint","urlTemplate":"https:\/\/www.dogevenice.com\/es\/?s={search_term_string}"},"query-input":{"@type":"PropertyValueSpecification","valueRequired":true,"valueName":"search_term_string"}}],"inLanguage":"es"},{"@type":"Organization","@id":"https:\/\/www.dogevenice.com\/es\/#organization","name":"The Doge Signature Collection","url":"https:\/\/www.dogevenice.com\/es\/","logo":{"@type":"ImageObject","inLanguage":"es","@id":"https:\/\/www.dogevenice.com\/es\/#\/schema\/logo\/image\/","url":"https:\/\/www.dogevenice.com\/wp-content\/uploads\/sites\/51\/2026\/02\/logo_the_doge_signature_collection_c.svg","contentUrl":"https:\/\/www.dogevenice.com\/wp-content\/uploads\/sites\/51\/2026\/02\/logo_the_doge_signature_collection_c.svg","width":416,"height":64,"caption":"The Doge Signature Collection"},"image":{"@id":"https:\/\/www.dogevenice.com\/es\/#\/schema\/logo\/image\/"}}]}},"acf":[],"_links":{"self":[{"href":"https:\/\/www.dogevenice.com\/es\/wp-json\/wp\/v2\/pages\/248","targetHints":{"allow":["GET"]}}],"collection":[{"href":"https:\/\/www.dogevenice.com\/es\/wp-json\/wp\/v2\/pages"}],"about":[{"href":"https:\/\/www.dogevenice.com\/es\/wp-json\/wp\/v2\/types\/page"}],"author":[{"embeddable":true,"href":"https:\/\/www.dogevenice.com\/es\/wp-json\/wp\/v2\/users\/6"}],"replies":[{"embeddable":true,"href":"https:\/\/www.dogevenice.com\/es\/wp-json\/wp\/v2\/comments?post=248"}],"version-history":[{"count":0,"href":"https:\/\/www.dogevenice.com\/es\/wp-json\/wp\/v2\/pages\/248\/revisions"}],"up":[{"embeddable":true,"href":"https:\/\/www.dogevenice.com\/es\/wp-json\/wp\/v2\/pages\/237"}],"wp:attachment":[{"href":"https:\/\/www.dogevenice.com\/es\/wp-json\/wp\/v2\/media?parent=248"}],"curies":[{"name":"wp","href":"https:\/\/api.w.org\/{rel}","templated":true}]}}