{"id":244,"date":"2026-02-04T10:07:58","date_gmt":"2026-02-04T10:07:58","guid":{"rendered":"https:\/\/dogeexclusivecollection.ms3.decms.eu\/?page_id=244"},"modified":"2026-03-09T11:10:37","modified_gmt":"2026-03-09T11:10:37","slug":"estudio-ejecutivo","status":"publish","type":"page","link":"https:\/\/www.dogevenice.com\/es\/rialto-studios\/estudio-ejecutivo\/","title":{"rendered":"Estudio Executive"},"content":{"rendered":"<p>Estos acogedores apartamentos de vacaciones en Venecia, situados a pocos pasos del <strong>Puente de Rialto<\/strong>, ofrecen un ambiente hospitalario para parejas che desean vivir la ciudad desde el coraz\u00f3n de su centro hist\u00f3rico. Con vistas a la tranquila calle inferior, estos apartamentos combinan la privacidad con la comodidad de una ubicaci\u00f3n central, a poca distancia a pie del <strong>Gran Canal<\/strong>, el <strong>Mercado de Rialto<\/strong> y la <strong>Plaza de San Marcos<\/strong>. Los interiores est\u00e1n dise\u00f1ados para ofrecer espacios pr\u00e1cticos y confortables, ideales para una estancia rom\u00e1ntica en Venecia. Las comodidades modernas y las zonas de estar bien organizadas garantizan una estancia agradable e independiente mientras se exploran las zonas m\u00e1s ic\u00f3nicas de la ciudad.<\/p>\n","protected":false},"excerpt":{"rendered":"<p>Estos acogedores apartamentos de vacaciones en Venecia, situados a pocos pasos del Puente de Rialto, ofrecen un ambiente hospitalario para parejas che desean vivir la ciudad desde el coraz\u00f3n de su centro hist\u00f3rico. Con vistas a la tranquila calle inferior, estos apartamentos combinan la privacidad con la comodidad de una ubicaci\u00f3n central, a poca distancia [&hellip;]<\/p>\n","protected":false},"author":6,"featured_media":0,"parent":237,"menu_order":10,"comment_status":"closed","ping_status":"closed","template":"template-single-room.php","meta":{"footnotes":""},"class_list":["post-244","page","type-page","status-publish","hentry"],"yoast_head":"<!-- This site is optimized with the Yoast SEO plugin v26.9 - https:\/\/yoast.com\/product\/yoast-seo-wordpress\/ -->\n<title>Estudio Executive - Doge Exclusive Collection -<\/title>\n<meta name=\"description\" content=\"Estos acogedores apartamentos de vacaciones en Venecia, situados a pocos pasos del Puente de Rialto, ofrecen un ambiente hospitalario para parejas che desean vivir la ciudad desde el coraz\u00f3n de su centro hist\u00f3rico. Con vistas a la tranquila calle inferior, estos apartamentos combinan la privacidad con la comodidad de una ubicaci\u00f3n central, a poca distancia a pie del Gran Canal, el Mercado de Rialto y la Plaza de San Marcos\" \/>\n<meta name=\"robots\" content=\"index, follow, max-snippet:-1, max-image-preview:large, max-video-preview:-1\" \/>\n<link rel=\"canonical\" href=\"https:\/\/www.dogevenice.com\/es\/rialto-studios\/estudio-ejecutivo\/\" \/>\n<meta property=\"og:locale\" content=\"es_ES\" \/>\n<meta property=\"og:type\" content=\"article\" \/>\n<meta property=\"og:title\" content=\"Estudio Executive - Doge Exclusive Collection -\" \/>\n<meta property=\"og:description\" content=\"Estos acogedores apartamentos de vacaciones en Venecia, situados a pocos pasos del Puente de Rialto, ofrecen un ambiente hospitalario para parejas che desean vivir la ciudad desde el coraz\u00f3n de su centro hist\u00f3rico. Con vistas a la tranquila calle inferior, estos apartamentos combinan la privacidad con la comodidad de una ubicaci\u00f3n central, a poca distancia a pie del Gran Canal, el Mercado de Rialto y la Plaza de San Marcos\" \/>\n<meta property=\"og:url\" content=\"https:\/\/www.dogevenice.com\/es\/rialto-studios\/estudio-ejecutivo\/\" \/>\n<meta property=\"og:site_name\" content=\"Doge Exclusive Collection\" \/>\n<meta property=\"article:modified_time\" content=\"2026-03-09T11:10:37+00:00\" \/>\n<meta name=\"twitter:card\" content=\"summary_large_image\" \/>\n<meta name=\"twitter:label1\" content=\"Est. reading time\" \/>\n\t<meta name=\"twitter:data1\" content=\"1 minuto\" \/>\n<script type=\"application\/ld+json\" class=\"yoast-schema-graph\">{\"@context\":\"https:\/\/schema.org\",\"@graph\":[{\"@type\":\"WebPage\",\"@id\":\"https:\/\/www.dogevenice.com\/es\/rialto-studios\/estudio-ejecutivo\/\",\"url\":\"https:\/\/www.dogevenice.com\/es\/rialto-studios\/estudio-ejecutivo\/\",\"name\":\"Estudio Executive - Doge Exclusive Collection -\",\"isPartOf\":{\"@id\":\"https:\/\/www.dogevenice.com\/es\/#website\"},\"datePublished\":\"2026-02-04T10:07:58+00:00\",\"dateModified\":\"2026-03-09T11:10:37+00:00\",\"description\":\"Estos acogedores apartamentos de vacaciones en Venecia, situados a pocos pasos del Puente de Rialto, ofrecen un ambiente hospitalario para parejas che desean vivir la ciudad desde el coraz\u00f3n de su centro hist\u00f3rico. Con vistas a la tranquila calle inferior, estos apartamentos combinan la privacidad con la comodidad de una ubicaci\u00f3n central, a poca distancia a pie del Gran Canal, el Mercado de Rialto y la Plaza de San Marcos\",\"breadcrumb\":{\"@id\":\"https:\/\/www.dogevenice.com\/es\/rialto-studios\/estudio-ejecutivo\/#breadcrumb\"},\"inLanguage\":\"es\",\"potentialAction\":[{\"@type\":\"ReadAction\",\"target\":[\"https:\/\/www.dogevenice.com\/es\/rialto-studios\/estudio-ejecutivo\/\"]}]},{\"@type\":\"BreadcrumbList\",\"@id\":\"https:\/\/www.dogevenice.com\/es\/rialto-studios\/estudio-ejecutivo\/#breadcrumb\",\"itemListElement\":[{\"@type\":\"ListItem\",\"position\":1,\"name\":\"Home\",\"item\":\"https:\/\/www.dogevenice.com\/es\/\"},{\"@type\":\"ListItem\",\"position\":2,\"name\":\"Rialto Studios\",\"item\":\"https:\/\/www.dogevenice.com\/es\/rialto-studios\/\"},{\"@type\":\"ListItem\",\"position\":3,\"name\":\"Estudio Executive\"}]},{\"@type\":\"WebSite\",\"@id\":\"https:\/\/www.dogevenice.com\/es\/#website\",\"url\":\"https:\/\/www.dogevenice.com\/es\/\",\"name\":\"The Doge Signature Collection\",\"description\":\"\",\"publisher\":{\"@id\":\"https:\/\/www.dogevenice.com\/es\/#organization\"},\"potentialAction\":[{\"@type\":\"SearchAction\",\"target\":{\"@type\":\"EntryPoint\",\"urlTemplate\":\"https:\/\/www.dogevenice.com\/es\/?s={search_term_string}\"},\"query-input\":{\"@type\":\"PropertyValueSpecification\",\"valueRequired\":true,\"valueName\":\"search_term_string\"}}],\"inLanguage\":\"es\"},{\"@type\":\"Organization\",\"@id\":\"https:\/\/www.dogevenice.com\/es\/#organization\",\"name\":\"The Doge Signature Collection\",\"url\":\"https:\/\/www.dogevenice.com\/es\/\",\"logo\":{\"@type\":\"ImageObject\",\"inLanguage\":\"es\",\"@id\":\"https:\/\/www.dogevenice.com\/es\/#\/schema\/logo\/image\/\",\"url\":\"https:\/\/www.dogevenice.com\/wp-content\/uploads\/sites\/51\/2026\/02\/logo_the_doge_signature_collection_c.svg\",\"contentUrl\":\"https:\/\/www.dogevenice.com\/wp-content\/uploads\/sites\/51\/2026\/02\/logo_the_doge_signature_collection_c.svg\",\"width\":416,\"height\":64,\"caption\":\"The Doge Signature Collection\"},\"image\":{\"@id\":\"https:\/\/www.dogevenice.com\/es\/#\/schema\/logo\/image\/\"}}]}<\/script>\n<!-- \/ Yoast SEO plugin. -->","yoast_head_json":{"title":"Estudio Executive - Doge Exclusive Collection -","description":"Estos acogedores apartamentos de vacaciones en Venecia, situados a pocos pasos del Puente de Rialto, ofrecen un ambiente hospitalario para parejas che desean vivir la ciudad desde el coraz\u00f3n de su centro hist\u00f3rico. Con vistas a la tranquila calle inferior, estos apartamentos combinan la privacidad con la comodidad de una ubicaci\u00f3n central, a poca distancia a pie del Gran Canal, el Mercado de Rialto y la Plaza de San Marcos","robots":{"index":"index","follow":"follow","max-snippet":"max-snippet:-1","max-image-preview":"max-image-preview:large","max-video-preview":"max-video-preview:-1"},"canonical":"https:\/\/www.dogevenice.com\/es\/rialto-studios\/estudio-ejecutivo\/","og_locale":"es_ES","og_type":"article","og_title":"Estudio Executive - Doge Exclusive Collection -","og_description":"Estos acogedores apartamentos de vacaciones en Venecia, situados a pocos pasos del Puente de Rialto, ofrecen un ambiente hospitalario para parejas che desean vivir la ciudad desde el coraz\u00f3n de su centro hist\u00f3rico. Con vistas a la tranquila calle inferior, estos apartamentos combinan la privacidad con la comodidad de una ubicaci\u00f3n central, a poca distancia a pie del Gran Canal, el Mercado de Rialto y la Plaza de San Marcos","og_url":"https:\/\/www.dogevenice.com\/es\/rialto-studios\/estudio-ejecutivo\/","og_site_name":"Doge Exclusive Collection","article_modified_time":"2026-03-09T11:10:37+00:00","twitter_card":"summary_large_image","twitter_misc":{"Est. reading time":"1 minuto"},"schema":{"@context":"https:\/\/schema.org","@graph":[{"@type":"WebPage","@id":"https:\/\/www.dogevenice.com\/es\/rialto-studios\/estudio-ejecutivo\/","url":"https:\/\/www.dogevenice.com\/es\/rialto-studios\/estudio-ejecutivo\/","name":"Estudio Executive - Doge Exclusive Collection -","isPartOf":{"@id":"https:\/\/www.dogevenice.com\/es\/#website"},"datePublished":"2026-02-04T10:07:58+00:00","dateModified":"2026-03-09T11:10:37+00:00","description":"Estos acogedores apartamentos de vacaciones en Venecia, situados a pocos pasos del Puente de Rialto, ofrecen un ambiente hospitalario para parejas che desean vivir la ciudad desde el coraz\u00f3n de su centro hist\u00f3rico. Con vistas a la tranquila calle inferior, estos apartamentos combinan la privacidad con la comodidad de una ubicaci\u00f3n central, a poca distancia a pie del Gran Canal, el Mercado de Rialto y la Plaza de San Marcos","breadcrumb":{"@id":"https:\/\/www.dogevenice.com\/es\/rialto-studios\/estudio-ejecutivo\/#breadcrumb"},"inLanguage":"es","potentialAction":[{"@type":"ReadAction","target":["https:\/\/www.dogevenice.com\/es\/rialto-studios\/estudio-ejecutivo\/"]}]},{"@type":"BreadcrumbList","@id":"https:\/\/www.dogevenice.com\/es\/rialto-studios\/estudio-ejecutivo\/#breadcrumb","itemListElement":[{"@type":"ListItem","position":1,"name":"Home","item":"https:\/\/www.dogevenice.com\/es\/"},{"@type":"ListItem","position":2,"name":"Rialto Studios","item":"https:\/\/www.dogevenice.com\/es\/rialto-studios\/"},{"@type":"ListItem","position":3,"name":"Estudio Executive"}]},{"@type":"WebSite","@id":"https:\/\/www.dogevenice.com\/es\/#website","url":"https:\/\/www.dogevenice.com\/es\/","name":"The Doge Signature Collection","description":"","publisher":{"@id":"https:\/\/www.dogevenice.com\/es\/#organization"},"potentialAction":[{"@type":"SearchAction","target":{"@type":"EntryPoint","urlTemplate":"https:\/\/www.dogevenice.com\/es\/?s={search_term_string}"},"query-input":{"@type":"PropertyValueSpecification","valueRequired":true,"valueName":"search_term_string"}}],"inLanguage":"es"},{"@type":"Organization","@id":"https:\/\/www.dogevenice.com\/es\/#organization","name":"The Doge Signature Collection","url":"https:\/\/www.dogevenice.com\/es\/","logo":{"@type":"ImageObject","inLanguage":"es","@id":"https:\/\/www.dogevenice.com\/es\/#\/schema\/logo\/image\/","url":"https:\/\/www.dogevenice.com\/wp-content\/uploads\/sites\/51\/2026\/02\/logo_the_doge_signature_collection_c.svg","contentUrl":"https:\/\/www.dogevenice.com\/wp-content\/uploads\/sites\/51\/2026\/02\/logo_the_doge_signature_collection_c.svg","width":416,"height":64,"caption":"The Doge Signature Collection"},"image":{"@id":"https:\/\/www.dogevenice.com\/es\/#\/schema\/logo\/image\/"}}]}},"acf":[],"_links":{"self":[{"href":"https:\/\/www.dogevenice.com\/es\/wp-json\/wp\/v2\/pages\/244","targetHints":{"allow":["GET"]}}],"collection":[{"href":"https:\/\/www.dogevenice.com\/es\/wp-json\/wp\/v2\/pages"}],"about":[{"href":"https:\/\/www.dogevenice.com\/es\/wp-json\/wp\/v2\/types\/page"}],"author":[{"embeddable":true,"href":"https:\/\/www.dogevenice.com\/es\/wp-json\/wp\/v2\/users\/6"}],"replies":[{"embeddable":true,"href":"https:\/\/www.dogevenice.com\/es\/wp-json\/wp\/v2\/comments?post=244"}],"version-history":[{"count":0,"href":"https:\/\/www.dogevenice.com\/es\/wp-json\/wp\/v2\/pages\/244\/revisions"}],"up":[{"embeddable":true,"href":"https:\/\/www.dogevenice.com\/es\/wp-json\/wp\/v2\/pages\/237"}],"wp:attachment":[{"href":"https:\/\/www.dogevenice.com\/es\/wp-json\/wp\/v2\/media?parent=244"}],"curies":[{"name":"wp","href":"https:\/\/api.w.org\/{rel}","templated":true}]}}