{"id":232,"date":"2026-01-30T08:41:53","date_gmt":"2026-01-30T08:41:53","guid":{"rendered":"https:\/\/dogeexclusivecollection.ms3.decms.eu\/?page_id=232"},"modified":"2026-04-30T12:18:56","modified_gmt":"2026-04-30T12:18:56","slug":"bellevue-san-marco-luxury","status":"publish","type":"page","link":"https:\/\/www.dogevenice.com\/es\/bellevue-san-marco-luxury\/","title":{"rendered":"Bellevue Luxury Rooms"},"content":{"rendered":"<p>Bellevue B&amp;B recibe a los hu\u00e9spedes en un ambiente \u00edntimo, a pocos pasos de la Plaza de San Marcos y junto a la Torre del Reloj, en una ubicaci\u00f3n que se percibe de inmediato como \u00fanica.<\/p>\n<p>Aqu\u00ed, la experiencia es privada y equilibrada. Los espacios reflejan la tradici\u00f3n veneciana sin ostentaci\u00f3n: tonos c\u00e1lidos, materiales cuidadosamente seleccionados, detalles que dialogan con la historia del lugar sin sobrecargarla.<\/p>\n<p>Las habitaciones ofrecen todas las comodidades contempor\u00e1neas \u2014aire acondicionado, Wi-Fi, TV\u2014 pero lo que realmente define la estancia es el equilibrio entre centralidad y tranquilidad. Un refugio acogedor en el coraz\u00f3n vibrante de la ciudad.<\/p>\n","protected":false},"excerpt":{"rendered":"<p>Bellevue B&amp;B recibe a los hu\u00e9spedes en un ambiente \u00edntimo, a pocos pasos de la Plaza de San Marcos y junto a la Torre del Reloj, en una ubicaci\u00f3n que se percibe de inmediato como \u00fanica. Aqu\u00ed, la experiencia es privada y equilibrada. Los espacios reflejan la tradici\u00f3n veneciana sin ostentaci\u00f3n: tonos c\u00e1lidos, materiales cuidadosamente [&hellip;]<\/p>\n","protected":false},"author":6,"featured_media":0,"parent":0,"menu_order":40,"comment_status":"closed","ping_status":"closed","template":"template-bellevue.php","meta":{"footnotes":""},"class_list":["post-232","page","type-page","status-publish","hentry"],"yoast_head":"<!-- This site is optimized with the Yoast SEO plugin v26.9 - https:\/\/yoast.com\/product\/yoast-seo-wordpress\/ -->\n<title>Bellevue Luxury Rooms - Doge Exclusive Collection -<\/title>\n<meta name=\"description\" content=\"Bellevue B&amp;B recibe a los hu\u00e9spedes en un ambiente \u00edntimo, a pocos pasos de la Plaza de San Marcos y junto a la Torre del Reloj, en una ubicaci\u00f3n que se percibe de inmediato como \u00fanica.  Aqu\u00ed, la experiencia es privada y equilibrada. Los espacios reflejan la tradici\u00f3n veneciana sin ostentaci\u00f3n: tonos c\u00e1lidos, materiales cuidadosamente seleccionados, detalles que dialogan con la historia del lugar sin sobrecargarla.  Las habitaciones ofrecen todas las comodidades contempor\u00e1neas \u2014aire acondicionado, Wi-Fi, TV\u2014 pero lo que realmente define la estancia es el equilibrio entre centralidad y tranquilidad\" \/>\n<meta name=\"robots\" content=\"index, follow, max-snippet:-1, max-image-preview:large, max-video-preview:-1\" \/>\n<link rel=\"canonical\" href=\"https:\/\/www.dogevenice.com\/es\/bellevue-san-marco-luxury\/\" \/>\n<meta property=\"og:locale\" content=\"es_ES\" \/>\n<meta property=\"og:type\" content=\"article\" \/>\n<meta property=\"og:title\" content=\"Bellevue Luxury Rooms - Doge Exclusive Collection -\" \/>\n<meta property=\"og:description\" content=\"Bellevue B&amp;B recibe a los hu\u00e9spedes en un ambiente \u00edntimo, a pocos pasos de la Plaza de San Marcos y junto a la Torre del Reloj, en una ubicaci\u00f3n que se percibe de inmediato como \u00fanica.  Aqu\u00ed, la experiencia es privada y equilibrada. Los espacios reflejan la tradici\u00f3n veneciana sin ostentaci\u00f3n: tonos c\u00e1lidos, materiales cuidadosamente seleccionados, detalles que dialogan con la historia del lugar sin sobrecargarla.  Las habitaciones ofrecen todas las comodidades contempor\u00e1neas \u2014aire acondicionado, Wi-Fi, TV\u2014 pero lo que realmente define la estancia es el equilibrio entre centralidad y tranquilidad\" \/>\n<meta property=\"og:url\" content=\"https:\/\/www.dogevenice.com\/es\/bellevue-san-marco-luxury\/\" \/>\n<meta property=\"og:site_name\" content=\"Doge Exclusive Collection\" \/>\n<meta property=\"article:modified_time\" content=\"2026-04-30T12:18:56+00:00\" \/>\n<meta name=\"twitter:card\" content=\"summary_large_image\" \/>\n<meta name=\"twitter:label1\" content=\"Est. reading time\" \/>\n\t<meta name=\"twitter:data1\" content=\"1 minuto\" \/>\n<script type=\"application\/ld+json\" class=\"yoast-schema-graph\">{\"@context\":\"https:\/\/schema.org\",\"@graph\":[{\"@type\":\"WebPage\",\"@id\":\"https:\/\/www.dogevenice.com\/es\/bellevue-san-marco-luxury\/\",\"url\":\"https:\/\/www.dogevenice.com\/es\/bellevue-san-marco-luxury\/\",\"name\":\"Bellevue Luxury Rooms - Doge Exclusive Collection -\",\"isPartOf\":{\"@id\":\"https:\/\/www.dogevenice.com\/es\/#website\"},\"datePublished\":\"2026-01-30T08:41:53+00:00\",\"dateModified\":\"2026-04-30T12:18:56+00:00\",\"description\":\"Bellevue B&amp;B recibe a los hu\u00e9spedes en un ambiente \u00edntimo, a pocos pasos de la Plaza de San Marcos y junto a la Torre del Reloj, en una ubicaci\u00f3n que se percibe de inmediato como \u00fanica. Aqu\u00ed, la experiencia es privada y equilibrada. Los espacios reflejan la tradici\u00f3n veneciana sin ostentaci\u00f3n: tonos c\u00e1lidos, materiales cuidadosamente seleccionados, detalles que dialogan con la historia del lugar sin sobrecargarla. Las habitaciones ofrecen todas las comodidades contempor\u00e1neas \u2014aire acondicionado, Wi-Fi, TV\u2014 pero lo que realmente define la estancia es el equilibrio entre centralidad y tranquilidad\",\"breadcrumb\":{\"@id\":\"https:\/\/www.dogevenice.com\/es\/bellevue-san-marco-luxury\/#breadcrumb\"},\"inLanguage\":\"es\",\"potentialAction\":[{\"@type\":\"ReadAction\",\"target\":[\"https:\/\/www.dogevenice.com\/es\/bellevue-san-marco-luxury\/\"]}]},{\"@type\":\"BreadcrumbList\",\"@id\":\"https:\/\/www.dogevenice.com\/es\/bellevue-san-marco-luxury\/#breadcrumb\",\"itemListElement\":[{\"@type\":\"ListItem\",\"position\":1,\"name\":\"Home\",\"item\":\"https:\/\/www.dogevenice.com\/es\/\"},{\"@type\":\"ListItem\",\"position\":2,\"name\":\"Bellevue Luxury Rooms\"}]},{\"@type\":\"WebSite\",\"@id\":\"https:\/\/www.dogevenice.com\/es\/#website\",\"url\":\"https:\/\/www.dogevenice.com\/es\/\",\"name\":\"The Doge Signature Collection\",\"description\":\"\",\"publisher\":{\"@id\":\"https:\/\/www.dogevenice.com\/es\/#organization\"},\"potentialAction\":[{\"@type\":\"SearchAction\",\"target\":{\"@type\":\"EntryPoint\",\"urlTemplate\":\"https:\/\/www.dogevenice.com\/es\/?s={search_term_string}\"},\"query-input\":{\"@type\":\"PropertyValueSpecification\",\"valueRequired\":true,\"valueName\":\"search_term_string\"}}],\"inLanguage\":\"es\"},{\"@type\":\"Organization\",\"@id\":\"https:\/\/www.dogevenice.com\/es\/#organization\",\"name\":\"The Doge Signature Collection\",\"url\":\"https:\/\/www.dogevenice.com\/es\/\",\"logo\":{\"@type\":\"ImageObject\",\"inLanguage\":\"es\",\"@id\":\"https:\/\/www.dogevenice.com\/es\/#\/schema\/logo\/image\/\",\"url\":\"https:\/\/www.dogevenice.com\/wp-content\/uploads\/sites\/51\/2026\/02\/logo_the_doge_signature_collection_c.svg\",\"contentUrl\":\"https:\/\/www.dogevenice.com\/wp-content\/uploads\/sites\/51\/2026\/02\/logo_the_doge_signature_collection_c.svg\",\"width\":416,\"height\":64,\"caption\":\"The Doge Signature Collection\"},\"image\":{\"@id\":\"https:\/\/www.dogevenice.com\/es\/#\/schema\/logo\/image\/\"}}]}<\/script>\n<!-- \/ Yoast SEO plugin. -->","yoast_head_json":{"title":"Bellevue Luxury Rooms - Doge Exclusive Collection -","description":"Bellevue B&amp;B recibe a los hu\u00e9spedes en un ambiente \u00edntimo, a pocos pasos de la Plaza de San Marcos y junto a la Torre del Reloj, en una ubicaci\u00f3n que se percibe de inmediato como \u00fanica.  Aqu\u00ed, la experiencia es privada y equilibrada. Los espacios reflejan la tradici\u00f3n veneciana sin ostentaci\u00f3n: tonos c\u00e1lidos, materiales cuidadosamente seleccionados, detalles que dialogan con la historia del lugar sin sobrecargarla.  Las habitaciones ofrecen todas las comodidades contempor\u00e1neas \u2014aire acondicionado, Wi-Fi, TV\u2014 pero lo que realmente define la estancia es el equilibrio entre centralidad y tranquilidad","robots":{"index":"index","follow":"follow","max-snippet":"max-snippet:-1","max-image-preview":"max-image-preview:large","max-video-preview":"max-video-preview:-1"},"canonical":"https:\/\/www.dogevenice.com\/es\/bellevue-san-marco-luxury\/","og_locale":"es_ES","og_type":"article","og_title":"Bellevue Luxury Rooms - Doge Exclusive Collection -","og_description":"Bellevue B&amp;B recibe a los hu\u00e9spedes en un ambiente \u00edntimo, a pocos pasos de la Plaza de San Marcos y junto a la Torre del Reloj, en una ubicaci\u00f3n que se percibe de inmediato como \u00fanica.  Aqu\u00ed, la experiencia es privada y equilibrada. Los espacios reflejan la tradici\u00f3n veneciana sin ostentaci\u00f3n: tonos c\u00e1lidos, materiales cuidadosamente seleccionados, detalles que dialogan con la historia del lugar sin sobrecargarla.  Las habitaciones ofrecen todas las comodidades contempor\u00e1neas \u2014aire acondicionado, Wi-Fi, TV\u2014 pero lo que realmente define la estancia es el equilibrio entre centralidad y tranquilidad","og_url":"https:\/\/www.dogevenice.com\/es\/bellevue-san-marco-luxury\/","og_site_name":"Doge Exclusive Collection","article_modified_time":"2026-04-30T12:18:56+00:00","twitter_card":"summary_large_image","twitter_misc":{"Est. reading time":"1 minuto"},"schema":{"@context":"https:\/\/schema.org","@graph":[{"@type":"WebPage","@id":"https:\/\/www.dogevenice.com\/es\/bellevue-san-marco-luxury\/","url":"https:\/\/www.dogevenice.com\/es\/bellevue-san-marco-luxury\/","name":"Bellevue Luxury Rooms - Doge Exclusive Collection -","isPartOf":{"@id":"https:\/\/www.dogevenice.com\/es\/#website"},"datePublished":"2026-01-30T08:41:53+00:00","dateModified":"2026-04-30T12:18:56+00:00","description":"Bellevue B&amp;B recibe a los hu\u00e9spedes en un ambiente \u00edntimo, a pocos pasos de la Plaza de San Marcos y junto a la Torre del Reloj, en una ubicaci\u00f3n que se percibe de inmediato como \u00fanica. Aqu\u00ed, la experiencia es privada y equilibrada. Los espacios reflejan la tradici\u00f3n veneciana sin ostentaci\u00f3n: tonos c\u00e1lidos, materiales cuidadosamente seleccionados, detalles que dialogan con la historia del lugar sin sobrecargarla. Las habitaciones ofrecen todas las comodidades contempor\u00e1neas \u2014aire acondicionado, Wi-Fi, TV\u2014 pero lo que realmente define la estancia es el equilibrio entre centralidad y tranquilidad","breadcrumb":{"@id":"https:\/\/www.dogevenice.com\/es\/bellevue-san-marco-luxury\/#breadcrumb"},"inLanguage":"es","potentialAction":[{"@type":"ReadAction","target":["https:\/\/www.dogevenice.com\/es\/bellevue-san-marco-luxury\/"]}]},{"@type":"BreadcrumbList","@id":"https:\/\/www.dogevenice.com\/es\/bellevue-san-marco-luxury\/#breadcrumb","itemListElement":[{"@type":"ListItem","position":1,"name":"Home","item":"https:\/\/www.dogevenice.com\/es\/"},{"@type":"ListItem","position":2,"name":"Bellevue Luxury Rooms"}]},{"@type":"WebSite","@id":"https:\/\/www.dogevenice.com\/es\/#website","url":"https:\/\/www.dogevenice.com\/es\/","name":"The Doge Signature Collection","description":"","publisher":{"@id":"https:\/\/www.dogevenice.com\/es\/#organization"},"potentialAction":[{"@type":"SearchAction","target":{"@type":"EntryPoint","urlTemplate":"https:\/\/www.dogevenice.com\/es\/?s={search_term_string}"},"query-input":{"@type":"PropertyValueSpecification","valueRequired":true,"valueName":"search_term_string"}}],"inLanguage":"es"},{"@type":"Organization","@id":"https:\/\/www.dogevenice.com\/es\/#organization","name":"The Doge Signature Collection","url":"https:\/\/www.dogevenice.com\/es\/","logo":{"@type":"ImageObject","inLanguage":"es","@id":"https:\/\/www.dogevenice.com\/es\/#\/schema\/logo\/image\/","url":"https:\/\/www.dogevenice.com\/wp-content\/uploads\/sites\/51\/2026\/02\/logo_the_doge_signature_collection_c.svg","contentUrl":"https:\/\/www.dogevenice.com\/wp-content\/uploads\/sites\/51\/2026\/02\/logo_the_doge_signature_collection_c.svg","width":416,"height":64,"caption":"The Doge Signature Collection"},"image":{"@id":"https:\/\/www.dogevenice.com\/es\/#\/schema\/logo\/image\/"}}]}},"acf":[],"_links":{"self":[{"href":"https:\/\/www.dogevenice.com\/es\/wp-json\/wp\/v2\/pages\/232","targetHints":{"allow":["GET"]}}],"collection":[{"href":"https:\/\/www.dogevenice.com\/es\/wp-json\/wp\/v2\/pages"}],"about":[{"href":"https:\/\/www.dogevenice.com\/es\/wp-json\/wp\/v2\/types\/page"}],"author":[{"embeddable":true,"href":"https:\/\/www.dogevenice.com\/es\/wp-json\/wp\/v2\/users\/6"}],"replies":[{"embeddable":true,"href":"https:\/\/www.dogevenice.com\/es\/wp-json\/wp\/v2\/comments?post=232"}],"version-history":[{"count":0,"href":"https:\/\/www.dogevenice.com\/es\/wp-json\/wp\/v2\/pages\/232\/revisions"}],"wp:attachment":[{"href":"https:\/\/www.dogevenice.com\/es\/wp-json\/wp\/v2\/media?parent=232"}],"curies":[{"name":"wp","href":"https:\/\/api.w.org\/{rel}","templated":true}]}}