{"id":351,"date":"2026-02-04T10:01:59","date_gmt":"2026-02-04T10:01:59","guid":{"rendered":"https:\/\/dogeexclusivecollection.ms3.decms.eu\/?page_id=351"},"modified":"2026-03-09T15:43:11","modified_gmt":"2026-03-09T15:43:11","slug":"familien-apartment","status":"publish","type":"page","link":"https:\/\/www.dogevenice.com\/de\/torre-dellorologio-signature-residence\/familien-apartment\/","title":{"rendered":"Familien Apartment"},"content":{"rendered":"<p>Diese ger\u00e4umige Wohnung ist die ideale L\u00f6sung f\u00fcr Familien oder kleine Gruppen von Freunden, die eine entspannte und komfortable Umgebung suchen. Gro\u00dfz\u00fcgig geschnitten und geschmackvoll eingerichtet, verf\u00fcgt sie \u00fcber zwei Schlafzimmer und zwei Badezimmer f\u00fcr zus\u00e4tzlichen Komfort. Das Wohnzimmer mit Schlafsofa bietet einen einladenden Raum f\u00fcr gesellige Momente, w\u00e4hrend die voll ausgestattete K\u00fcche die M\u00f6glichkeit bietet, Mahlzeiten selbst zuzubereiten.<\/p>\n<p>Die R\u00e4ume sind elegant und gem\u00fctlich gestaltet und eignen sich perfekt f\u00fcr angenehme Momente der Entspannung. Ausgestattet mit modernen Annehmlichkeiten und allem notwendigen Komfort ist diese Wohnung die perfekte Wahl f\u00fcr Urlaubsaufenthalte oder l\u00e4ngere Aufenthalte und garantiert Platz, Ruhe und Wohlbefinden w\u00e4hrend Ihres gesamten Aufenthalts.<\/p>\n<p>Geeignet f\u00fcr bis zu 5 G\u00e4ste.<br \/>\n60 bis 85 m\u00b2.<\/p>\n","protected":false},"excerpt":{"rendered":"<p>Diese ger\u00e4umige Wohnung ist die ideale L\u00f6sung f\u00fcr Familien oder kleine Gruppen von Freunden, die eine entspannte und komfortable Umgebung suchen. Gro\u00dfz\u00fcgig geschnitten und geschmackvoll eingerichtet, verf\u00fcgt sie \u00fcber zwei Schlafzimmer und zwei Badezimmer f\u00fcr zus\u00e4tzlichen Komfort. Das Wohnzimmer mit Schlafsofa bietet einen einladenden Raum f\u00fcr gesellige Momente, w\u00e4hrend die voll ausgestattete K\u00fcche die M\u00f6glichkeit [&hellip;]<\/p>\n","protected":false},"author":6,"featured_media":0,"parent":322,"menu_order":30,"comment_status":"closed","ping_status":"closed","template":"template-single-room.php","meta":{"footnotes":""},"class_list":["post-351","page","type-page","status-publish","hentry"],"yoast_head":"<!-- This site is optimized with the Yoast SEO plugin v26.9 - https:\/\/yoast.com\/product\/yoast-seo-wordpress\/ -->\n<title>Familien Apartment - Doge Exclusive Collection -<\/title>\n<meta name=\"description\" content=\"Diese ger\u00e4umige Wohnung ist die ideale L\u00f6sung f\u00fcr Familien oder kleine Gruppen von Freunden, die eine entspannte und komfortable Umgebung suchen. Gro\u00dfz\u00fcgig geschnitten und geschmackvoll eingerichtet, verf\u00fcgt sie \u00fcber zwei Schlafzimmer und zwei Badezimmer f\u00fcr zus\u00e4tzlichen Komfort\" \/>\n<meta name=\"robots\" content=\"index, follow, max-snippet:-1, max-image-preview:large, max-video-preview:-1\" \/>\n<link rel=\"canonical\" href=\"https:\/\/www.dogevenice.com\/de\/torre-dellorologio-signature-residence\/familien-apartment\/\" \/>\n<meta property=\"og:locale\" content=\"de_DE\" \/>\n<meta property=\"og:type\" content=\"article\" \/>\n<meta property=\"og:title\" content=\"Familien Apartment - Doge Exclusive Collection -\" \/>\n<meta property=\"og:description\" content=\"Diese ger\u00e4umige Wohnung ist die ideale L\u00f6sung f\u00fcr Familien oder kleine Gruppen von Freunden, die eine entspannte und komfortable Umgebung suchen. Gro\u00dfz\u00fcgig geschnitten und geschmackvoll eingerichtet, verf\u00fcgt sie \u00fcber zwei Schlafzimmer und zwei Badezimmer f\u00fcr zus\u00e4tzlichen Komfort\" \/>\n<meta property=\"og:url\" content=\"https:\/\/www.dogevenice.com\/de\/torre-dellorologio-signature-residence\/familien-apartment\/\" \/>\n<meta property=\"og:site_name\" content=\"Doge Exclusive Collection\" \/>\n<meta property=\"article:modified_time\" content=\"2026-03-09T15:43:11+00:00\" \/>\n<meta name=\"twitter:card\" content=\"summary_large_image\" \/>\n<meta name=\"twitter:label1\" content=\"Est. reading time\" \/>\n\t<meta name=\"twitter:data1\" content=\"1\u00a0Minute\" \/>\n<script type=\"application\/ld+json\" class=\"yoast-schema-graph\">{\"@context\":\"https:\/\/schema.org\",\"@graph\":[{\"@type\":\"WebPage\",\"@id\":\"https:\/\/www.dogevenice.com\/de\/torre-dellorologio-signature-residence\/familien-apartment\/\",\"url\":\"https:\/\/www.dogevenice.com\/de\/torre-dellorologio-signature-residence\/familien-apartment\/\",\"name\":\"Familien Apartment - Doge Exclusive Collection -\",\"isPartOf\":{\"@id\":\"https:\/\/www.dogevenice.com\/de\/#website\"},\"datePublished\":\"2026-02-04T10:01:59+00:00\",\"dateModified\":\"2026-03-09T15:43:11+00:00\",\"description\":\"Diese ger\u00e4umige Wohnung ist die ideale L\u00f6sung f\u00fcr Familien oder kleine Gruppen von Freunden, die eine entspannte und komfortable Umgebung suchen. Gro\u00dfz\u00fcgig geschnitten und geschmackvoll eingerichtet, verf\u00fcgt sie \u00fcber zwei Schlafzimmer und zwei Badezimmer f\u00fcr zus\u00e4tzlichen Komfort\",\"breadcrumb\":{\"@id\":\"https:\/\/www.dogevenice.com\/de\/torre-dellorologio-signature-residence\/familien-apartment\/#breadcrumb\"},\"inLanguage\":\"de\",\"potentialAction\":[{\"@type\":\"ReadAction\",\"target\":[\"https:\/\/www.dogevenice.com\/de\/torre-dellorologio-signature-residence\/familien-apartment\/\"]}]},{\"@type\":\"BreadcrumbList\",\"@id\":\"https:\/\/www.dogevenice.com\/de\/torre-dellorologio-signature-residence\/familien-apartment\/#breadcrumb\",\"itemListElement\":[{\"@type\":\"ListItem\",\"position\":1,\"name\":\"Home\",\"item\":\"https:\/\/www.dogevenice.com\/de\/\"},{\"@type\":\"ListItem\",\"position\":2,\"name\":\"Torre dell&#8217;Orologio Signature Residence\",\"item\":\"https:\/\/www.dogevenice.com\/de\/torre-dellorologio-signature-residence\/\"},{\"@type\":\"ListItem\",\"position\":3,\"name\":\"Familien Apartment\"}]},{\"@type\":\"WebSite\",\"@id\":\"https:\/\/www.dogevenice.com\/de\/#website\",\"url\":\"https:\/\/www.dogevenice.com\/de\/\",\"name\":\"The Doge Signature Collection\",\"description\":\"\",\"publisher\":{\"@id\":\"https:\/\/www.dogevenice.com\/de\/#organization\"},\"potentialAction\":[{\"@type\":\"SearchAction\",\"target\":{\"@type\":\"EntryPoint\",\"urlTemplate\":\"https:\/\/www.dogevenice.com\/de\/?s={search_term_string}\"},\"query-input\":{\"@type\":\"PropertyValueSpecification\",\"valueRequired\":true,\"valueName\":\"search_term_string\"}}],\"inLanguage\":\"de\"},{\"@type\":\"Organization\",\"@id\":\"https:\/\/www.dogevenice.com\/de\/#organization\",\"name\":\"The Doge Signature Collection\",\"url\":\"https:\/\/www.dogevenice.com\/de\/\",\"logo\":{\"@type\":\"ImageObject\",\"inLanguage\":\"de\",\"@id\":\"https:\/\/www.dogevenice.com\/de\/#\/schema\/logo\/image\/\",\"url\":\"https:\/\/www.dogevenice.com\/wp-content\/uploads\/sites\/51\/2026\/02\/logo_the_doge_signature_collection_c.svg\",\"contentUrl\":\"https:\/\/www.dogevenice.com\/wp-content\/uploads\/sites\/51\/2026\/02\/logo_the_doge_signature_collection_c.svg\",\"width\":416,\"height\":64,\"caption\":\"The Doge Signature Collection\"},\"image\":{\"@id\":\"https:\/\/www.dogevenice.com\/de\/#\/schema\/logo\/image\/\"}}]}<\/script>\n<!-- \/ Yoast SEO plugin. -->","yoast_head_json":{"title":"Familien Apartment - Doge Exclusive Collection -","description":"Diese ger\u00e4umige Wohnung ist die ideale L\u00f6sung f\u00fcr Familien oder kleine Gruppen von Freunden, die eine entspannte und komfortable Umgebung suchen. Gro\u00dfz\u00fcgig geschnitten und geschmackvoll eingerichtet, verf\u00fcgt sie \u00fcber zwei Schlafzimmer und zwei Badezimmer f\u00fcr zus\u00e4tzlichen Komfort","robots":{"index":"index","follow":"follow","max-snippet":"max-snippet:-1","max-image-preview":"max-image-preview:large","max-video-preview":"max-video-preview:-1"},"canonical":"https:\/\/www.dogevenice.com\/de\/torre-dellorologio-signature-residence\/familien-apartment\/","og_locale":"de_DE","og_type":"article","og_title":"Familien Apartment - Doge Exclusive Collection -","og_description":"Diese ger\u00e4umige Wohnung ist die ideale L\u00f6sung f\u00fcr Familien oder kleine Gruppen von Freunden, die eine entspannte und komfortable Umgebung suchen. Gro\u00dfz\u00fcgig geschnitten und geschmackvoll eingerichtet, verf\u00fcgt sie \u00fcber zwei Schlafzimmer und zwei Badezimmer f\u00fcr zus\u00e4tzlichen Komfort","og_url":"https:\/\/www.dogevenice.com\/de\/torre-dellorologio-signature-residence\/familien-apartment\/","og_site_name":"Doge Exclusive Collection","article_modified_time":"2026-03-09T15:43:11+00:00","twitter_card":"summary_large_image","twitter_misc":{"Est. reading time":"1\u00a0Minute"},"schema":{"@context":"https:\/\/schema.org","@graph":[{"@type":"WebPage","@id":"https:\/\/www.dogevenice.com\/de\/torre-dellorologio-signature-residence\/familien-apartment\/","url":"https:\/\/www.dogevenice.com\/de\/torre-dellorologio-signature-residence\/familien-apartment\/","name":"Familien Apartment - Doge Exclusive Collection -","isPartOf":{"@id":"https:\/\/www.dogevenice.com\/de\/#website"},"datePublished":"2026-02-04T10:01:59+00:00","dateModified":"2026-03-09T15:43:11+00:00","description":"Diese ger\u00e4umige Wohnung ist die ideale L\u00f6sung f\u00fcr Familien oder kleine Gruppen von Freunden, die eine entspannte und komfortable Umgebung suchen. Gro\u00dfz\u00fcgig geschnitten und geschmackvoll eingerichtet, verf\u00fcgt sie \u00fcber zwei Schlafzimmer und zwei Badezimmer f\u00fcr zus\u00e4tzlichen Komfort","breadcrumb":{"@id":"https:\/\/www.dogevenice.com\/de\/torre-dellorologio-signature-residence\/familien-apartment\/#breadcrumb"},"inLanguage":"de","potentialAction":[{"@type":"ReadAction","target":["https:\/\/www.dogevenice.com\/de\/torre-dellorologio-signature-residence\/familien-apartment\/"]}]},{"@type":"BreadcrumbList","@id":"https:\/\/www.dogevenice.com\/de\/torre-dellorologio-signature-residence\/familien-apartment\/#breadcrumb","itemListElement":[{"@type":"ListItem","position":1,"name":"Home","item":"https:\/\/www.dogevenice.com\/de\/"},{"@type":"ListItem","position":2,"name":"Torre dell&#8217;Orologio Signature Residence","item":"https:\/\/www.dogevenice.com\/de\/torre-dellorologio-signature-residence\/"},{"@type":"ListItem","position":3,"name":"Familien Apartment"}]},{"@type":"WebSite","@id":"https:\/\/www.dogevenice.com\/de\/#website","url":"https:\/\/www.dogevenice.com\/de\/","name":"The Doge Signature Collection","description":"","publisher":{"@id":"https:\/\/www.dogevenice.com\/de\/#organization"},"potentialAction":[{"@type":"SearchAction","target":{"@type":"EntryPoint","urlTemplate":"https:\/\/www.dogevenice.com\/de\/?s={search_term_string}"},"query-input":{"@type":"PropertyValueSpecification","valueRequired":true,"valueName":"search_term_string"}}],"inLanguage":"de"},{"@type":"Organization","@id":"https:\/\/www.dogevenice.com\/de\/#organization","name":"The Doge Signature Collection","url":"https:\/\/www.dogevenice.com\/de\/","logo":{"@type":"ImageObject","inLanguage":"de","@id":"https:\/\/www.dogevenice.com\/de\/#\/schema\/logo\/image\/","url":"https:\/\/www.dogevenice.com\/wp-content\/uploads\/sites\/51\/2026\/02\/logo_the_doge_signature_collection_c.svg","contentUrl":"https:\/\/www.dogevenice.com\/wp-content\/uploads\/sites\/51\/2026\/02\/logo_the_doge_signature_collection_c.svg","width":416,"height":64,"caption":"The Doge Signature Collection"},"image":{"@id":"https:\/\/www.dogevenice.com\/de\/#\/schema\/logo\/image\/"}}]}},"acf":[],"_links":{"self":[{"href":"https:\/\/www.dogevenice.com\/de\/wp-json\/wp\/v2\/pages\/351","targetHints":{"allow":["GET"]}}],"collection":[{"href":"https:\/\/www.dogevenice.com\/de\/wp-json\/wp\/v2\/pages"}],"about":[{"href":"https:\/\/www.dogevenice.com\/de\/wp-json\/wp\/v2\/types\/page"}],"author":[{"embeddable":true,"href":"https:\/\/www.dogevenice.com\/de\/wp-json\/wp\/v2\/users\/6"}],"replies":[{"embeddable":true,"href":"https:\/\/www.dogevenice.com\/de\/wp-json\/wp\/v2\/comments?post=351"}],"version-history":[{"count":0,"href":"https:\/\/www.dogevenice.com\/de\/wp-json\/wp\/v2\/pages\/351\/revisions"}],"up":[{"embeddable":true,"href":"https:\/\/www.dogevenice.com\/de\/wp-json\/wp\/v2\/pages\/322"}],"wp:attachment":[{"href":"https:\/\/www.dogevenice.com\/de\/wp-json\/wp\/v2\/media?parent=351"}],"curies":[{"name":"wp","href":"https:\/\/api.w.org\/{rel}","templated":true}]}}