{"id":345,"date":"2026-02-04T10:01:39","date_gmt":"2026-02-04T10:01:39","guid":{"rendered":"https:\/\/dogeexclusivecollection.ms3.decms.eu\/?page_id=345"},"modified":"2026-03-09T15:41:15","modified_gmt":"2026-03-09T15:41:15","slug":"deluxe-apartment","status":"publish","type":"page","link":"https:\/\/www.dogevenice.com\/de\/torre-dellorologio-signature-residence\/deluxe-apartment\/","title":{"rendered":"Deluxe Apartment"},"content":{"rendered":"<p>Dieses ger\u00e4umige Apartment ist darauf ausgelegt, Familien oder kleine Gruppen von bis zu 4 Personen bequem zu beherbergen. Es bietet gepflegte R\u00e4ume und eine entspannte Atmosph\u00e4re, in der man sich sofort wie zu Hause f\u00fchlt.<\/p>\n<p>Die Unterkunft verf\u00fcgt \u00fcber ein gro\u00dfz\u00fcgiges Schlafzimmer, ideal f\u00fcr erholsamen Schlaf, und ein voll ausgestattetes Badezimmer mit Badewanne, perfekt, um nach einem Tag voller Besichtigungen zu entspannen. Der gem\u00fctliche und funktionale Wohnbereich umfasst eine komplett ausgestattete K\u00fcchenzeile, um Mahlzeiten selbst zuzubereiten, sowie ein bequemes Schlafsofa, das Platz f\u00fcr ein oder zwei zus\u00e4tzliche G\u00e4ste bietet.<\/p>\n<p>Die hellen und harmonischen R\u00e4ume machen dieses Apartment zur perfekten Wahl, um sich zu entspannen, neue Energie zu tanken und den Aufenthalt in v\u00f6lliger Ruhe und Komfort zu genie\u00dfen.<\/p>\n<p>Gr\u00f6\u00dfe: 55\u201370 m\u00b2, einige Apartments mit Kanalblick, andere mit zwei Badezimmern.<\/p>\n<p>Maximale Belegung: 4 Personen.<\/p>\n","protected":false},"excerpt":{"rendered":"<p>Dieses ger\u00e4umige Apartment ist darauf ausgelegt, Familien oder kleine Gruppen von bis zu 4 Personen bequem zu beherbergen. Es bietet gepflegte R\u00e4ume und eine entspannte Atmosph\u00e4re, in der man sich sofort wie zu Hause f\u00fchlt. Die Unterkunft verf\u00fcgt \u00fcber ein gro\u00dfz\u00fcgiges Schlafzimmer, ideal f\u00fcr erholsamen Schlaf, und ein voll ausgestattetes Badezimmer mit Badewanne, perfekt, um [&hellip;]<\/p>\n","protected":false},"author":6,"featured_media":0,"parent":322,"menu_order":30,"comment_status":"closed","ping_status":"closed","template":"template-single-room.php","meta":{"footnotes":""},"class_list":["post-345","page","type-page","status-publish","hentry"],"yoast_head":"<!-- This site is optimized with the Yoast SEO plugin v26.9 - https:\/\/yoast.com\/product\/yoast-seo-wordpress\/ -->\n<title>Deluxe Apartment - Doge Exclusive Collection -<\/title>\n<meta name=\"description\" content=\"Dieses ger\u00e4umige Apartment ist darauf ausgelegt, Familien oder kleine Gruppen von bis zu 4 Personen bequem zu beherbergen. Es bietet gepflegte R\u00e4ume und eine entspannte Atmosph\u00e4re, in der man sich sofort wie zu Hause f\u00fchlt.  Die Unterkunft verf\u00fcgt \u00fcber ein gro\u00dfz\u00fcgiges Schlafzimmer, ideal f\u00fcr erholsamen Schlaf, und ein voll ausgestattetes Badezimmer mit Badewanne, perfekt, um nach einem Tag voller Besichtigungen zu entspannen\" \/>\n<meta name=\"robots\" content=\"index, follow, max-snippet:-1, max-image-preview:large, max-video-preview:-1\" \/>\n<link rel=\"canonical\" href=\"https:\/\/www.dogevenice.com\/de\/torre-dellorologio-signature-residence\/deluxe-apartment\/\" \/>\n<meta property=\"og:locale\" content=\"de_DE\" \/>\n<meta property=\"og:type\" content=\"article\" \/>\n<meta property=\"og:title\" content=\"Deluxe Apartment - Doge Exclusive Collection -\" \/>\n<meta property=\"og:description\" content=\"Dieses ger\u00e4umige Apartment ist darauf ausgelegt, Familien oder kleine Gruppen von bis zu 4 Personen bequem zu beherbergen. Es bietet gepflegte R\u00e4ume und eine entspannte Atmosph\u00e4re, in der man sich sofort wie zu Hause f\u00fchlt.  Die Unterkunft verf\u00fcgt \u00fcber ein gro\u00dfz\u00fcgiges Schlafzimmer, ideal f\u00fcr erholsamen Schlaf, und ein voll ausgestattetes Badezimmer mit Badewanne, perfekt, um nach einem Tag voller Besichtigungen zu entspannen\" \/>\n<meta property=\"og:url\" content=\"https:\/\/www.dogevenice.com\/de\/torre-dellorologio-signature-residence\/deluxe-apartment\/\" \/>\n<meta property=\"og:site_name\" content=\"Doge Exclusive Collection\" \/>\n<meta property=\"article:modified_time\" content=\"2026-03-09T15:41:15+00:00\" \/>\n<meta name=\"twitter:card\" content=\"summary_large_image\" \/>\n<meta name=\"twitter:label1\" content=\"Est. reading time\" \/>\n\t<meta name=\"twitter:data1\" content=\"1\u00a0Minute\" \/>\n<script type=\"application\/ld+json\" class=\"yoast-schema-graph\">{\"@context\":\"https:\/\/schema.org\",\"@graph\":[{\"@type\":\"WebPage\",\"@id\":\"https:\/\/www.dogevenice.com\/de\/torre-dellorologio-signature-residence\/deluxe-apartment\/\",\"url\":\"https:\/\/www.dogevenice.com\/de\/torre-dellorologio-signature-residence\/deluxe-apartment\/\",\"name\":\"Deluxe Apartment - Doge Exclusive Collection -\",\"isPartOf\":{\"@id\":\"https:\/\/www.dogevenice.com\/de\/#website\"},\"datePublished\":\"2026-02-04T10:01:39+00:00\",\"dateModified\":\"2026-03-09T15:41:15+00:00\",\"description\":\"Dieses ger\u00e4umige Apartment ist darauf ausgelegt, Familien oder kleine Gruppen von bis zu 4 Personen bequem zu beherbergen. Es bietet gepflegte R\u00e4ume und eine entspannte Atmosph\u00e4re, in der man sich sofort wie zu Hause f\u00fchlt. Die Unterkunft verf\u00fcgt \u00fcber ein gro\u00dfz\u00fcgiges Schlafzimmer, ideal f\u00fcr erholsamen Schlaf, und ein voll ausgestattetes Badezimmer mit Badewanne, perfekt, um nach einem Tag voller Besichtigungen zu entspannen\",\"breadcrumb\":{\"@id\":\"https:\/\/www.dogevenice.com\/de\/torre-dellorologio-signature-residence\/deluxe-apartment\/#breadcrumb\"},\"inLanguage\":\"de\",\"potentialAction\":[{\"@type\":\"ReadAction\",\"target\":[\"https:\/\/www.dogevenice.com\/de\/torre-dellorologio-signature-residence\/deluxe-apartment\/\"]}]},{\"@type\":\"BreadcrumbList\",\"@id\":\"https:\/\/www.dogevenice.com\/de\/torre-dellorologio-signature-residence\/deluxe-apartment\/#breadcrumb\",\"itemListElement\":[{\"@type\":\"ListItem\",\"position\":1,\"name\":\"Home\",\"item\":\"https:\/\/www.dogevenice.com\/de\/\"},{\"@type\":\"ListItem\",\"position\":2,\"name\":\"Torre dell&#8217;Orologio Signature Residence\",\"item\":\"https:\/\/www.dogevenice.com\/de\/torre-dellorologio-signature-residence\/\"},{\"@type\":\"ListItem\",\"position\":3,\"name\":\"Deluxe Apartment\"}]},{\"@type\":\"WebSite\",\"@id\":\"https:\/\/www.dogevenice.com\/de\/#website\",\"url\":\"https:\/\/www.dogevenice.com\/de\/\",\"name\":\"The Doge Signature Collection\",\"description\":\"\",\"publisher\":{\"@id\":\"https:\/\/www.dogevenice.com\/de\/#organization\"},\"potentialAction\":[{\"@type\":\"SearchAction\",\"target\":{\"@type\":\"EntryPoint\",\"urlTemplate\":\"https:\/\/www.dogevenice.com\/de\/?s={search_term_string}\"},\"query-input\":{\"@type\":\"PropertyValueSpecification\",\"valueRequired\":true,\"valueName\":\"search_term_string\"}}],\"inLanguage\":\"de\"},{\"@type\":\"Organization\",\"@id\":\"https:\/\/www.dogevenice.com\/de\/#organization\",\"name\":\"The Doge Signature Collection\",\"url\":\"https:\/\/www.dogevenice.com\/de\/\",\"logo\":{\"@type\":\"ImageObject\",\"inLanguage\":\"de\",\"@id\":\"https:\/\/www.dogevenice.com\/de\/#\/schema\/logo\/image\/\",\"url\":\"https:\/\/www.dogevenice.com\/wp-content\/uploads\/sites\/51\/2026\/02\/logo_the_doge_signature_collection_c.svg\",\"contentUrl\":\"https:\/\/www.dogevenice.com\/wp-content\/uploads\/sites\/51\/2026\/02\/logo_the_doge_signature_collection_c.svg\",\"width\":416,\"height\":64,\"caption\":\"The Doge Signature Collection\"},\"image\":{\"@id\":\"https:\/\/www.dogevenice.com\/de\/#\/schema\/logo\/image\/\"}}]}<\/script>\n<!-- \/ Yoast SEO plugin. -->","yoast_head_json":{"title":"Deluxe Apartment - Doge Exclusive Collection -","description":"Dieses ger\u00e4umige Apartment ist darauf ausgelegt, Familien oder kleine Gruppen von bis zu 4 Personen bequem zu beherbergen. Es bietet gepflegte R\u00e4ume und eine entspannte Atmosph\u00e4re, in der man sich sofort wie zu Hause f\u00fchlt.  Die Unterkunft verf\u00fcgt \u00fcber ein gro\u00dfz\u00fcgiges Schlafzimmer, ideal f\u00fcr erholsamen Schlaf, und ein voll ausgestattetes Badezimmer mit Badewanne, perfekt, um nach einem Tag voller Besichtigungen zu entspannen","robots":{"index":"index","follow":"follow","max-snippet":"max-snippet:-1","max-image-preview":"max-image-preview:large","max-video-preview":"max-video-preview:-1"},"canonical":"https:\/\/www.dogevenice.com\/de\/torre-dellorologio-signature-residence\/deluxe-apartment\/","og_locale":"de_DE","og_type":"article","og_title":"Deluxe Apartment - Doge Exclusive Collection -","og_description":"Dieses ger\u00e4umige Apartment ist darauf ausgelegt, Familien oder kleine Gruppen von bis zu 4 Personen bequem zu beherbergen. Es bietet gepflegte R\u00e4ume und eine entspannte Atmosph\u00e4re, in der man sich sofort wie zu Hause f\u00fchlt.  Die Unterkunft verf\u00fcgt \u00fcber ein gro\u00dfz\u00fcgiges Schlafzimmer, ideal f\u00fcr erholsamen Schlaf, und ein voll ausgestattetes Badezimmer mit Badewanne, perfekt, um nach einem Tag voller Besichtigungen zu entspannen","og_url":"https:\/\/www.dogevenice.com\/de\/torre-dellorologio-signature-residence\/deluxe-apartment\/","og_site_name":"Doge Exclusive Collection","article_modified_time":"2026-03-09T15:41:15+00:00","twitter_card":"summary_large_image","twitter_misc":{"Est. reading time":"1\u00a0Minute"},"schema":{"@context":"https:\/\/schema.org","@graph":[{"@type":"WebPage","@id":"https:\/\/www.dogevenice.com\/de\/torre-dellorologio-signature-residence\/deluxe-apartment\/","url":"https:\/\/www.dogevenice.com\/de\/torre-dellorologio-signature-residence\/deluxe-apartment\/","name":"Deluxe Apartment - Doge Exclusive Collection -","isPartOf":{"@id":"https:\/\/www.dogevenice.com\/de\/#website"},"datePublished":"2026-02-04T10:01:39+00:00","dateModified":"2026-03-09T15:41:15+00:00","description":"Dieses ger\u00e4umige Apartment ist darauf ausgelegt, Familien oder kleine Gruppen von bis zu 4 Personen bequem zu beherbergen. Es bietet gepflegte R\u00e4ume und eine entspannte Atmosph\u00e4re, in der man sich sofort wie zu Hause f\u00fchlt. Die Unterkunft verf\u00fcgt \u00fcber ein gro\u00dfz\u00fcgiges Schlafzimmer, ideal f\u00fcr erholsamen Schlaf, und ein voll ausgestattetes Badezimmer mit Badewanne, perfekt, um nach einem Tag voller Besichtigungen zu entspannen","breadcrumb":{"@id":"https:\/\/www.dogevenice.com\/de\/torre-dellorologio-signature-residence\/deluxe-apartment\/#breadcrumb"},"inLanguage":"de","potentialAction":[{"@type":"ReadAction","target":["https:\/\/www.dogevenice.com\/de\/torre-dellorologio-signature-residence\/deluxe-apartment\/"]}]},{"@type":"BreadcrumbList","@id":"https:\/\/www.dogevenice.com\/de\/torre-dellorologio-signature-residence\/deluxe-apartment\/#breadcrumb","itemListElement":[{"@type":"ListItem","position":1,"name":"Home","item":"https:\/\/www.dogevenice.com\/de\/"},{"@type":"ListItem","position":2,"name":"Torre dell&#8217;Orologio Signature Residence","item":"https:\/\/www.dogevenice.com\/de\/torre-dellorologio-signature-residence\/"},{"@type":"ListItem","position":3,"name":"Deluxe Apartment"}]},{"@type":"WebSite","@id":"https:\/\/www.dogevenice.com\/de\/#website","url":"https:\/\/www.dogevenice.com\/de\/","name":"The Doge Signature Collection","description":"","publisher":{"@id":"https:\/\/www.dogevenice.com\/de\/#organization"},"potentialAction":[{"@type":"SearchAction","target":{"@type":"EntryPoint","urlTemplate":"https:\/\/www.dogevenice.com\/de\/?s={search_term_string}"},"query-input":{"@type":"PropertyValueSpecification","valueRequired":true,"valueName":"search_term_string"}}],"inLanguage":"de"},{"@type":"Organization","@id":"https:\/\/www.dogevenice.com\/de\/#organization","name":"The Doge Signature Collection","url":"https:\/\/www.dogevenice.com\/de\/","logo":{"@type":"ImageObject","inLanguage":"de","@id":"https:\/\/www.dogevenice.com\/de\/#\/schema\/logo\/image\/","url":"https:\/\/www.dogevenice.com\/wp-content\/uploads\/sites\/51\/2026\/02\/logo_the_doge_signature_collection_c.svg","contentUrl":"https:\/\/www.dogevenice.com\/wp-content\/uploads\/sites\/51\/2026\/02\/logo_the_doge_signature_collection_c.svg","width":416,"height":64,"caption":"The Doge Signature Collection"},"image":{"@id":"https:\/\/www.dogevenice.com\/de\/#\/schema\/logo\/image\/"}}]}},"acf":[],"_links":{"self":[{"href":"https:\/\/www.dogevenice.com\/de\/wp-json\/wp\/v2\/pages\/345","targetHints":{"allow":["GET"]}}],"collection":[{"href":"https:\/\/www.dogevenice.com\/de\/wp-json\/wp\/v2\/pages"}],"about":[{"href":"https:\/\/www.dogevenice.com\/de\/wp-json\/wp\/v2\/types\/page"}],"author":[{"embeddable":true,"href":"https:\/\/www.dogevenice.com\/de\/wp-json\/wp\/v2\/users\/6"}],"replies":[{"embeddable":true,"href":"https:\/\/www.dogevenice.com\/de\/wp-json\/wp\/v2\/comments?post=345"}],"version-history":[{"count":0,"href":"https:\/\/www.dogevenice.com\/de\/wp-json\/wp\/v2\/pages\/345\/revisions"}],"up":[{"embeddable":true,"href":"https:\/\/www.dogevenice.com\/de\/wp-json\/wp\/v2\/pages\/322"}],"wp:attachment":[{"href":"https:\/\/www.dogevenice.com\/de\/wp-json\/wp\/v2\/media?parent=345"}],"curies":[{"name":"wp","href":"https:\/\/api.w.org\/{rel}","templated":true}]}}