{"id":335,"date":"2026-02-04T10:00:34","date_gmt":"2026-02-04T10:00:34","guid":{"rendered":"https:\/\/dogeexclusivecollection.ms3.decms.eu\/?page_id=335"},"modified":"2026-03-09T15:36:55","modified_gmt":"2026-03-09T15:36:55","slug":"classic-apartment","status":"publish","type":"page","link":"https:\/\/www.dogevenice.com\/de\/torre-dellorologio-signature-residence\/classic-apartment\/","title":{"rendered":"Classic Apartment"},"content":{"rendered":"<p>Unser Classic-Apartment ist die ideale Wahl f\u00fcr alle, die eine intime und einladende Unterkunft in Venedig suchen.<\/p>\n<p>Es verf\u00fcgt \u00fcber ein ger\u00e4umiges Doppelzimmer, einen Wohnbereich mit Schlafsofa und eine komplett ausgestattete K\u00fcchenzeile f\u00fcr die Zubereitung von Mahlzeiten in Eigenregie. Das Apartment bietet au\u00dferdem ein voll ausgestattetes Badezimmer mit Badewanne oder Dusche.<\/p>\n<p>Dieses Apartment ist perfekt sowohl f\u00fcr Paare als auch f\u00fcr Familien mit einem Kind und bietet Komfort und Funktionalit\u00e4t, die beiden Bed\u00fcrfnissen gerecht werden.<\/p>\n<p>Ca. 45 m\u00b2, einige Apartments mit Kanalblick.<\/p>\n<p>Belegung: bis zu 2 Erwachsene und 1 Kind.<\/p>\n","protected":false},"excerpt":{"rendered":"<p>Unser Classic-Apartment ist die ideale Wahl f\u00fcr alle, die eine intime und einladende Unterkunft in Venedig suchen. Es verf\u00fcgt \u00fcber ein ger\u00e4umiges Doppelzimmer, einen Wohnbereich mit Schlafsofa und eine komplett ausgestattete K\u00fcchenzeile f\u00fcr die Zubereitung von Mahlzeiten in Eigenregie. Das Apartment bietet au\u00dferdem ein voll ausgestattetes Badezimmer mit Badewanne oder Dusche. Dieses Apartment ist perfekt [&hellip;]<\/p>\n","protected":false},"author":6,"featured_media":0,"parent":322,"menu_order":10,"comment_status":"closed","ping_status":"closed","template":"template-single-room.php","meta":{"footnotes":""},"class_list":["post-335","page","type-page","status-publish","hentry"],"yoast_head":"<!-- This site is optimized with the Yoast SEO plugin v26.9 - https:\/\/yoast.com\/product\/yoast-seo-wordpress\/ -->\n<title>Classic Apartment - Doge Exclusive Collection -<\/title>\n<meta name=\"description\" content=\"Unser Classic-Apartment ist die ideale Wahl f\u00fcr alle, die eine intime und einladende Unterkunft in Venedig suchen.  Es verf\u00fcgt \u00fcber ein ger\u00e4umiges Doppelzimmer, einen Wohnbereich mit Schlafsofa und eine komplett ausgestattete K\u00fcchenzeile f\u00fcr die Zubereitung von Mahlzeiten in Eigenregie. Das Apartment bietet au\u00dferdem ein voll ausgestattetes Badezimmer mit Badewanne oder Dusche.  Dieses Apartment ist perfekt sowohl f\u00fcr Paare als auch f\u00fcr Familien mit einem Kind und bietet Komfort und Funktionalit\u00e4t, die beiden Bed\u00fcrfnissen gerecht werden.  Ca\" \/>\n<meta name=\"robots\" content=\"index, follow, max-snippet:-1, max-image-preview:large, max-video-preview:-1\" \/>\n<link rel=\"canonical\" href=\"https:\/\/www.dogevenice.com\/de\/torre-dellorologio-signature-residence\/classic-apartment\/\" \/>\n<meta property=\"og:locale\" content=\"de_DE\" \/>\n<meta property=\"og:type\" content=\"article\" \/>\n<meta property=\"og:title\" content=\"Classic Apartment - Doge Exclusive Collection -\" \/>\n<meta property=\"og:description\" content=\"Unser Classic-Apartment ist die ideale Wahl f\u00fcr alle, die eine intime und einladende Unterkunft in Venedig suchen.  Es verf\u00fcgt \u00fcber ein ger\u00e4umiges Doppelzimmer, einen Wohnbereich mit Schlafsofa und eine komplett ausgestattete K\u00fcchenzeile f\u00fcr die Zubereitung von Mahlzeiten in Eigenregie. Das Apartment bietet au\u00dferdem ein voll ausgestattetes Badezimmer mit Badewanne oder Dusche.  Dieses Apartment ist perfekt sowohl f\u00fcr Paare als auch f\u00fcr Familien mit einem Kind und bietet Komfort und Funktionalit\u00e4t, die beiden Bed\u00fcrfnissen gerecht werden.  Ca\" \/>\n<meta property=\"og:url\" content=\"https:\/\/www.dogevenice.com\/de\/torre-dellorologio-signature-residence\/classic-apartment\/\" \/>\n<meta property=\"og:site_name\" content=\"Doge Exclusive Collection\" \/>\n<meta property=\"article:modified_time\" content=\"2026-03-09T15:36:55+00:00\" \/>\n<meta name=\"twitter:card\" content=\"summary_large_image\" \/>\n<meta name=\"twitter:label1\" content=\"Est. reading time\" \/>\n\t<meta name=\"twitter:data1\" content=\"1\u00a0Minute\" \/>\n<script type=\"application\/ld+json\" class=\"yoast-schema-graph\">{\"@context\":\"https:\/\/schema.org\",\"@graph\":[{\"@type\":\"WebPage\",\"@id\":\"https:\/\/www.dogevenice.com\/de\/torre-dellorologio-signature-residence\/classic-apartment\/\",\"url\":\"https:\/\/www.dogevenice.com\/de\/torre-dellorologio-signature-residence\/classic-apartment\/\",\"name\":\"Classic Apartment - Doge Exclusive Collection -\",\"isPartOf\":{\"@id\":\"https:\/\/www.dogevenice.com\/de\/#website\"},\"datePublished\":\"2026-02-04T10:00:34+00:00\",\"dateModified\":\"2026-03-09T15:36:55+00:00\",\"description\":\"Unser Classic-Apartment ist die ideale Wahl f\u00fcr alle, die eine intime und einladende Unterkunft in Venedig suchen. Es verf\u00fcgt \u00fcber ein ger\u00e4umiges Doppelzimmer, einen Wohnbereich mit Schlafsofa und eine komplett ausgestattete K\u00fcchenzeile f\u00fcr die Zubereitung von Mahlzeiten in Eigenregie. Das Apartment bietet au\u00dferdem ein voll ausgestattetes Badezimmer mit Badewanne oder Dusche. Dieses Apartment ist perfekt sowohl f\u00fcr Paare als auch f\u00fcr Familien mit einem Kind und bietet Komfort und Funktionalit\u00e4t, die beiden Bed\u00fcrfnissen gerecht werden. Ca\",\"breadcrumb\":{\"@id\":\"https:\/\/www.dogevenice.com\/de\/torre-dellorologio-signature-residence\/classic-apartment\/#breadcrumb\"},\"inLanguage\":\"de\",\"potentialAction\":[{\"@type\":\"ReadAction\",\"target\":[\"https:\/\/www.dogevenice.com\/de\/torre-dellorologio-signature-residence\/classic-apartment\/\"]}]},{\"@type\":\"BreadcrumbList\",\"@id\":\"https:\/\/www.dogevenice.com\/de\/torre-dellorologio-signature-residence\/classic-apartment\/#breadcrumb\",\"itemListElement\":[{\"@type\":\"ListItem\",\"position\":1,\"name\":\"Home\",\"item\":\"https:\/\/www.dogevenice.com\/de\/\"},{\"@type\":\"ListItem\",\"position\":2,\"name\":\"Torre dell&#8217;Orologio Signature Residence\",\"item\":\"https:\/\/www.dogevenice.com\/de\/torre-dellorologio-signature-residence\/\"},{\"@type\":\"ListItem\",\"position\":3,\"name\":\"Classic Apartment\"}]},{\"@type\":\"WebSite\",\"@id\":\"https:\/\/www.dogevenice.com\/de\/#website\",\"url\":\"https:\/\/www.dogevenice.com\/de\/\",\"name\":\"The Doge Signature Collection\",\"description\":\"\",\"publisher\":{\"@id\":\"https:\/\/www.dogevenice.com\/de\/#organization\"},\"potentialAction\":[{\"@type\":\"SearchAction\",\"target\":{\"@type\":\"EntryPoint\",\"urlTemplate\":\"https:\/\/www.dogevenice.com\/de\/?s={search_term_string}\"},\"query-input\":{\"@type\":\"PropertyValueSpecification\",\"valueRequired\":true,\"valueName\":\"search_term_string\"}}],\"inLanguage\":\"de\"},{\"@type\":\"Organization\",\"@id\":\"https:\/\/www.dogevenice.com\/de\/#organization\",\"name\":\"The Doge Signature Collection\",\"url\":\"https:\/\/www.dogevenice.com\/de\/\",\"logo\":{\"@type\":\"ImageObject\",\"inLanguage\":\"de\",\"@id\":\"https:\/\/www.dogevenice.com\/de\/#\/schema\/logo\/image\/\",\"url\":\"https:\/\/www.dogevenice.com\/wp-content\/uploads\/sites\/51\/2026\/02\/logo_the_doge_signature_collection_c.svg\",\"contentUrl\":\"https:\/\/www.dogevenice.com\/wp-content\/uploads\/sites\/51\/2026\/02\/logo_the_doge_signature_collection_c.svg\",\"width\":416,\"height\":64,\"caption\":\"The Doge Signature Collection\"},\"image\":{\"@id\":\"https:\/\/www.dogevenice.com\/de\/#\/schema\/logo\/image\/\"}}]}<\/script>\n<!-- \/ Yoast SEO plugin. -->","yoast_head_json":{"title":"Classic Apartment - Doge Exclusive Collection -","description":"Unser Classic-Apartment ist die ideale Wahl f\u00fcr alle, die eine intime und einladende Unterkunft in Venedig suchen.  Es verf\u00fcgt \u00fcber ein ger\u00e4umiges Doppelzimmer, einen Wohnbereich mit Schlafsofa und eine komplett ausgestattete K\u00fcchenzeile f\u00fcr die Zubereitung von Mahlzeiten in Eigenregie. Das Apartment bietet au\u00dferdem ein voll ausgestattetes Badezimmer mit Badewanne oder Dusche.  Dieses Apartment ist perfekt sowohl f\u00fcr Paare als auch f\u00fcr Familien mit einem Kind und bietet Komfort und Funktionalit\u00e4t, die beiden Bed\u00fcrfnissen gerecht werden.  Ca","robots":{"index":"index","follow":"follow","max-snippet":"max-snippet:-1","max-image-preview":"max-image-preview:large","max-video-preview":"max-video-preview:-1"},"canonical":"https:\/\/www.dogevenice.com\/de\/torre-dellorologio-signature-residence\/classic-apartment\/","og_locale":"de_DE","og_type":"article","og_title":"Classic Apartment - Doge Exclusive Collection -","og_description":"Unser Classic-Apartment ist die ideale Wahl f\u00fcr alle, die eine intime und einladende Unterkunft in Venedig suchen.  Es verf\u00fcgt \u00fcber ein ger\u00e4umiges Doppelzimmer, einen Wohnbereich mit Schlafsofa und eine komplett ausgestattete K\u00fcchenzeile f\u00fcr die Zubereitung von Mahlzeiten in Eigenregie. Das Apartment bietet au\u00dferdem ein voll ausgestattetes Badezimmer mit Badewanne oder Dusche.  Dieses Apartment ist perfekt sowohl f\u00fcr Paare als auch f\u00fcr Familien mit einem Kind und bietet Komfort und Funktionalit\u00e4t, die beiden Bed\u00fcrfnissen gerecht werden.  Ca","og_url":"https:\/\/www.dogevenice.com\/de\/torre-dellorologio-signature-residence\/classic-apartment\/","og_site_name":"Doge Exclusive Collection","article_modified_time":"2026-03-09T15:36:55+00:00","twitter_card":"summary_large_image","twitter_misc":{"Est. reading time":"1\u00a0Minute"},"schema":{"@context":"https:\/\/schema.org","@graph":[{"@type":"WebPage","@id":"https:\/\/www.dogevenice.com\/de\/torre-dellorologio-signature-residence\/classic-apartment\/","url":"https:\/\/www.dogevenice.com\/de\/torre-dellorologio-signature-residence\/classic-apartment\/","name":"Classic Apartment - Doge Exclusive Collection -","isPartOf":{"@id":"https:\/\/www.dogevenice.com\/de\/#website"},"datePublished":"2026-02-04T10:00:34+00:00","dateModified":"2026-03-09T15:36:55+00:00","description":"Unser Classic-Apartment ist die ideale Wahl f\u00fcr alle, die eine intime und einladende Unterkunft in Venedig suchen. Es verf\u00fcgt \u00fcber ein ger\u00e4umiges Doppelzimmer, einen Wohnbereich mit Schlafsofa und eine komplett ausgestattete K\u00fcchenzeile f\u00fcr die Zubereitung von Mahlzeiten in Eigenregie. Das Apartment bietet au\u00dferdem ein voll ausgestattetes Badezimmer mit Badewanne oder Dusche. Dieses Apartment ist perfekt sowohl f\u00fcr Paare als auch f\u00fcr Familien mit einem Kind und bietet Komfort und Funktionalit\u00e4t, die beiden Bed\u00fcrfnissen gerecht werden. Ca","breadcrumb":{"@id":"https:\/\/www.dogevenice.com\/de\/torre-dellorologio-signature-residence\/classic-apartment\/#breadcrumb"},"inLanguage":"de","potentialAction":[{"@type":"ReadAction","target":["https:\/\/www.dogevenice.com\/de\/torre-dellorologio-signature-residence\/classic-apartment\/"]}]},{"@type":"BreadcrumbList","@id":"https:\/\/www.dogevenice.com\/de\/torre-dellorologio-signature-residence\/classic-apartment\/#breadcrumb","itemListElement":[{"@type":"ListItem","position":1,"name":"Home","item":"https:\/\/www.dogevenice.com\/de\/"},{"@type":"ListItem","position":2,"name":"Torre dell&#8217;Orologio Signature Residence","item":"https:\/\/www.dogevenice.com\/de\/torre-dellorologio-signature-residence\/"},{"@type":"ListItem","position":3,"name":"Classic Apartment"}]},{"@type":"WebSite","@id":"https:\/\/www.dogevenice.com\/de\/#website","url":"https:\/\/www.dogevenice.com\/de\/","name":"The Doge Signature Collection","description":"","publisher":{"@id":"https:\/\/www.dogevenice.com\/de\/#organization"},"potentialAction":[{"@type":"SearchAction","target":{"@type":"EntryPoint","urlTemplate":"https:\/\/www.dogevenice.com\/de\/?s={search_term_string}"},"query-input":{"@type":"PropertyValueSpecification","valueRequired":true,"valueName":"search_term_string"}}],"inLanguage":"de"},{"@type":"Organization","@id":"https:\/\/www.dogevenice.com\/de\/#organization","name":"The Doge Signature Collection","url":"https:\/\/www.dogevenice.com\/de\/","logo":{"@type":"ImageObject","inLanguage":"de","@id":"https:\/\/www.dogevenice.com\/de\/#\/schema\/logo\/image\/","url":"https:\/\/www.dogevenice.com\/wp-content\/uploads\/sites\/51\/2026\/02\/logo_the_doge_signature_collection_c.svg","contentUrl":"https:\/\/www.dogevenice.com\/wp-content\/uploads\/sites\/51\/2026\/02\/logo_the_doge_signature_collection_c.svg","width":416,"height":64,"caption":"The Doge Signature Collection"},"image":{"@id":"https:\/\/www.dogevenice.com\/de\/#\/schema\/logo\/image\/"}}]}},"acf":[],"_links":{"self":[{"href":"https:\/\/www.dogevenice.com\/de\/wp-json\/wp\/v2\/pages\/335","targetHints":{"allow":["GET"]}}],"collection":[{"href":"https:\/\/www.dogevenice.com\/de\/wp-json\/wp\/v2\/pages"}],"about":[{"href":"https:\/\/www.dogevenice.com\/de\/wp-json\/wp\/v2\/types\/page"}],"author":[{"embeddable":true,"href":"https:\/\/www.dogevenice.com\/de\/wp-json\/wp\/v2\/users\/6"}],"replies":[{"embeddable":true,"href":"https:\/\/www.dogevenice.com\/de\/wp-json\/wp\/v2\/comments?post=335"}],"version-history":[{"count":0,"href":"https:\/\/www.dogevenice.com\/de\/wp-json\/wp\/v2\/pages\/335\/revisions"}],"up":[{"embeddable":true,"href":"https:\/\/www.dogevenice.com\/de\/wp-json\/wp\/v2\/pages\/322"}],"wp:attachment":[{"href":"https:\/\/www.dogevenice.com\/de\/wp-json\/wp\/v2\/media?parent=335"}],"curies":[{"name":"wp","href":"https:\/\/api.w.org\/{rel}","templated":true}]}}