{"id":322,"date":"2026-01-30T08:42:51","date_gmt":"2026-01-30T08:42:51","guid":{"rendered":"https:\/\/dogeexclusivecollection.ms3.decms.eu\/?page_id=322"},"modified":"2026-03-13T15:12:25","modified_gmt":"2026-03-13T15:12:25","slug":"torre-dellorologio-signature-residence","status":"publish","type":"page","link":"https:\/\/www.dogevenice.com\/de\/torre-dellorologio-signature-residence\/","title":{"rendered":"Torre dell&#8217;Orologio Signature Residence"},"content":{"rendered":"<p>Das Torre dell\u2019Orologio Signature Residence bietet vollst\u00e4ndig unabh\u00e4ngige Apartments nur wenige Schritte vom Markusplatz entfernt, die wie authentische venezianische H\u00e4user erlebt werden k\u00f6nnen.<\/p>\n<p>Ger\u00e4umig und mit einer K\u00fcchenzeile ausgestattet, verbinden sie Autonomie und Komfort mit klassischem venezianischem Stil \u2014 Holzb\u00f6den und Murano-Glasdetails schaffen eine elegante, zeitlose Atmosph\u00e4re. Jedes Apartment erm\u00f6glicht es den G\u00e4sten, Venedig von seinem authentischsten Zentrum aus zu erleben, den eigenen Rhythmus und die eigenen Momente der Immersion in die Stadt zu w\u00e4hlen.<\/p>\n<p>Zur Vervollst\u00e4ndigung des Erlebnisses bietet die Residenz einen dedizierten Concierge-Service: praktische und zuverl\u00e4ssige Unterst\u00fctzung, die vollst\u00e4ndige Unabh\u00e4ngigkeit erlaubt, ohne Sicherheit oder Detailgenauigkeit zu beeintr\u00e4chtigen.<\/p>\n<p>Diese Apartmentsammlung verbindet historischen Charme mit zeitgem\u00e4\u00dfer Praktikabilit\u00e4t und ist ideal f\u00fcr Paare, Familien oder l\u00e4ngere Aufenthalte, bei denen jedes Detail das Wesen Venedigs widerspiegelt.<\/p>\n","protected":false},"excerpt":{"rendered":"<p>Das Torre dell\u2019Orologio Signature Residence bietet vollst\u00e4ndig unabh\u00e4ngige Apartments nur wenige Schritte vom Markusplatz entfernt, die wie authentische venezianische H\u00e4user erlebt werden k\u00f6nnen. Ger\u00e4umig und mit einer K\u00fcchenzeile ausgestattet, verbinden sie Autonomie und Komfort mit klassischem venezianischem Stil \u2014 Holzb\u00f6den und Murano-Glasdetails schaffen eine elegante, zeitlose Atmosph\u00e4re. Jedes Apartment erm\u00f6glicht es den G\u00e4sten, Venedig von [&hellip;]<\/p>\n","protected":false},"author":6,"featured_media":0,"parent":0,"menu_order":50,"comment_status":"closed","ping_status":"closed","template":"template-torre-orologio.php","meta":{"footnotes":""},"class_list":["post-322","page","type-page","status-publish","hentry"],"yoast_head":"<!-- This site is optimized with the Yoast SEO plugin v26.9 - https:\/\/yoast.com\/product\/yoast-seo-wordpress\/ -->\n<title>Torre dell&#039;Orologio Signature Residence - Doge Exclusive Collection -<\/title>\n<meta name=\"description\" content=\"Das Torre dell\u2019Orologio Signature Residence bietet vollst\u00e4ndig unabh\u00e4ngige Apartments nur wenige Schritte vom Markusplatz entfernt, die wie authentische venezianische H\u00e4user erlebt werden k\u00f6nnen.  Ger\u00e4umig und mit einer K\u00fcchenzeile ausgestattet, verbinden sie Autonomie und Komfort mit klassischem venezianischem Stil \u2014 Holzb\u00f6den und Murano-Glasdetails schaffen eine elegante, zeitlose Atmosph\u00e4re. Jedes Apartment erm\u00f6glicht es den G\u00e4sten, Venedig von seinem authentischsten Zentrum aus zu erleben, den eigenen Rhythmus und die eigenen Momente der Immersion in die Stadt zu w\u00e4hlen.  Zur Vervollst\u00e4ndigung des Erlebnisses bietet die Residenz einen dedizierten Concierge-Service: praktische und zuverl\u00e4ssige Unterst\u00fctzung, die vollst\u00e4ndige Unabh\u00e4ngigkeit erlaubt, ohne Sicherheit oder Detailgenauigkeit zu beeintr\u00e4chtigen.  Diese Apartmentsammlung verbindet historischen Charme mit zeitgem\u00e4\u00dfer Praktikabilit\u00e4t und ist ideal f\u00fcr Paare, Familien oder l\u00e4ngere Aufenthalte, bei denen jedes Detail das Wesen Venedigs widerspiegelt.\" \/>\n<meta name=\"robots\" content=\"index, follow, max-snippet:-1, max-image-preview:large, max-video-preview:-1\" \/>\n<link rel=\"canonical\" href=\"https:\/\/www.dogevenice.com\/de\/torre-dellorologio-signature-residence\/\" \/>\n<meta property=\"og:locale\" content=\"de_DE\" \/>\n<meta property=\"og:type\" content=\"article\" \/>\n<meta property=\"og:title\" content=\"Torre dell&#039;Orologio Signature Residence - Doge Exclusive Collection -\" \/>\n<meta property=\"og:description\" content=\"Das Torre dell\u2019Orologio Signature Residence bietet vollst\u00e4ndig unabh\u00e4ngige Apartments nur wenige Schritte vom Markusplatz entfernt, die wie authentische venezianische H\u00e4user erlebt werden k\u00f6nnen.  Ger\u00e4umig und mit einer K\u00fcchenzeile ausgestattet, verbinden sie Autonomie und Komfort mit klassischem venezianischem Stil \u2014 Holzb\u00f6den und Murano-Glasdetails schaffen eine elegante, zeitlose Atmosph\u00e4re. Jedes Apartment erm\u00f6glicht es den G\u00e4sten, Venedig von seinem authentischsten Zentrum aus zu erleben, den eigenen Rhythmus und die eigenen Momente der Immersion in die Stadt zu w\u00e4hlen.  Zur Vervollst\u00e4ndigung des Erlebnisses bietet die Residenz einen dedizierten Concierge-Service: praktische und zuverl\u00e4ssige Unterst\u00fctzung, die vollst\u00e4ndige Unabh\u00e4ngigkeit erlaubt, ohne Sicherheit oder Detailgenauigkeit zu beeintr\u00e4chtigen.  Diese Apartmentsammlung verbindet historischen Charme mit zeitgem\u00e4\u00dfer Praktikabilit\u00e4t und ist ideal f\u00fcr Paare, Familien oder l\u00e4ngere Aufenthalte, bei denen jedes Detail das Wesen Venedigs widerspiegelt.\" \/>\n<meta property=\"og:url\" content=\"https:\/\/www.dogevenice.com\/de\/torre-dellorologio-signature-residence\/\" \/>\n<meta property=\"og:site_name\" content=\"Doge Exclusive Collection\" \/>\n<meta property=\"article:modified_time\" content=\"2026-03-13T15:12:25+00:00\" \/>\n<meta name=\"twitter:card\" content=\"summary_large_image\" \/>\n<meta name=\"twitter:label1\" content=\"Est. reading time\" \/>\n\t<meta name=\"twitter:data1\" content=\"1\u00a0Minute\" \/>\n<script type=\"application\/ld+json\" class=\"yoast-schema-graph\">{\"@context\":\"https:\/\/schema.org\",\"@graph\":[{\"@type\":\"WebPage\",\"@id\":\"https:\/\/www.dogevenice.com\/de\/torre-dellorologio-signature-residence\/\",\"url\":\"https:\/\/www.dogevenice.com\/de\/torre-dellorologio-signature-residence\/\",\"name\":\"Torre dell'Orologio Signature Residence - Doge Exclusive Collection -\",\"isPartOf\":{\"@id\":\"https:\/\/www.dogevenice.com\/de\/#website\"},\"datePublished\":\"2026-01-30T08:42:51+00:00\",\"dateModified\":\"2026-03-13T15:12:25+00:00\",\"description\":\"Das Torre dell\u2019Orologio Signature Residence bietet vollst\u00e4ndig unabh\u00e4ngige Apartments nur wenige Schritte vom Markusplatz entfernt, die wie authentische venezianische H\u00e4user erlebt werden k\u00f6nnen. Ger\u00e4umig und mit einer K\u00fcchenzeile ausgestattet, verbinden sie Autonomie und Komfort mit klassischem venezianischem Stil \u2014 Holzb\u00f6den und Murano-Glasdetails schaffen eine elegante, zeitlose Atmosph\u00e4re. Jedes Apartment erm\u00f6glicht es den G\u00e4sten, Venedig von seinem authentischsten Zentrum aus zu erleben, den eigenen Rhythmus und die eigenen Momente der Immersion in die Stadt zu w\u00e4hlen. Zur Vervollst\u00e4ndigung des Erlebnisses bietet die Residenz einen dedizierten Concierge-Service: praktische und zuverl\u00e4ssige Unterst\u00fctzung, die vollst\u00e4ndige Unabh\u00e4ngigkeit erlaubt, ohne Sicherheit oder Detailgenauigkeit zu beeintr\u00e4chtigen. Diese Apartmentsammlung verbindet historischen Charme mit zeitgem\u00e4\u00dfer Praktikabilit\u00e4t und ist ideal f\u00fcr Paare, Familien oder l\u00e4ngere Aufenthalte, bei denen jedes Detail das Wesen Venedigs widerspiegelt.\",\"breadcrumb\":{\"@id\":\"https:\/\/www.dogevenice.com\/de\/torre-dellorologio-signature-residence\/#breadcrumb\"},\"inLanguage\":\"de\",\"potentialAction\":[{\"@type\":\"ReadAction\",\"target\":[\"https:\/\/www.dogevenice.com\/de\/torre-dellorologio-signature-residence\/\"]}]},{\"@type\":\"BreadcrumbList\",\"@id\":\"https:\/\/www.dogevenice.com\/de\/torre-dellorologio-signature-residence\/#breadcrumb\",\"itemListElement\":[{\"@type\":\"ListItem\",\"position\":1,\"name\":\"Home\",\"item\":\"https:\/\/www.dogevenice.com\/de\/\"},{\"@type\":\"ListItem\",\"position\":2,\"name\":\"Torre dell&#8217;Orologio Signature Residence\"}]},{\"@type\":\"WebSite\",\"@id\":\"https:\/\/www.dogevenice.com\/de\/#website\",\"url\":\"https:\/\/www.dogevenice.com\/de\/\",\"name\":\"The Doge Signature Collection\",\"description\":\"\",\"publisher\":{\"@id\":\"https:\/\/www.dogevenice.com\/de\/#organization\"},\"potentialAction\":[{\"@type\":\"SearchAction\",\"target\":{\"@type\":\"EntryPoint\",\"urlTemplate\":\"https:\/\/www.dogevenice.com\/de\/?s={search_term_string}\"},\"query-input\":{\"@type\":\"PropertyValueSpecification\",\"valueRequired\":true,\"valueName\":\"search_term_string\"}}],\"inLanguage\":\"de\"},{\"@type\":\"Organization\",\"@id\":\"https:\/\/www.dogevenice.com\/de\/#organization\",\"name\":\"The Doge Signature Collection\",\"url\":\"https:\/\/www.dogevenice.com\/de\/\",\"logo\":{\"@type\":\"ImageObject\",\"inLanguage\":\"de\",\"@id\":\"https:\/\/www.dogevenice.com\/de\/#\/schema\/logo\/image\/\",\"url\":\"https:\/\/www.dogevenice.com\/wp-content\/uploads\/sites\/51\/2026\/02\/logo_the_doge_signature_collection_c.svg\",\"contentUrl\":\"https:\/\/www.dogevenice.com\/wp-content\/uploads\/sites\/51\/2026\/02\/logo_the_doge_signature_collection_c.svg\",\"width\":416,\"height\":64,\"caption\":\"The Doge Signature Collection\"},\"image\":{\"@id\":\"https:\/\/www.dogevenice.com\/de\/#\/schema\/logo\/image\/\"}}]}<\/script>\n<!-- \/ Yoast SEO plugin. -->","yoast_head_json":{"title":"Torre dell'Orologio Signature Residence - Doge Exclusive Collection -","description":"Das Torre dell\u2019Orologio Signature Residence bietet vollst\u00e4ndig unabh\u00e4ngige Apartments nur wenige Schritte vom Markusplatz entfernt, die wie authentische venezianische H\u00e4user erlebt werden k\u00f6nnen.  Ger\u00e4umig und mit einer K\u00fcchenzeile ausgestattet, verbinden sie Autonomie und Komfort mit klassischem venezianischem Stil \u2014 Holzb\u00f6den und Murano-Glasdetails schaffen eine elegante, zeitlose Atmosph\u00e4re. Jedes Apartment erm\u00f6glicht es den G\u00e4sten, Venedig von seinem authentischsten Zentrum aus zu erleben, den eigenen Rhythmus und die eigenen Momente der Immersion in die Stadt zu w\u00e4hlen.  Zur Vervollst\u00e4ndigung des Erlebnisses bietet die Residenz einen dedizierten Concierge-Service: praktische und zuverl\u00e4ssige Unterst\u00fctzung, die vollst\u00e4ndige Unabh\u00e4ngigkeit erlaubt, ohne Sicherheit oder Detailgenauigkeit zu beeintr\u00e4chtigen.  Diese Apartmentsammlung verbindet historischen Charme mit zeitgem\u00e4\u00dfer Praktikabilit\u00e4t und ist ideal f\u00fcr Paare, Familien oder l\u00e4ngere Aufenthalte, bei denen jedes Detail das Wesen Venedigs widerspiegelt.","robots":{"index":"index","follow":"follow","max-snippet":"max-snippet:-1","max-image-preview":"max-image-preview:large","max-video-preview":"max-video-preview:-1"},"canonical":"https:\/\/www.dogevenice.com\/de\/torre-dellorologio-signature-residence\/","og_locale":"de_DE","og_type":"article","og_title":"Torre dell'Orologio Signature Residence - Doge Exclusive Collection -","og_description":"Das Torre dell\u2019Orologio Signature Residence bietet vollst\u00e4ndig unabh\u00e4ngige Apartments nur wenige Schritte vom Markusplatz entfernt, die wie authentische venezianische H\u00e4user erlebt werden k\u00f6nnen.  Ger\u00e4umig und mit einer K\u00fcchenzeile ausgestattet, verbinden sie Autonomie und Komfort mit klassischem venezianischem Stil \u2014 Holzb\u00f6den und Murano-Glasdetails schaffen eine elegante, zeitlose Atmosph\u00e4re. Jedes Apartment erm\u00f6glicht es den G\u00e4sten, Venedig von seinem authentischsten Zentrum aus zu erleben, den eigenen Rhythmus und die eigenen Momente der Immersion in die Stadt zu w\u00e4hlen.  Zur Vervollst\u00e4ndigung des Erlebnisses bietet die Residenz einen dedizierten Concierge-Service: praktische und zuverl\u00e4ssige Unterst\u00fctzung, die vollst\u00e4ndige Unabh\u00e4ngigkeit erlaubt, ohne Sicherheit oder Detailgenauigkeit zu beeintr\u00e4chtigen.  Diese Apartmentsammlung verbindet historischen Charme mit zeitgem\u00e4\u00dfer Praktikabilit\u00e4t und ist ideal f\u00fcr Paare, Familien oder l\u00e4ngere Aufenthalte, bei denen jedes Detail das Wesen Venedigs widerspiegelt.","og_url":"https:\/\/www.dogevenice.com\/de\/torre-dellorologio-signature-residence\/","og_site_name":"Doge Exclusive Collection","article_modified_time":"2026-03-13T15:12:25+00:00","twitter_card":"summary_large_image","twitter_misc":{"Est. reading time":"1\u00a0Minute"},"schema":{"@context":"https:\/\/schema.org","@graph":[{"@type":"WebPage","@id":"https:\/\/www.dogevenice.com\/de\/torre-dellorologio-signature-residence\/","url":"https:\/\/www.dogevenice.com\/de\/torre-dellorologio-signature-residence\/","name":"Torre dell'Orologio Signature Residence - Doge Exclusive Collection -","isPartOf":{"@id":"https:\/\/www.dogevenice.com\/de\/#website"},"datePublished":"2026-01-30T08:42:51+00:00","dateModified":"2026-03-13T15:12:25+00:00","description":"Das Torre dell\u2019Orologio Signature Residence bietet vollst\u00e4ndig unabh\u00e4ngige Apartments nur wenige Schritte vom Markusplatz entfernt, die wie authentische venezianische H\u00e4user erlebt werden k\u00f6nnen. Ger\u00e4umig und mit einer K\u00fcchenzeile ausgestattet, verbinden sie Autonomie und Komfort mit klassischem venezianischem Stil \u2014 Holzb\u00f6den und Murano-Glasdetails schaffen eine elegante, zeitlose Atmosph\u00e4re. Jedes Apartment erm\u00f6glicht es den G\u00e4sten, Venedig von seinem authentischsten Zentrum aus zu erleben, den eigenen Rhythmus und die eigenen Momente der Immersion in die Stadt zu w\u00e4hlen. Zur Vervollst\u00e4ndigung des Erlebnisses bietet die Residenz einen dedizierten Concierge-Service: praktische und zuverl\u00e4ssige Unterst\u00fctzung, die vollst\u00e4ndige Unabh\u00e4ngigkeit erlaubt, ohne Sicherheit oder Detailgenauigkeit zu beeintr\u00e4chtigen. Diese Apartmentsammlung verbindet historischen Charme mit zeitgem\u00e4\u00dfer Praktikabilit\u00e4t und ist ideal f\u00fcr Paare, Familien oder l\u00e4ngere Aufenthalte, bei denen jedes Detail das Wesen Venedigs widerspiegelt.","breadcrumb":{"@id":"https:\/\/www.dogevenice.com\/de\/torre-dellorologio-signature-residence\/#breadcrumb"},"inLanguage":"de","potentialAction":[{"@type":"ReadAction","target":["https:\/\/www.dogevenice.com\/de\/torre-dellorologio-signature-residence\/"]}]},{"@type":"BreadcrumbList","@id":"https:\/\/www.dogevenice.com\/de\/torre-dellorologio-signature-residence\/#breadcrumb","itemListElement":[{"@type":"ListItem","position":1,"name":"Home","item":"https:\/\/www.dogevenice.com\/de\/"},{"@type":"ListItem","position":2,"name":"Torre dell&#8217;Orologio Signature Residence"}]},{"@type":"WebSite","@id":"https:\/\/www.dogevenice.com\/de\/#website","url":"https:\/\/www.dogevenice.com\/de\/","name":"The Doge Signature Collection","description":"","publisher":{"@id":"https:\/\/www.dogevenice.com\/de\/#organization"},"potentialAction":[{"@type":"SearchAction","target":{"@type":"EntryPoint","urlTemplate":"https:\/\/www.dogevenice.com\/de\/?s={search_term_string}"},"query-input":{"@type":"PropertyValueSpecification","valueRequired":true,"valueName":"search_term_string"}}],"inLanguage":"de"},{"@type":"Organization","@id":"https:\/\/www.dogevenice.com\/de\/#organization","name":"The Doge Signature Collection","url":"https:\/\/www.dogevenice.com\/de\/","logo":{"@type":"ImageObject","inLanguage":"de","@id":"https:\/\/www.dogevenice.com\/de\/#\/schema\/logo\/image\/","url":"https:\/\/www.dogevenice.com\/wp-content\/uploads\/sites\/51\/2026\/02\/logo_the_doge_signature_collection_c.svg","contentUrl":"https:\/\/www.dogevenice.com\/wp-content\/uploads\/sites\/51\/2026\/02\/logo_the_doge_signature_collection_c.svg","width":416,"height":64,"caption":"The Doge Signature Collection"},"image":{"@id":"https:\/\/www.dogevenice.com\/de\/#\/schema\/logo\/image\/"}}]}},"acf":[],"_links":{"self":[{"href":"https:\/\/www.dogevenice.com\/de\/wp-json\/wp\/v2\/pages\/322","targetHints":{"allow":["GET"]}}],"collection":[{"href":"https:\/\/www.dogevenice.com\/de\/wp-json\/wp\/v2\/pages"}],"about":[{"href":"https:\/\/www.dogevenice.com\/de\/wp-json\/wp\/v2\/types\/page"}],"author":[{"embeddable":true,"href":"https:\/\/www.dogevenice.com\/de\/wp-json\/wp\/v2\/users\/6"}],"replies":[{"embeddable":true,"href":"https:\/\/www.dogevenice.com\/de\/wp-json\/wp\/v2\/comments?post=322"}],"version-history":[{"count":0,"href":"https:\/\/www.dogevenice.com\/de\/wp-json\/wp\/v2\/pages\/322\/revisions"}],"wp:attachment":[{"href":"https:\/\/www.dogevenice.com\/de\/wp-json\/wp\/v2\/media?parent=322"}],"curies":[{"name":"wp","href":"https:\/\/api.w.org\/{rel}","templated":true}]}}