{"id":306,"date":"2026-02-04T10:04:45","date_gmt":"2026-02-04T10:04:45","guid":{"rendered":"https:\/\/dogeexclusivecollection.ms3.decms.eu\/?page_id=306"},"modified":"2026-03-06T08:53:00","modified_gmt":"2026-03-06T08:53:00","slug":"deluxe-suite-mit-blick-auf-den-markusplatz","status":"publish","type":"page","link":"https:\/\/www.dogevenice.com\/de\/canaletto-luxury-suites\/deluxe-suite-mit-blick-auf-den-markusplatz\/","title":{"rendered":"Deluxe Suite mit Blick auf den Markusplatz"},"content":{"rendered":"<p>Ein gem\u00fctliches und romantisches Liebesnest, wo Stil und Leidenschaft eine eindrucksvolle Atmosph\u00e4re f\u00fcr einen unvergesslichen Aufenthalt in Venedig schaffen.<\/p>\n<p>Die Suite besteht aus einem Doppelzimmer und Wohnraum mit Blick auf den Markusdom und einer Sauna mit Farblichttherapie.<\/p>\n","protected":false},"excerpt":{"rendered":"<p>Ein gem\u00fctliches und romantisches Liebesnest, wo Stil und Leidenschaft eine eindrucksvolle Atmosph\u00e4re f\u00fcr einen unvergesslichen Aufenthalt in Venedig schaffen. Die Suite besteht aus einem Doppelzimmer und Wohnraum mit Blick auf den Markusdom und einer Sauna mit Farblichttherapie.<\/p>\n","protected":false},"author":6,"featured_media":0,"parent":301,"menu_order":10,"comment_status":"closed","ping_status":"closed","template":"template-single-room.php","meta":{"footnotes":""},"class_list":["post-306","page","type-page","status-publish","hentry"],"yoast_head":"<!-- This site is optimized with the Yoast SEO plugin v26.9 - https:\/\/yoast.com\/product\/yoast-seo-wordpress\/ -->\n<title>Deluxe Suite mit Blick auf den Markusplatz - Doge Exclusive Collection -<\/title>\n<meta name=\"description\" content=\"Ein gem\u00fctliches und romantisches Liebesnest, wo Stil und Leidenschaft eine eindrucksvolle Atmosph\u00e4re f\u00fcr einen unvergesslichen Aufenthalt in Venedig schaffen.  Die Suite besteht aus einem Doppelzimmer und Wohnraum mit Blick auf den Markusdom und einer Sauna mit Farblichttherapie..\" \/>\n<meta name=\"robots\" content=\"index, follow, max-snippet:-1, max-image-preview:large, max-video-preview:-1\" \/>\n<link rel=\"canonical\" href=\"https:\/\/www.dogevenice.com\/de\/canaletto-luxury-suites\/deluxe-suite-mit-blick-auf-den-markusplatz\/\" \/>\n<meta property=\"og:locale\" content=\"de_DE\" \/>\n<meta property=\"og:type\" content=\"article\" \/>\n<meta property=\"og:title\" content=\"Deluxe Suite mit Blick auf den Markusplatz - Doge Exclusive Collection -\" \/>\n<meta property=\"og:description\" content=\"Ein gem\u00fctliches und romantisches Liebesnest, wo Stil und Leidenschaft eine eindrucksvolle Atmosph\u00e4re f\u00fcr einen unvergesslichen Aufenthalt in Venedig schaffen.  Die Suite besteht aus einem Doppelzimmer und Wohnraum mit Blick auf den Markusdom und einer Sauna mit Farblichttherapie..\" \/>\n<meta property=\"og:url\" content=\"https:\/\/www.dogevenice.com\/de\/canaletto-luxury-suites\/deluxe-suite-mit-blick-auf-den-markusplatz\/\" \/>\n<meta property=\"og:site_name\" content=\"Doge Exclusive Collection\" \/>\n<meta property=\"article:modified_time\" content=\"2026-03-06T08:53:00+00:00\" \/>\n<meta name=\"twitter:card\" content=\"summary_large_image\" \/>\n<meta name=\"twitter:label1\" content=\"Est. reading time\" \/>\n\t<meta name=\"twitter:data1\" content=\"1\u00a0Minute\" \/>\n<script type=\"application\/ld+json\" class=\"yoast-schema-graph\">{\"@context\":\"https:\/\/schema.org\",\"@graph\":[{\"@type\":\"WebPage\",\"@id\":\"https:\/\/www.dogevenice.com\/de\/canaletto-luxury-suites\/deluxe-suite-mit-blick-auf-den-markusplatz\/\",\"url\":\"https:\/\/www.dogevenice.com\/de\/canaletto-luxury-suites\/deluxe-suite-mit-blick-auf-den-markusplatz\/\",\"name\":\"Deluxe Suite mit Blick auf den Markusplatz - Doge Exclusive Collection -\",\"isPartOf\":{\"@id\":\"https:\/\/www.dogevenice.com\/de\/#website\"},\"datePublished\":\"2026-02-04T10:04:45+00:00\",\"dateModified\":\"2026-03-06T08:53:00+00:00\",\"description\":\"Ein gem\u00fctliches und romantisches Liebesnest, wo Stil und Leidenschaft eine eindrucksvolle Atmosph\u00e4re f\u00fcr einen unvergesslichen Aufenthalt in Venedig schaffen. Die Suite besteht aus einem Doppelzimmer und Wohnraum mit Blick auf den Markusdom und einer Sauna mit Farblichttherapie..\",\"breadcrumb\":{\"@id\":\"https:\/\/www.dogevenice.com\/de\/canaletto-luxury-suites\/deluxe-suite-mit-blick-auf-den-markusplatz\/#breadcrumb\"},\"inLanguage\":\"de\",\"potentialAction\":[{\"@type\":\"ReadAction\",\"target\":[\"https:\/\/www.dogevenice.com\/de\/canaletto-luxury-suites\/deluxe-suite-mit-blick-auf-den-markusplatz\/\"]}]},{\"@type\":\"BreadcrumbList\",\"@id\":\"https:\/\/www.dogevenice.com\/de\/canaletto-luxury-suites\/deluxe-suite-mit-blick-auf-den-markusplatz\/#breadcrumb\",\"itemListElement\":[{\"@type\":\"ListItem\",\"position\":1,\"name\":\"Home\",\"item\":\"https:\/\/www.dogevenice.com\/de\/\"},{\"@type\":\"ListItem\",\"position\":2,\"name\":\"Canaletto Luxury Suites\",\"item\":\"https:\/\/www.dogevenice.com\/de\/canaletto-luxury-suites\/\"},{\"@type\":\"ListItem\",\"position\":3,\"name\":\"Deluxe Suite mit Blick auf den Markusplatz\"}]},{\"@type\":\"WebSite\",\"@id\":\"https:\/\/www.dogevenice.com\/de\/#website\",\"url\":\"https:\/\/www.dogevenice.com\/de\/\",\"name\":\"The Doge Signature Collection\",\"description\":\"\",\"publisher\":{\"@id\":\"https:\/\/www.dogevenice.com\/de\/#organization\"},\"potentialAction\":[{\"@type\":\"SearchAction\",\"target\":{\"@type\":\"EntryPoint\",\"urlTemplate\":\"https:\/\/www.dogevenice.com\/de\/?s={search_term_string}\"},\"query-input\":{\"@type\":\"PropertyValueSpecification\",\"valueRequired\":true,\"valueName\":\"search_term_string\"}}],\"inLanguage\":\"de\"},{\"@type\":\"Organization\",\"@id\":\"https:\/\/www.dogevenice.com\/de\/#organization\",\"name\":\"The Doge Signature Collection\",\"url\":\"https:\/\/www.dogevenice.com\/de\/\",\"logo\":{\"@type\":\"ImageObject\",\"inLanguage\":\"de\",\"@id\":\"https:\/\/www.dogevenice.com\/de\/#\/schema\/logo\/image\/\",\"url\":\"https:\/\/www.dogevenice.com\/wp-content\/uploads\/sites\/51\/2026\/02\/logo_the_doge_signature_collection_c.svg\",\"contentUrl\":\"https:\/\/www.dogevenice.com\/wp-content\/uploads\/sites\/51\/2026\/02\/logo_the_doge_signature_collection_c.svg\",\"width\":416,\"height\":64,\"caption\":\"The Doge Signature Collection\"},\"image\":{\"@id\":\"https:\/\/www.dogevenice.com\/de\/#\/schema\/logo\/image\/\"}}]}<\/script>\n<!-- \/ Yoast SEO plugin. -->","yoast_head_json":{"title":"Deluxe Suite mit Blick auf den Markusplatz - Doge Exclusive Collection -","description":"Ein gem\u00fctliches und romantisches Liebesnest, wo Stil und Leidenschaft eine eindrucksvolle Atmosph\u00e4re f\u00fcr einen unvergesslichen Aufenthalt in Venedig schaffen.  Die Suite besteht aus einem Doppelzimmer und Wohnraum mit Blick auf den Markusdom und einer Sauna mit Farblichttherapie..","robots":{"index":"index","follow":"follow","max-snippet":"max-snippet:-1","max-image-preview":"max-image-preview:large","max-video-preview":"max-video-preview:-1"},"canonical":"https:\/\/www.dogevenice.com\/de\/canaletto-luxury-suites\/deluxe-suite-mit-blick-auf-den-markusplatz\/","og_locale":"de_DE","og_type":"article","og_title":"Deluxe Suite mit Blick auf den Markusplatz - Doge Exclusive Collection -","og_description":"Ein gem\u00fctliches und romantisches Liebesnest, wo Stil und Leidenschaft eine eindrucksvolle Atmosph\u00e4re f\u00fcr einen unvergesslichen Aufenthalt in Venedig schaffen.  Die Suite besteht aus einem Doppelzimmer und Wohnraum mit Blick auf den Markusdom und einer Sauna mit Farblichttherapie..","og_url":"https:\/\/www.dogevenice.com\/de\/canaletto-luxury-suites\/deluxe-suite-mit-blick-auf-den-markusplatz\/","og_site_name":"Doge Exclusive Collection","article_modified_time":"2026-03-06T08:53:00+00:00","twitter_card":"summary_large_image","twitter_misc":{"Est. reading time":"1\u00a0Minute"},"schema":{"@context":"https:\/\/schema.org","@graph":[{"@type":"WebPage","@id":"https:\/\/www.dogevenice.com\/de\/canaletto-luxury-suites\/deluxe-suite-mit-blick-auf-den-markusplatz\/","url":"https:\/\/www.dogevenice.com\/de\/canaletto-luxury-suites\/deluxe-suite-mit-blick-auf-den-markusplatz\/","name":"Deluxe Suite mit Blick auf den Markusplatz - Doge Exclusive Collection -","isPartOf":{"@id":"https:\/\/www.dogevenice.com\/de\/#website"},"datePublished":"2026-02-04T10:04:45+00:00","dateModified":"2026-03-06T08:53:00+00:00","description":"Ein gem\u00fctliches und romantisches Liebesnest, wo Stil und Leidenschaft eine eindrucksvolle Atmosph\u00e4re f\u00fcr einen unvergesslichen Aufenthalt in Venedig schaffen. Die Suite besteht aus einem Doppelzimmer und Wohnraum mit Blick auf den Markusdom und einer Sauna mit Farblichttherapie..","breadcrumb":{"@id":"https:\/\/www.dogevenice.com\/de\/canaletto-luxury-suites\/deluxe-suite-mit-blick-auf-den-markusplatz\/#breadcrumb"},"inLanguage":"de","potentialAction":[{"@type":"ReadAction","target":["https:\/\/www.dogevenice.com\/de\/canaletto-luxury-suites\/deluxe-suite-mit-blick-auf-den-markusplatz\/"]}]},{"@type":"BreadcrumbList","@id":"https:\/\/www.dogevenice.com\/de\/canaletto-luxury-suites\/deluxe-suite-mit-blick-auf-den-markusplatz\/#breadcrumb","itemListElement":[{"@type":"ListItem","position":1,"name":"Home","item":"https:\/\/www.dogevenice.com\/de\/"},{"@type":"ListItem","position":2,"name":"Canaletto Luxury Suites","item":"https:\/\/www.dogevenice.com\/de\/canaletto-luxury-suites\/"},{"@type":"ListItem","position":3,"name":"Deluxe Suite mit Blick auf den Markusplatz"}]},{"@type":"WebSite","@id":"https:\/\/www.dogevenice.com\/de\/#website","url":"https:\/\/www.dogevenice.com\/de\/","name":"The Doge Signature Collection","description":"","publisher":{"@id":"https:\/\/www.dogevenice.com\/de\/#organization"},"potentialAction":[{"@type":"SearchAction","target":{"@type":"EntryPoint","urlTemplate":"https:\/\/www.dogevenice.com\/de\/?s={search_term_string}"},"query-input":{"@type":"PropertyValueSpecification","valueRequired":true,"valueName":"search_term_string"}}],"inLanguage":"de"},{"@type":"Organization","@id":"https:\/\/www.dogevenice.com\/de\/#organization","name":"The Doge Signature Collection","url":"https:\/\/www.dogevenice.com\/de\/","logo":{"@type":"ImageObject","inLanguage":"de","@id":"https:\/\/www.dogevenice.com\/de\/#\/schema\/logo\/image\/","url":"https:\/\/www.dogevenice.com\/wp-content\/uploads\/sites\/51\/2026\/02\/logo_the_doge_signature_collection_c.svg","contentUrl":"https:\/\/www.dogevenice.com\/wp-content\/uploads\/sites\/51\/2026\/02\/logo_the_doge_signature_collection_c.svg","width":416,"height":64,"caption":"The Doge Signature Collection"},"image":{"@id":"https:\/\/www.dogevenice.com\/de\/#\/schema\/logo\/image\/"}}]}},"acf":[],"_links":{"self":[{"href":"https:\/\/www.dogevenice.com\/de\/wp-json\/wp\/v2\/pages\/306","targetHints":{"allow":["GET"]}}],"collection":[{"href":"https:\/\/www.dogevenice.com\/de\/wp-json\/wp\/v2\/pages"}],"about":[{"href":"https:\/\/www.dogevenice.com\/de\/wp-json\/wp\/v2\/types\/page"}],"author":[{"embeddable":true,"href":"https:\/\/www.dogevenice.com\/de\/wp-json\/wp\/v2\/users\/6"}],"replies":[{"embeddable":true,"href":"https:\/\/www.dogevenice.com\/de\/wp-json\/wp\/v2\/comments?post=306"}],"version-history":[{"count":0,"href":"https:\/\/www.dogevenice.com\/de\/wp-json\/wp\/v2\/pages\/306\/revisions"}],"up":[{"embeddable":true,"href":"https:\/\/www.dogevenice.com\/de\/wp-json\/wp\/v2\/pages\/301"}],"wp:attachment":[{"href":"https:\/\/www.dogevenice.com\/de\/wp-json\/wp\/v2\/media?parent=306"}],"curies":[{"name":"wp","href":"https:\/\/api.w.org\/{rel}","templated":true}]}}