{"id":296,"date":"2026-01-30T09:00:35","date_gmt":"2026-01-30T09:00:35","guid":{"rendered":"https:\/\/dogeexclusivecollection.ms3.decms.eu\/?page_id=296"},"modified":"2026-03-06T09:12:02","modified_gmt":"2026-03-06T09:12:02","slug":"lage","status":"publish","type":"page","link":"https:\/\/www.dogevenice.com\/de\/lage\/","title":{"rendered":"Lage"},"content":{"rendered":"<p>Im ikonischsten Herzen Venedigs, zwischen <strong data-start=\"1469\" data-end=\"1510\"><span class=\"hover:entity-accent entity-underline inline cursor-pointer align-baseline\"><span class=\"whitespace-normal\">Piazza San Marco<\/span><\/span><\/strong> und der <strong data-start=\"1519\" data-end=\"1560\"><span class=\"hover:entity-accent entity-underline inline cursor-pointer align-baseline\"><span class=\"whitespace-normal\">Ponte di Rialto<\/span><\/span><\/strong>, offenbart die Stadt ihre ganze zeitlose Eleganz. Ruhige Calli, historische Palazzi und Ausblicke auf das Wasser begleiten jeden Schritt, w\u00e4hrend die bekanntesten Sehensw\u00fcrdigkeiten Venedigs nur wenige Minuten entfernt liegen. Eine privilegierte Lage, die es erm\u00f6glicht, die Stadt aus einer authentischen und zutiefst venezianischen Perspektive zu erleben.<\/p>\n","protected":false},"excerpt":{"rendered":"<p>Im ikonischsten Herzen Venedigs, zwischen Piazza San Marco und der Ponte di Rialto, offenbart die Stadt ihre ganze zeitlose Eleganz. Ruhige Calli, historische Palazzi und Ausblicke auf das Wasser begleiten jeden Schritt, w\u00e4hrend die bekanntesten Sehensw\u00fcrdigkeiten Venedigs nur wenige Minuten entfernt liegen. Eine privilegierte Lage, die es erm\u00f6glicht, die Stadt aus einer authentischen und zutiefst [&hellip;]<\/p>\n","protected":false},"author":6,"featured_media":0,"parent":0,"menu_order":90,"comment_status":"closed","ping_status":"closed","template":"template-location.php","meta":{"footnotes":""},"class_list":["post-296","page","type-page","status-publish","hentry"],"yoast_head":"<!-- This site is optimized with the Yoast SEO plugin v26.9 - https:\/\/yoast.com\/product\/yoast-seo-wordpress\/ -->\n<title>Lage - Doge Exclusive Collection -<\/title>\n<meta name=\"description\" content=\"Im ikonischsten Herzen Venedigs, zwischen Piazza San Marco und der Ponte di Rialto, offenbart die Stadt ihre ganze zeitlose Eleganz. Ruhige Calli, historische Palazzi und Ausblicke auf das Wasser begleiten jeden Schritt, w\u00e4hrend die bekanntesten Sehensw\u00fcrdigkeiten Venedigs nur wenige Minuten entfernt liegen\" \/>\n<meta name=\"robots\" content=\"index, follow, max-snippet:-1, max-image-preview:large, max-video-preview:-1\" \/>\n<link rel=\"canonical\" href=\"https:\/\/www.dogevenice.com\/de\/lage\/\" \/>\n<meta property=\"og:locale\" content=\"de_DE\" \/>\n<meta property=\"og:type\" content=\"article\" \/>\n<meta property=\"og:title\" content=\"Lage - Doge Exclusive Collection -\" \/>\n<meta property=\"og:description\" content=\"Im ikonischsten Herzen Venedigs, zwischen Piazza San Marco und der Ponte di Rialto, offenbart die Stadt ihre ganze zeitlose Eleganz. Ruhige Calli, historische Palazzi und Ausblicke auf das Wasser begleiten jeden Schritt, w\u00e4hrend die bekanntesten Sehensw\u00fcrdigkeiten Venedigs nur wenige Minuten entfernt liegen\" \/>\n<meta property=\"og:url\" content=\"https:\/\/www.dogevenice.com\/de\/lage\/\" \/>\n<meta property=\"og:site_name\" content=\"Doge Exclusive Collection\" \/>\n<meta property=\"article:modified_time\" content=\"2026-03-06T09:12:02+00:00\" \/>\n<meta name=\"twitter:card\" content=\"summary_large_image\" \/>\n<meta name=\"twitter:label1\" content=\"Est. reading time\" \/>\n\t<meta name=\"twitter:data1\" content=\"1\u00a0Minute\" \/>\n<script type=\"application\/ld+json\" class=\"yoast-schema-graph\">{\"@context\":\"https:\/\/schema.org\",\"@graph\":[{\"@type\":\"WebPage\",\"@id\":\"https:\/\/www.dogevenice.com\/de\/lage\/\",\"url\":\"https:\/\/www.dogevenice.com\/de\/lage\/\",\"name\":\"Lage - Doge Exclusive Collection -\",\"isPartOf\":{\"@id\":\"https:\/\/www.dogevenice.com\/de\/#website\"},\"datePublished\":\"2026-01-30T09:00:35+00:00\",\"dateModified\":\"2026-03-06T09:12:02+00:00\",\"description\":\"Im ikonischsten Herzen Venedigs, zwischen Piazza San Marco und der Ponte di Rialto, offenbart die Stadt ihre ganze zeitlose Eleganz. Ruhige Calli, historische Palazzi und Ausblicke auf das Wasser begleiten jeden Schritt, w\u00e4hrend die bekanntesten Sehensw\u00fcrdigkeiten Venedigs nur wenige Minuten entfernt liegen\",\"breadcrumb\":{\"@id\":\"https:\/\/www.dogevenice.com\/de\/lage\/#breadcrumb\"},\"inLanguage\":\"de\",\"potentialAction\":[{\"@type\":\"ReadAction\",\"target\":[\"https:\/\/www.dogevenice.com\/de\/lage\/\"]}]},{\"@type\":\"BreadcrumbList\",\"@id\":\"https:\/\/www.dogevenice.com\/de\/lage\/#breadcrumb\",\"itemListElement\":[{\"@type\":\"ListItem\",\"position\":1,\"name\":\"Home\",\"item\":\"https:\/\/www.dogevenice.com\/de\/\"},{\"@type\":\"ListItem\",\"position\":2,\"name\":\"Lage\"}]},{\"@type\":\"WebSite\",\"@id\":\"https:\/\/www.dogevenice.com\/de\/#website\",\"url\":\"https:\/\/www.dogevenice.com\/de\/\",\"name\":\"The Doge Signature Collection\",\"description\":\"\",\"publisher\":{\"@id\":\"https:\/\/www.dogevenice.com\/de\/#organization\"},\"potentialAction\":[{\"@type\":\"SearchAction\",\"target\":{\"@type\":\"EntryPoint\",\"urlTemplate\":\"https:\/\/www.dogevenice.com\/de\/?s={search_term_string}\"},\"query-input\":{\"@type\":\"PropertyValueSpecification\",\"valueRequired\":true,\"valueName\":\"search_term_string\"}}],\"inLanguage\":\"de\"},{\"@type\":\"Organization\",\"@id\":\"https:\/\/www.dogevenice.com\/de\/#organization\",\"name\":\"The Doge Signature Collection\",\"url\":\"https:\/\/www.dogevenice.com\/de\/\",\"logo\":{\"@type\":\"ImageObject\",\"inLanguage\":\"de\",\"@id\":\"https:\/\/www.dogevenice.com\/de\/#\/schema\/logo\/image\/\",\"url\":\"https:\/\/www.dogevenice.com\/wp-content\/uploads\/sites\/51\/2026\/02\/logo_the_doge_signature_collection_c.svg\",\"contentUrl\":\"https:\/\/www.dogevenice.com\/wp-content\/uploads\/sites\/51\/2026\/02\/logo_the_doge_signature_collection_c.svg\",\"width\":416,\"height\":64,\"caption\":\"The Doge Signature Collection\"},\"image\":{\"@id\":\"https:\/\/www.dogevenice.com\/de\/#\/schema\/logo\/image\/\"}}]}<\/script>\n<!-- \/ Yoast SEO plugin. -->","yoast_head_json":{"title":"Lage - Doge Exclusive Collection -","description":"Im ikonischsten Herzen Venedigs, zwischen Piazza San Marco und der Ponte di Rialto, offenbart die Stadt ihre ganze zeitlose Eleganz. Ruhige Calli, historische Palazzi und Ausblicke auf das Wasser begleiten jeden Schritt, w\u00e4hrend die bekanntesten Sehensw\u00fcrdigkeiten Venedigs nur wenige Minuten entfernt liegen","robots":{"index":"index","follow":"follow","max-snippet":"max-snippet:-1","max-image-preview":"max-image-preview:large","max-video-preview":"max-video-preview:-1"},"canonical":"https:\/\/www.dogevenice.com\/de\/lage\/","og_locale":"de_DE","og_type":"article","og_title":"Lage - Doge Exclusive Collection -","og_description":"Im ikonischsten Herzen Venedigs, zwischen Piazza San Marco und der Ponte di Rialto, offenbart die Stadt ihre ganze zeitlose Eleganz. Ruhige Calli, historische Palazzi und Ausblicke auf das Wasser begleiten jeden Schritt, w\u00e4hrend die bekanntesten Sehensw\u00fcrdigkeiten Venedigs nur wenige Minuten entfernt liegen","og_url":"https:\/\/www.dogevenice.com\/de\/lage\/","og_site_name":"Doge Exclusive Collection","article_modified_time":"2026-03-06T09:12:02+00:00","twitter_card":"summary_large_image","twitter_misc":{"Est. reading time":"1\u00a0Minute"},"schema":{"@context":"https:\/\/schema.org","@graph":[{"@type":"WebPage","@id":"https:\/\/www.dogevenice.com\/de\/lage\/","url":"https:\/\/www.dogevenice.com\/de\/lage\/","name":"Lage - Doge Exclusive Collection -","isPartOf":{"@id":"https:\/\/www.dogevenice.com\/de\/#website"},"datePublished":"2026-01-30T09:00:35+00:00","dateModified":"2026-03-06T09:12:02+00:00","description":"Im ikonischsten Herzen Venedigs, zwischen Piazza San Marco und der Ponte di Rialto, offenbart die Stadt ihre ganze zeitlose Eleganz. Ruhige Calli, historische Palazzi und Ausblicke auf das Wasser begleiten jeden Schritt, w\u00e4hrend die bekanntesten Sehensw\u00fcrdigkeiten Venedigs nur wenige Minuten entfernt liegen","breadcrumb":{"@id":"https:\/\/www.dogevenice.com\/de\/lage\/#breadcrumb"},"inLanguage":"de","potentialAction":[{"@type":"ReadAction","target":["https:\/\/www.dogevenice.com\/de\/lage\/"]}]},{"@type":"BreadcrumbList","@id":"https:\/\/www.dogevenice.com\/de\/lage\/#breadcrumb","itemListElement":[{"@type":"ListItem","position":1,"name":"Home","item":"https:\/\/www.dogevenice.com\/de\/"},{"@type":"ListItem","position":2,"name":"Lage"}]},{"@type":"WebSite","@id":"https:\/\/www.dogevenice.com\/de\/#website","url":"https:\/\/www.dogevenice.com\/de\/","name":"The Doge Signature Collection","description":"","publisher":{"@id":"https:\/\/www.dogevenice.com\/de\/#organization"},"potentialAction":[{"@type":"SearchAction","target":{"@type":"EntryPoint","urlTemplate":"https:\/\/www.dogevenice.com\/de\/?s={search_term_string}"},"query-input":{"@type":"PropertyValueSpecification","valueRequired":true,"valueName":"search_term_string"}}],"inLanguage":"de"},{"@type":"Organization","@id":"https:\/\/www.dogevenice.com\/de\/#organization","name":"The Doge Signature Collection","url":"https:\/\/www.dogevenice.com\/de\/","logo":{"@type":"ImageObject","inLanguage":"de","@id":"https:\/\/www.dogevenice.com\/de\/#\/schema\/logo\/image\/","url":"https:\/\/www.dogevenice.com\/wp-content\/uploads\/sites\/51\/2026\/02\/logo_the_doge_signature_collection_c.svg","contentUrl":"https:\/\/www.dogevenice.com\/wp-content\/uploads\/sites\/51\/2026\/02\/logo_the_doge_signature_collection_c.svg","width":416,"height":64,"caption":"The Doge Signature Collection"},"image":{"@id":"https:\/\/www.dogevenice.com\/de\/#\/schema\/logo\/image\/"}}]}},"acf":[],"_links":{"self":[{"href":"https:\/\/www.dogevenice.com\/de\/wp-json\/wp\/v2\/pages\/296","targetHints":{"allow":["GET"]}}],"collection":[{"href":"https:\/\/www.dogevenice.com\/de\/wp-json\/wp\/v2\/pages"}],"about":[{"href":"https:\/\/www.dogevenice.com\/de\/wp-json\/wp\/v2\/types\/page"}],"author":[{"embeddable":true,"href":"https:\/\/www.dogevenice.com\/de\/wp-json\/wp\/v2\/users\/6"}],"replies":[{"embeddable":true,"href":"https:\/\/www.dogevenice.com\/de\/wp-json\/wp\/v2\/comments?post=296"}],"version-history":[{"count":0,"href":"https:\/\/www.dogevenice.com\/de\/wp-json\/wp\/v2\/pages\/296\/revisions"}],"wp:attachment":[{"href":"https:\/\/www.dogevenice.com\/de\/wp-json\/wp\/v2\/media?parent=296"}],"curies":[{"name":"wp","href":"https:\/\/api.w.org\/{rel}","templated":true}]}}