{"id":271,"date":"2026-02-05T13:40:54","date_gmt":"2026-02-05T13:40:54","guid":{"rendered":"https:\/\/dogeexclusivecollection.ms3.decms.eu\/?page_id=271"},"modified":"2026-03-05T16:07:16","modified_gmt":"2026-03-05T16:07:16","slug":"dienstleistungen","status":"publish","type":"page","link":"https:\/\/www.dogevenice.com\/de\/dienstleistungen\/","title":{"rendered":"Dienstleistungen"},"content":{"rendered":"<p data-path-to-node=\"40\"><b data-path-to-node=\"40\" data-index-in-node=\"0\">The Doge Signature Collection<\/b> vereint <b data-path-to-node=\"40\" data-index-in-node=\"38\">Bellevue B&amp;B<\/b>, <b data-path-to-node=\"40\" data-index-in-node=\"52\">Canaletto Suites<\/b>, <b data-path-to-node=\"40\" data-index-in-node=\"70\">Rialto Studios<\/b> und <b data-path-to-node=\"40\" data-index-in-node=\"89\">Torre dell\u2019Orologio Signature Residence<\/b> unter einem gemeinsamen, konsistenten und unverwechselbaren Hospitality-Konzept.<\/p>\n<p data-path-to-node=\"41\">Die Serviceleistungen variieren je nach Unterkunft und respektieren deren einzigartige Identit\u00e4t und Charakter. Unser mehrsprachiges Personal steht Ihnen vor und w\u00e4hrend Ihres Aufenthalts zur Verf\u00fcgung, um einen tadellosen Empfang, lokale Unterst\u00fctzung und pers\u00f6nliche Empfehlungen zu gew\u00e4hrleisten und jeden Moment Ihres Aufenthalts einfach und angenehm zu gestalten.<\/p>\n<p data-path-to-node=\"42\">Wir bieten nicht nur Dienstleistungen an, sondern ein bis ins Detail durchdachtes Erlebnis \u2013 diskret, effizient und fokussiert auf das, was Ihre Zeit in Venedig wirklich unvergesslich macht.<\/p>\n<p data-path-to-node=\"43\">F\u00fcr einen Moment der Entspannung oder einen Aperitif ist die Lounge-Bar <b data-path-to-node=\"43\" data-index-in-node=\"72\">Bar del Doge<\/b> im <b data-path-to-node=\"43\" data-index-in-node=\"88\">Cavalletto &amp; Doge Orseolo<\/b> der ideale Ort f\u00fcr einen eleganten Drink in raffinierter Atmosph\u00e4re, perfekt f\u00fcr einen venezianischen After-Hour-Abend mit Blick auf das <b data-path-to-node=\"43\" data-index-in-node=\"251\">Bacino Orseolo<\/b>.<\/p>\n<p data-path-to-node=\"44\">Ihr Aufenthalt kann durch ein Mittag- oder Abendessen im <b data-path-to-node=\"44\" data-index-in-node=\"57\">Ristorante San Marco<\/b> (im <b data-path-to-node=\"44\" data-index-in-node=\"82\">Albergo San Marco<\/b>) weiter bereichert werden, wo authentische K\u00fcche und ein exquisites Ambiente jede Mahlzeit zu einem unvergesslichen Erlebnis machen.<\/p>\n","protected":false},"excerpt":{"rendered":"<p>The Doge Signature Collection vereint Bellevue B&amp;B, Canaletto Suites, Rialto Studios und Torre dell\u2019Orologio Signature Residence unter einem gemeinsamen, konsistenten und unverwechselbaren Hospitality-Konzept. Die Serviceleistungen variieren je nach Unterkunft und respektieren deren einzigartige Identit\u00e4t und Charakter. Unser mehrsprachiges Personal steht Ihnen vor und w\u00e4hrend Ihres Aufenthalts zur Verf\u00fcgung, um einen tadellosen Empfang, lokale Unterst\u00fctzung und [&hellip;]<\/p>\n","protected":false},"author":6,"featured_media":0,"parent":0,"menu_order":60,"comment_status":"closed","ping_status":"closed","template":"template-services.php","meta":{"footnotes":""},"class_list":["post-271","page","type-page","status-publish","hentry"],"yoast_head":"<!-- This site is optimized with the Yoast SEO plugin v26.9 - https:\/\/yoast.com\/product\/yoast-seo-wordpress\/ -->\n<title>Dienstleistungen - Doge Exclusive Collection -<\/title>\n<meta name=\"description\" content=\"The Doge Signature Collection vereint Bellevue B&amp;B, Canaletto Suites, Rialto Studios und Torre dell\u2019Orologio Signature Residence unter einem gemeinsamen, konsistenten und unverwechselbaren Hospitality-Konzept. Die Serviceleistungen variieren je nach Unterkunft und respektieren deren einzigartige Identit\u00e4t und Charakter. Unser mehrsprachiges Personal steht Ihnen vor und w\u00e4hrend Ihres Aufenthalts zur Verf\u00fcgung, um einen tadellosen Empfang, lokale Unterst\u00fctzung und pers\u00f6nliche Empfehlungen zu gew\u00e4hrleisten und jeden Moment Ihres Aufenthalts einfach und angenehm zu gestalten. Wir bieten nicht nur Dienstleistungen an, sondern ein bis ins Detail durchdachtes Erlebnis \u2013 diskret, effizient und fokussiert auf das, was Ihre Zeit in Venedig wirklich unvergesslich macht. F\u00fcr einen Moment der Entspannung oder einen Aperitif ist die Lounge-Bar Bar del Doge im Cavalletto &amp; Doge Orseolo der ideale Ort f\u00fcr einen eleganten Drink in raffinierter Atmosph\u00e4re, perfekt f\u00fcr einen venezianischen After-Hour-Abend mit Blick auf das Bacino Orseolo. Ihr Aufenthalt kann durch ein Mittag- oder Abendessen im Ristorante San Marco (im Albergo San Marco) weiter bereichert werden, wo authentische K\u00fcche und ein exquisites Ambiente jede Mahlzeit zu einem unvergesslichen Erlebnis machen.\" \/>\n<meta name=\"robots\" content=\"index, follow, max-snippet:-1, max-image-preview:large, max-video-preview:-1\" \/>\n<link rel=\"canonical\" href=\"https:\/\/www.dogevenice.com\/de\/dienstleistungen\/\" \/>\n<meta property=\"og:locale\" content=\"de_DE\" \/>\n<meta property=\"og:type\" content=\"article\" \/>\n<meta property=\"og:title\" content=\"Dienstleistungen - Doge Exclusive Collection -\" \/>\n<meta property=\"og:description\" content=\"The Doge Signature Collection vereint Bellevue B&amp;B, Canaletto Suites, Rialto Studios und Torre dell\u2019Orologio Signature Residence unter einem gemeinsamen, konsistenten und unverwechselbaren Hospitality-Konzept. Die Serviceleistungen variieren je nach Unterkunft und respektieren deren einzigartige Identit\u00e4t und Charakter. Unser mehrsprachiges Personal steht Ihnen vor und w\u00e4hrend Ihres Aufenthalts zur Verf\u00fcgung, um einen tadellosen Empfang, lokale Unterst\u00fctzung und pers\u00f6nliche Empfehlungen zu gew\u00e4hrleisten und jeden Moment Ihres Aufenthalts einfach und angenehm zu gestalten. Wir bieten nicht nur Dienstleistungen an, sondern ein bis ins Detail durchdachtes Erlebnis \u2013 diskret, effizient und fokussiert auf das, was Ihre Zeit in Venedig wirklich unvergesslich macht. F\u00fcr einen Moment der Entspannung oder einen Aperitif ist die Lounge-Bar Bar del Doge im Cavalletto &amp; Doge Orseolo der ideale Ort f\u00fcr einen eleganten Drink in raffinierter Atmosph\u00e4re, perfekt f\u00fcr einen venezianischen After-Hour-Abend mit Blick auf das Bacino Orseolo. Ihr Aufenthalt kann durch ein Mittag- oder Abendessen im Ristorante San Marco (im Albergo San Marco) weiter bereichert werden, wo authentische K\u00fcche und ein exquisites Ambiente jede Mahlzeit zu einem unvergesslichen Erlebnis machen.\" \/>\n<meta property=\"og:url\" content=\"https:\/\/www.dogevenice.com\/de\/dienstleistungen\/\" \/>\n<meta property=\"og:site_name\" content=\"Doge Exclusive Collection\" \/>\n<meta property=\"article:modified_time\" content=\"2026-03-05T16:07:16+00:00\" \/>\n<meta name=\"twitter:card\" content=\"summary_large_image\" \/>\n<meta name=\"twitter:label1\" content=\"Est. reading time\" \/>\n\t<meta name=\"twitter:data1\" content=\"1\u00a0Minute\" \/>\n<script type=\"application\/ld+json\" class=\"yoast-schema-graph\">{\"@context\":\"https:\/\/schema.org\",\"@graph\":[{\"@type\":\"WebPage\",\"@id\":\"https:\/\/www.dogevenice.com\/de\/dienstleistungen\/\",\"url\":\"https:\/\/www.dogevenice.com\/de\/dienstleistungen\/\",\"name\":\"Dienstleistungen - Doge Exclusive Collection -\",\"isPartOf\":{\"@id\":\"https:\/\/www.dogevenice.com\/de\/#website\"},\"datePublished\":\"2026-02-05T13:40:54+00:00\",\"dateModified\":\"2026-03-05T16:07:16+00:00\",\"description\":\"The Doge Signature Collection vereint Bellevue B&amp;B, Canaletto Suites, Rialto Studios und Torre dell\u2019Orologio Signature Residence unter einem gemeinsamen, konsistenten und unverwechselbaren Hospitality-Konzept. Die Serviceleistungen variieren je nach Unterkunft und respektieren deren einzigartige Identit\u00e4t und Charakter. Unser mehrsprachiges Personal steht Ihnen vor und w\u00e4hrend Ihres Aufenthalts zur Verf\u00fcgung, um einen tadellosen Empfang, lokale Unterst\u00fctzung und pers\u00f6nliche Empfehlungen zu gew\u00e4hrleisten und jeden Moment Ihres Aufenthalts einfach und angenehm zu gestalten. Wir bieten nicht nur Dienstleistungen an, sondern ein bis ins Detail durchdachtes Erlebnis \u2013 diskret, effizient und fokussiert auf das, was Ihre Zeit in Venedig wirklich unvergesslich macht. F\u00fcr einen Moment der Entspannung oder einen Aperitif ist die Lounge-Bar Bar del Doge im Cavalletto &amp; Doge Orseolo der ideale Ort f\u00fcr einen eleganten Drink in raffinierter Atmosph\u00e4re, perfekt f\u00fcr einen venezianischen After-Hour-Abend mit Blick auf das Bacino Orseolo. Ihr Aufenthalt kann durch ein Mittag- oder Abendessen im Ristorante San Marco (im Albergo San Marco) weiter bereichert werden, wo authentische K\u00fcche und ein exquisites Ambiente jede Mahlzeit zu einem unvergesslichen Erlebnis machen.\",\"breadcrumb\":{\"@id\":\"https:\/\/www.dogevenice.com\/de\/dienstleistungen\/#breadcrumb\"},\"inLanguage\":\"de\",\"potentialAction\":[{\"@type\":\"ReadAction\",\"target\":[\"https:\/\/www.dogevenice.com\/de\/dienstleistungen\/\"]}]},{\"@type\":\"BreadcrumbList\",\"@id\":\"https:\/\/www.dogevenice.com\/de\/dienstleistungen\/#breadcrumb\",\"itemListElement\":[{\"@type\":\"ListItem\",\"position\":1,\"name\":\"Home\",\"item\":\"https:\/\/www.dogevenice.com\/de\/\"},{\"@type\":\"ListItem\",\"position\":2,\"name\":\"Dienstleistungen\"}]},{\"@type\":\"WebSite\",\"@id\":\"https:\/\/www.dogevenice.com\/de\/#website\",\"url\":\"https:\/\/www.dogevenice.com\/de\/\",\"name\":\"The Doge Signature Collection\",\"description\":\"\",\"publisher\":{\"@id\":\"https:\/\/www.dogevenice.com\/de\/#organization\"},\"potentialAction\":[{\"@type\":\"SearchAction\",\"target\":{\"@type\":\"EntryPoint\",\"urlTemplate\":\"https:\/\/www.dogevenice.com\/de\/?s={search_term_string}\"},\"query-input\":{\"@type\":\"PropertyValueSpecification\",\"valueRequired\":true,\"valueName\":\"search_term_string\"}}],\"inLanguage\":\"de\"},{\"@type\":\"Organization\",\"@id\":\"https:\/\/www.dogevenice.com\/de\/#organization\",\"name\":\"The Doge Signature Collection\",\"url\":\"https:\/\/www.dogevenice.com\/de\/\",\"logo\":{\"@type\":\"ImageObject\",\"inLanguage\":\"de\",\"@id\":\"https:\/\/www.dogevenice.com\/de\/#\/schema\/logo\/image\/\",\"url\":\"https:\/\/www.dogevenice.com\/wp-content\/uploads\/sites\/51\/2026\/02\/logo_the_doge_signature_collection_c.svg\",\"contentUrl\":\"https:\/\/www.dogevenice.com\/wp-content\/uploads\/sites\/51\/2026\/02\/logo_the_doge_signature_collection_c.svg\",\"width\":416,\"height\":64,\"caption\":\"The Doge Signature Collection\"},\"image\":{\"@id\":\"https:\/\/www.dogevenice.com\/de\/#\/schema\/logo\/image\/\"}}]}<\/script>\n<!-- \/ Yoast SEO plugin. -->","yoast_head_json":{"title":"Dienstleistungen - Doge Exclusive Collection -","description":"The Doge Signature Collection vereint Bellevue B&amp;B, Canaletto Suites, Rialto Studios und Torre dell\u2019Orologio Signature Residence unter einem gemeinsamen, konsistenten und unverwechselbaren Hospitality-Konzept. Die Serviceleistungen variieren je nach Unterkunft und respektieren deren einzigartige Identit\u00e4t und Charakter. Unser mehrsprachiges Personal steht Ihnen vor und w\u00e4hrend Ihres Aufenthalts zur Verf\u00fcgung, um einen tadellosen Empfang, lokale Unterst\u00fctzung und pers\u00f6nliche Empfehlungen zu gew\u00e4hrleisten und jeden Moment Ihres Aufenthalts einfach und angenehm zu gestalten. Wir bieten nicht nur Dienstleistungen an, sondern ein bis ins Detail durchdachtes Erlebnis \u2013 diskret, effizient und fokussiert auf das, was Ihre Zeit in Venedig wirklich unvergesslich macht. F\u00fcr einen Moment der Entspannung oder einen Aperitif ist die Lounge-Bar Bar del Doge im Cavalletto &amp; Doge Orseolo der ideale Ort f\u00fcr einen eleganten Drink in raffinierter Atmosph\u00e4re, perfekt f\u00fcr einen venezianischen After-Hour-Abend mit Blick auf das Bacino Orseolo. Ihr Aufenthalt kann durch ein Mittag- oder Abendessen im Ristorante San Marco (im Albergo San Marco) weiter bereichert werden, wo authentische K\u00fcche und ein exquisites Ambiente jede Mahlzeit zu einem unvergesslichen Erlebnis machen.","robots":{"index":"index","follow":"follow","max-snippet":"max-snippet:-1","max-image-preview":"max-image-preview:large","max-video-preview":"max-video-preview:-1"},"canonical":"https:\/\/www.dogevenice.com\/de\/dienstleistungen\/","og_locale":"de_DE","og_type":"article","og_title":"Dienstleistungen - Doge Exclusive Collection -","og_description":"The Doge Signature Collection vereint Bellevue B&amp;B, Canaletto Suites, Rialto Studios und Torre dell\u2019Orologio Signature Residence unter einem gemeinsamen, konsistenten und unverwechselbaren Hospitality-Konzept. Die Serviceleistungen variieren je nach Unterkunft und respektieren deren einzigartige Identit\u00e4t und Charakter. Unser mehrsprachiges Personal steht Ihnen vor und w\u00e4hrend Ihres Aufenthalts zur Verf\u00fcgung, um einen tadellosen Empfang, lokale Unterst\u00fctzung und pers\u00f6nliche Empfehlungen zu gew\u00e4hrleisten und jeden Moment Ihres Aufenthalts einfach und angenehm zu gestalten. Wir bieten nicht nur Dienstleistungen an, sondern ein bis ins Detail durchdachtes Erlebnis \u2013 diskret, effizient und fokussiert auf das, was Ihre Zeit in Venedig wirklich unvergesslich macht. F\u00fcr einen Moment der Entspannung oder einen Aperitif ist die Lounge-Bar Bar del Doge im Cavalletto &amp; Doge Orseolo der ideale Ort f\u00fcr einen eleganten Drink in raffinierter Atmosph\u00e4re, perfekt f\u00fcr einen venezianischen After-Hour-Abend mit Blick auf das Bacino Orseolo. Ihr Aufenthalt kann durch ein Mittag- oder Abendessen im Ristorante San Marco (im Albergo San Marco) weiter bereichert werden, wo authentische K\u00fcche und ein exquisites Ambiente jede Mahlzeit zu einem unvergesslichen Erlebnis machen.","og_url":"https:\/\/www.dogevenice.com\/de\/dienstleistungen\/","og_site_name":"Doge Exclusive Collection","article_modified_time":"2026-03-05T16:07:16+00:00","twitter_card":"summary_large_image","twitter_misc":{"Est. reading time":"1\u00a0Minute"},"schema":{"@context":"https:\/\/schema.org","@graph":[{"@type":"WebPage","@id":"https:\/\/www.dogevenice.com\/de\/dienstleistungen\/","url":"https:\/\/www.dogevenice.com\/de\/dienstleistungen\/","name":"Dienstleistungen - Doge Exclusive Collection -","isPartOf":{"@id":"https:\/\/www.dogevenice.com\/de\/#website"},"datePublished":"2026-02-05T13:40:54+00:00","dateModified":"2026-03-05T16:07:16+00:00","description":"The Doge Signature Collection vereint Bellevue B&amp;B, Canaletto Suites, Rialto Studios und Torre dell\u2019Orologio Signature Residence unter einem gemeinsamen, konsistenten und unverwechselbaren Hospitality-Konzept. Die Serviceleistungen variieren je nach Unterkunft und respektieren deren einzigartige Identit\u00e4t und Charakter. Unser mehrsprachiges Personal steht Ihnen vor und w\u00e4hrend Ihres Aufenthalts zur Verf\u00fcgung, um einen tadellosen Empfang, lokale Unterst\u00fctzung und pers\u00f6nliche Empfehlungen zu gew\u00e4hrleisten und jeden Moment Ihres Aufenthalts einfach und angenehm zu gestalten. Wir bieten nicht nur Dienstleistungen an, sondern ein bis ins Detail durchdachtes Erlebnis \u2013 diskret, effizient und fokussiert auf das, was Ihre Zeit in Venedig wirklich unvergesslich macht. F\u00fcr einen Moment der Entspannung oder einen Aperitif ist die Lounge-Bar Bar del Doge im Cavalletto &amp; Doge Orseolo der ideale Ort f\u00fcr einen eleganten Drink in raffinierter Atmosph\u00e4re, perfekt f\u00fcr einen venezianischen After-Hour-Abend mit Blick auf das Bacino Orseolo. Ihr Aufenthalt kann durch ein Mittag- oder Abendessen im Ristorante San Marco (im Albergo San Marco) weiter bereichert werden, wo authentische K\u00fcche und ein exquisites Ambiente jede Mahlzeit zu einem unvergesslichen Erlebnis machen.","breadcrumb":{"@id":"https:\/\/www.dogevenice.com\/de\/dienstleistungen\/#breadcrumb"},"inLanguage":"de","potentialAction":[{"@type":"ReadAction","target":["https:\/\/www.dogevenice.com\/de\/dienstleistungen\/"]}]},{"@type":"BreadcrumbList","@id":"https:\/\/www.dogevenice.com\/de\/dienstleistungen\/#breadcrumb","itemListElement":[{"@type":"ListItem","position":1,"name":"Home","item":"https:\/\/www.dogevenice.com\/de\/"},{"@type":"ListItem","position":2,"name":"Dienstleistungen"}]},{"@type":"WebSite","@id":"https:\/\/www.dogevenice.com\/de\/#website","url":"https:\/\/www.dogevenice.com\/de\/","name":"The Doge Signature Collection","description":"","publisher":{"@id":"https:\/\/www.dogevenice.com\/de\/#organization"},"potentialAction":[{"@type":"SearchAction","target":{"@type":"EntryPoint","urlTemplate":"https:\/\/www.dogevenice.com\/de\/?s={search_term_string}"},"query-input":{"@type":"PropertyValueSpecification","valueRequired":true,"valueName":"search_term_string"}}],"inLanguage":"de"},{"@type":"Organization","@id":"https:\/\/www.dogevenice.com\/de\/#organization","name":"The Doge Signature Collection","url":"https:\/\/www.dogevenice.com\/de\/","logo":{"@type":"ImageObject","inLanguage":"de","@id":"https:\/\/www.dogevenice.com\/de\/#\/schema\/logo\/image\/","url":"https:\/\/www.dogevenice.com\/wp-content\/uploads\/sites\/51\/2026\/02\/logo_the_doge_signature_collection_c.svg","contentUrl":"https:\/\/www.dogevenice.com\/wp-content\/uploads\/sites\/51\/2026\/02\/logo_the_doge_signature_collection_c.svg","width":416,"height":64,"caption":"The Doge Signature Collection"},"image":{"@id":"https:\/\/www.dogevenice.com\/de\/#\/schema\/logo\/image\/"}}]}},"acf":[],"_links":{"self":[{"href":"https:\/\/www.dogevenice.com\/de\/wp-json\/wp\/v2\/pages\/271","targetHints":{"allow":["GET"]}}],"collection":[{"href":"https:\/\/www.dogevenice.com\/de\/wp-json\/wp\/v2\/pages"}],"about":[{"href":"https:\/\/www.dogevenice.com\/de\/wp-json\/wp\/v2\/types\/page"}],"author":[{"embeddable":true,"href":"https:\/\/www.dogevenice.com\/de\/wp-json\/wp\/v2\/users\/6"}],"replies":[{"embeddable":true,"href":"https:\/\/www.dogevenice.com\/de\/wp-json\/wp\/v2\/comments?post=271"}],"version-history":[{"count":0,"href":"https:\/\/www.dogevenice.com\/de\/wp-json\/wp\/v2\/pages\/271\/revisions"}],"wp:attachment":[{"href":"https:\/\/www.dogevenice.com\/de\/wp-json\/wp\/v2\/media?parent=271"}],"curies":[{"name":"wp","href":"https:\/\/api.w.org\/{rel}","templated":true}]}}