{"id":246,"date":"2026-02-04T10:08:06","date_gmt":"2026-02-04T10:08:06","guid":{"rendered":"https:\/\/dogeexclusivecollection.ms3.decms.eu\/?page_id=246"},"modified":"2026-03-09T14:49:58","modified_gmt":"2026-03-09T14:49:58","slug":"deluxe-studio","status":"publish","type":"page","link":"https:\/\/www.dogevenice.com\/de\/rialto-studios\/deluxe-studio\/","title":{"rendered":"Deluxe Studio mit Kanalblick"},"content":{"rendered":"<p data-path-to-node=\"15\">Wachen Sie mit einem der ikonischsten Ausblicke Venedigs auf. Diese Studio-Apartments blicken direkt auf die <strong>Rialtobr\u00fccke<\/strong> und den <strong>Canal Grande<\/strong> und bieten Ihnen einen Platz in der ersten Reihe, um den Rhythmus der Stadt zu erleben: dahingleitende Gondeln, historische Pal\u00e4ste, die sich im Wasser spiegeln, und die lebendige Atmosph\u00e4re, die diese Gegend zu einem der bekanntesten Orte Venedigs macht.<\/p>\n<p data-path-to-node=\"16\">Nur wenige Schritte von der Rialtobr\u00fccke entfernt, verbinden die Apartments eine au\u00dfergew\u00f6hnliche Lage mit Komfort und Unabh\u00e4ngigkeit. Helle Innenr\u00e4ume und gut durchdachte Raumkonzepte machen sie ideal f\u00fcr Paare, die einen unvergesslichen Aufenthalt am Canal Grande suchen. Moderne Annehmlichkeiten sorgen f\u00fcr ein komfortables Erlebnis und erm\u00f6glichen es den G\u00e4sten, den einzigartigen Charme Venedigs von einem wahrhaft privilegierten Aussichtspunkt aus in vollen Z\u00fcgen zu genie\u00dfen.<\/p>\n","protected":false},"excerpt":{"rendered":"<p>Wachen Sie mit einem der ikonischsten Ausblicke Venedigs auf. Diese Studio-Apartments blicken direkt auf die Rialtobr\u00fccke und den Canal Grande und bieten Ihnen einen Platz in der ersten Reihe, um den Rhythmus der Stadt zu erleben: dahingleitende Gondeln, historische Pal\u00e4ste, die sich im Wasser spiegeln, und die lebendige Atmosph\u00e4re, die diese Gegend zu einem der [&hellip;]<\/p>\n","protected":false},"author":6,"featured_media":0,"parent":235,"menu_order":20,"comment_status":"closed","ping_status":"closed","template":"template-single-room.php","meta":{"footnotes":""},"class_list":["post-246","page","type-page","status-publish","hentry"],"yoast_head":"<!-- This site is optimized with the Yoast SEO plugin v26.9 - https:\/\/yoast.com\/product\/yoast-seo-wordpress\/ -->\n<title>Deluxe Studio mit Kanalblick - Doge Exclusive Collection -<\/title>\n<meta name=\"description\" content=\"Wachen Sie mit einem der ikonischsten Ausblicke Venedigs auf. Diese Studio-Apartments blicken direkt auf die Rialtobr\u00fccke und den Canal Grande und bieten Ihnen einen Platz in der ersten Reihe, um den Rhythmus der Stadt zu erleben: dahingleitende Gondeln, historische Pal\u00e4ste, die sich im Wasser spiegeln, und die lebendige Atmosph\u00e4re, die diese Gegend zu einem der bekanntesten Orte Venedigs macht. Nur wenige Schritte von der Rialtobr\u00fccke entfernt, verbinden die Apartments eine au\u00dfergew\u00f6hnliche Lage mit Komfort und Unabh\u00e4ngigkeit\" \/>\n<meta name=\"robots\" content=\"index, follow, max-snippet:-1, max-image-preview:large, max-video-preview:-1\" \/>\n<link rel=\"canonical\" href=\"https:\/\/www.dogevenice.com\/de\/rialto-studios\/deluxe-studio\/\" \/>\n<meta property=\"og:locale\" content=\"de_DE\" \/>\n<meta property=\"og:type\" content=\"article\" \/>\n<meta property=\"og:title\" content=\"Deluxe Studio mit Kanalblick - Doge Exclusive Collection -\" \/>\n<meta property=\"og:description\" content=\"Wachen Sie mit einem der ikonischsten Ausblicke Venedigs auf. Diese Studio-Apartments blicken direkt auf die Rialtobr\u00fccke und den Canal Grande und bieten Ihnen einen Platz in der ersten Reihe, um den Rhythmus der Stadt zu erleben: dahingleitende Gondeln, historische Pal\u00e4ste, die sich im Wasser spiegeln, und die lebendige Atmosph\u00e4re, die diese Gegend zu einem der bekanntesten Orte Venedigs macht. Nur wenige Schritte von der Rialtobr\u00fccke entfernt, verbinden die Apartments eine au\u00dfergew\u00f6hnliche Lage mit Komfort und Unabh\u00e4ngigkeit\" \/>\n<meta property=\"og:url\" content=\"https:\/\/www.dogevenice.com\/de\/rialto-studios\/deluxe-studio\/\" \/>\n<meta property=\"og:site_name\" content=\"Doge Exclusive Collection\" \/>\n<meta property=\"article:modified_time\" content=\"2026-03-09T14:49:58+00:00\" \/>\n<meta name=\"twitter:card\" content=\"summary_large_image\" \/>\n<meta name=\"twitter:label1\" content=\"Est. reading time\" \/>\n\t<meta name=\"twitter:data1\" content=\"1\u00a0Minute\" \/>\n<script type=\"application\/ld+json\" class=\"yoast-schema-graph\">{\"@context\":\"https:\/\/schema.org\",\"@graph\":[{\"@type\":\"WebPage\",\"@id\":\"https:\/\/www.dogevenice.com\/de\/rialto-studios\/deluxe-studio\/\",\"url\":\"https:\/\/www.dogevenice.com\/de\/rialto-studios\/deluxe-studio\/\",\"name\":\"Deluxe Studio mit Kanalblick - Doge Exclusive Collection -\",\"isPartOf\":{\"@id\":\"https:\/\/www.dogevenice.com\/de\/#website\"},\"datePublished\":\"2026-02-04T10:08:06+00:00\",\"dateModified\":\"2026-03-09T14:49:58+00:00\",\"description\":\"Wachen Sie mit einem der ikonischsten Ausblicke Venedigs auf. Diese Studio-Apartments blicken direkt auf die Rialtobr\u00fccke und den Canal Grande und bieten Ihnen einen Platz in der ersten Reihe, um den Rhythmus der Stadt zu erleben: dahingleitende Gondeln, historische Pal\u00e4ste, die sich im Wasser spiegeln, und die lebendige Atmosph\u00e4re, die diese Gegend zu einem der bekanntesten Orte Venedigs macht. Nur wenige Schritte von der Rialtobr\u00fccke entfernt, verbinden die Apartments eine au\u00dfergew\u00f6hnliche Lage mit Komfort und Unabh\u00e4ngigkeit\",\"breadcrumb\":{\"@id\":\"https:\/\/www.dogevenice.com\/de\/rialto-studios\/deluxe-studio\/#breadcrumb\"},\"inLanguage\":\"de\",\"potentialAction\":[{\"@type\":\"ReadAction\",\"target\":[\"https:\/\/www.dogevenice.com\/de\/rialto-studios\/deluxe-studio\/\"]}]},{\"@type\":\"BreadcrumbList\",\"@id\":\"https:\/\/www.dogevenice.com\/de\/rialto-studios\/deluxe-studio\/#breadcrumb\",\"itemListElement\":[{\"@type\":\"ListItem\",\"position\":1,\"name\":\"Home\",\"item\":\"https:\/\/www.dogevenice.com\/de\/\"},{\"@type\":\"ListItem\",\"position\":2,\"name\":\"Rialto Studios\",\"item\":\"https:\/\/www.dogevenice.com\/de\/rialto-studios\/\"},{\"@type\":\"ListItem\",\"position\":3,\"name\":\"Deluxe Studio mit Kanalblick\"}]},{\"@type\":\"WebSite\",\"@id\":\"https:\/\/www.dogevenice.com\/de\/#website\",\"url\":\"https:\/\/www.dogevenice.com\/de\/\",\"name\":\"The Doge Signature Collection\",\"description\":\"\",\"publisher\":{\"@id\":\"https:\/\/www.dogevenice.com\/de\/#organization\"},\"potentialAction\":[{\"@type\":\"SearchAction\",\"target\":{\"@type\":\"EntryPoint\",\"urlTemplate\":\"https:\/\/www.dogevenice.com\/de\/?s={search_term_string}\"},\"query-input\":{\"@type\":\"PropertyValueSpecification\",\"valueRequired\":true,\"valueName\":\"search_term_string\"}}],\"inLanguage\":\"de\"},{\"@type\":\"Organization\",\"@id\":\"https:\/\/www.dogevenice.com\/de\/#organization\",\"name\":\"The Doge Signature Collection\",\"url\":\"https:\/\/www.dogevenice.com\/de\/\",\"logo\":{\"@type\":\"ImageObject\",\"inLanguage\":\"de\",\"@id\":\"https:\/\/www.dogevenice.com\/de\/#\/schema\/logo\/image\/\",\"url\":\"https:\/\/www.dogevenice.com\/wp-content\/uploads\/sites\/51\/2026\/02\/logo_the_doge_signature_collection_c.svg\",\"contentUrl\":\"https:\/\/www.dogevenice.com\/wp-content\/uploads\/sites\/51\/2026\/02\/logo_the_doge_signature_collection_c.svg\",\"width\":416,\"height\":64,\"caption\":\"The Doge Signature Collection\"},\"image\":{\"@id\":\"https:\/\/www.dogevenice.com\/de\/#\/schema\/logo\/image\/\"}}]}<\/script>\n<!-- \/ Yoast SEO plugin. -->","yoast_head_json":{"title":"Deluxe Studio mit Kanalblick - Doge Exclusive Collection -","description":"Wachen Sie mit einem der ikonischsten Ausblicke Venedigs auf. Diese Studio-Apartments blicken direkt auf die Rialtobr\u00fccke und den Canal Grande und bieten Ihnen einen Platz in der ersten Reihe, um den Rhythmus der Stadt zu erleben: dahingleitende Gondeln, historische Pal\u00e4ste, die sich im Wasser spiegeln, und die lebendige Atmosph\u00e4re, die diese Gegend zu einem der bekanntesten Orte Venedigs macht. Nur wenige Schritte von der Rialtobr\u00fccke entfernt, verbinden die Apartments eine au\u00dfergew\u00f6hnliche Lage mit Komfort und Unabh\u00e4ngigkeit","robots":{"index":"index","follow":"follow","max-snippet":"max-snippet:-1","max-image-preview":"max-image-preview:large","max-video-preview":"max-video-preview:-1"},"canonical":"https:\/\/www.dogevenice.com\/de\/rialto-studios\/deluxe-studio\/","og_locale":"de_DE","og_type":"article","og_title":"Deluxe Studio mit Kanalblick - Doge Exclusive Collection -","og_description":"Wachen Sie mit einem der ikonischsten Ausblicke Venedigs auf. Diese Studio-Apartments blicken direkt auf die Rialtobr\u00fccke und den Canal Grande und bieten Ihnen einen Platz in der ersten Reihe, um den Rhythmus der Stadt zu erleben: dahingleitende Gondeln, historische Pal\u00e4ste, die sich im Wasser spiegeln, und die lebendige Atmosph\u00e4re, die diese Gegend zu einem der bekanntesten Orte Venedigs macht. Nur wenige Schritte von der Rialtobr\u00fccke entfernt, verbinden die Apartments eine au\u00dfergew\u00f6hnliche Lage mit Komfort und Unabh\u00e4ngigkeit","og_url":"https:\/\/www.dogevenice.com\/de\/rialto-studios\/deluxe-studio\/","og_site_name":"Doge Exclusive Collection","article_modified_time":"2026-03-09T14:49:58+00:00","twitter_card":"summary_large_image","twitter_misc":{"Est. reading time":"1\u00a0Minute"},"schema":{"@context":"https:\/\/schema.org","@graph":[{"@type":"WebPage","@id":"https:\/\/www.dogevenice.com\/de\/rialto-studios\/deluxe-studio\/","url":"https:\/\/www.dogevenice.com\/de\/rialto-studios\/deluxe-studio\/","name":"Deluxe Studio mit Kanalblick - Doge Exclusive Collection -","isPartOf":{"@id":"https:\/\/www.dogevenice.com\/de\/#website"},"datePublished":"2026-02-04T10:08:06+00:00","dateModified":"2026-03-09T14:49:58+00:00","description":"Wachen Sie mit einem der ikonischsten Ausblicke Venedigs auf. Diese Studio-Apartments blicken direkt auf die Rialtobr\u00fccke und den Canal Grande und bieten Ihnen einen Platz in der ersten Reihe, um den Rhythmus der Stadt zu erleben: dahingleitende Gondeln, historische Pal\u00e4ste, die sich im Wasser spiegeln, und die lebendige Atmosph\u00e4re, die diese Gegend zu einem der bekanntesten Orte Venedigs macht. Nur wenige Schritte von der Rialtobr\u00fccke entfernt, verbinden die Apartments eine au\u00dfergew\u00f6hnliche Lage mit Komfort und Unabh\u00e4ngigkeit","breadcrumb":{"@id":"https:\/\/www.dogevenice.com\/de\/rialto-studios\/deluxe-studio\/#breadcrumb"},"inLanguage":"de","potentialAction":[{"@type":"ReadAction","target":["https:\/\/www.dogevenice.com\/de\/rialto-studios\/deluxe-studio\/"]}]},{"@type":"BreadcrumbList","@id":"https:\/\/www.dogevenice.com\/de\/rialto-studios\/deluxe-studio\/#breadcrumb","itemListElement":[{"@type":"ListItem","position":1,"name":"Home","item":"https:\/\/www.dogevenice.com\/de\/"},{"@type":"ListItem","position":2,"name":"Rialto Studios","item":"https:\/\/www.dogevenice.com\/de\/rialto-studios\/"},{"@type":"ListItem","position":3,"name":"Deluxe Studio mit Kanalblick"}]},{"@type":"WebSite","@id":"https:\/\/www.dogevenice.com\/de\/#website","url":"https:\/\/www.dogevenice.com\/de\/","name":"The Doge Signature Collection","description":"","publisher":{"@id":"https:\/\/www.dogevenice.com\/de\/#organization"},"potentialAction":[{"@type":"SearchAction","target":{"@type":"EntryPoint","urlTemplate":"https:\/\/www.dogevenice.com\/de\/?s={search_term_string}"},"query-input":{"@type":"PropertyValueSpecification","valueRequired":true,"valueName":"search_term_string"}}],"inLanguage":"de"},{"@type":"Organization","@id":"https:\/\/www.dogevenice.com\/de\/#organization","name":"The Doge Signature Collection","url":"https:\/\/www.dogevenice.com\/de\/","logo":{"@type":"ImageObject","inLanguage":"de","@id":"https:\/\/www.dogevenice.com\/de\/#\/schema\/logo\/image\/","url":"https:\/\/www.dogevenice.com\/wp-content\/uploads\/sites\/51\/2026\/02\/logo_the_doge_signature_collection_c.svg","contentUrl":"https:\/\/www.dogevenice.com\/wp-content\/uploads\/sites\/51\/2026\/02\/logo_the_doge_signature_collection_c.svg","width":416,"height":64,"caption":"The Doge Signature Collection"},"image":{"@id":"https:\/\/www.dogevenice.com\/de\/#\/schema\/logo\/image\/"}}]}},"acf":[],"_links":{"self":[{"href":"https:\/\/www.dogevenice.com\/de\/wp-json\/wp\/v2\/pages\/246","targetHints":{"allow":["GET"]}}],"collection":[{"href":"https:\/\/www.dogevenice.com\/de\/wp-json\/wp\/v2\/pages"}],"about":[{"href":"https:\/\/www.dogevenice.com\/de\/wp-json\/wp\/v2\/types\/page"}],"author":[{"embeddable":true,"href":"https:\/\/www.dogevenice.com\/de\/wp-json\/wp\/v2\/users\/6"}],"replies":[{"embeddable":true,"href":"https:\/\/www.dogevenice.com\/de\/wp-json\/wp\/v2\/comments?post=246"}],"version-history":[{"count":0,"href":"https:\/\/www.dogevenice.com\/de\/wp-json\/wp\/v2\/pages\/246\/revisions"}],"up":[{"embeddable":true,"href":"https:\/\/www.dogevenice.com\/de\/wp-json\/wp\/v2\/pages\/235"}],"wp:attachment":[{"href":"https:\/\/www.dogevenice.com\/de\/wp-json\/wp\/v2\/media?parent=246"}],"curies":[{"name":"wp","href":"https:\/\/api.w.org\/{rel}","templated":true}]}}