{"id":235,"date":"2026-01-30T08:42:03","date_gmt":"2026-01-30T08:42:03","guid":{"rendered":"https:\/\/dogeexclusivecollection.ms3.decms.eu\/?page_id=235"},"modified":"2026-03-13T15:16:39","modified_gmt":"2026-03-13T15:16:39","slug":"rialto-studios","status":"publish","type":"page","link":"https:\/\/www.dogevenice.com\/de\/rialto-studios\/","title":{"rendered":"Rialto Studios"},"content":{"rendered":"<p>Erleben Sie Venedig von einem seiner authentischsten Aussichtspunkte, an dem der Rhythmus der Stadt auf Ihre private Perspektive trifft. Die Rialto Studios liegen direkt neben der ber\u00fchmten Rialtobr\u00fccke und platzieren Sie im Herzen des Canal Grande: M\u00e4rkte, Boote und das venezianische Leben entfalten sich vor Ihnen, ohne Ihre Ruhe zu st\u00f6ren.<\/p>\n<p>F\u00fcr G\u00e4ste, die Unabh\u00e4ngigkeit und Freiheit suchen, kombinieren die Studios eine privilegierte Lage mit zeitgem\u00e4\u00dfen, funktionalen R\u00e4umen, sodass Sie Venedig beobachten, seinen Rhythmus erleben und selbst entscheiden k\u00f6nnen, wann Sie eintauchen oder sich in Ihr privates Refugium zur\u00fcckziehen.<\/p>\n<p>Dies ist nicht nur eine Unterkunft: Es ist ein Erlebnis in der ersten Reihe, bei dem Venedig seine allt\u00e4glichen Details zeigt, und Sie sind der privilegierte Zuschauer.<\/p>\n","protected":false},"excerpt":{"rendered":"<p>Erleben Sie Venedig von einem seiner authentischsten Aussichtspunkte, an dem der Rhythmus der Stadt auf Ihre private Perspektive trifft. Die Rialto Studios liegen direkt neben der ber\u00fchmten Rialtobr\u00fccke und platzieren Sie im Herzen des Canal Grande: M\u00e4rkte, Boote und das venezianische Leben entfalten sich vor Ihnen, ohne Ihre Ruhe zu st\u00f6ren. F\u00fcr G\u00e4ste, die Unabh\u00e4ngigkeit [&hellip;]<\/p>\n","protected":false},"author":6,"featured_media":0,"parent":0,"menu_order":30,"comment_status":"closed","ping_status":"closed","template":"template-rialto-studios.php","meta":{"footnotes":""},"class_list":["post-235","page","type-page","status-publish","hentry"],"yoast_head":"<!-- This site is optimized with the Yoast SEO plugin v26.9 - https:\/\/yoast.com\/product\/yoast-seo-wordpress\/ -->\n<title>Rialto Studios - Doge Exclusive Collection -<\/title>\n<meta name=\"description\" content=\"Erleben Sie Venedig von einem seiner authentischsten Aussichtspunkte, an dem der Rhythmus der Stadt auf Ihre private Perspektive trifft. Die Rialto Studios liegen direkt neben der ber\u00fchmten Rialtobr\u00fccke und platzieren Sie im Herzen des Canal Grande: M\u00e4rkte, Boote und das venezianische Leben entfalten sich vor Ihnen, ohne Ihre Ruhe zu st\u00f6ren.  F\u00fcr G\u00e4ste, die Unabh\u00e4ngigkeit und Freiheit suchen, kombinieren die Studios eine privilegierte Lage mit zeitgem\u00e4\u00dfen, funktionalen R\u00e4umen, sodass Sie Venedig beobachten, seinen Rhythmus erleben und selbst entscheiden k\u00f6nnen, wann Sie eintauchen oder sich in Ihr privates Refugium zur\u00fcckziehen.  Dies ist nicht nur eine Unterkunft: Es ist ein Erlebnis in der ersten Reihe, bei dem Venedig seine allt\u00e4glichen Details zeigt, und Sie sind der privilegierte Zuschauer.\" \/>\n<meta name=\"robots\" content=\"index, follow, max-snippet:-1, max-image-preview:large, max-video-preview:-1\" \/>\n<link rel=\"canonical\" href=\"https:\/\/www.dogevenice.com\/de\/rialto-studios\/\" \/>\n<meta property=\"og:locale\" content=\"de_DE\" \/>\n<meta property=\"og:type\" content=\"article\" \/>\n<meta property=\"og:title\" content=\"Rialto Studios - Doge Exclusive Collection -\" \/>\n<meta property=\"og:description\" content=\"Erleben Sie Venedig von einem seiner authentischsten Aussichtspunkte, an dem der Rhythmus der Stadt auf Ihre private Perspektive trifft. Die Rialto Studios liegen direkt neben der ber\u00fchmten Rialtobr\u00fccke und platzieren Sie im Herzen des Canal Grande: M\u00e4rkte, Boote und das venezianische Leben entfalten sich vor Ihnen, ohne Ihre Ruhe zu st\u00f6ren.  F\u00fcr G\u00e4ste, die Unabh\u00e4ngigkeit und Freiheit suchen, kombinieren die Studios eine privilegierte Lage mit zeitgem\u00e4\u00dfen, funktionalen R\u00e4umen, sodass Sie Venedig beobachten, seinen Rhythmus erleben und selbst entscheiden k\u00f6nnen, wann Sie eintauchen oder sich in Ihr privates Refugium zur\u00fcckziehen.  Dies ist nicht nur eine Unterkunft: Es ist ein Erlebnis in der ersten Reihe, bei dem Venedig seine allt\u00e4glichen Details zeigt, und Sie sind der privilegierte Zuschauer.\" \/>\n<meta property=\"og:url\" content=\"https:\/\/www.dogevenice.com\/de\/rialto-studios\/\" \/>\n<meta property=\"og:site_name\" content=\"Doge Exclusive Collection\" \/>\n<meta property=\"article:modified_time\" content=\"2026-03-13T15:16:39+00:00\" \/>\n<meta name=\"twitter:card\" content=\"summary_large_image\" \/>\n<meta name=\"twitter:label1\" content=\"Est. reading time\" \/>\n\t<meta name=\"twitter:data1\" content=\"1\u00a0Minute\" \/>\n<script type=\"application\/ld+json\" class=\"yoast-schema-graph\">{\"@context\":\"https:\/\/schema.org\",\"@graph\":[{\"@type\":\"WebPage\",\"@id\":\"https:\/\/www.dogevenice.com\/de\/rialto-studios\/\",\"url\":\"https:\/\/www.dogevenice.com\/de\/rialto-studios\/\",\"name\":\"Rialto Studios - Doge Exclusive Collection -\",\"isPartOf\":{\"@id\":\"https:\/\/www.dogevenice.com\/de\/#website\"},\"datePublished\":\"2026-01-30T08:42:03+00:00\",\"dateModified\":\"2026-03-13T15:16:39+00:00\",\"description\":\"Erleben Sie Venedig von einem seiner authentischsten Aussichtspunkte, an dem der Rhythmus der Stadt auf Ihre private Perspektive trifft. Die Rialto Studios liegen direkt neben der ber\u00fchmten Rialtobr\u00fccke und platzieren Sie im Herzen des Canal Grande: M\u00e4rkte, Boote und das venezianische Leben entfalten sich vor Ihnen, ohne Ihre Ruhe zu st\u00f6ren. F\u00fcr G\u00e4ste, die Unabh\u00e4ngigkeit und Freiheit suchen, kombinieren die Studios eine privilegierte Lage mit zeitgem\u00e4\u00dfen, funktionalen R\u00e4umen, sodass Sie Venedig beobachten, seinen Rhythmus erleben und selbst entscheiden k\u00f6nnen, wann Sie eintauchen oder sich in Ihr privates Refugium zur\u00fcckziehen. Dies ist nicht nur eine Unterkunft: Es ist ein Erlebnis in der ersten Reihe, bei dem Venedig seine allt\u00e4glichen Details zeigt, und Sie sind der privilegierte Zuschauer.\",\"breadcrumb\":{\"@id\":\"https:\/\/www.dogevenice.com\/de\/rialto-studios\/#breadcrumb\"},\"inLanguage\":\"de\",\"potentialAction\":[{\"@type\":\"ReadAction\",\"target\":[\"https:\/\/www.dogevenice.com\/de\/rialto-studios\/\"]}]},{\"@type\":\"BreadcrumbList\",\"@id\":\"https:\/\/www.dogevenice.com\/de\/rialto-studios\/#breadcrumb\",\"itemListElement\":[{\"@type\":\"ListItem\",\"position\":1,\"name\":\"Home\",\"item\":\"https:\/\/www.dogevenice.com\/de\/\"},{\"@type\":\"ListItem\",\"position\":2,\"name\":\"Rialto Studios\"}]},{\"@type\":\"WebSite\",\"@id\":\"https:\/\/www.dogevenice.com\/de\/#website\",\"url\":\"https:\/\/www.dogevenice.com\/de\/\",\"name\":\"The Doge Signature Collection\",\"description\":\"\",\"publisher\":{\"@id\":\"https:\/\/www.dogevenice.com\/de\/#organization\"},\"potentialAction\":[{\"@type\":\"SearchAction\",\"target\":{\"@type\":\"EntryPoint\",\"urlTemplate\":\"https:\/\/www.dogevenice.com\/de\/?s={search_term_string}\"},\"query-input\":{\"@type\":\"PropertyValueSpecification\",\"valueRequired\":true,\"valueName\":\"search_term_string\"}}],\"inLanguage\":\"de\"},{\"@type\":\"Organization\",\"@id\":\"https:\/\/www.dogevenice.com\/de\/#organization\",\"name\":\"The Doge Signature Collection\",\"url\":\"https:\/\/www.dogevenice.com\/de\/\",\"logo\":{\"@type\":\"ImageObject\",\"inLanguage\":\"de\",\"@id\":\"https:\/\/www.dogevenice.com\/de\/#\/schema\/logo\/image\/\",\"url\":\"https:\/\/www.dogevenice.com\/wp-content\/uploads\/sites\/51\/2026\/02\/logo_the_doge_signature_collection_c.svg\",\"contentUrl\":\"https:\/\/www.dogevenice.com\/wp-content\/uploads\/sites\/51\/2026\/02\/logo_the_doge_signature_collection_c.svg\",\"width\":416,\"height\":64,\"caption\":\"The Doge Signature Collection\"},\"image\":{\"@id\":\"https:\/\/www.dogevenice.com\/de\/#\/schema\/logo\/image\/\"}}]}<\/script>\n<!-- \/ Yoast SEO plugin. -->","yoast_head_json":{"title":"Rialto Studios - Doge Exclusive Collection -","description":"Erleben Sie Venedig von einem seiner authentischsten Aussichtspunkte, an dem der Rhythmus der Stadt auf Ihre private Perspektive trifft. Die Rialto Studios liegen direkt neben der ber\u00fchmten Rialtobr\u00fccke und platzieren Sie im Herzen des Canal Grande: M\u00e4rkte, Boote und das venezianische Leben entfalten sich vor Ihnen, ohne Ihre Ruhe zu st\u00f6ren.  F\u00fcr G\u00e4ste, die Unabh\u00e4ngigkeit und Freiheit suchen, kombinieren die Studios eine privilegierte Lage mit zeitgem\u00e4\u00dfen, funktionalen R\u00e4umen, sodass Sie Venedig beobachten, seinen Rhythmus erleben und selbst entscheiden k\u00f6nnen, wann Sie eintauchen oder sich in Ihr privates Refugium zur\u00fcckziehen.  Dies ist nicht nur eine Unterkunft: Es ist ein Erlebnis in der ersten Reihe, bei dem Venedig seine allt\u00e4glichen Details zeigt, und Sie sind der privilegierte Zuschauer.","robots":{"index":"index","follow":"follow","max-snippet":"max-snippet:-1","max-image-preview":"max-image-preview:large","max-video-preview":"max-video-preview:-1"},"canonical":"https:\/\/www.dogevenice.com\/de\/rialto-studios\/","og_locale":"de_DE","og_type":"article","og_title":"Rialto Studios - Doge Exclusive Collection -","og_description":"Erleben Sie Venedig von einem seiner authentischsten Aussichtspunkte, an dem der Rhythmus der Stadt auf Ihre private Perspektive trifft. Die Rialto Studios liegen direkt neben der ber\u00fchmten Rialtobr\u00fccke und platzieren Sie im Herzen des Canal Grande: M\u00e4rkte, Boote und das venezianische Leben entfalten sich vor Ihnen, ohne Ihre Ruhe zu st\u00f6ren.  F\u00fcr G\u00e4ste, die Unabh\u00e4ngigkeit und Freiheit suchen, kombinieren die Studios eine privilegierte Lage mit zeitgem\u00e4\u00dfen, funktionalen R\u00e4umen, sodass Sie Venedig beobachten, seinen Rhythmus erleben und selbst entscheiden k\u00f6nnen, wann Sie eintauchen oder sich in Ihr privates Refugium zur\u00fcckziehen.  Dies ist nicht nur eine Unterkunft: Es ist ein Erlebnis in der ersten Reihe, bei dem Venedig seine allt\u00e4glichen Details zeigt, und Sie sind der privilegierte Zuschauer.","og_url":"https:\/\/www.dogevenice.com\/de\/rialto-studios\/","og_site_name":"Doge Exclusive Collection","article_modified_time":"2026-03-13T15:16:39+00:00","twitter_card":"summary_large_image","twitter_misc":{"Est. reading time":"1\u00a0Minute"},"schema":{"@context":"https:\/\/schema.org","@graph":[{"@type":"WebPage","@id":"https:\/\/www.dogevenice.com\/de\/rialto-studios\/","url":"https:\/\/www.dogevenice.com\/de\/rialto-studios\/","name":"Rialto Studios - Doge Exclusive Collection -","isPartOf":{"@id":"https:\/\/www.dogevenice.com\/de\/#website"},"datePublished":"2026-01-30T08:42:03+00:00","dateModified":"2026-03-13T15:16:39+00:00","description":"Erleben Sie Venedig von einem seiner authentischsten Aussichtspunkte, an dem der Rhythmus der Stadt auf Ihre private Perspektive trifft. Die Rialto Studios liegen direkt neben der ber\u00fchmten Rialtobr\u00fccke und platzieren Sie im Herzen des Canal Grande: M\u00e4rkte, Boote und das venezianische Leben entfalten sich vor Ihnen, ohne Ihre Ruhe zu st\u00f6ren. F\u00fcr G\u00e4ste, die Unabh\u00e4ngigkeit und Freiheit suchen, kombinieren die Studios eine privilegierte Lage mit zeitgem\u00e4\u00dfen, funktionalen R\u00e4umen, sodass Sie Venedig beobachten, seinen Rhythmus erleben und selbst entscheiden k\u00f6nnen, wann Sie eintauchen oder sich in Ihr privates Refugium zur\u00fcckziehen. Dies ist nicht nur eine Unterkunft: Es ist ein Erlebnis in der ersten Reihe, bei dem Venedig seine allt\u00e4glichen Details zeigt, und Sie sind der privilegierte Zuschauer.","breadcrumb":{"@id":"https:\/\/www.dogevenice.com\/de\/rialto-studios\/#breadcrumb"},"inLanguage":"de","potentialAction":[{"@type":"ReadAction","target":["https:\/\/www.dogevenice.com\/de\/rialto-studios\/"]}]},{"@type":"BreadcrumbList","@id":"https:\/\/www.dogevenice.com\/de\/rialto-studios\/#breadcrumb","itemListElement":[{"@type":"ListItem","position":1,"name":"Home","item":"https:\/\/www.dogevenice.com\/de\/"},{"@type":"ListItem","position":2,"name":"Rialto Studios"}]},{"@type":"WebSite","@id":"https:\/\/www.dogevenice.com\/de\/#website","url":"https:\/\/www.dogevenice.com\/de\/","name":"The Doge Signature Collection","description":"","publisher":{"@id":"https:\/\/www.dogevenice.com\/de\/#organization"},"potentialAction":[{"@type":"SearchAction","target":{"@type":"EntryPoint","urlTemplate":"https:\/\/www.dogevenice.com\/de\/?s={search_term_string}"},"query-input":{"@type":"PropertyValueSpecification","valueRequired":true,"valueName":"search_term_string"}}],"inLanguage":"de"},{"@type":"Organization","@id":"https:\/\/www.dogevenice.com\/de\/#organization","name":"The Doge Signature Collection","url":"https:\/\/www.dogevenice.com\/de\/","logo":{"@type":"ImageObject","inLanguage":"de","@id":"https:\/\/www.dogevenice.com\/de\/#\/schema\/logo\/image\/","url":"https:\/\/www.dogevenice.com\/wp-content\/uploads\/sites\/51\/2026\/02\/logo_the_doge_signature_collection_c.svg","contentUrl":"https:\/\/www.dogevenice.com\/wp-content\/uploads\/sites\/51\/2026\/02\/logo_the_doge_signature_collection_c.svg","width":416,"height":64,"caption":"The Doge Signature Collection"},"image":{"@id":"https:\/\/www.dogevenice.com\/de\/#\/schema\/logo\/image\/"}}]}},"acf":[],"_links":{"self":[{"href":"https:\/\/www.dogevenice.com\/de\/wp-json\/wp\/v2\/pages\/235","targetHints":{"allow":["GET"]}}],"collection":[{"href":"https:\/\/www.dogevenice.com\/de\/wp-json\/wp\/v2\/pages"}],"about":[{"href":"https:\/\/www.dogevenice.com\/de\/wp-json\/wp\/v2\/types\/page"}],"author":[{"embeddable":true,"href":"https:\/\/www.dogevenice.com\/de\/wp-json\/wp\/v2\/users\/6"}],"replies":[{"embeddable":true,"href":"https:\/\/www.dogevenice.com\/de\/wp-json\/wp\/v2\/comments?post=235"}],"version-history":[{"count":0,"href":"https:\/\/www.dogevenice.com\/de\/wp-json\/wp\/v2\/pages\/235\/revisions"}],"wp:attachment":[{"href":"https:\/\/www.dogevenice.com\/de\/wp-json\/wp\/v2\/media?parent=235"}],"curies":[{"name":"wp","href":"https:\/\/api.w.org\/{rel}","templated":true}]}}