{"id":230,"date":"2026-01-30T08:41:53","date_gmt":"2026-01-30T08:41:53","guid":{"rendered":"https:\/\/dogeexclusivecollection.ms3.decms.eu\/?page_id=230"},"modified":"2026-04-30T12:18:37","modified_gmt":"2026-04-30T12:18:37","slug":"bellevue-san-marco-luxury","status":"publish","type":"page","link":"https:\/\/www.dogevenice.com\/de\/bellevue-san-marco-luxury\/","title":{"rendered":"Bellevue Luxury Rooms"},"content":{"rendered":"<p>Das Bellevue B&amp;B empf\u00e4ngt G\u00e4ste in einer intimen Umgebung, nur wenige Schritte vom Markusplatz und neben dem Uhrturm entfernt, an einem Ort, der sofort besonders wirkt.<\/p>\n<p>Hier ist das Erlebnis privat und zur\u00fcckhaltend. Die R\u00e4ume spiegeln die venezianische Tradition ohne Prunk wider: warme Farbt\u00f6ne, sorgf\u00e4ltig ausgew\u00e4hlte Materialien, Details, die mit der Geschichte des Ortes in Dialog stehen, ohne zu beschweren.<\/p>\n<p>Die Zimmer bieten alle modernen Annehmlichkeiten \u2014 Klimaanlage, WLAN, TV \u2014 doch was den Aufenthalt wirklich ausmacht, ist das Gleichgewicht zwischen zentraler Lage und Ruhe. Ein behaglicher R\u00fcckzugsort im pulsierenden Herzen der Stadt.<\/p>\n","protected":false},"excerpt":{"rendered":"<p>Das Bellevue B&amp;B empf\u00e4ngt G\u00e4ste in einer intimen Umgebung, nur wenige Schritte vom Markusplatz und neben dem Uhrturm entfernt, an einem Ort, der sofort besonders wirkt. Hier ist das Erlebnis privat und zur\u00fcckhaltend. Die R\u00e4ume spiegeln die venezianische Tradition ohne Prunk wider: warme Farbt\u00f6ne, sorgf\u00e4ltig ausgew\u00e4hlte Materialien, Details, die mit der Geschichte des Ortes in [&hellip;]<\/p>\n","protected":false},"author":6,"featured_media":0,"parent":0,"menu_order":40,"comment_status":"closed","ping_status":"closed","template":"template-bellevue.php","meta":{"footnotes":""},"class_list":["post-230","page","type-page","status-publish","hentry"],"yoast_head":"<!-- This site is optimized with the Yoast SEO plugin v26.9 - https:\/\/yoast.com\/product\/yoast-seo-wordpress\/ -->\n<title>Bellevue Luxury Rooms - Doge Exclusive Collection -<\/title>\n<meta name=\"description\" content=\"Das Bellevue B&amp;B empf\u00e4ngt G\u00e4ste in einer intimen Umgebung, nur wenige Schritte vom Markusplatz und neben dem Uhrturm entfernt, an einem Ort, der sofort besonders wirkt.  Hier ist das Erlebnis privat und zur\u00fcckhaltend. Die R\u00e4ume spiegeln die venezianische Tradition ohne Prunk wider: warme Farbt\u00f6ne, sorgf\u00e4ltig ausgew\u00e4hlte Materialien, Details, die mit der Geschichte des Ortes in Dialog stehen, ohne zu beschweren.  Die Zimmer bieten alle modernen Annehmlichkeiten \u2014 Klimaanlage, WLAN, TV \u2014 doch was den Aufenthalt wirklich ausmacht, ist das Gleichgewicht zwischen zentraler Lage und Ruhe\" \/>\n<meta name=\"robots\" content=\"index, follow, max-snippet:-1, max-image-preview:large, max-video-preview:-1\" \/>\n<link rel=\"canonical\" href=\"https:\/\/www.dogevenice.com\/de\/bellevue-san-marco-luxury\/\" \/>\n<meta property=\"og:locale\" content=\"de_DE\" \/>\n<meta property=\"og:type\" content=\"article\" \/>\n<meta property=\"og:title\" content=\"Bellevue Luxury Rooms - Doge Exclusive Collection -\" \/>\n<meta property=\"og:description\" content=\"Das Bellevue B&amp;B empf\u00e4ngt G\u00e4ste in einer intimen Umgebung, nur wenige Schritte vom Markusplatz und neben dem Uhrturm entfernt, an einem Ort, der sofort besonders wirkt.  Hier ist das Erlebnis privat und zur\u00fcckhaltend. Die R\u00e4ume spiegeln die venezianische Tradition ohne Prunk wider: warme Farbt\u00f6ne, sorgf\u00e4ltig ausgew\u00e4hlte Materialien, Details, die mit der Geschichte des Ortes in Dialog stehen, ohne zu beschweren.  Die Zimmer bieten alle modernen Annehmlichkeiten \u2014 Klimaanlage, WLAN, TV \u2014 doch was den Aufenthalt wirklich ausmacht, ist das Gleichgewicht zwischen zentraler Lage und Ruhe\" \/>\n<meta property=\"og:url\" content=\"https:\/\/www.dogevenice.com\/de\/bellevue-san-marco-luxury\/\" \/>\n<meta property=\"og:site_name\" content=\"Doge Exclusive Collection\" \/>\n<meta property=\"article:modified_time\" content=\"2026-04-30T12:18:37+00:00\" \/>\n<meta name=\"twitter:card\" content=\"summary_large_image\" \/>\n<meta name=\"twitter:label1\" content=\"Est. reading time\" \/>\n\t<meta name=\"twitter:data1\" content=\"1\u00a0Minute\" \/>\n<script type=\"application\/ld+json\" class=\"yoast-schema-graph\">{\"@context\":\"https:\/\/schema.org\",\"@graph\":[{\"@type\":\"WebPage\",\"@id\":\"https:\/\/www.dogevenice.com\/de\/bellevue-san-marco-luxury\/\",\"url\":\"https:\/\/www.dogevenice.com\/de\/bellevue-san-marco-luxury\/\",\"name\":\"Bellevue Luxury Rooms - Doge Exclusive Collection -\",\"isPartOf\":{\"@id\":\"https:\/\/www.dogevenice.com\/de\/#website\"},\"datePublished\":\"2026-01-30T08:41:53+00:00\",\"dateModified\":\"2026-04-30T12:18:37+00:00\",\"description\":\"Das Bellevue B&amp;B empf\u00e4ngt G\u00e4ste in einer intimen Umgebung, nur wenige Schritte vom Markusplatz und neben dem Uhrturm entfernt, an einem Ort, der sofort besonders wirkt. Hier ist das Erlebnis privat und zur\u00fcckhaltend. Die R\u00e4ume spiegeln die venezianische Tradition ohne Prunk wider: warme Farbt\u00f6ne, sorgf\u00e4ltig ausgew\u00e4hlte Materialien, Details, die mit der Geschichte des Ortes in Dialog stehen, ohne zu beschweren. Die Zimmer bieten alle modernen Annehmlichkeiten \u2014 Klimaanlage, WLAN, TV \u2014 doch was den Aufenthalt wirklich ausmacht, ist das Gleichgewicht zwischen zentraler Lage und Ruhe\",\"breadcrumb\":{\"@id\":\"https:\/\/www.dogevenice.com\/de\/bellevue-san-marco-luxury\/#breadcrumb\"},\"inLanguage\":\"de\",\"potentialAction\":[{\"@type\":\"ReadAction\",\"target\":[\"https:\/\/www.dogevenice.com\/de\/bellevue-san-marco-luxury\/\"]}]},{\"@type\":\"BreadcrumbList\",\"@id\":\"https:\/\/www.dogevenice.com\/de\/bellevue-san-marco-luxury\/#breadcrumb\",\"itemListElement\":[{\"@type\":\"ListItem\",\"position\":1,\"name\":\"Home\",\"item\":\"https:\/\/www.dogevenice.com\/de\/\"},{\"@type\":\"ListItem\",\"position\":2,\"name\":\"Bellevue Luxury Rooms\"}]},{\"@type\":\"WebSite\",\"@id\":\"https:\/\/www.dogevenice.com\/de\/#website\",\"url\":\"https:\/\/www.dogevenice.com\/de\/\",\"name\":\"The Doge Signature Collection\",\"description\":\"\",\"publisher\":{\"@id\":\"https:\/\/www.dogevenice.com\/de\/#organization\"},\"potentialAction\":[{\"@type\":\"SearchAction\",\"target\":{\"@type\":\"EntryPoint\",\"urlTemplate\":\"https:\/\/www.dogevenice.com\/de\/?s={search_term_string}\"},\"query-input\":{\"@type\":\"PropertyValueSpecification\",\"valueRequired\":true,\"valueName\":\"search_term_string\"}}],\"inLanguage\":\"de\"},{\"@type\":\"Organization\",\"@id\":\"https:\/\/www.dogevenice.com\/de\/#organization\",\"name\":\"The Doge Signature Collection\",\"url\":\"https:\/\/www.dogevenice.com\/de\/\",\"logo\":{\"@type\":\"ImageObject\",\"inLanguage\":\"de\",\"@id\":\"https:\/\/www.dogevenice.com\/de\/#\/schema\/logo\/image\/\",\"url\":\"https:\/\/www.dogevenice.com\/wp-content\/uploads\/sites\/51\/2026\/02\/logo_the_doge_signature_collection_c.svg\",\"contentUrl\":\"https:\/\/www.dogevenice.com\/wp-content\/uploads\/sites\/51\/2026\/02\/logo_the_doge_signature_collection_c.svg\",\"width\":416,\"height\":64,\"caption\":\"The Doge Signature Collection\"},\"image\":{\"@id\":\"https:\/\/www.dogevenice.com\/de\/#\/schema\/logo\/image\/\"}}]}<\/script>\n<!-- \/ Yoast SEO plugin. -->","yoast_head_json":{"title":"Bellevue Luxury Rooms - Doge Exclusive Collection -","description":"Das Bellevue B&amp;B empf\u00e4ngt G\u00e4ste in einer intimen Umgebung, nur wenige Schritte vom Markusplatz und neben dem Uhrturm entfernt, an einem Ort, der sofort besonders wirkt.  Hier ist das Erlebnis privat und zur\u00fcckhaltend. Die R\u00e4ume spiegeln die venezianische Tradition ohne Prunk wider: warme Farbt\u00f6ne, sorgf\u00e4ltig ausgew\u00e4hlte Materialien, Details, die mit der Geschichte des Ortes in Dialog stehen, ohne zu beschweren.  Die Zimmer bieten alle modernen Annehmlichkeiten \u2014 Klimaanlage, WLAN, TV \u2014 doch was den Aufenthalt wirklich ausmacht, ist das Gleichgewicht zwischen zentraler Lage und Ruhe","robots":{"index":"index","follow":"follow","max-snippet":"max-snippet:-1","max-image-preview":"max-image-preview:large","max-video-preview":"max-video-preview:-1"},"canonical":"https:\/\/www.dogevenice.com\/de\/bellevue-san-marco-luxury\/","og_locale":"de_DE","og_type":"article","og_title":"Bellevue Luxury Rooms - Doge Exclusive Collection -","og_description":"Das Bellevue B&amp;B empf\u00e4ngt G\u00e4ste in einer intimen Umgebung, nur wenige Schritte vom Markusplatz und neben dem Uhrturm entfernt, an einem Ort, der sofort besonders wirkt.  Hier ist das Erlebnis privat und zur\u00fcckhaltend. Die R\u00e4ume spiegeln die venezianische Tradition ohne Prunk wider: warme Farbt\u00f6ne, sorgf\u00e4ltig ausgew\u00e4hlte Materialien, Details, die mit der Geschichte des Ortes in Dialog stehen, ohne zu beschweren.  Die Zimmer bieten alle modernen Annehmlichkeiten \u2014 Klimaanlage, WLAN, TV \u2014 doch was den Aufenthalt wirklich ausmacht, ist das Gleichgewicht zwischen zentraler Lage und Ruhe","og_url":"https:\/\/www.dogevenice.com\/de\/bellevue-san-marco-luxury\/","og_site_name":"Doge Exclusive Collection","article_modified_time":"2026-04-30T12:18:37+00:00","twitter_card":"summary_large_image","twitter_misc":{"Est. reading time":"1\u00a0Minute"},"schema":{"@context":"https:\/\/schema.org","@graph":[{"@type":"WebPage","@id":"https:\/\/www.dogevenice.com\/de\/bellevue-san-marco-luxury\/","url":"https:\/\/www.dogevenice.com\/de\/bellevue-san-marco-luxury\/","name":"Bellevue Luxury Rooms - Doge Exclusive Collection -","isPartOf":{"@id":"https:\/\/www.dogevenice.com\/de\/#website"},"datePublished":"2026-01-30T08:41:53+00:00","dateModified":"2026-04-30T12:18:37+00:00","description":"Das Bellevue B&amp;B empf\u00e4ngt G\u00e4ste in einer intimen Umgebung, nur wenige Schritte vom Markusplatz und neben dem Uhrturm entfernt, an einem Ort, der sofort besonders wirkt. Hier ist das Erlebnis privat und zur\u00fcckhaltend. Die R\u00e4ume spiegeln die venezianische Tradition ohne Prunk wider: warme Farbt\u00f6ne, sorgf\u00e4ltig ausgew\u00e4hlte Materialien, Details, die mit der Geschichte des Ortes in Dialog stehen, ohne zu beschweren. Die Zimmer bieten alle modernen Annehmlichkeiten \u2014 Klimaanlage, WLAN, TV \u2014 doch was den Aufenthalt wirklich ausmacht, ist das Gleichgewicht zwischen zentraler Lage und Ruhe","breadcrumb":{"@id":"https:\/\/www.dogevenice.com\/de\/bellevue-san-marco-luxury\/#breadcrumb"},"inLanguage":"de","potentialAction":[{"@type":"ReadAction","target":["https:\/\/www.dogevenice.com\/de\/bellevue-san-marco-luxury\/"]}]},{"@type":"BreadcrumbList","@id":"https:\/\/www.dogevenice.com\/de\/bellevue-san-marco-luxury\/#breadcrumb","itemListElement":[{"@type":"ListItem","position":1,"name":"Home","item":"https:\/\/www.dogevenice.com\/de\/"},{"@type":"ListItem","position":2,"name":"Bellevue Luxury Rooms"}]},{"@type":"WebSite","@id":"https:\/\/www.dogevenice.com\/de\/#website","url":"https:\/\/www.dogevenice.com\/de\/","name":"The Doge Signature Collection","description":"","publisher":{"@id":"https:\/\/www.dogevenice.com\/de\/#organization"},"potentialAction":[{"@type":"SearchAction","target":{"@type":"EntryPoint","urlTemplate":"https:\/\/www.dogevenice.com\/de\/?s={search_term_string}"},"query-input":{"@type":"PropertyValueSpecification","valueRequired":true,"valueName":"search_term_string"}}],"inLanguage":"de"},{"@type":"Organization","@id":"https:\/\/www.dogevenice.com\/de\/#organization","name":"The Doge Signature Collection","url":"https:\/\/www.dogevenice.com\/de\/","logo":{"@type":"ImageObject","inLanguage":"de","@id":"https:\/\/www.dogevenice.com\/de\/#\/schema\/logo\/image\/","url":"https:\/\/www.dogevenice.com\/wp-content\/uploads\/sites\/51\/2026\/02\/logo_the_doge_signature_collection_c.svg","contentUrl":"https:\/\/www.dogevenice.com\/wp-content\/uploads\/sites\/51\/2026\/02\/logo_the_doge_signature_collection_c.svg","width":416,"height":64,"caption":"The Doge Signature Collection"},"image":{"@id":"https:\/\/www.dogevenice.com\/de\/#\/schema\/logo\/image\/"}}]}},"acf":[],"_links":{"self":[{"href":"https:\/\/www.dogevenice.com\/de\/wp-json\/wp\/v2\/pages\/230","targetHints":{"allow":["GET"]}}],"collection":[{"href":"https:\/\/www.dogevenice.com\/de\/wp-json\/wp\/v2\/pages"}],"about":[{"href":"https:\/\/www.dogevenice.com\/de\/wp-json\/wp\/v2\/types\/page"}],"author":[{"embeddable":true,"href":"https:\/\/www.dogevenice.com\/de\/wp-json\/wp\/v2\/users\/6"}],"replies":[{"embeddable":true,"href":"https:\/\/www.dogevenice.com\/de\/wp-json\/wp\/v2\/comments?post=230"}],"version-history":[{"count":0,"href":"https:\/\/www.dogevenice.com\/de\/wp-json\/wp\/v2\/pages\/230\/revisions"}],"wp:attachment":[{"href":"https:\/\/www.dogevenice.com\/de\/wp-json\/wp\/v2\/media?parent=230"}],"curies":[{"name":"wp","href":"https:\/\/api.w.org\/{rel}","templated":true}]}}